{"id":1599,"date":"2023-11-22T14:44:41","date_gmt":"2023-11-22T14:44:41","guid":{"rendered":"https:\/\/kosmeetika24.com\/?post_type=product&#038;p=1599"},"modified":"2024-12-27T15:48:26","modified_gmt":"2024-12-27T12:48:26","slug":"bruno-vassari-lab-radiance-sara-andev-naokreem","status":"publish","type":"product","link":"https:\/\/kosmeetika24.com\/et\/toode\/bruno-vassari-lab-radiance-sara-andev-naokreem\/","title":{"rendered":"Bruno Vassari Lab Radiance s\u00e4ra andev n\u00e4okreem"},"content":{"rendered":"<p>\u00d5rn kreem <em>Brightness Reveal Cream <\/em>toimib k\u00f5ikidel naha tasanditel. Annab sellele loomuliku s\u00e4ra ning terve ja klaari jume. Niisutab, kirgastab ja muudab naha sametiseks.<\/p>\n<p>Sobib k\u00f5igile nahat\u00fc\u00fcpidele.<\/p>\n<p><strong>PEAMISED TOIMEAINED<\/strong><\/p>\n<ul>\n<li>Pro-radiance active (1,5%)<\/li>\n<li>Niatsiiamiid<\/li>\n<li>IBR Dragon ehk pitahaya ekstrakt (draakonivili)<\/li>\n<li>Valgustpeegeldavad pigmendid<\/li>\n<\/ul>\n<p><strong>TOIME<\/strong><\/p>\n<ul>\n<li><strong>Niatsiiamiid <\/strong>aitab v\u00e4hendada kortse ja peeneid jooni, v\u00e4hendab naha fotovananemise m\u00e4rke; v\u00e4hendab pigmentatsiooni, melasmat ja helendab nahka; aitab n\u00e4htavalt v\u00e4hendada pooride suurust, stimuleerib kollageeni tootmist; parandab tuhmi jumet; tugevdab naha kaitsebarj\u00e4\u00e4ri, mis soodustab naha niisutamist.<\/li>\n<li><strong>IBR Dragon<\/strong>: on rikas s\u00fcsivesikute (suhkrud, oligosahhariidid) poolest. See on toiteaineks mikrobiootale ja lisaks askorbiinhape, mis on tuntud oma antioks\u00fcdantsete omaduste poolest.<\/li>\n<li><strong>Valguspeegeldavad pigmendid<\/strong>: annavad nahale kerge valguse puudutus ja \u00fchtlast, tervet ja v\u00e4rsket v\u00e4limust.<\/li>\n<\/ul>\n<p>Lisaks on 97.3% selle koostisosadest looduslikku p\u00e4ritolu.<\/p>\n<p>KASUTAMINE<\/p>\n<p>V\u00e4ike kogus kreemi kanda n\u00e4ole, kaelale ja dekolteepiirkonnale ning masseerida kuni t\u00e4ieliku imendumiseni.<\/p>\n<p>KOOSTIS<\/p>\n<p>AQUA (WATER),CAPRYLIC\/CAPRIC TRIGLYCERIDE, GLYCERIN, CETEARYL. ALCOHOL, TRIHEPTANOIN, COCO CAPRILATE\/CAPRATE,CAPRYLIC\/CAPRIC\/MYRISTIC\/STEARICTRIGLYCERIDE, MICA, JOJOBAESTERS, C.I.77\/891(TITANUMDIOXIDA), GLYCERYL. STEARATE, NIACINAMIDE, HYLOCEREUS UNDATUS FRUIT EXTRACT, HELIANTHUS ANNUUS (SUNFLOWER) SEED WAX, ELLAGIC ACIO, PHOSPHATIOYLCHOLINE, MANNITOL, SODIUM STEAROYL GLUTAMATE, POLYGLYCERIN-3, ACETYL, HEXAPEPTIDE-1, HYDROXYACETOPHENONE, XANTHAN GUM, CAPRYLYL GLYCOL, POLYSORBATE 80, DISODIUM CETEARYL. SULFOSUCCINATE, CARBOMER, PARFUM (FRAGRANCE), 1,2-HEXANEDIOL, DIMETHICONE, ETHYLHEXYLGLYCERIN, DISODIUM EDTA, CHOLESTEROL, BENZIL ALCOHOL, POTASSIUM SORBATE, SODIUM BENZOATE, SODILM CHLORIDE, BENZOIC ACID, METHYLPROPANEDIOL, SODIUM SULFATE, PHENYLPROPANOL, SODIUM HYDROXODE, C.I. 17200 (RED NO. 33).<\/p>\n","protected":false},"excerpt":{"rendered":"<p>&nbsp;<\/p>\n<p>Kreem niisutab, kirgastab ja muudab naha sametiseks.<\/p>\n<p>50ml<\/p>\n","protected":false},"featured_media":1728,"comment_status":"open","ping_status":"closed","template":"","meta":{"_uag_custom_page_level_css":"","site-sidebar-layout":"default","site-content-layout":"","ast-site-content-layout":"default","site-content-style":"default","site-sidebar-style":"default","ast-global-header-display":"","ast-banner-title-visibility":"","ast-main-header-display":"","ast-hfb-above-header-display":"","ast-hfb-below-header-display":"","ast-hfb-mobile-header-display":"","site-post-title":"","ast-breadcrumbs-content":"","ast-featured-img":"","footer-sml-layout":"","ast-disable-related-posts":"","theme-transparent-header-meta":"default","adv-header-id-meta":"","stick-header-meta":"","header-above-stick-meta":"","header-main-stick-meta":"","header-below-stick-meta":"","astra-migrate-meta-layouts":"set","ast-page-background-enabled":"default","ast-page-background-meta":{"desktop":{"background-color":"var(--ast-global-color-4)","background-image":"","background-repeat":"repeat","background-position":"center center","background-size":"auto","background-attachment":"scroll","background-type":"","background-media":"","overlay-type":"","overlay-color":"","overlay-opacity":"","overlay-gradient":""},"tablet":{"background-color":"","background-image":"","background-repeat":"repeat","background-position":"center center","background-size":"auto","background-attachment":"scroll","background-type":"","background-media":"","overlay-type":"","overlay-color":"","overlay-opacity":"","overlay-gradient":""},"mobile":{"background-color":"","background-image":"","background-repeat":"repeat","background-position":"center center","background-size":"auto","background-attachment":"scroll","background-type":"","background-media":"","overlay-type":"","overlay-color":"","overlay-opacity":"","overlay-gradient":""}},"ast-content-background-meta":{"desktop":{"background-color":"var(--ast-global-color-5)","background-image":"","background-repeat":"repeat","background-position":"center center","background-size":"auto","background-attachment":"scroll","background-type":"","background-media":"","overlay-type":"","overlay-color":"","overlay-opacity":"","overlay-gradient":""},"tablet":{"background-color":"var(--ast-global-color-5)","background-image":"","background-repeat":"repeat","background-position":"center center","background-size":"auto","background-attachment":"scroll","background-type":"","background-media":"","overlay-type":"","overlay-color":"","overlay-opacity":"","overlay-gradient":""},"mobile":{"background-color":"var(--ast-global-color-5)","background-image":"","background-repeat":"repeat","background-position":"center center","background-size":"auto","background-attachment":"scroll","background-type":"","background-media":"","overlay-type":"","overlay-color":"","overlay-opacity":"","overlay-gradient":""}}},"product_brand":[],"product_cat":[96,71,97],"product_tag":[],"class_list":{"0":"post-1599","1":"product","2":"type-product","3":"status-publish","4":"has-post-thumbnail","6":"product_cat-brands","7":"product_cat-lab-radiance","8":"product_cat-naole","9":"desktop-align-left","10":"tablet-align-left","11":"mobile-align-left","13":"first","14":"instock","15":"taxable","16":"shipping-taxable","17":"product-type-simple","18":"add-to-wishlist-before_image"},"uagb_featured_image_src":{"full":["https:\/\/kosmeetika24.com\/wp-content\/uploads\/2023\/11\/360.png",300,300,false],"thumbnail":["https:\/\/kosmeetika24.com\/wp-content\/uploads\/2023\/11\/360-150x150.png",150,150,true],"medium":["https:\/\/kosmeetika24.com\/wp-content\/uploads\/2023\/11\/360.png",300,300,false],"medium_large":["https:\/\/kosmeetika24.com\/wp-content\/uploads\/2023\/11\/360.png",300,300,false],"large":["https:\/\/kosmeetika24.com\/wp-content\/uploads\/2023\/11\/360.png",300,300,false],"1536x1536":["https:\/\/kosmeetika24.com\/wp-content\/uploads\/2023\/11\/360.png",300,300,false],"2048x2048":["https:\/\/kosmeetika24.com\/wp-content\/uploads\/2023\/11\/360.png",300,300,false],"trp-custom-language-flag":["https:\/\/kosmeetika24.com\/wp-content\/uploads\/2023\/11\/360-12x12.png",12,12,true],"woocommerce_thumbnail":["https:\/\/kosmeetika24.com\/wp-content\/uploads\/2023\/11\/360.png",300,300,false],"woocommerce_single":["https:\/\/kosmeetika24.com\/wp-content\/uploads\/2023\/11\/360.png",300,300,false],"woocommerce_gallery_thumbnail":["https:\/\/kosmeetika24.com\/wp-content\/uploads\/2023\/11\/360-100x100.png",100,100,true]},"uagb_author_info":{"display_name":"admin","author_link":"https:\/\/kosmeetika24.com\/et\/author\/"},"uagb_comment_info":0,"uagb_excerpt":"&nbsp; Kreem niisutab, kirgastab ja muudab naha sametiseks. 50ml","_links":{"self":[{"href":"https:\/\/kosmeetika24.com\/et\/wp-json\/wp\/v2\/product\/1599","targetHints":{"allow":["GET"]}}],"collection":[{"href":"https:\/\/kosmeetika24.com\/et\/wp-json\/wp\/v2\/product"}],"about":[{"href":"https:\/\/kosmeetika24.com\/et\/wp-json\/wp\/v2\/types\/product"}],"replies":[{"embeddable":true,"href":"https:\/\/kosmeetika24.com\/et\/wp-json\/wp\/v2\/comments?post=1599"}],"version-history":[{"count":2,"href":"https:\/\/kosmeetika24.com\/et\/wp-json\/wp\/v2\/product\/1599\/revisions"}],"predecessor-version":[{"id":5631,"href":"https:\/\/kosmeetika24.com\/et\/wp-json\/wp\/v2\/product\/1599\/revisions\/5631"}],"wp:featuredmedia":[{"embeddable":true,"href":"https:\/\/kosmeetika24.com\/et\/wp-json\/wp\/v2\/media\/1728"}],"wp:attachment":[{"href":"https:\/\/kosmeetika24.com\/et\/wp-json\/wp\/v2\/media?parent=1599"}],"wp:term":[{"taxonomy":"product_brand","embeddable":true,"href":"https:\/\/kosmeetika24.com\/et\/wp-json\/wp\/v2\/product_brand?post=1599"},{"taxonomy":"product_cat","embeddable":true,"href":"https:\/\/kosmeetika24.com\/et\/wp-json\/wp\/v2\/product_cat?post=1599"},{"taxonomy":"product_tag","embeddable":true,"href":"https:\/\/kosmeetika24.com\/et\/wp-json\/wp\/v2\/product_tag?post=1599"}],"curies":[{"name":"wp","href":"https:\/\/api.w.org\/{rel}","templated":true}]}}