{"id":1595,"date":"2024-01-05T07:33:11","date_gmt":"2024-01-05T07:33:11","guid":{"rendered":"https:\/\/kosmeetika24.com\/?post_type=product&#038;p=1595"},"modified":"2025-07-02T15:36:03","modified_gmt":"2025-07-02T12:36:03","slug":"bruno-vassari-glyco-system-glukoolhappega-puhastusvaht","status":"publish","type":"product","link":"https:\/\/kosmeetika24.com\/et\/toode\/bruno-vassari-glyco-system-glukoolhappega-puhastusvaht\/","title":{"rendered":"BRUNO VASSARI Glyco System gl\u00fckoolhappega puhastusvaht"},"content":{"rendered":"<p>Puhastusvaht <em>Glycolic Washing Foam<\/em> puhastab naha p\u00f5hjalikult, eemaldades k\u00f5ik toodete j\u00e4\u00e4gid ja mustuse.<\/p>\n<p>Eemaldab \u00f5rnalt surnud naharakud, parandab tekstuuri ja v\u00f5imaldab naha uuenemist.<\/p>\n<p>Sisaldab gl\u00fckoolhapet, mis aitab koorida epidermise pinnakihte ja valmistab naha ette j\u00e4rgmisteks protseduurideks.<\/p>\n<p>Sobib ideaalselt p\u00f5hjalikku taastamist vajavale nahale.<\/p>\n<p>Oluline on kasutada kuurina: 2 kuud, seej\u00e4rel teha 3 kuud pausi ja siis v\u00f5ib j\u00e4lle korrata.<\/p>\n<p><strong>TOIMEAINED<\/strong><\/p>\n<ul>\n<li>V\u00e4he \u00e4rritavad pindaktiivsed ained<\/li>\n<li>\u00a03% gl\u00fckoolhape<\/li>\n<\/ul>\n<p><strong>TOIME<\/strong><\/p>\n<p>Gl\u00fckoolhape toimib naha pindmistes kihtides, j\u00e4ttes naha siledamaks ja pehmemaks. Stimuleerib naha uuenemist, parandab h\u00fcdratsiooni ja kollageeni s\u00fcnteesi. Tulemuseks on suurem elastsus, parem niisutatus, selgem jume.<\/p>\n<p><strong>KOOSTIS<\/strong><\/p>\n<p>AQUA (WATER) , GLYCERIN, DIPROPYLENE GLYCOL, SODIUM LAURETH SULFATE, GLYCOLIC ACID, DISODIUM COCOAMPHODIACETATE, PEG-200 HYDROGENATED GLYCERYL PALMATE, SODIUM HYDROXUDE, PHENOXYETHANOL, COCAMIDOPROPYL BETAINE, PEG-7 GLYCERYL COCOATE, SODIUM CHLORIDE, DISODIUM ECTA, PARFUM (FRAGRANCE), BENZOIC ACID , DEHYDROROACETIC ACID, SODIUM BENZOATE.<\/p>\n","protected":false},"excerpt":{"rendered":"<p>Kreemja tekstuuriga puhastusvaht, mis puhastab s\u00fcgavuti ja niisutab nahka ning eemaldab epidermise surnud rakud.<\/p>\n<p>\u00dchtlustab nahav\u00e4rvi ja ahendab poore.<\/p>\n<p>150 m<\/p>\n","protected":false},"featured_media":1596,"comment_status":"open","ping_status":"closed","template":"","meta":{"_uag_custom_page_level_css":"","site-sidebar-layout":"default","site-content-layout":"","ast-site-content-layout":"default","site-content-style":"default","site-sidebar-style":"default","ast-global-header-display":"","ast-banner-title-visibility":"","ast-main-header-display":"","ast-hfb-above-header-display":"","ast-hfb-below-header-display":"","ast-hfb-mobile-header-display":"","site-post-title":"","ast-breadcrumbs-content":"","ast-featured-img":"","footer-sml-layout":"","ast-disable-related-posts":"","theme-transparent-header-meta":"default","adv-header-id-meta":"","stick-header-meta":"","header-above-stick-meta":"","header-main-stick-meta":"","header-below-stick-meta":"","astra-migrate-meta-layouts":"set","ast-page-background-enabled":"default","ast-page-background-meta":{"desktop":{"background-color":"var(--ast-global-color-4)","background-image":"","background-repeat":"repeat","background-position":"center center","background-size":"auto","background-attachment":"scroll","background-type":"","background-media":"","overlay-type":"","overlay-color":"","overlay-opacity":"","overlay-gradient":""},"tablet":{"background-color":"","background-image":"","background-repeat":"repeat","background-position":"center center","background-size":"auto","background-attachment":"scroll","background-type":"","background-media":"","overlay-type":"","overlay-color":"","overlay-opacity":"","overlay-gradient":""},"mobile":{"background-color":"","background-image":"","background-repeat":"repeat","background-position":"center center","background-size":"auto","background-attachment":"scroll","background-type":"","background-media":"","overlay-type":"","overlay-color":"","overlay-opacity":"","overlay-gradient":""}},"ast-content-background-meta":{"desktop":{"background-color":"var(--ast-global-color-5)","background-image":"","background-repeat":"repeat","background-position":"center center","background-size":"auto","background-attachment":"scroll","background-type":"","background-media":"","overlay-type":"","overlay-color":"","overlay-opacity":"","overlay-gradient":""},"tablet":{"background-color":"var(--ast-global-color-5)","background-image":"","background-repeat":"repeat","background-position":"center center","background-size":"auto","background-attachment":"scroll","background-type":"","background-media":"","overlay-type":"","overlay-color":"","overlay-opacity":"","overlay-gradient":""},"mobile":{"background-color":"var(--ast-global-color-5)","background-image":"","background-repeat":"repeat","background-position":"center center","background-size":"auto","background-attachment":"scroll","background-type":"","background-media":"","overlay-type":"","overlay-color":"","overlay-opacity":"","overlay-gradient":""}}},"product_brand":[],"product_cat":[96,69,97],"product_tag":[],"class_list":{"0":"post-1595","1":"product","2":"type-product","3":"status-publish","4":"has-post-thumbnail","6":"product_cat-brands","7":"product_cat-glyco-system","8":"product_cat-naole","9":"desktop-align-left","10":"tablet-align-left","11":"mobile-align-left","13":"first","14":"instock","15":"taxable","16":"shipping-taxable","17":"product-type-simple","18":"add-to-wishlist-before_image"},"uagb_featured_image_src":{"full":["https:\/\/kosmeetika24.com\/wp-content\/uploads\/2023\/10\/280-Glyco-Washing-Foam-1.jpg",600,600,false],"thumbnail":["https:\/\/kosmeetika24.com\/wp-content\/uploads\/2023\/10\/280-Glyco-Washing-Foam-1-150x150.jpg",150,150,true],"medium":["https:\/\/kosmeetika24.com\/wp-content\/uploads\/2023\/10\/280-Glyco-Washing-Foam-1-300x300.jpg",300,300,true],"medium_large":["https:\/\/kosmeetika24.com\/wp-content\/uploads\/2023\/10\/280-Glyco-Washing-Foam-1.jpg",600,600,false],"large":["https:\/\/kosmeetika24.com\/wp-content\/uploads\/2023\/10\/280-Glyco-Washing-Foam-1.jpg",600,600,false],"1536x1536":["https:\/\/kosmeetika24.com\/wp-content\/uploads\/2023\/10\/280-Glyco-Washing-Foam-1.jpg",600,600,false],"2048x2048":["https:\/\/kosmeetika24.com\/wp-content\/uploads\/2023\/10\/280-Glyco-Washing-Foam-1.jpg",600,600,false],"trp-custom-language-flag":["https:\/\/kosmeetika24.com\/wp-content\/uploads\/2023\/10\/280-Glyco-Washing-Foam-1-12x12.jpg",12,12,true],"woocommerce_thumbnail":["https:\/\/kosmeetika24.com\/wp-content\/uploads\/2023\/10\/280-Glyco-Washing-Foam-1-300x300.jpg",300,300,true],"woocommerce_single":["https:\/\/kosmeetika24.com\/wp-content\/uploads\/2023\/10\/280-Glyco-Washing-Foam-1-500x500.jpg",500,500,true],"woocommerce_gallery_thumbnail":["https:\/\/kosmeetika24.com\/wp-content\/uploads\/2023\/10\/280-Glyco-Washing-Foam-1-100x100.jpg",100,100,true]},"uagb_author_info":{"display_name":"admin","author_link":"https:\/\/kosmeetika24.com\/et\/author\/"},"uagb_comment_info":0,"uagb_excerpt":"Kreemja tekstuuriga puhastusvaht, mis puhastab s\u00fcgavuti ja niisutab nahka ning eemaldab epidermise surnud rakud. \u00dchtlustab nahav\u00e4rvi ja ahendab poore. 150 m","_links":{"self":[{"href":"https:\/\/kosmeetika24.com\/et\/wp-json\/wp\/v2\/product\/1595","targetHints":{"allow":["GET"]}}],"collection":[{"href":"https:\/\/kosmeetika24.com\/et\/wp-json\/wp\/v2\/product"}],"about":[{"href":"https:\/\/kosmeetika24.com\/et\/wp-json\/wp\/v2\/types\/product"}],"replies":[{"embeddable":true,"href":"https:\/\/kosmeetika24.com\/et\/wp-json\/wp\/v2\/comments?post=1595"}],"version-history":[{"count":2,"href":"https:\/\/kosmeetika24.com\/et\/wp-json\/wp\/v2\/product\/1595\/revisions"}],"predecessor-version":[{"id":6102,"href":"https:\/\/kosmeetika24.com\/et\/wp-json\/wp\/v2\/product\/1595\/revisions\/6102"}],"wp:featuredmedia":[{"embeddable":true,"href":"https:\/\/kosmeetika24.com\/et\/wp-json\/wp\/v2\/media\/1596"}],"wp:attachment":[{"href":"https:\/\/kosmeetika24.com\/et\/wp-json\/wp\/v2\/media?parent=1595"}],"wp:term":[{"taxonomy":"product_brand","embeddable":true,"href":"https:\/\/kosmeetika24.com\/et\/wp-json\/wp\/v2\/product_brand?post=1595"},{"taxonomy":"product_cat","embeddable":true,"href":"https:\/\/kosmeetika24.com\/et\/wp-json\/wp\/v2\/product_cat?post=1595"},{"taxonomy":"product_tag","embeddable":true,"href":"https:\/\/kosmeetika24.com\/et\/wp-json\/wp\/v2\/product_tag?post=1595"}],"curies":[{"name":"wp","href":"https:\/\/api.w.org\/{rel}","templated":true}]}}