{"id":1589,"date":"2024-01-05T08:50:55","date_gmt":"2024-01-05T08:50:55","guid":{"rendered":"https:\/\/kosmeetika24.com\/?post_type=product&#038;p=1589"},"modified":"2025-07-02T14:09:43","modified_gmt":"2025-07-02T11:09:43","slug":"bruno-vassari-body-care-kehakoorija","status":"publish","type":"product","link":"https:\/\/kosmeetika24.com\/et\/toode\/bruno-vassari-body-care-kehakoorija\/","title":{"rendered":"BRUNO VASSARI Body Care kehakoorija"},"content":{"rendered":"<p>Kehakoorija <em>Double Body Peel<\/em> sisaldab keemilist ja mehaanilist koorimist. Mikroosakesed stimuleerivad rakke ning vereringet. Kaht t\u00fc\u00fcpi koorijate kombineerimine tagab t\u00e4iuslikult puhta naha.\u00a0 Nahk on sile, \u00fchtlane ja siidine, olles t\u00e4iuslikult ettevalmistatud j\u00e4rgnevaks hoolduseks.<\/p>\n<p>Sobib k\u00f5igile nahat\u00fc\u00fcpidele.<\/p>\n<p><strong>PEAMISED TOIMEAINED<\/strong><\/p>\n<ul>\n<li>Fossiili graanulid osalevad koorija mehaanilises toimes.<\/li>\n<li>Gl\u00fckoolhape osaleb keemilises toimes.<\/li>\n<\/ul>\n<p><strong>TOIME<\/strong><\/p>\n<ul>\n<li>Mehaaniline koorimine: Fossiili graanulid koorivad delikaatselt epidermise sarvkihi surnud rakke, stimuleerib naha uuenemist, puhastab ja imab liigse rasu.<\/li>\n<li>Keemiline koorimine: suhkruroost saadud naturaalsel gl\u00fckoolhappel on kooriv toime, see puhastab nahka, stimuleerib selle uuenemist, silub naha pinda ja parandab jumet.<\/li>\n<\/ul>\n<p><strong>KASUTAMINE<\/strong><\/p>\n<ul>\n<li>Koorijat kasutada kaks korda n\u00e4dalas.<\/li>\n<li>Kehakoorija Double Body Peel kanda kuivale nahale ning j\u00e4tkata ettevaatlikult ringjate liigutustega.<\/li>\n<li>Vajadusel niisutada pisut veega.\u00a0Lasta paar minutit m\u00f5juda ning eemaldada leige veega.<\/li>\n<\/ul>\n<p><strong>J\u00e4tkata v\u00f5ib erinevate hooldustega.<\/strong><\/p>\n<ul>\n<li>Tselluliidi v\u00e4hendamiseks kasutada nt toodet\u00a0 <a href=\"https:\/\/kosmeetika24.eu\/toode\/bruno-vassari-body-care-cellulite-control\/\">BRUNO VASSARI Body Care tselluliidivastane kreem<\/a>.<\/li>\n<li>Salaedavaks hoolduseks kasutada nt toodet <a href=\"https:\/\/kosmeetika24.eu\/toode\/bruno-vassari-body-care-slim-effect-gel\/\">BRUNO VASSARI Body Care salendav ja jahutav geel<\/a>.<\/li>\n<li>Pinguldavaks hoolduseks kasutada nt toodet\u00a0<a href=\"https:\/\/kosmeetika24.eu\/toode\/bruno-vassari-body-care-premium-firming-cream\/\">BRUNO VASSARI Body Care intensiivne pinguldav kreem<\/a>.<\/li>\n<li>K\u00e4te hoolduseks kasutada nt toodet\u00a0<a href=\"https:\/\/kosmeetika24.eu\/toode\/bruno-vassari-body-care-age-control-hand-cream\/\">BRUNO VASSARI Body Care taastav k\u00e4te- ja k\u00fc\u00fcntekreem<\/a>.<\/li>\n<\/ul>\n<p><strong>KOOSTIS<\/strong><\/p>\n<p><span style=\"font-size: 14px;\">AQUA (WATER), POLYETHYLENE, DECYL GLUCOSIDE, MAGNESIUM ALUMINIM SILICATE, DIATOMACEOUS EARTH, PROPYLENE GLYCOL, GLYCOLIC ACID, PEG-200, HYDROGENATED GLYCERYL PALMATE, SODIUM HYDROXIDE, COCAMIDOPROPYL BETAINE, XANTHAN GUM, PHENOXYETHANOL, PEG-7 GLYCERYL COCOATE, PARFUM (FRAGRANCE), BENZOIC ACID, DEHYDROACETIC ACID, SODIUM BENZOATE, SODIUM CHLORIDE.<\/span><\/p>\n","protected":false},"excerpt":{"rendered":"<p>Kehakoorija sisaldab keemilist ja mehhaanilist koorimist.<\/p>\n<p>Eemaldab \u00f5rnalt surnud naharakud, stimuleerib uute taasteket, silub pinda ja parandab naha tooni.<\/p>\n<p>200 ml<\/p>\n","protected":false},"featured_media":1734,"comment_status":"open","ping_status":"closed","template":"","meta":{"_uag_custom_page_level_css":"","site-sidebar-layout":"default","site-content-layout":"","ast-site-content-layout":"default","site-content-style":"default","site-sidebar-style":"default","ast-global-header-display":"","ast-banner-title-visibility":"","ast-main-header-display":"","ast-hfb-above-header-display":"","ast-hfb-below-header-display":"","ast-hfb-mobile-header-display":"","site-post-title":"","ast-breadcrumbs-content":"","ast-featured-img":"","footer-sml-layout":"","ast-disable-related-posts":"","theme-transparent-header-meta":"default","adv-header-id-meta":"","stick-header-meta":"","header-above-stick-meta":"","header-main-stick-meta":"","header-below-stick-meta":"","astra-migrate-meta-layouts":"set","ast-page-background-enabled":"default","ast-page-background-meta":{"desktop":{"background-color":"var(--ast-global-color-4)","background-image":"","background-repeat":"repeat","background-position":"center center","background-size":"auto","background-attachment":"scroll","background-type":"","background-media":"","overlay-type":"","overlay-color":"","overlay-opacity":"","overlay-gradient":""},"tablet":{"background-color":"","background-image":"","background-repeat":"repeat","background-position":"center center","background-size":"auto","background-attachment":"scroll","background-type":"","background-media":"","overlay-type":"","overlay-color":"","overlay-opacity":"","overlay-gradient":""},"mobile":{"background-color":"","background-image":"","background-repeat":"repeat","background-position":"center center","background-size":"auto","background-attachment":"scroll","background-type":"","background-media":"","overlay-type":"","overlay-color":"","overlay-opacity":"","overlay-gradient":""}},"ast-content-background-meta":{"desktop":{"background-color":"var(--ast-global-color-5)","background-image":"","background-repeat":"repeat","background-position":"center center","background-size":"auto","background-attachment":"scroll","background-type":"","background-media":"","overlay-type":"","overlay-color":"","overlay-opacity":"","overlay-gradient":""},"tablet":{"background-color":"var(--ast-global-color-5)","background-image":"","background-repeat":"repeat","background-position":"center center","background-size":"auto","background-attachment":"scroll","background-type":"","background-media":"","overlay-type":"","overlay-color":"","overlay-opacity":"","overlay-gradient":""},"mobile":{"background-color":"var(--ast-global-color-5)","background-image":"","background-repeat":"repeat","background-position":"center center","background-size":"auto","background-attachment":"scroll","background-type":"","background-media":"","overlay-type":"","overlay-color":"","overlay-opacity":"","overlay-gradient":""}}},"product_brand":[],"product_cat":[65,96,98],"product_tag":[],"class_list":{"0":"post-1589","1":"product","2":"type-product","3":"status-publish","4":"has-post-thumbnail","6":"product_cat-body-care","7":"product_cat-brands","8":"product_cat-kehale","9":"desktop-align-left","10":"tablet-align-left","11":"mobile-align-left","13":"first","14":"instock","15":"taxable","16":"shipping-taxable","17":"product-type-simple","18":"add-to-wishlist-before_image"},"uagb_featured_image_src":{"full":["https:\/\/kosmeetika24.com\/wp-content\/uploads\/2023\/11\/284-Double-Body-Peel.jpg",600,600,false],"thumbnail":["https:\/\/kosmeetika24.com\/wp-content\/uploads\/2023\/11\/284-Double-Body-Peel-150x150.jpg",150,150,true],"medium":["https:\/\/kosmeetika24.com\/wp-content\/uploads\/2023\/11\/284-Double-Body-Peel-300x300.jpg",300,300,true],"medium_large":["https:\/\/kosmeetika24.com\/wp-content\/uploads\/2023\/11\/284-Double-Body-Peel.jpg",600,600,false],"large":["https:\/\/kosmeetika24.com\/wp-content\/uploads\/2023\/11\/284-Double-Body-Peel.jpg",600,600,false],"1536x1536":["https:\/\/kosmeetika24.com\/wp-content\/uploads\/2023\/11\/284-Double-Body-Peel.jpg",600,600,false],"2048x2048":["https:\/\/kosmeetika24.com\/wp-content\/uploads\/2023\/11\/284-Double-Body-Peel.jpg",600,600,false],"trp-custom-language-flag":["https:\/\/kosmeetika24.com\/wp-content\/uploads\/2023\/11\/284-Double-Body-Peel-12x12.jpg",12,12,true],"woocommerce_thumbnail":["https:\/\/kosmeetika24.com\/wp-content\/uploads\/2023\/11\/284-Double-Body-Peel-300x300.jpg",300,300,true],"woocommerce_single":["https:\/\/kosmeetika24.com\/wp-content\/uploads\/2023\/11\/284-Double-Body-Peel-500x500.jpg",500,500,true],"woocommerce_gallery_thumbnail":["https:\/\/kosmeetika24.com\/wp-content\/uploads\/2023\/11\/284-Double-Body-Peel-100x100.jpg",100,100,true]},"uagb_author_info":{"display_name":"admin","author_link":"https:\/\/kosmeetika24.com\/et\/author\/"},"uagb_comment_info":0,"uagb_excerpt":"Kehakoorija sisaldab keemilist ja mehhaanilist koorimist. Eemaldab \u00f5rnalt surnud naharakud, stimuleerib uute taasteket, silub pinda ja parandab naha tooni. 200 ml","_links":{"self":[{"href":"https:\/\/kosmeetika24.com\/et\/wp-json\/wp\/v2\/product\/1589","targetHints":{"allow":["GET"]}}],"collection":[{"href":"https:\/\/kosmeetika24.com\/et\/wp-json\/wp\/v2\/product"}],"about":[{"href":"https:\/\/kosmeetika24.com\/et\/wp-json\/wp\/v2\/types\/product"}],"replies":[{"embeddable":true,"href":"https:\/\/kosmeetika24.com\/et\/wp-json\/wp\/v2\/comments?post=1589"}],"version-history":[{"count":1,"href":"https:\/\/kosmeetika24.com\/et\/wp-json\/wp\/v2\/product\/1589\/revisions"}],"predecessor-version":[{"id":4732,"href":"https:\/\/kosmeetika24.com\/et\/wp-json\/wp\/v2\/product\/1589\/revisions\/4732"}],"wp:featuredmedia":[{"embeddable":true,"href":"https:\/\/kosmeetika24.com\/et\/wp-json\/wp\/v2\/media\/1734"}],"wp:attachment":[{"href":"https:\/\/kosmeetika24.com\/et\/wp-json\/wp\/v2\/media?parent=1589"}],"wp:term":[{"taxonomy":"product_brand","embeddable":true,"href":"https:\/\/kosmeetika24.com\/et\/wp-json\/wp\/v2\/product_brand?post=1589"},{"taxonomy":"product_cat","embeddable":true,"href":"https:\/\/kosmeetika24.com\/et\/wp-json\/wp\/v2\/product_cat?post=1589"},{"taxonomy":"product_tag","embeddable":true,"href":"https:\/\/kosmeetika24.com\/et\/wp-json\/wp\/v2\/product_tag?post=1589"}],"curies":[{"name":"wp","href":"https:\/\/api.w.org\/{rel}","templated":true}]}}