{"id":1587,"date":"2024-05-31T09:00:32","date_gmt":"2024-05-31T09:00:32","guid":{"rendered":"https:\/\/kosmeetika24.com\/?post_type=product&#038;p=1587"},"modified":"2025-07-03T12:30:59","modified_gmt":"2025-07-03T09:30:59","slug":"charmyco-premature-aging-1-enneaegse-vananemise-vastu-1","status":"publish","type":"product","link":"https:\/\/kosmeetika24.com\/et\/toode\/charmyco-premature-aging-1-enneaegse-vananemise-vastu-1\/","title":{"rendered":"Charmyco Premature Aging 1- Enneaegse vananemise vastu 1"},"content":{"rendered":"<p>Nahal on kaasas\u00fcndinud v\u00f5ime taastuda. Keemiline koorimine m\u00f5jutab s\u00fcgavamaid kihte, eemaldab surnud naharakud ja annab teed uutele t\u00e4ielikult funktsioneerivatele rakkudele.<\/p>\n<p>KASUTAMINE:<\/p>\n<ol>\n<li>Puhastage ja valmistage ette t\u00f6\u00f6deldav n\u00e4opiirkond. Kaitske tundlikud piirkonnad.<\/li>\n<li>Kandke esimene kiht hapet n\u00e4ole ja suruge kergelt s\u00f5rmeotstega, et hape j\u00f5uaks naha s\u00fcgavamatesse kihtidesse.<\/li>\n<li>Korrake tegevust iga kihi j\u00e4rel.<\/li>\n<li>Kandke vastavalt naha t\u00fc\u00fcbile nii palju happekihte kui vaja.<\/li>\n<li>Happekoorimise kestvus v\u00f5iks olla vastavalat naha t\u00fc\u00fcbile 2-10 minutit.<\/li>\n<li>Eemaldage toode jaheda veega!<\/li>\n<\/ol>\n","protected":false},"excerpt":{"rendered":"<p>Keemiline koorimine, mis \u00fchendab endas 3 mahedat hapet.<\/p>\n<p>Need tagavad p\u00f5hjaliku ja sihip\u00e4rase esteetiliste probleemide lahendamise k\u00f5ige rohkem kahjustatud nahapiirkondadest.<\/p>\n<p>Eesm\u00e4rgiga saavutada uute epidermise rakkude regenereerimine, mis p\u00e4rast mitut uuendamists\u00fcklit suudavad neid v\u00e4hendada.<\/p>\n<p>60 ml<\/p>\n<p>&nbsp;<\/p>\n","protected":false},"featured_media":1588,"comment_status":"open","ping_status":"closed","template":"","meta":{"_uag_custom_page_level_css":"","site-sidebar-layout":"default","site-content-layout":"","ast-site-content-layout":"default","site-content-style":"default","site-sidebar-style":"default","ast-global-header-display":"","ast-banner-title-visibility":"","ast-main-header-display":"","ast-hfb-above-header-display":"","ast-hfb-below-header-display":"","ast-hfb-mobile-header-display":"","site-post-title":"","ast-breadcrumbs-content":"","ast-featured-img":"","footer-sml-layout":"","ast-disable-related-posts":"","theme-transparent-header-meta":"default","adv-header-id-meta":"","stick-header-meta":"","header-above-stick-meta":"","header-main-stick-meta":"","header-below-stick-meta":"","astra-migrate-meta-layouts":"set","ast-page-background-enabled":"default","ast-page-background-meta":{"desktop":{"background-color":"var(--ast-global-color-4)","background-image":"","background-repeat":"repeat","background-position":"center center","background-size":"auto","background-attachment":"scroll","background-type":"","background-media":"","overlay-type":"","overlay-color":"","overlay-opacity":"","overlay-gradient":""},"tablet":{"background-color":"","background-image":"","background-repeat":"repeat","background-position":"center center","background-size":"auto","background-attachment":"scroll","background-type":"","background-media":"","overlay-type":"","overlay-color":"","overlay-opacity":"","overlay-gradient":""},"mobile":{"background-color":"","background-image":"","background-repeat":"repeat","background-position":"center center","background-size":"auto","background-attachment":"scroll","background-type":"","background-media":"","overlay-type":"","overlay-color":"","overlay-opacity":"","overlay-gradient":""}},"ast-content-background-meta":{"desktop":{"background-color":"var(--ast-global-color-5)","background-image":"","background-repeat":"repeat","background-position":"center center","background-size":"auto","background-attachment":"scroll","background-type":"","background-media":"","overlay-type":"","overlay-color":"","overlay-opacity":"","overlay-gradient":""},"tablet":{"background-color":"var(--ast-global-color-5)","background-image":"","background-repeat":"repeat","background-position":"center center","background-size":"auto","background-attachment":"scroll","background-type":"","background-media":"","overlay-type":"","overlay-color":"","overlay-opacity":"","overlay-gradient":""},"mobile":{"background-color":"var(--ast-global-color-5)","background-image":"","background-repeat":"repeat","background-position":"center center","background-size":"auto","background-attachment":"scroll","background-type":"","background-media":"","overlay-type":"","overlay-color":"","overlay-opacity":"","overlay-gradient":""}}},"product_brand":[],"product_cat":[96,81,97],"product_tag":[],"class_list":{"0":"post-1587","1":"product","2":"type-product","3":"status-publish","4":"has-post-thumbnail","6":"product_cat-brands","7":"product_cat-charmyco","8":"product_cat-naole","9":"desktop-align-left","10":"tablet-align-left","11":"mobile-align-left","13":"first","14":"instock","15":"taxable","16":"shipping-taxable","17":"product-type-simple","18":"add-to-wishlist-before_image"},"uagb_featured_image_src":{"full":["https:\/\/kosmeetika24.com\/wp-content\/uploads\/2023\/10\/aging-1-1.png",600,600,false],"thumbnail":["https:\/\/kosmeetika24.com\/wp-content\/uploads\/2023\/10\/aging-1-1-150x150.png",150,150,true],"medium":["https:\/\/kosmeetika24.com\/wp-content\/uploads\/2023\/10\/aging-1-1-300x300.png",300,300,true],"medium_large":["https:\/\/kosmeetika24.com\/wp-content\/uploads\/2023\/10\/aging-1-1.png",600,600,false],"large":["https:\/\/kosmeetika24.com\/wp-content\/uploads\/2023\/10\/aging-1-1.png",600,600,false],"1536x1536":["https:\/\/kosmeetika24.com\/wp-content\/uploads\/2023\/10\/aging-1-1.png",600,600,false],"2048x2048":["https:\/\/kosmeetika24.com\/wp-content\/uploads\/2023\/10\/aging-1-1.png",600,600,false],"trp-custom-language-flag":["https:\/\/kosmeetika24.com\/wp-content\/uploads\/2023\/10\/aging-1-1-12x12.png",12,12,true],"woocommerce_thumbnail":["https:\/\/kosmeetika24.com\/wp-content\/uploads\/2023\/10\/aging-1-1-300x300.png",300,300,true],"woocommerce_single":["https:\/\/kosmeetika24.com\/wp-content\/uploads\/2023\/10\/aging-1-1-500x500.png",500,500,true],"woocommerce_gallery_thumbnail":["https:\/\/kosmeetika24.com\/wp-content\/uploads\/2023\/10\/aging-1-1-100x100.png",100,100,true]},"uagb_author_info":{"display_name":"admin","author_link":"https:\/\/kosmeetika24.com\/et\/author\/"},"uagb_comment_info":0,"uagb_excerpt":"Keemiline koorimine, mis \u00fchendab endas 3 mahedat hapet. Need tagavad p\u00f5hjaliku ja sihip\u00e4rase esteetiliste probleemide lahendamise k\u00f5ige rohkem kahjustatud nahapiirkondadest. Eesm\u00e4rgiga saavutada uute epidermise rakkude regenereerimine, mis p\u00e4rast mitut uuendamists\u00fcklit suudavad neid v\u00e4hendada. 60 ml &nbsp;","_links":{"self":[{"href":"https:\/\/kosmeetika24.com\/et\/wp-json\/wp\/v2\/product\/1587","targetHints":{"allow":["GET"]}}],"collection":[{"href":"https:\/\/kosmeetika24.com\/et\/wp-json\/wp\/v2\/product"}],"about":[{"href":"https:\/\/kosmeetika24.com\/et\/wp-json\/wp\/v2\/types\/product"}],"replies":[{"embeddable":true,"href":"https:\/\/kosmeetika24.com\/et\/wp-json\/wp\/v2\/comments?post=1587"}],"version-history":[{"count":2,"href":"https:\/\/kosmeetika24.com\/et\/wp-json\/wp\/v2\/product\/1587\/revisions"}],"predecessor-version":[{"id":5225,"href":"https:\/\/kosmeetika24.com\/et\/wp-json\/wp\/v2\/product\/1587\/revisions\/5225"}],"wp:featuredmedia":[{"embeddable":true,"href":"https:\/\/kosmeetika24.com\/et\/wp-json\/wp\/v2\/media\/1588"}],"wp:attachment":[{"href":"https:\/\/kosmeetika24.com\/et\/wp-json\/wp\/v2\/media?parent=1587"}],"wp:term":[{"taxonomy":"product_brand","embeddable":true,"href":"https:\/\/kosmeetika24.com\/et\/wp-json\/wp\/v2\/product_brand?post=1587"},{"taxonomy":"product_cat","embeddable":true,"href":"https:\/\/kosmeetika24.com\/et\/wp-json\/wp\/v2\/product_cat?post=1587"},{"taxonomy":"product_tag","embeddable":true,"href":"https:\/\/kosmeetika24.com\/et\/wp-json\/wp\/v2\/product_tag?post=1587"}],"curies":[{"name":"wp","href":"https:\/\/api.w.org\/{rel}","templated":true}]}}