{"id":1573,"date":"2024-01-25T07:36:32","date_gmt":"2024-01-25T07:36:32","guid":{"rendered":"https:\/\/kosmeetika24.com\/?post_type=product&#038;p=1573"},"modified":"2025-07-02T11:27:50","modified_gmt":"2025-07-02T08:27:50","slug":"wishpro-btx-infusion-kortsude-vahendamine","status":"publish","type":"product","link":"https:\/\/kosmeetika24.com\/et\/toode\/wishpro-btx-infusion-kortsude-vahendamine\/","title":{"rendered":"WISHPRO BTX Infusion &#8211; kortse v\u00e4hendav"},"content":{"rendered":"<p style=\"text-align: center;\"><strong><span style=\"color: #993366;\">BTX<\/span> kapsel \u2013<\/strong>\u00a0kasutab \u00e4\u00e4rmiselt t\u00f5husat <strong>biomimeetilist peptiidi\u00a0<\/strong><strong>Argireline\u00ae<\/strong>.<\/p>\n<p style=\"text-align: center;\">Kapsli toimemehhanism on identne\u00a0lihasesse s\u00fcstitud\u00a0<strong>botuliintoksiini<\/strong>\u00a0toimemehhanismiga.<\/p>\n<p style=\"text-align: center;\">See h\u00f5lmab\u00a0<strong>lihaste osalist halvatust ja kortsude v\u00e4hendamist.<\/strong><\/p>\n<p style=\"text-align: center;\">Lisaks takistab mitmete ravimeetodite l\u00e4biviimine t\u00f5husalt\u00a0<strong>uute kortsude teket.<\/strong><\/p>\n<p style=\"text-align: center;\"><strong>Kasutusotstarve:<\/strong> K\u00f5ik nahat\u00fc\u00fcbid, peened kortsud, esimesed vananemise tunnused, elastsuse puudumine, kliendid, kes ootavad banketiefekti.<\/p>\n<p style=\"text-align: center;\"><span style=\"color: #993366;\"><strong>BTX<\/strong>\u00a0<\/span>kapsel on m\u00f5eldud kasutamiseks kuldse v\u00f5i punase\u00a0<strong>WishPro Plus+<\/strong> tehnoloogilise peaga.<\/p>\n<p style=\"text-align: center;\"><span style=\"color: #993366;\"><strong>Infusiooni liin<\/strong><\/span><\/p>\n<p style=\"text-align: center;\">Sari on p\u00fchendatud\u00a0<strong>esimeste vananemism\u00e4rkidega<\/strong>\u00a0inimestele, kes soovivad taastada oma noorusliku v\u00e4limuse ja\u00a0<strong>peatada vananemisprotsessi<\/strong>. Liin p\u00f5hineb\u00a0<strong>kolmel t\u00f5estatud efektiivsusega toimeainel<\/strong>. Kapslid on m\u00f5eldud k\u00f5ikidele nahat\u00fc\u00fcpidele ning tagavad\u00a0<strong>kerge tekstuuri<\/strong>\u00a0ja toimeainete intensiivse kontsentratsiooni!<\/p>\n<hr \/>\n<p style=\"text-align: center;\">Kapslid on steriilsed ja \u00fchekordselt kasutatavad, \u00fcks kapsel on m\u00f5eldud \u00fcheks hoolduskorraks.<\/p>\n<p>Koostis: OLUS OIL, ISOAMYL LAURATE, AQUA, VITIS VINIFERA SEED OIL, GLYCERYL CAPRYLATE, BHT, HYDROGENATED POLYDECENE, HELIANTHUS ANNUUS SEED OIL, PARFUM, TOCOPHERYL ACETATE, RETINYL PALMITATE, CAPRYLYL GLYCOL, BENZYL SALICYLATE, ACETYL HEXAPEPTIDE-8, ALOE BARBADENSIS LEAF EXTRACT, DUNALIELLE SALINA EXTRACT.<\/p>\n","protected":false},"excerpt":{"rendered":"<p>BTX kapslid sisaldavad Argireline\u00ae peptide solution C. Peptiidi, mis on spetsiaalselt loodud paikseks kasutamiseks.<\/p>\n<p>Toimib sarnaselt Botox\u00ae, kuid ei oma negatiivseid k\u00f5rvalm\u00f5jusid.<\/p>\n<p>Regulaarse Synoia BTX kapsli kasutamisega saab v\u00e4hendada kortse, piirates n\u00e4olihaste kokkut\u00f5mbeid.<\/p>\n<p><strong>Hind kehtib 10 kapslit sisaldava pakendi kohta.<\/strong><\/p>\n<p>&nbsp;<\/p>\n<p>&nbsp;<\/p>\n","protected":false},"featured_media":1443,"comment_status":"open","ping_status":"closed","template":"","meta":{"_uag_custom_page_level_css":"","site-sidebar-layout":"default","site-content-layout":"","ast-site-content-layout":"default","site-content-style":"default","site-sidebar-style":"default","ast-global-header-display":"","ast-banner-title-visibility":"","ast-main-header-display":"","ast-hfb-above-header-display":"","ast-hfb-below-header-display":"","ast-hfb-mobile-header-display":"","site-post-title":"","ast-breadcrumbs-content":"","ast-featured-img":"","footer-sml-layout":"","ast-disable-related-posts":"","theme-transparent-header-meta":"default","adv-header-id-meta":"","stick-header-meta":"","header-above-stick-meta":"","header-main-stick-meta":"","header-below-stick-meta":"","astra-migrate-meta-layouts":"set","ast-page-background-enabled":"default","ast-page-background-meta":{"desktop":{"background-color":"var(--ast-global-color-4)","background-image":"","background-repeat":"repeat","background-position":"center center","background-size":"auto","background-attachment":"scroll","background-type":"","background-media":"","overlay-type":"","overlay-color":"","overlay-opacity":"","overlay-gradient":""},"tablet":{"background-color":"","background-image":"","background-repeat":"repeat","background-position":"center center","background-size":"auto","background-attachment":"scroll","background-type":"","background-media":"","overlay-type":"","overlay-color":"","overlay-opacity":"","overlay-gradient":""},"mobile":{"background-color":"","background-image":"","background-repeat":"repeat","background-position":"center center","background-size":"auto","background-attachment":"scroll","background-type":"","background-media":"","overlay-type":"","overlay-color":"","overlay-opacity":"","overlay-gradient":""}},"ast-content-background-meta":{"desktop":{"background-color":"var(--ast-global-color-5)","background-image":"","background-repeat":"repeat","background-position":"center center","background-size":"auto","background-attachment":"scroll","background-type":"","background-media":"","overlay-type":"","overlay-color":"","overlay-opacity":"","overlay-gradient":""},"tablet":{"background-color":"var(--ast-global-color-5)","background-image":"","background-repeat":"repeat","background-position":"center center","background-size":"auto","background-attachment":"scroll","background-type":"","background-media":"","overlay-type":"","overlay-color":"","overlay-opacity":"","overlay-gradient":""},"mobile":{"background-color":"var(--ast-global-color-5)","background-image":"","background-repeat":"repeat","background-position":"center center","background-size":"auto","background-attachment":"scroll","background-type":"","background-media":"","overlay-type":"","overlay-color":"","overlay-opacity":"","overlay-gradient":""}}},"product_brand":[],"product_cat":[96,97,80],"product_tag":[],"class_list":{"0":"post-1573","1":"product","2":"type-product","3":"status-publish","4":"has-post-thumbnail","6":"product_cat-brands","7":"product_cat-naole","8":"product_cat-wishpro","9":"desktop-align-left","10":"tablet-align-left","11":"mobile-align-left","13":"first","14":"instock","15":"taxable","16":"shipping-taxable","17":"product-type-simple","18":"add-to-wishlist-before_image"},"uagb_featured_image_src":{"full":["https:\/\/kosmeetika24.com\/wp-content\/uploads\/2023\/10\/btx.png",1080,1080,false],"thumbnail":["https:\/\/kosmeetika24.com\/wp-content\/uploads\/2023\/10\/btx-150x150.png",150,150,true],"medium":["https:\/\/kosmeetika24.com\/wp-content\/uploads\/2023\/10\/btx-300x300.png",300,300,true],"medium_large":["https:\/\/kosmeetika24.com\/wp-content\/uploads\/2023\/10\/btx-768x768.png",768,768,true],"large":["https:\/\/kosmeetika24.com\/wp-content\/uploads\/2023\/10\/btx-1024x1024.png",1024,1024,true],"1536x1536":["https:\/\/kosmeetika24.com\/wp-content\/uploads\/2023\/10\/btx.png",1080,1080,false],"2048x2048":["https:\/\/kosmeetika24.com\/wp-content\/uploads\/2023\/10\/btx.png",1080,1080,false],"trp-custom-language-flag":["https:\/\/kosmeetika24.com\/wp-content\/uploads\/2023\/10\/btx-12x12.png",12,12,true],"woocommerce_thumbnail":["https:\/\/kosmeetika24.com\/wp-content\/uploads\/2023\/10\/btx-300x300.png",300,300,true],"woocommerce_single":["https:\/\/kosmeetika24.com\/wp-content\/uploads\/2023\/10\/btx-500x500.png",500,500,true],"woocommerce_gallery_thumbnail":["https:\/\/kosmeetika24.com\/wp-content\/uploads\/2023\/10\/btx-100x100.png",100,100,true]},"uagb_author_info":{"display_name":"admin","author_link":"https:\/\/kosmeetika24.com\/et\/author\/"},"uagb_comment_info":0,"uagb_excerpt":"BTX kapslid sisaldavad Argireline\u00ae peptide solution C. Peptiidi, mis on spetsiaalselt loodud paikseks kasutamiseks. Toimib sarnaselt Botox\u00ae, kuid ei oma negatiivseid k\u00f5rvalm\u00f5jusid. Regulaarse Synoia BTX kapsli kasutamisega saab v\u00e4hendada kortse, piirates n\u00e4olihaste kokkut\u00f5mbeid. Hind kehtib 10 kapslit sisaldava pakendi kohta. &nbsp; &nbsp;","_links":{"self":[{"href":"https:\/\/kosmeetika24.com\/et\/wp-json\/wp\/v2\/product\/1573","targetHints":{"allow":["GET"]}}],"collection":[{"href":"https:\/\/kosmeetika24.com\/et\/wp-json\/wp\/v2\/product"}],"about":[{"href":"https:\/\/kosmeetika24.com\/et\/wp-json\/wp\/v2\/types\/product"}],"replies":[{"embeddable":true,"href":"https:\/\/kosmeetika24.com\/et\/wp-json\/wp\/v2\/comments?post=1573"}],"version-history":[{"count":2,"href":"https:\/\/kosmeetika24.com\/et\/wp-json\/wp\/v2\/product\/1573\/revisions"}],"predecessor-version":[{"id":4526,"href":"https:\/\/kosmeetika24.com\/et\/wp-json\/wp\/v2\/product\/1573\/revisions\/4526"}],"wp:featuredmedia":[{"embeddable":true,"href":"https:\/\/kosmeetika24.com\/et\/wp-json\/wp\/v2\/media\/1443"}],"wp:attachment":[{"href":"https:\/\/kosmeetika24.com\/et\/wp-json\/wp\/v2\/media?parent=1573"}],"wp:term":[{"taxonomy":"product_brand","embeddable":true,"href":"https:\/\/kosmeetika24.com\/et\/wp-json\/wp\/v2\/product_brand?post=1573"},{"taxonomy":"product_cat","embeddable":true,"href":"https:\/\/kosmeetika24.com\/et\/wp-json\/wp\/v2\/product_cat?post=1573"},{"taxonomy":"product_tag","embeddable":true,"href":"https:\/\/kosmeetika24.com\/et\/wp-json\/wp\/v2\/product_tag?post=1573"}],"curies":[{"name":"wp","href":"https:\/\/api.w.org\/{rel}","templated":true}]}}