{"id":1567,"date":"2024-01-25T08:01:50","date_gmt":"2024-01-25T08:01:50","guid":{"rendered":"https:\/\/kosmeetika24.com\/?post_type=product&#038;p=1567"},"modified":"2025-07-02T11:27:15","modified_gmt":"2025-07-02T08:27:15","slug":"wishpro-peel-exfoliator-koorija","status":"publish","type":"product","link":"https:\/\/kosmeetika24.com\/et\/toode\/wishpro-peel-exfoliator-koorija\/","title":{"rendered":"WISHPRO Peel Exfoliator &#8211; koorija"},"content":{"rendered":"<p style=\"text-align: center;\"><span style=\"color: #339966;\"><strong>Peel Exfoliator<\/strong>\u00a0<\/span>kapsel \u2013\u00a0 <strong>magusa mandli\u00f5li<\/strong>\u00a0ja koorivate\u00a0<strong>mikrotselluloosi kristallide kombinatsioon.<\/strong><\/p>\n<p style=\"text-align: center;\"><strong>Koorib <\/strong>t\u00f5husalt\u00a0<strong>surnud naharakke<\/strong>, stimuleerib\u00a0<strong>mikrotsirkulatsiooni<\/strong>\u00a0ja\u00a0<strong>\u00fchtlustab naha tooni.<\/strong><\/p>\n<p style=\"text-align: center;\">Lisaks noorendab.\u00a0 A- ja <strong>E-vitamiinide<\/strong>\u00a0rikkus, toidab nahka ja omab antioks\u00fcdantset toimet.<\/p>\n<p style=\"text-align: center;\"><span style=\"color: #339966;\"><strong>Peel Exfoliator<\/strong><\/span>\u00a0kapsel on m\u00f5eldud rohelise tehnoloogilise peaga koorimiseks, mis on hoolitsuse esimene etapp.<\/p>\n<p style=\"text-align: center;\"><strong>Kasutusala:<\/strong>\u00a0k\u00f5ik nahat\u00fc\u00fcbid, koorimist ja v\u00e4rskendamist vajav nahk, naha ettevalmistamine j\u00e4rgmiseks protseduurietapiks (\u00fcksk\u00f5ik millise kapsliga)\u00a0<strong>WishPro Plus+<\/strong>\u00a0seadmega<\/p>\n<p style=\"text-align: center;\"><span style=\"color: #339966;\"><strong>Looduslik joon<\/strong><\/span><\/p>\n<p style=\"text-align: center;\">P\u00f5hihooldussari, mis on p\u00fchendatud <strong>noortele, tundlikule ja \u00e4rritunud nahale.<\/strong>\u00a0Looduslik joon p\u00f5hineb looduslikel\u00a0<strong>taime\u00f5lidel<\/strong>, mis tugevdavad looduslikku kaitsebarj\u00e4\u00e4ri.<\/p>\n<p style=\"text-align: center;\">Terve, nooruslik nahk t\u00e4nu mitteinvasiivsetele lahustele ja t\u00e4iesti looduslikele koostisosadele!<\/p>\n<hr \/>\n<p style=\"text-align: center;\">Kapslid on steriilsed ja \u00fchekordselt kasutatavad, \u00fcks kapsel on ette n\u00e4htud \u00fcheks raviks.<\/p>\n<p>KOOSTIS: OLUS OIL, PRUNUS AMYGDALUS DULCIS OIL, GLYCERYL CAPRYLATE, MICROCRYSTALLINE CELLULOSE, TOCOPHERYL ACETATE, CI 77007, PANTHENYL TRIACTATE, HYDROXYPROPYLCELLULOSE.<\/p>\n","protected":false},"excerpt":{"rendered":"<p>Looduslik koorija Peel Exfoliator kapsel magusa mandli \u00f5li koorimisosakestega.<\/p>\n<p>E- ja A-vitamiinidega t\u00e4iendavalt rikastatud valem sisaldab kahte tselluloosi koorimise vormi, et eemaldada surnud naharakud, suurendada vereringet ja soodustada rakkude uuenemist.<\/p>\n<p><strong>Hind kehtib 10 kapslit sisaldava pakendi kohta.<\/strong><\/p>\n","protected":false},"featured_media":1463,"comment_status":"open","ping_status":"closed","template":"","meta":{"_uag_custom_page_level_css":"","site-sidebar-layout":"default","site-content-layout":"","ast-site-content-layout":"default","site-content-style":"default","site-sidebar-style":"default","ast-global-header-display":"","ast-banner-title-visibility":"","ast-main-header-display":"","ast-hfb-above-header-display":"","ast-hfb-below-header-display":"","ast-hfb-mobile-header-display":"","site-post-title":"","ast-breadcrumbs-content":"","ast-featured-img":"","footer-sml-layout":"","ast-disable-related-posts":"","theme-transparent-header-meta":"default","adv-header-id-meta":"","stick-header-meta":"","header-above-stick-meta":"","header-main-stick-meta":"","header-below-stick-meta":"","astra-migrate-meta-layouts":"set","ast-page-background-enabled":"default","ast-page-background-meta":{"desktop":{"background-color":"var(--ast-global-color-4)","background-image":"","background-repeat":"repeat","background-position":"center center","background-size":"auto","background-attachment":"scroll","background-type":"","background-media":"","overlay-type":"","overlay-color":"","overlay-opacity":"","overlay-gradient":""},"tablet":{"background-color":"","background-image":"","background-repeat":"repeat","background-position":"center center","background-size":"auto","background-attachment":"scroll","background-type":"","background-media":"","overlay-type":"","overlay-color":"","overlay-opacity":"","overlay-gradient":""},"mobile":{"background-color":"","background-image":"","background-repeat":"repeat","background-position":"center center","background-size":"auto","background-attachment":"scroll","background-type":"","background-media":"","overlay-type":"","overlay-color":"","overlay-opacity":"","overlay-gradient":""}},"ast-content-background-meta":{"desktop":{"background-color":"var(--ast-global-color-5)","background-image":"","background-repeat":"repeat","background-position":"center center","background-size":"auto","background-attachment":"scroll","background-type":"","background-media":"","overlay-type":"","overlay-color":"","overlay-opacity":"","overlay-gradient":""},"tablet":{"background-color":"var(--ast-global-color-5)","background-image":"","background-repeat":"repeat","background-position":"center center","background-size":"auto","background-attachment":"scroll","background-type":"","background-media":"","overlay-type":"","overlay-color":"","overlay-opacity":"","overlay-gradient":""},"mobile":{"background-color":"var(--ast-global-color-5)","background-image":"","background-repeat":"repeat","background-position":"center center","background-size":"auto","background-attachment":"scroll","background-type":"","background-media":"","overlay-type":"","overlay-color":"","overlay-opacity":"","overlay-gradient":""}}},"product_brand":[],"product_cat":[96,97,80],"product_tag":[],"class_list":{"0":"post-1567","1":"product","2":"type-product","3":"status-publish","4":"has-post-thumbnail","6":"product_cat-brands","7":"product_cat-naole","8":"product_cat-wishpro","9":"desktop-align-left","10":"tablet-align-left","11":"mobile-align-left","13":"first","14":"instock","15":"taxable","16":"shipping-taxable","17":"product-type-simple","18":"add-to-wishlist-before_image"},"uagb_featured_image_src":{"full":["https:\/\/kosmeetika24.com\/wp-content\/uploads\/2023\/10\/peel-exfoliator.png",600,600,false],"thumbnail":["https:\/\/kosmeetika24.com\/wp-content\/uploads\/2023\/10\/peel-exfoliator-150x150.png",150,150,true],"medium":["https:\/\/kosmeetika24.com\/wp-content\/uploads\/2023\/10\/peel-exfoliator-300x300.png",300,300,true],"medium_large":["https:\/\/kosmeetika24.com\/wp-content\/uploads\/2023\/10\/peel-exfoliator.png",600,600,false],"large":["https:\/\/kosmeetika24.com\/wp-content\/uploads\/2023\/10\/peel-exfoliator.png",600,600,false],"1536x1536":["https:\/\/kosmeetika24.com\/wp-content\/uploads\/2023\/10\/peel-exfoliator.png",600,600,false],"2048x2048":["https:\/\/kosmeetika24.com\/wp-content\/uploads\/2023\/10\/peel-exfoliator.png",600,600,false],"trp-custom-language-flag":["https:\/\/kosmeetika24.com\/wp-content\/uploads\/2023\/10\/peel-exfoliator-12x12.png",12,12,true],"woocommerce_thumbnail":["https:\/\/kosmeetika24.com\/wp-content\/uploads\/2023\/10\/peel-exfoliator-300x300.png",300,300,true],"woocommerce_single":["https:\/\/kosmeetika24.com\/wp-content\/uploads\/2023\/10\/peel-exfoliator-500x500.png",500,500,true],"woocommerce_gallery_thumbnail":["https:\/\/kosmeetika24.com\/wp-content\/uploads\/2023\/10\/peel-exfoliator-100x100.png",100,100,true]},"uagb_author_info":{"display_name":"admin","author_link":"https:\/\/kosmeetika24.com\/et\/author\/"},"uagb_comment_info":0,"uagb_excerpt":"Looduslik koorija Peel Exfoliator kapsel magusa mandli \u00f5li koorimisosakestega. E- ja A-vitamiinidega t\u00e4iendavalt rikastatud valem sisaldab kahte tselluloosi koorimise vormi, et eemaldada surnud naharakud, suurendada vereringet ja soodustada rakkude uuenemist. Hind kehtib 10 kapslit sisaldava pakendi kohta.","_links":{"self":[{"href":"https:\/\/kosmeetika24.com\/et\/wp-json\/wp\/v2\/product\/1567","targetHints":{"allow":["GET"]}}],"collection":[{"href":"https:\/\/kosmeetika24.com\/et\/wp-json\/wp\/v2\/product"}],"about":[{"href":"https:\/\/kosmeetika24.com\/et\/wp-json\/wp\/v2\/types\/product"}],"replies":[{"embeddable":true,"href":"https:\/\/kosmeetika24.com\/et\/wp-json\/wp\/v2\/comments?post=1567"}],"version-history":[{"count":2,"href":"https:\/\/kosmeetika24.com\/et\/wp-json\/wp\/v2\/product\/1567\/revisions"}],"predecessor-version":[{"id":4524,"href":"https:\/\/kosmeetika24.com\/et\/wp-json\/wp\/v2\/product\/1567\/revisions\/4524"}],"wp:featuredmedia":[{"embeddable":true,"href":"https:\/\/kosmeetika24.com\/et\/wp-json\/wp\/v2\/media\/1463"}],"wp:attachment":[{"href":"https:\/\/kosmeetika24.com\/et\/wp-json\/wp\/v2\/media?parent=1567"}],"wp:term":[{"taxonomy":"product_brand","embeddable":true,"href":"https:\/\/kosmeetika24.com\/et\/wp-json\/wp\/v2\/product_brand?post=1567"},{"taxonomy":"product_cat","embeddable":true,"href":"https:\/\/kosmeetika24.com\/et\/wp-json\/wp\/v2\/product_cat?post=1567"},{"taxonomy":"product_tag","embeddable":true,"href":"https:\/\/kosmeetika24.com\/et\/wp-json\/wp\/v2\/product_tag?post=1567"}],"curies":[{"name":"wp","href":"https:\/\/api.w.org\/{rel}","templated":true}]}}