{"id":1564,"date":"2024-01-25T08:06:43","date_gmt":"2024-01-25T08:06:43","guid":{"rendered":"https:\/\/kosmeetika24.com\/?post_type=product&#038;p=1564"},"modified":"2025-07-02T11:26:49","modified_gmt":"2025-07-02T08:26:49","slug":"wishpro-rejuvenation-noorendav-kaitsev-parandav","status":"publish","type":"product","link":"https:\/\/kosmeetika24.com\/et\/toode\/wishpro-rejuvenation-noorendav-kaitsev-parandav\/","title":{"rendered":"WISHPRO Rejuvenation \u2013 noorendav, kaitsev, parandav"},"content":{"rendered":"<p style=\"text-align: center;\"><span style=\"color: #339966;\"><strong>Rejuvenation<\/strong>\u00a0<\/span>kapsel \u2013<strong> sheav\u00f5i<\/strong> toimeained aitavad <strong>nahakahjustusi<\/strong> tagasi p\u00f6\u00f6rata, <strong>kaitsta ja parandada.<\/strong><\/p>\n<p style=\"text-align: center;\">Sheav\u00f5is sisalduvad rasvhapped <strong>taastavad<\/strong> ja <strong>suurendavad naha elastsust ning toonust.<\/strong><\/p>\n<p style=\"text-align: center;\">Sheav\u00f5id on\u00a0<strong>aastatuhandeid<\/strong>\u00a0kasutatud \u00fche parima\u00a0loodusliku\u00a0<strong>p\u00e4ritoluga regeneratiivse koostisosana<\/strong>.<\/p>\n<p style=\"text-align: center;\"><strong>Kasutusotstarve:<\/strong> kuiv nahk, vananemisilmingutega, kortsud ja vaod, elastsuse puudumine, kliendid, kes hindavad looduslikke koostisosi ja \u00f5lisid.<\/p>\n<p style=\"text-align: center;\"><span style=\"color: #339966;\"><strong>Rejuvenation<\/strong>\u00a0<\/span>kapsel on m\u00f5eldud kasutamiseks kuldse v\u00f5i punase\u00a0<strong>WishPro Plus+<\/strong> tehnoloogilise peaga.<\/p>\n<p style=\"text-align: center;\"><span style=\"color: #339966;\"><strong>Looduslik joon<\/strong><\/span><\/p>\n<p style=\"text-align: center;\">P\u00f5hihooldussari, mis on p\u00fchendatud <strong>noortele, tundlikule ja \u00e4rritunud nahale.<\/strong>\u00a0Looduslik joon p\u00f5hineb looduslikel\u00a0<strong>taime\u00f5lidel<\/strong>, mis tugevdavad looduslikku kaitsebarj\u00e4\u00e4ri.<\/p>\n<p style=\"text-align: center;\">Terve, nooruslik nahk t\u00e4nu mitteinvasiivsetele lahustele ja t\u00e4iesti looduslikele koostisosadele!<\/p>\n<hr \/>\n<p style=\"text-align: center;\">Kapslid on steriilsed ja \u00fchekordselt kasutatavad, \u00fcks kapsel on ette n\u00e4htud \u00fcheks hoolduskorraks.<\/p>\n<p>Koostis: BUTYROSPERMUM PARKII ( SHEA) BUTTER, TOCOPHERYL ACETATE.<\/p>\n","protected":false},"excerpt":{"rendered":"<p>&nbsp;<\/p>\n<p>Sheav\u00f5id on kasutatud sajandeid selle \u00fcletamatu v\u00f5ime t\u00f5ttu nahka kaitsta ja parandada.<\/p>\n<p>Sheav\u00f5i tungib s\u00fcgavale nahka, noorendab kahjustatud rakke, taastades elastsuse ja toonuse.<\/p>\n<p>Silub penemad kortsud ja taastab naha nooruslikkuse.<\/p>\n<p>Noorendav kapsel on\u00a0<strong>sileda ja elastse naha s\u00fcnon\u00fc\u00fcm.<\/strong><\/p>\n<p><strong>Hind kehtib 10 kapslit sisaldava pakendi kohta.<\/strong><\/p>\n<p>&nbsp;<\/p>\n","protected":false},"featured_media":1467,"comment_status":"open","ping_status":"closed","template":"","meta":{"_uag_custom_page_level_css":"","site-sidebar-layout":"default","site-content-layout":"","ast-site-content-layout":"default","site-content-style":"default","site-sidebar-style":"default","ast-global-header-display":"","ast-banner-title-visibility":"","ast-main-header-display":"","ast-hfb-above-header-display":"","ast-hfb-below-header-display":"","ast-hfb-mobile-header-display":"","site-post-title":"","ast-breadcrumbs-content":"","ast-featured-img":"","footer-sml-layout":"","ast-disable-related-posts":"","theme-transparent-header-meta":"default","adv-header-id-meta":"","stick-header-meta":"","header-above-stick-meta":"","header-main-stick-meta":"","header-below-stick-meta":"","astra-migrate-meta-layouts":"set","ast-page-background-enabled":"default","ast-page-background-meta":{"desktop":{"background-color":"var(--ast-global-color-4)","background-image":"","background-repeat":"repeat","background-position":"center center","background-size":"auto","background-attachment":"scroll","background-type":"","background-media":"","overlay-type":"","overlay-color":"","overlay-opacity":"","overlay-gradient":""},"tablet":{"background-color":"","background-image":"","background-repeat":"repeat","background-position":"center center","background-size":"auto","background-attachment":"scroll","background-type":"","background-media":"","overlay-type":"","overlay-color":"","overlay-opacity":"","overlay-gradient":""},"mobile":{"background-color":"","background-image":"","background-repeat":"repeat","background-position":"center center","background-size":"auto","background-attachment":"scroll","background-type":"","background-media":"","overlay-type":"","overlay-color":"","overlay-opacity":"","overlay-gradient":""}},"ast-content-background-meta":{"desktop":{"background-color":"var(--ast-global-color-5)","background-image":"","background-repeat":"repeat","background-position":"center center","background-size":"auto","background-attachment":"scroll","background-type":"","background-media":"","overlay-type":"","overlay-color":"","overlay-opacity":"","overlay-gradient":""},"tablet":{"background-color":"var(--ast-global-color-5)","background-image":"","background-repeat":"repeat","background-position":"center center","background-size":"auto","background-attachment":"scroll","background-type":"","background-media":"","overlay-type":"","overlay-color":"","overlay-opacity":"","overlay-gradient":""},"mobile":{"background-color":"var(--ast-global-color-5)","background-image":"","background-repeat":"repeat","background-position":"center center","background-size":"auto","background-attachment":"scroll","background-type":"","background-media":"","overlay-type":"","overlay-color":"","overlay-opacity":"","overlay-gradient":""}}},"product_brand":[],"product_cat":[96,97,80],"product_tag":[],"class_list":{"0":"post-1564","1":"product","2":"type-product","3":"status-publish","4":"has-post-thumbnail","6":"product_cat-brands","7":"product_cat-naole","8":"product_cat-wishpro","9":"desktop-align-left","10":"tablet-align-left","11":"mobile-align-left","13":"first","14":"instock","15":"taxable","16":"shipping-taxable","17":"product-type-simple","18":"add-to-wishlist-before_image"},"uagb_featured_image_src":{"full":["https:\/\/kosmeetika24.com\/wp-content\/uploads\/2023\/10\/rejuvenation.png",600,600,false],"thumbnail":["https:\/\/kosmeetika24.com\/wp-content\/uploads\/2023\/10\/rejuvenation-150x150.png",150,150,true],"medium":["https:\/\/kosmeetika24.com\/wp-content\/uploads\/2023\/10\/rejuvenation-300x300.png",300,300,true],"medium_large":["https:\/\/kosmeetika24.com\/wp-content\/uploads\/2023\/10\/rejuvenation.png",600,600,false],"large":["https:\/\/kosmeetika24.com\/wp-content\/uploads\/2023\/10\/rejuvenation.png",600,600,false],"1536x1536":["https:\/\/kosmeetika24.com\/wp-content\/uploads\/2023\/10\/rejuvenation.png",600,600,false],"2048x2048":["https:\/\/kosmeetika24.com\/wp-content\/uploads\/2023\/10\/rejuvenation.png",600,600,false],"trp-custom-language-flag":["https:\/\/kosmeetika24.com\/wp-content\/uploads\/2023\/10\/rejuvenation-12x12.png",12,12,true],"woocommerce_thumbnail":["https:\/\/kosmeetika24.com\/wp-content\/uploads\/2023\/10\/rejuvenation-300x300.png",300,300,true],"woocommerce_single":["https:\/\/kosmeetika24.com\/wp-content\/uploads\/2023\/10\/rejuvenation-500x500.png",500,500,true],"woocommerce_gallery_thumbnail":["https:\/\/kosmeetika24.com\/wp-content\/uploads\/2023\/10\/rejuvenation-100x100.png",100,100,true]},"uagb_author_info":{"display_name":"admin","author_link":"https:\/\/kosmeetika24.com\/et\/author\/"},"uagb_comment_info":0,"uagb_excerpt":"&nbsp; Sheav\u00f5id on kasutatud sajandeid selle \u00fcletamatu v\u00f5ime t\u00f5ttu nahka kaitsta ja parandada. Sheav\u00f5i tungib s\u00fcgavale nahka, noorendab kahjustatud rakke, taastades elastsuse ja toonuse. Silub penemad kortsud ja taastab naha nooruslikkuse. Noorendav kapsel on\u00a0sileda ja elastse naha s\u00fcnon\u00fc\u00fcm. Hind kehtib 10 kapslit sisaldava pakendi kohta. &nbsp;","_links":{"self":[{"href":"https:\/\/kosmeetika24.com\/et\/wp-json\/wp\/v2\/product\/1564","targetHints":{"allow":["GET"]}}],"collection":[{"href":"https:\/\/kosmeetika24.com\/et\/wp-json\/wp\/v2\/product"}],"about":[{"href":"https:\/\/kosmeetika24.com\/et\/wp-json\/wp\/v2\/types\/product"}],"replies":[{"embeddable":true,"href":"https:\/\/kosmeetika24.com\/et\/wp-json\/wp\/v2\/comments?post=1564"}],"version-history":[{"count":1,"href":"https:\/\/kosmeetika24.com\/et\/wp-json\/wp\/v2\/product\/1564\/revisions"}],"predecessor-version":[{"id":4523,"href":"https:\/\/kosmeetika24.com\/et\/wp-json\/wp\/v2\/product\/1564\/revisions\/4523"}],"wp:featuredmedia":[{"embeddable":true,"href":"https:\/\/kosmeetika24.com\/et\/wp-json\/wp\/v2\/media\/1467"}],"wp:attachment":[{"href":"https:\/\/kosmeetika24.com\/et\/wp-json\/wp\/v2\/media?parent=1564"}],"wp:term":[{"taxonomy":"product_brand","embeddable":true,"href":"https:\/\/kosmeetika24.com\/et\/wp-json\/wp\/v2\/product_brand?post=1564"},{"taxonomy":"product_cat","embeddable":true,"href":"https:\/\/kosmeetika24.com\/et\/wp-json\/wp\/v2\/product_cat?post=1564"},{"taxonomy":"product_tag","embeddable":true,"href":"https:\/\/kosmeetika24.com\/et\/wp-json\/wp\/v2\/product_tag?post=1564"}],"curies":[{"name":"wp","href":"https:\/\/api.w.org\/{rel}","templated":true}]}}