{"id":1561,"date":"2024-01-25T07:31:38","date_gmt":"2024-01-25T07:31:38","guid":{"rendered":"https:\/\/kosmeetika24.com\/?post_type=product&#038;p=1561"},"modified":"2025-07-02T11:28:00","modified_gmt":"2025-07-02T08:28:00","slug":"wishpro-collagen-infusion-niisutav-ja-toitev","status":"publish","type":"product","link":"https:\/\/kosmeetika24.com\/et\/toode\/wishpro-collagen-infusion-niisutav-ja-toitev\/","title":{"rendered":"WISHPRO Collagen Infusion &#8211; niisutav ja toitev"},"content":{"rendered":"<p style=\"text-align: center;\"><span style=\"color: #993366;\"><strong>Collagen Infusion <\/strong><\/span>kapsel \u2013 \u00a0niisutav ja toitev kapsel p\u00f5hineb s\u00fcvamere kaladest ekstraheeritud k\u00f5rgelt puhastatud MARI COLL kollageenil.<\/p>\n<p style=\"text-align: center;\">See kollageen sisaldab ainulaadset\u00a0aminohapete koostist, mis neutraliseerib t\u00f5husalt keskkonnateguritest tuleneva \u00e4rrituse, hoiab \u00e4ra kahjustused ja kuivuse.<\/p>\n<p style=\"text-align: center;\">Toimeained tugevdavad immuuns\u00fcsteemi, kaitstes seel\u00e4bi kahjulike UV-kiirte eest.<\/p>\n<p style=\"text-align: center;\"><strong>Kasutusotstarve:<\/strong> k\u00f5ik nahat\u00fc\u00fcbid, peened kortsud, esimesed vananemise tunnused, elastsuse puudumine, toitu vajav nahk.<\/p>\n<p style=\"text-align: center;\"><span style=\"color: #993366;\"><strong>Collagen Infusion <\/strong><\/span>kapsel\u00a0on m\u00f5eldud kasutamiseks kuldse v\u00f5i punase\u00a0<strong>WishPro Plus+<\/strong> tehnoloogilise peaga.<\/p>\n<p style=\"text-align: center;\"><span style=\"color: #993366;\"><strong>Infusiooni liin<\/strong><\/span><\/p>\n<p style=\"text-align: center;\">Sari on p\u00fchendatud\u00a0<strong>esimeste vananemism\u00e4rkidega<\/strong>\u00a0inimestele, kes soovivad taastada oma noorusliku v\u00e4limuse ja\u00a0<strong>peatada vananemisprotsessi<\/strong>. Liin p\u00f5hineb\u00a0<strong>kolmel t\u00f5estatud efektiivsusega toimeainel<\/strong>. Kapslid on m\u00f5eldud k\u00f5ikidele nahat\u00fc\u00fcpidele ning tagavad\u00a0<strong>kerge tekstuuri<\/strong>\u00a0ja toimeainete intensiivse kontsentratsiooni!<\/p>\n<hr \/>\n<p style=\"text-align: center;\">Kapslid on steriilsed ja \u00fchekordselt kasutatavad, \u00fcks kapsel on m\u00f5eldud \u00fcheks hoolduskorraks.<\/p>\n<p>Koostis: OLUS OIL, ISOAMYL LAURATE, VITICVINIFERA SEED OIL, GLYCERYL CAPRYLATE, OLEA EUROPAEA HUSK OIL, BHT, HYDORGENATED POLYDECENE, HELIANTHUS ANNUS SEED OIL, PARFUM, AQUA, TOCOPHER\u00dcL ACETATE, RETINYL PALMITATE, HYDROLYZED COLLAGEN, BENZYL SALICYLATE, BENZYL ALCOHOL, ALOE BARBADENSIS LEAF EXTRACT, POTASSIUM SORBATE, SODIUM BENZOATE, DUNALIELLA SALINA EXTRACT.<\/p>\n","protected":false},"excerpt":{"rendered":"<p>Kaitseb nahka kahjuliku kiirguse eest, tugevdades samal ajal ka naha immuuns\u00fcsteemi.<\/p>\n<p>V\u00f5itleb vabade radikaalidega, et pidurdada naha vananemist ja rakkude kahjustamist.<\/p>\n<p>Mari Coll, s\u00fcvaveekaladest saadud puhas kollageen, neutraliseerib \u00e4rritavate ja tugevatoimeliste ainete m\u00f5ju nahale.<\/p>\n<p><strong>Hind kehtib 10 kapslit sisaldava pakendi kohta.<\/strong><\/p>\n","protected":false},"featured_media":1446,"comment_status":"open","ping_status":"closed","template":"","meta":{"_uag_custom_page_level_css":"","site-sidebar-layout":"default","site-content-layout":"","ast-site-content-layout":"default","site-content-style":"default","site-sidebar-style":"default","ast-global-header-display":"","ast-banner-title-visibility":"","ast-main-header-display":"","ast-hfb-above-header-display":"","ast-hfb-below-header-display":"","ast-hfb-mobile-header-display":"","site-post-title":"","ast-breadcrumbs-content":"","ast-featured-img":"","footer-sml-layout":"","ast-disable-related-posts":"","theme-transparent-header-meta":"default","adv-header-id-meta":"","stick-header-meta":"","header-above-stick-meta":"","header-main-stick-meta":"","header-below-stick-meta":"","astra-migrate-meta-layouts":"set","ast-page-background-enabled":"default","ast-page-background-meta":{"desktop":{"background-color":"var(--ast-global-color-4)","background-image":"","background-repeat":"repeat","background-position":"center center","background-size":"auto","background-attachment":"scroll","background-type":"","background-media":"","overlay-type":"","overlay-color":"","overlay-opacity":"","overlay-gradient":""},"tablet":{"background-color":"","background-image":"","background-repeat":"repeat","background-position":"center center","background-size":"auto","background-attachment":"scroll","background-type":"","background-media":"","overlay-type":"","overlay-color":"","overlay-opacity":"","overlay-gradient":""},"mobile":{"background-color":"","background-image":"","background-repeat":"repeat","background-position":"center center","background-size":"auto","background-attachment":"scroll","background-type":"","background-media":"","overlay-type":"","overlay-color":"","overlay-opacity":"","overlay-gradient":""}},"ast-content-background-meta":{"desktop":{"background-color":"var(--ast-global-color-5)","background-image":"","background-repeat":"repeat","background-position":"center center","background-size":"auto","background-attachment":"scroll","background-type":"","background-media":"","overlay-type":"","overlay-color":"","overlay-opacity":"","overlay-gradient":""},"tablet":{"background-color":"var(--ast-global-color-5)","background-image":"","background-repeat":"repeat","background-position":"center center","background-size":"auto","background-attachment":"scroll","background-type":"","background-media":"","overlay-type":"","overlay-color":"","overlay-opacity":"","overlay-gradient":""},"mobile":{"background-color":"var(--ast-global-color-5)","background-image":"","background-repeat":"repeat","background-position":"center center","background-size":"auto","background-attachment":"scroll","background-type":"","background-media":"","overlay-type":"","overlay-color":"","overlay-opacity":"","overlay-gradient":""}}},"product_brand":[],"product_cat":[96,97,80],"product_tag":[],"class_list":{"0":"post-1561","1":"product","2":"type-product","3":"status-publish","4":"has-post-thumbnail","6":"product_cat-brands","7":"product_cat-naole","8":"product_cat-wishpro","9":"desktop-align-left","10":"tablet-align-left","11":"mobile-align-left","13":"first","14":"instock","15":"taxable","16":"shipping-taxable","17":"product-type-simple","18":"add-to-wishlist-before_image"},"uagb_featured_image_src":{"full":["https:\/\/kosmeetika24.com\/wp-content\/uploads\/2023\/10\/collagen.png",600,600,false],"thumbnail":["https:\/\/kosmeetika24.com\/wp-content\/uploads\/2023\/10\/collagen-150x150.png",150,150,true],"medium":["https:\/\/kosmeetika24.com\/wp-content\/uploads\/2023\/10\/collagen-300x300.png",300,300,true],"medium_large":["https:\/\/kosmeetika24.com\/wp-content\/uploads\/2023\/10\/collagen.png",600,600,false],"large":["https:\/\/kosmeetika24.com\/wp-content\/uploads\/2023\/10\/collagen.png",600,600,false],"1536x1536":["https:\/\/kosmeetika24.com\/wp-content\/uploads\/2023\/10\/collagen.png",600,600,false],"2048x2048":["https:\/\/kosmeetika24.com\/wp-content\/uploads\/2023\/10\/collagen.png",600,600,false],"trp-custom-language-flag":["https:\/\/kosmeetika24.com\/wp-content\/uploads\/2023\/10\/collagen-12x12.png",12,12,true],"woocommerce_thumbnail":["https:\/\/kosmeetika24.com\/wp-content\/uploads\/2023\/10\/collagen-300x300.png",300,300,true],"woocommerce_single":["https:\/\/kosmeetika24.com\/wp-content\/uploads\/2023\/10\/collagen-500x500.png",500,500,true],"woocommerce_gallery_thumbnail":["https:\/\/kosmeetika24.com\/wp-content\/uploads\/2023\/10\/collagen-100x100.png",100,100,true]},"uagb_author_info":{"display_name":"admin","author_link":"https:\/\/kosmeetika24.com\/et\/author\/"},"uagb_comment_info":0,"uagb_excerpt":"Kaitseb nahka kahjuliku kiirguse eest, tugevdades samal ajal ka naha immuuns\u00fcsteemi. V\u00f5itleb vabade radikaalidega, et pidurdada naha vananemist ja rakkude kahjustamist. Mari Coll, s\u00fcvaveekaladest saadud puhas kollageen, neutraliseerib \u00e4rritavate ja tugevatoimeliste ainete m\u00f5ju nahale. Hind kehtib 10 kapslit sisaldava pakendi kohta.","_links":{"self":[{"href":"https:\/\/kosmeetika24.com\/et\/wp-json\/wp\/v2\/product\/1561","targetHints":{"allow":["GET"]}}],"collection":[{"href":"https:\/\/kosmeetika24.com\/et\/wp-json\/wp\/v2\/product"}],"about":[{"href":"https:\/\/kosmeetika24.com\/et\/wp-json\/wp\/v2\/types\/product"}],"replies":[{"embeddable":true,"href":"https:\/\/kosmeetika24.com\/et\/wp-json\/wp\/v2\/comments?post=1561"}],"version-history":[{"count":2,"href":"https:\/\/kosmeetika24.com\/et\/wp-json\/wp\/v2\/product\/1561\/revisions"}],"predecessor-version":[{"id":4527,"href":"https:\/\/kosmeetika24.com\/et\/wp-json\/wp\/v2\/product\/1561\/revisions\/4527"}],"wp:featuredmedia":[{"embeddable":true,"href":"https:\/\/kosmeetika24.com\/et\/wp-json\/wp\/v2\/media\/1446"}],"wp:attachment":[{"href":"https:\/\/kosmeetika24.com\/et\/wp-json\/wp\/v2\/media?parent=1561"}],"wp:term":[{"taxonomy":"product_brand","embeddable":true,"href":"https:\/\/kosmeetika24.com\/et\/wp-json\/wp\/v2\/product_brand?post=1561"},{"taxonomy":"product_cat","embeddable":true,"href":"https:\/\/kosmeetika24.com\/et\/wp-json\/wp\/v2\/product_cat?post=1561"},{"taxonomy":"product_tag","embeddable":true,"href":"https:\/\/kosmeetika24.com\/et\/wp-json\/wp\/v2\/product_tag?post=1561"}],"curies":[{"name":"wp","href":"https:\/\/api.w.org\/{rel}","templated":true}]}}