{"id":1557,"date":"2024-01-25T07:23:43","date_gmt":"2024-01-25T07:23:43","guid":{"rendered":"https:\/\/kosmeetika24.com\/?post_type=product&#038;p=1557"},"modified":"2025-07-02T11:28:11","modified_gmt":"2025-07-02T08:28:11","slug":"wishpro-hyaluronic-infusion-niisuatv","status":"publish","type":"product","link":"https:\/\/kosmeetika24.com\/et\/toode\/wishpro-hyaluronic-infusion-niisuatv\/","title":{"rendered":"WISHPRO Hyaluronic Infusion &#8211; rikkalikult niisutav"},"content":{"rendered":"<p style=\"text-align: center;\"><span style=\"color: #993366;\"><strong>Hyaluronic<\/strong><\/span> kapsel sisaldab v\u00e4ga kontsentreeritud <strong>kristallh\u00fcaluroonhapet<\/strong>,\u00a0<strong>mis on \u00fcks niisutavamaid turul<\/strong>\u00a0saadaolevaid aineid.<\/p>\n<p style=\"text-align: center;\"><strong>Crystalhyal, nagu mikro-k\u00e4sn<\/strong>,\u00a0neelab vett ja\u00a0<strong>s\u00e4ilitab selle epidermises,<\/strong>\u00a0aidates kaasa\u00a0<strong>naha elastsuse kasvule.<\/strong><\/p>\n<p style=\"text-align: center;\">Lisaks stimuleerib kapsel\u00a0<strong>nahka toetavate kiudude<\/strong>\u00a0tootmist,<\/p>\n<p style=\"text-align: center;\">toetab\u00a0<strong>immuuns\u00fcsteemi<\/strong>\u00a0ja omab\u00a0<strong>p\u00f5letikuvastaseid omadusi.<\/strong><\/p>\n<p style=\"text-align: center;\"><strong>Kasutusotstarve:<\/strong> kuiv ja veetustatud nahk, peened kortsud, esimesed vananemise tunnused, elastsuse puudumine, niisutamist vajav nahk.<\/p>\n<p style=\"text-align: center;\"><span style=\"color: #993366;\"><strong>Hyaluronic<\/strong><\/span>\u00a0kapsel\u00a0on m\u00f5eldud kasutamiseks kuldse, punase v\u00f5i sinise\u00a0<strong>WishPro Plus+<\/strong> tehnoloogilise peaga.<\/p>\n<p style=\"text-align: center;\"><span style=\"color: #993366;\"><strong>Infusiooni liin<\/strong><\/span><\/p>\n<p style=\"text-align: center;\">Sari on p\u00fchendatud\u00a0<strong>esimeste vananemism\u00e4rkidega<\/strong>\u00a0inimestele, kes soovivad taastada oma noorusliku v\u00e4limuse ja\u00a0<strong>peatada vananemisprotsessi<\/strong>. Liin p\u00f5hineb\u00a0<strong>kolmel t\u00f5estatud efektiivsusega toimeainel<\/strong>. Kapslid on m\u00f5eldud k\u00f5ikidele nahat\u00fc\u00fcpidele ning tagavad\u00a0<strong>kerge tekstuuri<\/strong>\u00a0ja toimeainete intensiivse kontsentratsiooni!<\/p>\n<hr \/>\n<p style=\"text-align: center;\">Kapslid on steriilsed ja \u00fchekordselt kasutatavad, \u00fcks kapsel on m\u00f5eldud \u00fcheks hoolduskorraks.<\/p>\n<p>Koostis: OLUS OIL, ISOAMYL LAURATE, VITIS VINIFERA SEED OIL, GLYCERYL CAPRYLATE, HYDROLYZED HYALURONIC ACID, BHT, HYDROGENATED POLYDECENE, HELIANTHUS ANNUUS SEED OIL, PARFUM, TOCOPHERYL ACETATE, BENZYL SALICYLATE, ALOE BARBADENSIS LEAF EXTRACT, DUNALIELLA SALINA EXTRACT.<\/p>\n","protected":false},"excerpt":{"rendered":"<p>Toimides nagu &#8220;molekulaarne k\u00e4sn&#8221;, suurendab see naha v\u00f5imet s\u00e4ilitada vett \u2013 hoiab selle niiske ja tervena.<\/p>\n<p>H\u00fcaluroonhappe infusioon stimuleerib kollageeni ja elastiini s\u00fcnteesi, tugevdab naha \u00fcldist immuunsust.<\/p>\n<p><strong>Hind kehtib 10 kapslit sisaldava pakendi kohta.<\/strong><\/p>\n","protected":false},"featured_media":1461,"comment_status":"open","ping_status":"closed","template":"","meta":{"_uag_custom_page_level_css":"","site-sidebar-layout":"default","site-content-layout":"","ast-site-content-layout":"default","site-content-style":"default","site-sidebar-style":"default","ast-global-header-display":"","ast-banner-title-visibility":"","ast-main-header-display":"","ast-hfb-above-header-display":"","ast-hfb-below-header-display":"","ast-hfb-mobile-header-display":"","site-post-title":"","ast-breadcrumbs-content":"","ast-featured-img":"","footer-sml-layout":"","ast-disable-related-posts":"","theme-transparent-header-meta":"default","adv-header-id-meta":"","stick-header-meta":"","header-above-stick-meta":"","header-main-stick-meta":"","header-below-stick-meta":"","astra-migrate-meta-layouts":"set","ast-page-background-enabled":"default","ast-page-background-meta":{"desktop":{"background-color":"var(--ast-global-color-4)","background-image":"","background-repeat":"repeat","background-position":"center center","background-size":"auto","background-attachment":"scroll","background-type":"","background-media":"","overlay-type":"","overlay-color":"","overlay-opacity":"","overlay-gradient":""},"tablet":{"background-color":"","background-image":"","background-repeat":"repeat","background-position":"center center","background-size":"auto","background-attachment":"scroll","background-type":"","background-media":"","overlay-type":"","overlay-color":"","overlay-opacity":"","overlay-gradient":""},"mobile":{"background-color":"","background-image":"","background-repeat":"repeat","background-position":"center center","background-size":"auto","background-attachment":"scroll","background-type":"","background-media":"","overlay-type":"","overlay-color":"","overlay-opacity":"","overlay-gradient":""}},"ast-content-background-meta":{"desktop":{"background-color":"var(--ast-global-color-5)","background-image":"","background-repeat":"repeat","background-position":"center center","background-size":"auto","background-attachment":"scroll","background-type":"","background-media":"","overlay-type":"","overlay-color":"","overlay-opacity":"","overlay-gradient":""},"tablet":{"background-color":"var(--ast-global-color-5)","background-image":"","background-repeat":"repeat","background-position":"center center","background-size":"auto","background-attachment":"scroll","background-type":"","background-media":"","overlay-type":"","overlay-color":"","overlay-opacity":"","overlay-gradient":""},"mobile":{"background-color":"var(--ast-global-color-5)","background-image":"","background-repeat":"repeat","background-position":"center center","background-size":"auto","background-attachment":"scroll","background-type":"","background-media":"","overlay-type":"","overlay-color":"","overlay-opacity":"","overlay-gradient":""}}},"product_brand":[],"product_cat":[96,97,80],"product_tag":[],"class_list":{"0":"post-1557","1":"product","2":"type-product","3":"status-publish","4":"has-post-thumbnail","6":"product_cat-brands","7":"product_cat-naole","8":"product_cat-wishpro","9":"desktop-align-left","10":"tablet-align-left","11":"mobile-align-left","13":"first","14":"instock","15":"taxable","16":"shipping-taxable","17":"product-type-simple","18":"add-to-wishlist-before_image"},"uagb_featured_image_src":{"full":["https:\/\/kosmeetika24.com\/wp-content\/uploads\/2023\/10\/hyaluron.png",600,600,false],"thumbnail":["https:\/\/kosmeetika24.com\/wp-content\/uploads\/2023\/10\/hyaluron-150x150.png",150,150,true],"medium":["https:\/\/kosmeetika24.com\/wp-content\/uploads\/2023\/10\/hyaluron-300x300.png",300,300,true],"medium_large":["https:\/\/kosmeetika24.com\/wp-content\/uploads\/2023\/10\/hyaluron.png",600,600,false],"large":["https:\/\/kosmeetika24.com\/wp-content\/uploads\/2023\/10\/hyaluron.png",600,600,false],"1536x1536":["https:\/\/kosmeetika24.com\/wp-content\/uploads\/2023\/10\/hyaluron.png",600,600,false],"2048x2048":["https:\/\/kosmeetika24.com\/wp-content\/uploads\/2023\/10\/hyaluron.png",600,600,false],"trp-custom-language-flag":["https:\/\/kosmeetika24.com\/wp-content\/uploads\/2023\/10\/hyaluron-12x12.png",12,12,true],"woocommerce_thumbnail":["https:\/\/kosmeetika24.com\/wp-content\/uploads\/2023\/10\/hyaluron-300x300.png",300,300,true],"woocommerce_single":["https:\/\/kosmeetika24.com\/wp-content\/uploads\/2023\/10\/hyaluron-500x500.png",500,500,true],"woocommerce_gallery_thumbnail":["https:\/\/kosmeetika24.com\/wp-content\/uploads\/2023\/10\/hyaluron-100x100.png",100,100,true]},"uagb_author_info":{"display_name":"admin","author_link":"https:\/\/kosmeetika24.com\/et\/author\/"},"uagb_comment_info":0,"uagb_excerpt":"Toimides nagu \"molekulaarne k\u00e4sn\", suurendab see naha v\u00f5imet s\u00e4ilitada vett \u2013 hoiab selle niiske ja tervena. H\u00fcaluroonhappe infusioon stimuleerib kollageeni ja elastiini s\u00fcnteesi, tugevdab naha \u00fcldist immuunsust. Hind kehtib 10 kapslit sisaldava pakendi kohta.","_links":{"self":[{"href":"https:\/\/kosmeetika24.com\/et\/wp-json\/wp\/v2\/product\/1557","targetHints":{"allow":["GET"]}}],"collection":[{"href":"https:\/\/kosmeetika24.com\/et\/wp-json\/wp\/v2\/product"}],"about":[{"href":"https:\/\/kosmeetika24.com\/et\/wp-json\/wp\/v2\/types\/product"}],"replies":[{"embeddable":true,"href":"https:\/\/kosmeetika24.com\/et\/wp-json\/wp\/v2\/comments?post=1557"}],"version-history":[{"count":1,"href":"https:\/\/kosmeetika24.com\/et\/wp-json\/wp\/v2\/product\/1557\/revisions"}],"predecessor-version":[{"id":4528,"href":"https:\/\/kosmeetika24.com\/et\/wp-json\/wp\/v2\/product\/1557\/revisions\/4528"}],"wp:featuredmedia":[{"embeddable":true,"href":"https:\/\/kosmeetika24.com\/et\/wp-json\/wp\/v2\/media\/1461"}],"wp:attachment":[{"href":"https:\/\/kosmeetika24.com\/et\/wp-json\/wp\/v2\/media?parent=1557"}],"wp:term":[{"taxonomy":"product_brand","embeddable":true,"href":"https:\/\/kosmeetika24.com\/et\/wp-json\/wp\/v2\/product_brand?post=1557"},{"taxonomy":"product_cat","embeddable":true,"href":"https:\/\/kosmeetika24.com\/et\/wp-json\/wp\/v2\/product_cat?post=1557"},{"taxonomy":"product_tag","embeddable":true,"href":"https:\/\/kosmeetika24.com\/et\/wp-json\/wp\/v2\/product_tag?post=1557"}],"curies":[{"name":"wp","href":"https:\/\/api.w.org\/{rel}","templated":true}]}}