{"id":1544,"date":"2024-01-22T13:04:00","date_gmt":"2024-01-22T13:04:00","guid":{"rendered":"https:\/\/kosmeetika24.com\/?post_type=product&#038;p=1544"},"modified":"2025-12-23T12:55:41","modified_gmt":"2025-12-23T09:55:41","slug":"oxygen-ceuticals-palsam-nahale-pp-kreem","status":"publish","type":"product","link":"https:\/\/kosmeetika24.com\/et\/toode\/oxygen-ceuticals-palsam-nahale-pp-kreem\/","title":{"rendered":"OXYGEN CEUTICALS palsam nahale (PP kreem)"},"content":{"rendered":"<p>Protseduurij\u00e4rgne kreem <em>PP cream<\/em> aitab suurendada naha kaitsebarj\u00e4\u00e4ri, elastsust, parandab naha uuendamist ja<br \/>\nmuudab naha tooni s\u00e4ravaks. Leevendab \u00e4rritust, niisutab, v\u00e4hendab p\u00f5letikku ja kaitseb nahka. Kreemi on t\u00e4iustatud epidermise kasvufaktoritega (EGF), sisaldab oma koostises 53 aminohapet. Need koostisosad aktiveerivad naha taastumise.<\/p>\n<p>Kasutage igap\u00e4evaselt peale salongihooldusi. Sobib ideaalselt kasutamiseks p\u00e4rast esteetilisi protseduure.<\/p>\n<p>Sobib k\u00f5igile nahat\u00fc\u00fcpidele, eriti tundlikule, kahjustatud ja kuivale nahale.<\/p>\n<p><strong>TOIMEAINED<\/strong><\/p>\n<ul>\n<li>Adenosiin<\/li>\n<li>Aprikoosiseemne\u00f5li<\/li>\n<li>Makadaamia seemne\u00f5li<\/li>\n<li>Arbutiin<\/li>\n<li>Naatriumh\u00fcaluronaat<\/li>\n<li>sh-Oligopeptiid-1<\/li>\n<li>E-vitamiini atsetaat<\/li>\n<li>Hapnik<\/li>\n<\/ul>\n<p><strong>TOIME<\/strong><\/p>\n<ul>\n<li>Adenosiin taaselustab v\u00e4sinud nahka ja t\u00f5stab elastsust.<\/li>\n<li>Aprikoosiseemne\u00f5li v\u00e4hendab s\u00fcgelust, rahustab, hooldab ja kirgastab nahka.<\/li>\n<li>Makadaamia seemne\u00f5li kaitseb kuivamise eest t\u00f5stes naha barj\u00e4\u00e4rifunktsiooni ja v\u00e4rskendab.<\/li>\n<li>Arbutiin kontrollib melaniini pigmenti, muudab naha tooni kirkamaks.<\/li>\n<li>Naatriumh\u00fcaluronaat on vett siduv koostisosa, millel on v\u00f5ime t\u00e4ita ruumid kollageeni ja elastiinina tuntud sidekiudude vahel.<\/li>\n<li>Sh-Oligopeptiid-1 t\u00f5stab naha elastsust ja taastab naha barj\u00e4\u00e4ritaset kahjustatud nahas.<\/li>\n<li>E-vitamiini atsetaat taastab naha tekstuuri, kirgastab nahka.<\/li>\n<li>Hapnik v\u00f5itleb n\u00e4htavate vananemism\u00e4rkidega, mis on tingitud hapniku kehva liikumisega nahaalustest kapillaaridest naha pealmise kihini. Stimuleerib otseselt kollageeni ja elastiini s\u00fcnteesi nahas ning omab p\u00f5letikuvastast toimet.<\/li>\n<\/ul>\n","protected":false},"excerpt":{"rendered":"<p>Professionaalseks kasutamiseks m\u00f5eldud t\u00e4iuslik niisutaja protseduurij\u00e4rgse seisundi parandamiseks v\u00f5i kuiva naha toitmiseks. Aitab suurendada naha kaitsebarj\u00e4\u00e4ri, elastsust, parandab naha uuendamist ja annab s\u00e4rava jume.<\/p>\n<p>&nbsp;<\/p>\n<p>200 ml<\/p>\n","protected":false},"featured_media":1469,"comment_status":"open","ping_status":"closed","template":"","meta":{"_uag_custom_page_level_css":"","site-sidebar-layout":"default","site-content-layout":"","ast-site-content-layout":"default","site-content-style":"default","site-sidebar-style":"default","ast-global-header-display":"","ast-banner-title-visibility":"","ast-main-header-display":"","ast-hfb-above-header-display":"","ast-hfb-below-header-display":"","ast-hfb-mobile-header-display":"","site-post-title":"","ast-breadcrumbs-content":"","ast-featured-img":"","footer-sml-layout":"","ast-disable-related-posts":"","theme-transparent-header-meta":"default","adv-header-id-meta":"","stick-header-meta":"","header-above-stick-meta":"","header-main-stick-meta":"","header-below-stick-meta":"","astra-migrate-meta-layouts":"set","ast-page-background-enabled":"default","ast-page-background-meta":{"desktop":{"background-color":"var(--ast-global-color-4)","background-image":"","background-repeat":"repeat","background-position":"center center","background-size":"auto","background-attachment":"scroll","background-type":"","background-media":"","overlay-type":"","overlay-color":"","overlay-opacity":"","overlay-gradient":""},"tablet":{"background-color":"","background-image":"","background-repeat":"repeat","background-position":"center center","background-size":"auto","background-attachment":"scroll","background-type":"","background-media":"","overlay-type":"","overlay-color":"","overlay-opacity":"","overlay-gradient":""},"mobile":{"background-color":"","background-image":"","background-repeat":"repeat","background-position":"center center","background-size":"auto","background-attachment":"scroll","background-type":"","background-media":"","overlay-type":"","overlay-color":"","overlay-opacity":"","overlay-gradient":""}},"ast-content-background-meta":{"desktop":{"background-color":"var(--ast-global-color-5)","background-image":"","background-repeat":"repeat","background-position":"center center","background-size":"auto","background-attachment":"scroll","background-type":"","background-media":"","overlay-type":"","overlay-color":"","overlay-opacity":"","overlay-gradient":""},"tablet":{"background-color":"var(--ast-global-color-5)","background-image":"","background-repeat":"repeat","background-position":"center center","background-size":"auto","background-attachment":"scroll","background-type":"","background-media":"","overlay-type":"","overlay-color":"","overlay-opacity":"","overlay-gradient":""},"mobile":{"background-color":"var(--ast-global-color-5)","background-image":"","background-repeat":"repeat","background-position":"center center","background-size":"auto","background-attachment":"scroll","background-type":"","background-media":"","overlay-type":"","overlay-color":"","overlay-opacity":"","overlay-gradient":""}}},"product_brand":[],"product_cat":[96,97,74],"product_tag":[],"class_list":{"0":"post-1544","1":"product","2":"type-product","3":"status-publish","4":"has-post-thumbnail","6":"product_cat-brands","7":"product_cat-naole","8":"product_cat-oxygen-ceuticals","9":"desktop-align-left","10":"tablet-align-left","11":"mobile-align-left","13":"first","14":"instock","15":"taxable","16":"shipping-taxable","17":"product-type-simple","18":"add-to-wishlist-before_image"},"uagb_featured_image_src":{"full":["https:\/\/kosmeetika24.com\/wp-content\/uploads\/2023\/10\/pp-cream-pro.jpg",600,600,false],"thumbnail":["https:\/\/kosmeetika24.com\/wp-content\/uploads\/2023\/10\/pp-cream-pro-150x150.jpg",150,150,true],"medium":["https:\/\/kosmeetika24.com\/wp-content\/uploads\/2023\/10\/pp-cream-pro-300x300.jpg",300,300,true],"medium_large":["https:\/\/kosmeetika24.com\/wp-content\/uploads\/2023\/10\/pp-cream-pro.jpg",600,600,false],"large":["https:\/\/kosmeetika24.com\/wp-content\/uploads\/2023\/10\/pp-cream-pro.jpg",600,600,false],"1536x1536":["https:\/\/kosmeetika24.com\/wp-content\/uploads\/2023\/10\/pp-cream-pro.jpg",600,600,false],"2048x2048":["https:\/\/kosmeetika24.com\/wp-content\/uploads\/2023\/10\/pp-cream-pro.jpg",600,600,false],"trp-custom-language-flag":["https:\/\/kosmeetika24.com\/wp-content\/uploads\/2023\/10\/pp-cream-pro-12x12.jpg",12,12,true],"woocommerce_thumbnail":["https:\/\/kosmeetika24.com\/wp-content\/uploads\/2023\/10\/pp-cream-pro-300x300.jpg",300,300,true],"woocommerce_single":["https:\/\/kosmeetika24.com\/wp-content\/uploads\/2023\/10\/pp-cream-pro-500x500.jpg",500,500,true],"woocommerce_gallery_thumbnail":["https:\/\/kosmeetika24.com\/wp-content\/uploads\/2023\/10\/pp-cream-pro-100x100.jpg",100,100,true]},"uagb_author_info":{"display_name":"admin","author_link":"https:\/\/kosmeetika24.com\/et\/author\/"},"uagb_comment_info":0,"uagb_excerpt":"Professionaalseks kasutamiseks m\u00f5eldud t\u00e4iuslik niisutaja protseduurij\u00e4rgse seisundi parandamiseks v\u00f5i kuiva naha toitmiseks. Aitab suurendada naha kaitsebarj\u00e4\u00e4ri, elastsust, parandab naha uuendamist ja annab s\u00e4rava jume. &nbsp; 200 ml","_links":{"self":[{"href":"https:\/\/kosmeetika24.com\/et\/wp-json\/wp\/v2\/product\/1544","targetHints":{"allow":["GET"]}}],"collection":[{"href":"https:\/\/kosmeetika24.com\/et\/wp-json\/wp\/v2\/product"}],"about":[{"href":"https:\/\/kosmeetika24.com\/et\/wp-json\/wp\/v2\/types\/product"}],"replies":[{"embeddable":true,"href":"https:\/\/kosmeetika24.com\/et\/wp-json\/wp\/v2\/comments?post=1544"}],"version-history":[{"count":1,"href":"https:\/\/kosmeetika24.com\/et\/wp-json\/wp\/v2\/product\/1544\/revisions"}],"predecessor-version":[{"id":4568,"href":"https:\/\/kosmeetika24.com\/et\/wp-json\/wp\/v2\/product\/1544\/revisions\/4568"}],"wp:featuredmedia":[{"embeddable":true,"href":"https:\/\/kosmeetika24.com\/et\/wp-json\/wp\/v2\/media\/1469"}],"wp:attachment":[{"href":"https:\/\/kosmeetika24.com\/et\/wp-json\/wp\/v2\/media?parent=1544"}],"wp:term":[{"taxonomy":"product_brand","embeddable":true,"href":"https:\/\/kosmeetika24.com\/et\/wp-json\/wp\/v2\/product_brand?post=1544"},{"taxonomy":"product_cat","embeddable":true,"href":"https:\/\/kosmeetika24.com\/et\/wp-json\/wp\/v2\/product_cat?post=1544"},{"taxonomy":"product_tag","embeddable":true,"href":"https:\/\/kosmeetika24.com\/et\/wp-json\/wp\/v2\/product_tag?post=1544"}],"curies":[{"name":"wp","href":"https:\/\/api.w.org\/{rel}","templated":true}]}}