{"id":1540,"date":"2024-01-22T13:08:41","date_gmt":"2024-01-22T13:08:41","guid":{"rendered":"https:\/\/kosmeetika24.com\/?post_type=product&#038;p=1540"},"modified":"2025-07-02T09:44:35","modified_gmt":"2025-07-02T06:44:35","slug":"oxygen-ceuticals-intensiivselt-niisutav-kreem","status":"publish","type":"product","link":"https:\/\/kosmeetika24.com\/et\/toode\/oxygen-ceuticals-intensiivselt-niisutav-kreem\/","title":{"rendered":"OXYGEN CEUTICALS intensiivselt niisutav kreem"},"content":{"rendered":"<p>Niisutav kreem <em>Hydrating Cream<\/em> muudab naha nooruslikumaks ja s\u00e4ravamaks, suurendab rakkude kasvu ja kollageenis\u00fcnteesi. Taastab naha niiskustaseme, parandab naha elastsust, v\u00f5itleb pigmendilaikudega.<\/p>\n<p>Sobib k\u00f5igile nahat\u00fc\u00fcpidele, eriti kuivale ja vananevale nahale, atoopilisele ja psoriaasi tunnustega nahale, tuhmile stressis nahale.<\/p>\n<p><strong>TOIMEAINED<\/strong><\/p>\n<ul>\n<li>Rohelise tee ekstrakt<\/li>\n<li>Allantoiin<\/li>\n<li>E-vitamiin<\/li>\n<li>Tigude sekretsioon<\/li>\n<li>Aprikoosiseemne\u00f5li<\/li>\n<li>Naatriumh\u00fcaluronaat<\/li>\n<li>Niatsiinamiid<\/li>\n<li>B3-vitamiin<\/li>\n<li>Alpi j\u00e4nesek\u00e4pa ekstrakt<\/li>\n<li>Betaiin<\/li>\n<\/ul>\n<p><strong>TOIME<\/strong><\/p>\n<ul>\n<li>Rohelise tee ekstrakt oma suurep\u00e4raste rahustavatega omadustega, aitab kaitsta nahka.<\/li>\n<li>Allantoiin on p\u00f5letikuvastase toimega, leevendab naha\u00e4rritusi, niisutab, silendab ja taastab nahka.<\/li>\n<li>E-vitamiini atsetaat taastab naha tekstuuri, kirgastab nahka.<\/li>\n<li>Tigude sekretsioon kaitseb, niisutab ja parandab naha elastsust, omab pigmentatsiooni- ja armidevastast toimet.<\/li>\n<li>Aprikoosiseemne\u00f5li v\u00e4hendab s\u00fcgelust, rahustab, hooldab ja kirgastab nahka.<\/li>\n<li>Naatriumh\u00fcaluronaat on looduslik niisutaja, mis niisutab nahka ega ummista poore.<\/li>\n<li>Niatsiinamiid taastab nahatooni ja barj\u00e4\u00e4ri.<\/li>\n<li>B3 -vitamiin on valgendav funktsioon, taastab nahatooni ja p\u00e4rsib \u00fcleliigse pigmendi moodustamist.<\/li>\n<li>Alpi j\u00e4nesek\u00e4pa ekstrakt niisutab, rahustab ja kaitseb nahka, soodustab kollageeni tootmist.<\/li>\n<li>Betaiin: aminohapete looduslik niisutav faktor.<\/li>\n<\/ul>\n<p><strong>KOOSTIS <\/strong><\/p>\n<p>Water, Dipropylene Glycol, Glycerin, Cetearyl Alcohol, Cetyl Ethylhexanoate, 1,2-Hexanediol, C12-15 Alkyl Benzoate, Macadamia Ternifolia Seed Oil, Limnanthes Alba (Meadowfoam) Seed Oil, Beeswax, Niacinamide, Glyceryl Stearate, Dimethicone, Betaine, Oxygen, Cetearyl Glucoside, Sodium Hyaluronate, Leontopodium Alpinum Callus Culture Extract, Acetyl Hexapeptide-8, Portulaca Oleracea Extract, Sclerotium Gum, Camellia Sinensis Leaf Extract, Allantoin, Tocopheryl Acetate, Butylene Glycol, Sodium Polyacrylate, Polyacrylate-13, Polyisobutene, Polysorbate 20, Sorbitan Isostearate, Ethylhexylglycerin, Parfum<\/p>\n","protected":false},"excerpt":{"rendered":"<p>Professionaalseks kasutamiseks m\u00f5eldud kreem v\u00f5itleb pigmendilaikudega, muudab naha nooruslikumaks ja s\u00e4ravamaks.<\/p>\n<p>200 ml<\/p>\n","protected":false},"featured_media":1460,"comment_status":"open","ping_status":"closed","template":"","meta":{"_uag_custom_page_level_css":"","site-sidebar-layout":"default","site-content-layout":"","ast-site-content-layout":"default","site-content-style":"default","site-sidebar-style":"default","ast-global-header-display":"","ast-banner-title-visibility":"","ast-main-header-display":"","ast-hfb-above-header-display":"","ast-hfb-below-header-display":"","ast-hfb-mobile-header-display":"","site-post-title":"","ast-breadcrumbs-content":"","ast-featured-img":"","footer-sml-layout":"","ast-disable-related-posts":"","theme-transparent-header-meta":"default","adv-header-id-meta":"","stick-header-meta":"","header-above-stick-meta":"","header-main-stick-meta":"","header-below-stick-meta":"","astra-migrate-meta-layouts":"set","ast-page-background-enabled":"default","ast-page-background-meta":{"desktop":{"background-color":"var(--ast-global-color-4)","background-image":"","background-repeat":"repeat","background-position":"center center","background-size":"auto","background-attachment":"scroll","background-type":"","background-media":"","overlay-type":"","overlay-color":"","overlay-opacity":"","overlay-gradient":""},"tablet":{"background-color":"","background-image":"","background-repeat":"repeat","background-position":"center center","background-size":"auto","background-attachment":"scroll","background-type":"","background-media":"","overlay-type":"","overlay-color":"","overlay-opacity":"","overlay-gradient":""},"mobile":{"background-color":"","background-image":"","background-repeat":"repeat","background-position":"center center","background-size":"auto","background-attachment":"scroll","background-type":"","background-media":"","overlay-type":"","overlay-color":"","overlay-opacity":"","overlay-gradient":""}},"ast-content-background-meta":{"desktop":{"background-color":"var(--ast-global-color-5)","background-image":"","background-repeat":"repeat","background-position":"center center","background-size":"auto","background-attachment":"scroll","background-type":"","background-media":"","overlay-type":"","overlay-color":"","overlay-opacity":"","overlay-gradient":""},"tablet":{"background-color":"var(--ast-global-color-5)","background-image":"","background-repeat":"repeat","background-position":"center center","background-size":"auto","background-attachment":"scroll","background-type":"","background-media":"","overlay-type":"","overlay-color":"","overlay-opacity":"","overlay-gradient":""},"mobile":{"background-color":"var(--ast-global-color-5)","background-image":"","background-repeat":"repeat","background-position":"center center","background-size":"auto","background-attachment":"scroll","background-type":"","background-media":"","overlay-type":"","overlay-color":"","overlay-opacity":"","overlay-gradient":""}}},"product_brand":[],"product_cat":[96,97,74],"product_tag":[],"class_list":{"0":"post-1540","1":"product","2":"type-product","3":"status-publish","4":"has-post-thumbnail","6":"product_cat-brands","7":"product_cat-naole","8":"product_cat-oxygen-ceuticals","9":"desktop-align-left","10":"tablet-align-left","11":"mobile-align-left","13":"first","14":"instock","15":"taxable","16":"shipping-taxable","17":"product-type-simple","18":"add-to-wishlist-before_image"},"uagb_featured_image_src":{"full":["https:\/\/kosmeetika24.com\/wp-content\/uploads\/2023\/10\/hydrating-pro.jpg",600,600,false],"thumbnail":["https:\/\/kosmeetika24.com\/wp-content\/uploads\/2023\/10\/hydrating-pro-150x150.jpg",150,150,true],"medium":["https:\/\/kosmeetika24.com\/wp-content\/uploads\/2023\/10\/hydrating-pro-300x300.jpg",300,300,true],"medium_large":["https:\/\/kosmeetika24.com\/wp-content\/uploads\/2023\/10\/hydrating-pro.jpg",600,600,false],"large":["https:\/\/kosmeetika24.com\/wp-content\/uploads\/2023\/10\/hydrating-pro.jpg",600,600,false],"1536x1536":["https:\/\/kosmeetika24.com\/wp-content\/uploads\/2023\/10\/hydrating-pro.jpg",600,600,false],"2048x2048":["https:\/\/kosmeetika24.com\/wp-content\/uploads\/2023\/10\/hydrating-pro.jpg",600,600,false],"trp-custom-language-flag":["https:\/\/kosmeetika24.com\/wp-content\/uploads\/2023\/10\/hydrating-pro-12x12.jpg",12,12,true],"woocommerce_thumbnail":["https:\/\/kosmeetika24.com\/wp-content\/uploads\/2023\/10\/hydrating-pro-300x300.jpg",300,300,true],"woocommerce_single":["https:\/\/kosmeetika24.com\/wp-content\/uploads\/2023\/10\/hydrating-pro-500x500.jpg",500,500,true],"woocommerce_gallery_thumbnail":["https:\/\/kosmeetika24.com\/wp-content\/uploads\/2023\/10\/hydrating-pro-100x100.jpg",100,100,true]},"uagb_author_info":{"display_name":"admin","author_link":"https:\/\/kosmeetika24.com\/et\/author\/"},"uagb_comment_info":0,"uagb_excerpt":"Professionaalseks kasutamiseks m\u00f5eldud kreem v\u00f5itleb pigmendilaikudega, muudab naha nooruslikumaks ja s\u00e4ravamaks. 200 ml","_links":{"self":[{"href":"https:\/\/kosmeetika24.com\/et\/wp-json\/wp\/v2\/product\/1540","targetHints":{"allow":["GET"]}}],"collection":[{"href":"https:\/\/kosmeetika24.com\/et\/wp-json\/wp\/v2\/product"}],"about":[{"href":"https:\/\/kosmeetika24.com\/et\/wp-json\/wp\/v2\/types\/product"}],"replies":[{"embeddable":true,"href":"https:\/\/kosmeetika24.com\/et\/wp-json\/wp\/v2\/comments?post=1540"}],"version-history":[{"count":3,"href":"https:\/\/kosmeetika24.com\/et\/wp-json\/wp\/v2\/product\/1540\/revisions"}],"predecessor-version":[{"id":5351,"href":"https:\/\/kosmeetika24.com\/et\/wp-json\/wp\/v2\/product\/1540\/revisions\/5351"}],"wp:featuredmedia":[{"embeddable":true,"href":"https:\/\/kosmeetika24.com\/et\/wp-json\/wp\/v2\/media\/1460"}],"wp:attachment":[{"href":"https:\/\/kosmeetika24.com\/et\/wp-json\/wp\/v2\/media?parent=1540"}],"wp:term":[{"taxonomy":"product_brand","embeddable":true,"href":"https:\/\/kosmeetika24.com\/et\/wp-json\/wp\/v2\/product_brand?post=1540"},{"taxonomy":"product_cat","embeddable":true,"href":"https:\/\/kosmeetika24.com\/et\/wp-json\/wp\/v2\/product_cat?post=1540"},{"taxonomy":"product_tag","embeddable":true,"href":"https:\/\/kosmeetika24.com\/et\/wp-json\/wp\/v2\/product_tag?post=1540"}],"curies":[{"name":"wp","href":"https:\/\/api.w.org\/{rel}","templated":true}]}}