{"id":1528,"date":"2024-01-22T13:19:24","date_gmt":"2024-01-22T13:19:24","guid":{"rendered":"https:\/\/kosmeetika24.com\/?post_type=product&#038;p=1528"},"modified":"2025-12-23T12:52:45","modified_gmt":"2025-12-23T09:52:45","slug":"oxygen-ceuticals-pooride-puhastamise-mask","status":"publish","type":"product","link":"https:\/\/kosmeetika24.com\/et\/toode\/oxygen-ceuticals-pooride-puhastamise-mask\/","title":{"rendered":"OXYGEN CEUTICALS pooride puhastamise mask"},"content":{"rendered":"<p>Pooride puhastamise mask <em>Pore Mask (deep pore cleanser)<\/em> on v\u00f5imas vahune puhastusvahend, mis puhastab poorid ja aitab tasakaalustada liigset rasu. Eemaldab \u00f5rnalt mustuse ja meigi, ilma naha pH taset kahjustamata. Elastne ja \u00f5huline konsistents katab pehmelt n\u00e4o, tekitades eriliselt m\u00f5nusa tunde. Kiiresti n\u00e4htavad tulemused ja kirgas nahatoon, leevendab p\u00f5letikulisi protsesse, puhas nahk ilma selle kuivatamiseta.<\/p>\n<p>Sobib k\u00f5ikidele nahat\u00fc\u00fcpidele.<\/p>\n<p><strong>TOIMEAINED<\/strong><\/p>\n<ul>\n<li>Lauriinhape<\/li>\n<li>Gl\u00fctseriin<\/li>\n<li>Allantoiin<\/li>\n<li>Lavendli\u00f5li<\/li>\n<li>Harilik portulak<\/li>\n<li>Hapnik<\/li>\n<\/ul>\n<p>\u00a0<\/p>\n<p><strong>TOIME<\/strong><\/p>\n<ul>\n<li>Lauriinhappel\u00a0on head looduslikud antibakteriaalsed ja po\u0303letikuvastased omadused.<\/li>\n<li>Gl\u00fctseriin toimib pehmendavalt ning hoiab naha loomulikku kaitsebarj\u00e4\u00e4ri. Sel on omadus niiskust s\u00e4ilitada ja seel\u00e4bi nahka niisutada.<\/li>\n<li>Allantoiini taimsed ekstraktid efektiivselt puhastavad ja vabastavad nahka j\u00e4\u00e4kainetest.<\/li>\n<li>Lavendli\u00f5li rahustab nahka ja hoiab kontrolli alla rasun\u00e4\u00e4rmete t\u00f6\u00f6d.<\/li>\n<li>Harilik portulak\u00a0sisaldab rohkesti antioks\u00fcdante, mis v\u00f5itlevad vabade radikaalidega,\u00a0p\u00e4rsib t\u00fcrosinaasi aktiivsust ja hoiab \u00e4ra melaniini s\u00fcnteesi.\u00a0Kahandab naha kapillaare ja leevendab n\u00e4o punetust.\u00a0Kaitseb nahka p\u00e4ikesekiirguse eest.<\/li>\n<li>Hapnik v\u00f5itleb n\u00e4htavate vananemism\u00e4rkidega, mis on tingitud hapniku kehva liikumisega nahaalustest kapillaaridest naha pealmise kihini. Stimuleerib otseselt kollageeni ja elastiini s\u00fcnteesi nahas ning omab p\u00f5letikuvastast toimet.<\/li>\n<\/ul>\n","protected":false},"excerpt":{"rendered":"<p>Professionaalseks kasutamiseks m\u00f5eldud mask eemaldab mustuse ja meigi, ilma naha pH taset kahjustamata.<\/p>\n<p>&nbsp;<\/p>\n<p>500 ml<\/p>\n","protected":false},"featured_media":1462,"comment_status":"open","ping_status":"closed","template":"","meta":{"_uag_custom_page_level_css":"","site-sidebar-layout":"default","site-content-layout":"","ast-site-content-layout":"default","site-content-style":"default","site-sidebar-style":"default","ast-global-header-display":"","ast-banner-title-visibility":"","ast-main-header-display":"","ast-hfb-above-header-display":"","ast-hfb-below-header-display":"","ast-hfb-mobile-header-display":"","site-post-title":"","ast-breadcrumbs-content":"","ast-featured-img":"","footer-sml-layout":"","ast-disable-related-posts":"","theme-transparent-header-meta":"default","adv-header-id-meta":"","stick-header-meta":"","header-above-stick-meta":"","header-main-stick-meta":"","header-below-stick-meta":"","astra-migrate-meta-layouts":"set","ast-page-background-enabled":"default","ast-page-background-meta":{"desktop":{"background-color":"var(--ast-global-color-4)","background-image":"","background-repeat":"repeat","background-position":"center center","background-size":"auto","background-attachment":"scroll","background-type":"","background-media":"","overlay-type":"","overlay-color":"","overlay-opacity":"","overlay-gradient":""},"tablet":{"background-color":"","background-image":"","background-repeat":"repeat","background-position":"center center","background-size":"auto","background-attachment":"scroll","background-type":"","background-media":"","overlay-type":"","overlay-color":"","overlay-opacity":"","overlay-gradient":""},"mobile":{"background-color":"","background-image":"","background-repeat":"repeat","background-position":"center center","background-size":"auto","background-attachment":"scroll","background-type":"","background-media":"","overlay-type":"","overlay-color":"","overlay-opacity":"","overlay-gradient":""}},"ast-content-background-meta":{"desktop":{"background-color":"var(--ast-global-color-5)","background-image":"","background-repeat":"repeat","background-position":"center center","background-size":"auto","background-attachment":"scroll","background-type":"","background-media":"","overlay-type":"","overlay-color":"","overlay-opacity":"","overlay-gradient":""},"tablet":{"background-color":"var(--ast-global-color-5)","background-image":"","background-repeat":"repeat","background-position":"center center","background-size":"auto","background-attachment":"scroll","background-type":"","background-media":"","overlay-type":"","overlay-color":"","overlay-opacity":"","overlay-gradient":""},"mobile":{"background-color":"var(--ast-global-color-5)","background-image":"","background-repeat":"repeat","background-position":"center center","background-size":"auto","background-attachment":"scroll","background-type":"","background-media":"","overlay-type":"","overlay-color":"","overlay-opacity":"","overlay-gradient":""}}},"product_brand":[],"product_cat":[96,97,74],"product_tag":[],"class_list":{"0":"post-1528","1":"product","2":"type-product","3":"status-publish","4":"has-post-thumbnail","6":"product_cat-brands","7":"product_cat-naole","8":"product_cat-oxygen-ceuticals","9":"desktop-align-left","10":"tablet-align-left","11":"mobile-align-left","13":"first","14":"instock","15":"taxable","16":"shipping-taxable","17":"product-type-simple","18":"add-to-wishlist-before_image"},"uagb_featured_image_src":{"full":["https:\/\/kosmeetika24.com\/wp-content\/uploads\/2023\/10\/pore-mask-pro.jpg",600,600,false],"thumbnail":["https:\/\/kosmeetika24.com\/wp-content\/uploads\/2023\/10\/pore-mask-pro-150x150.jpg",150,150,true],"medium":["https:\/\/kosmeetika24.com\/wp-content\/uploads\/2023\/10\/pore-mask-pro-300x300.jpg",300,300,true],"medium_large":["https:\/\/kosmeetika24.com\/wp-content\/uploads\/2023\/10\/pore-mask-pro.jpg",600,600,false],"large":["https:\/\/kosmeetika24.com\/wp-content\/uploads\/2023\/10\/pore-mask-pro.jpg",600,600,false],"1536x1536":["https:\/\/kosmeetika24.com\/wp-content\/uploads\/2023\/10\/pore-mask-pro.jpg",600,600,false],"2048x2048":["https:\/\/kosmeetika24.com\/wp-content\/uploads\/2023\/10\/pore-mask-pro.jpg",600,600,false],"trp-custom-language-flag":["https:\/\/kosmeetika24.com\/wp-content\/uploads\/2023\/10\/pore-mask-pro-12x12.jpg",12,12,true],"woocommerce_thumbnail":["https:\/\/kosmeetika24.com\/wp-content\/uploads\/2023\/10\/pore-mask-pro-300x300.jpg",300,300,true],"woocommerce_single":["https:\/\/kosmeetika24.com\/wp-content\/uploads\/2023\/10\/pore-mask-pro-500x500.jpg",500,500,true],"woocommerce_gallery_thumbnail":["https:\/\/kosmeetika24.com\/wp-content\/uploads\/2023\/10\/pore-mask-pro-100x100.jpg",100,100,true]},"uagb_author_info":{"display_name":"admin","author_link":"https:\/\/kosmeetika24.com\/et\/author\/"},"uagb_comment_info":2,"uagb_excerpt":"Professionaalseks kasutamiseks m\u00f5eldud mask eemaldab mustuse ja meigi, ilma naha pH taset kahjustamata. &nbsp; 500 ml","_links":{"self":[{"href":"https:\/\/kosmeetika24.com\/et\/wp-json\/wp\/v2\/product\/1528","targetHints":{"allow":["GET"]}}],"collection":[{"href":"https:\/\/kosmeetika24.com\/et\/wp-json\/wp\/v2\/product"}],"about":[{"href":"https:\/\/kosmeetika24.com\/et\/wp-json\/wp\/v2\/types\/product"}],"replies":[{"embeddable":true,"href":"https:\/\/kosmeetika24.com\/et\/wp-json\/wp\/v2\/comments?post=1528"}],"version-history":[{"count":1,"href":"https:\/\/kosmeetika24.com\/et\/wp-json\/wp\/v2\/product\/1528\/revisions"}],"predecessor-version":[{"id":4559,"href":"https:\/\/kosmeetika24.com\/et\/wp-json\/wp\/v2\/product\/1528\/revisions\/4559"}],"wp:featuredmedia":[{"embeddable":true,"href":"https:\/\/kosmeetika24.com\/et\/wp-json\/wp\/v2\/media\/1462"}],"wp:attachment":[{"href":"https:\/\/kosmeetika24.com\/et\/wp-json\/wp\/v2\/media?parent=1528"}],"wp:term":[{"taxonomy":"product_brand","embeddable":true,"href":"https:\/\/kosmeetika24.com\/et\/wp-json\/wp\/v2\/product_brand?post=1528"},{"taxonomy":"product_cat","embeddable":true,"href":"https:\/\/kosmeetika24.com\/et\/wp-json\/wp\/v2\/product_cat?post=1528"},{"taxonomy":"product_tag","embeddable":true,"href":"https:\/\/kosmeetika24.com\/et\/wp-json\/wp\/v2\/product_tag?post=1528"}],"curies":[{"name":"wp","href":"https:\/\/api.w.org\/{rel}","templated":true}]}}