{"id":1522,"date":"2024-01-22T13:22:28","date_gmt":"2024-01-22T13:22:28","guid":{"rendered":"https:\/\/kosmeetika24.com\/?post_type=product&#038;p=1522"},"modified":"2025-12-23T12:51:36","modified_gmt":"2025-12-23T09:51:36","slug":"oxygen-ceuticals-taimne-ensuumkoorija","status":"publish","type":"product","link":"https:\/\/kosmeetika24.com\/et\/toode\/oxygen-ceuticals-taimne-ensuumkoorija\/","title":{"rendered":"OXYGEN CEUTICALS taimne ens\u00fc\u00fcmkoorija"},"content":{"rendered":"<p>Taimne ens\u00fc\u00fcmkoorija <em>Daily Botanicals Enzyme Peel<\/em> on neutraalne, \u00f5rn ens\u00fc\u00fcmkoorija. H\u00fcpoallergiline koorija sisaldab naturaalseid koostisosi ja ens\u00fc\u00fcme, mis eemaldavad surnud naharakud nahka \u00e4rritamata. Aitab parandada ja taastada naha uuendamisprotsessi.<\/p>\n<p>V\u00e4ga hea kuivadele ja tundlikele nahat\u00fc\u00fcpidele.<\/p>\n<p>Sisaldab kaheksat erinevat looduslikku ekstrakti.<\/p>\n<p><strong>TOIMEAINED<\/strong><\/p>\n<ul>\n<li>Papaia<\/li>\n<li>Ananassi<\/li>\n<li>Algiin<\/li>\n<li>Arginiin<\/li>\n<li>Salvei<\/li>\n<li>Saialill<\/li>\n<li>Lavendli\u00f5li<\/li>\n<li>Hapnik<\/li>\n<\/ul>\n<p><strong>TOIME<\/strong><\/p>\n<ul>\n<li>Papaia sisaldab papaiini ens\u00fc\u00fcmi, mis puhastab nahka ja eemaldab surnud naharakke. Papaia mahl v\u00e4hendab pigmendilaike ja \u00fchtlustab nahatooni. Samuti on papaial antibakteriaalne ja haavu raviv toime.<\/li>\n<li>Ananassil\u00a0on nahale niisutav, toitev ja antioks\u00fcdantne toime.<\/li>\n<li>Arginiin on aminohape, millel on vananemisvastased ning haavu ravivad omadused. Arginiin on tugev antioks\u00fcdant.<\/li>\n<li>Salvei toimib antioks\u00fcdandina; ahendab poore, puhastab, kaitseb, leevendab \u00e4rritusi ja toniseerib. Hoiab naha pehme, sileda, elastse ja terve.<\/li>\n<li>Saialillel on naha taastumist soodustav ja p\u00f5letikuvastane toime. Hoiab naha pehme, sileda, elastse ja terve.<\/li>\n<li>Lavendli\u00f5li rahustab nahka ja hoiab kontrolli alla rasun\u00e4\u00e4rmete t\u00f6\u00f6d.<\/li>\n<li>Hapnik v\u00f5itleb n\u00e4htavate vananemism\u00e4rkidega, mis on tingitud hapniku kehva liikumisega nahaalustest kapillaaridest naha pealmise kihini. Stimuleerib otseselt kollageeni ja elastiini s\u00fcnteesi nahas ning omab p\u00f5letikuvastast toimet.<\/li>\n<\/ul>\n","protected":false},"excerpt":{"rendered":"<p>Professoinaalseks kasutamiseks m\u00f5eldud taimne koorija eemaldab surnud naharakud ilma nahka \u00e4rritamata.<\/p>\n<p>&nbsp;<\/p>\n<p>250 ml<\/p>\n","protected":false},"featured_media":1451,"comment_status":"open","ping_status":"closed","template":"","meta":{"_uag_custom_page_level_css":"","site-sidebar-layout":"default","site-content-layout":"","ast-site-content-layout":"default","site-content-style":"default","site-sidebar-style":"default","ast-global-header-display":"","ast-banner-title-visibility":"","ast-main-header-display":"","ast-hfb-above-header-display":"","ast-hfb-below-header-display":"","ast-hfb-mobile-header-display":"","site-post-title":"","ast-breadcrumbs-content":"","ast-featured-img":"","footer-sml-layout":"","ast-disable-related-posts":"","theme-transparent-header-meta":"default","adv-header-id-meta":"","stick-header-meta":"","header-above-stick-meta":"","header-main-stick-meta":"","header-below-stick-meta":"","astra-migrate-meta-layouts":"set","ast-page-background-enabled":"default","ast-page-background-meta":{"desktop":{"background-color":"var(--ast-global-color-4)","background-image":"","background-repeat":"repeat","background-position":"center center","background-size":"auto","background-attachment":"scroll","background-type":"","background-media":"","overlay-type":"","overlay-color":"","overlay-opacity":"","overlay-gradient":""},"tablet":{"background-color":"","background-image":"","background-repeat":"repeat","background-position":"center center","background-size":"auto","background-attachment":"scroll","background-type":"","background-media":"","overlay-type":"","overlay-color":"","overlay-opacity":"","overlay-gradient":""},"mobile":{"background-color":"","background-image":"","background-repeat":"repeat","background-position":"center center","background-size":"auto","background-attachment":"scroll","background-type":"","background-media":"","overlay-type":"","overlay-color":"","overlay-opacity":"","overlay-gradient":""}},"ast-content-background-meta":{"desktop":{"background-color":"var(--ast-global-color-5)","background-image":"","background-repeat":"repeat","background-position":"center center","background-size":"auto","background-attachment":"scroll","background-type":"","background-media":"","overlay-type":"","overlay-color":"","overlay-opacity":"","overlay-gradient":""},"tablet":{"background-color":"var(--ast-global-color-5)","background-image":"","background-repeat":"repeat","background-position":"center center","background-size":"auto","background-attachment":"scroll","background-type":"","background-media":"","overlay-type":"","overlay-color":"","overlay-opacity":"","overlay-gradient":""},"mobile":{"background-color":"var(--ast-global-color-5)","background-image":"","background-repeat":"repeat","background-position":"center center","background-size":"auto","background-attachment":"scroll","background-type":"","background-media":"","overlay-type":"","overlay-color":"","overlay-opacity":"","overlay-gradient":""}}},"product_brand":[],"product_cat":[96,97,74],"product_tag":[],"class_list":{"0":"post-1522","1":"product","2":"type-product","3":"status-publish","4":"has-post-thumbnail","6":"product_cat-brands","7":"product_cat-naole","8":"product_cat-oxygen-ceuticals","9":"desktop-align-left","10":"tablet-align-left","11":"mobile-align-left","13":"first","14":"instock","15":"taxable","16":"shipping-taxable","17":"product-type-simple","18":"add-to-wishlist-before_image"},"uagb_featured_image_src":{"full":["https:\/\/kosmeetika24.com\/wp-content\/uploads\/2023\/10\/daily-boranicals-enzyme.jpg",600,600,false],"thumbnail":["https:\/\/kosmeetika24.com\/wp-content\/uploads\/2023\/10\/daily-boranicals-enzyme-150x150.jpg",150,150,true],"medium":["https:\/\/kosmeetika24.com\/wp-content\/uploads\/2023\/10\/daily-boranicals-enzyme-300x300.jpg",300,300,true],"medium_large":["https:\/\/kosmeetika24.com\/wp-content\/uploads\/2023\/10\/daily-boranicals-enzyme.jpg",600,600,false],"large":["https:\/\/kosmeetika24.com\/wp-content\/uploads\/2023\/10\/daily-boranicals-enzyme.jpg",600,600,false],"1536x1536":["https:\/\/kosmeetika24.com\/wp-content\/uploads\/2023\/10\/daily-boranicals-enzyme.jpg",600,600,false],"2048x2048":["https:\/\/kosmeetika24.com\/wp-content\/uploads\/2023\/10\/daily-boranicals-enzyme.jpg",600,600,false],"trp-custom-language-flag":["https:\/\/kosmeetika24.com\/wp-content\/uploads\/2023\/10\/daily-boranicals-enzyme-12x12.jpg",12,12,true],"woocommerce_thumbnail":["https:\/\/kosmeetika24.com\/wp-content\/uploads\/2023\/10\/daily-boranicals-enzyme-300x300.jpg",300,300,true],"woocommerce_single":["https:\/\/kosmeetika24.com\/wp-content\/uploads\/2023\/10\/daily-boranicals-enzyme-500x500.jpg",500,500,true],"woocommerce_gallery_thumbnail":["https:\/\/kosmeetika24.com\/wp-content\/uploads\/2023\/10\/daily-boranicals-enzyme-100x100.jpg",100,100,true]},"uagb_author_info":{"display_name":"admin","author_link":"https:\/\/kosmeetika24.com\/et\/author\/"},"uagb_comment_info":0,"uagb_excerpt":"Professoinaalseks kasutamiseks m\u00f5eldud taimne koorija eemaldab surnud naharakud ilma nahka \u00e4rritamata. &nbsp; 250 ml","_links":{"self":[{"href":"https:\/\/kosmeetika24.com\/et\/wp-json\/wp\/v2\/product\/1522","targetHints":{"allow":["GET"]}}],"collection":[{"href":"https:\/\/kosmeetika24.com\/et\/wp-json\/wp\/v2\/product"}],"about":[{"href":"https:\/\/kosmeetika24.com\/et\/wp-json\/wp\/v2\/types\/product"}],"replies":[{"embeddable":true,"href":"https:\/\/kosmeetika24.com\/et\/wp-json\/wp\/v2\/comments?post=1522"}],"version-history":[{"count":1,"href":"https:\/\/kosmeetika24.com\/et\/wp-json\/wp\/v2\/product\/1522\/revisions"}],"predecessor-version":[{"id":4556,"href":"https:\/\/kosmeetika24.com\/et\/wp-json\/wp\/v2\/product\/1522\/revisions\/4556"}],"wp:featuredmedia":[{"embeddable":true,"href":"https:\/\/kosmeetika24.com\/et\/wp-json\/wp\/v2\/media\/1451"}],"wp:attachment":[{"href":"https:\/\/kosmeetika24.com\/et\/wp-json\/wp\/v2\/media?parent=1522"}],"wp:term":[{"taxonomy":"product_brand","embeddable":true,"href":"https:\/\/kosmeetika24.com\/et\/wp-json\/wp\/v2\/product_brand?post=1522"},{"taxonomy":"product_cat","embeddable":true,"href":"https:\/\/kosmeetika24.com\/et\/wp-json\/wp\/v2\/product_cat?post=1522"},{"taxonomy":"product_tag","embeddable":true,"href":"https:\/\/kosmeetika24.com\/et\/wp-json\/wp\/v2\/product_tag?post=1522"}],"curies":[{"name":"wp","href":"https:\/\/api.w.org\/{rel}","templated":true}]}}