{"id":1501,"date":"2024-01-05T08:27:01","date_gmt":"2024-01-05T08:27:01","guid":{"rendered":"https:\/\/kosmeetika24.com\/?post_type=product&#038;p=1501"},"modified":"2025-07-02T15:51:16","modified_gmt":"2025-07-02T12:51:16","slug":"bruno-vassari-boosters-sara-andev-kontsentraat","status":"publish","type":"product","link":"https:\/\/kosmeetika24.com\/et\/toode\/bruno-vassari-boosters-sara-andev-kontsentraat\/","title":{"rendered":"BRUNO VASSARI Boosters s\u00e4ra andev kontsentraat"},"content":{"rendered":"<p>S\u00e4ra andev kontsentraat <em>Radiance Plus<\/em> aitab v\u00e4hendada vananemise\u00a0 ja v\u00e4simuse m\u00e4rke, v\u00f5imendab naha uuenemise loomulikku protsessi. Aitab v\u00e4hendada pigmentatsiooni, normaliseerib naha v\u00e4rvi ja tooni.<\/p>\n<p>Sobib tuhmile, elutule nahale.<\/p>\n<p><strong>TOIMEAINED<\/strong><\/p>\n<ul>\n<li>Circagenyl<\/li>\n<li>F\u00fckogeel<\/li>\n<li>Kombuchka<\/li>\n<\/ul>\n<p><strong>TOIME<\/strong><\/p>\n<ul>\n<li>Circageny normaliseerib melaniini s\u00fcnteesi, niisutab ja normaliseerib naha v\u00e4rvi ja tooni, v\u00e4hendab v\u00e4simuse ja enneaegse vananemise m\u00e4rke. Taastab s\u00e4ra ja silub mikrokortsud.<\/li>\n<li>F\u00fckogeel: pol\u00fcsahhariidi, mis saadakse bakteriaalsest fermenteerimisest, iseloomustab niisutav toime ning v\u00f5ime moodustada nahale kaitsekiht, mis kaitseb kuivamise eest.<\/li>\n<li>Kombuchka on magusa musta tee fermenteerimissaadus, mis saadakse 2 mikroorganismi s\u00fcmbioosil:<br \/>\nleiva-p\u00e4rmkottseen ja Xylinium bakterid. Toimeainet teatakse kui \u201eeluseent\u201c, kuna see pikendab v\u00e4idetavalt k\u00f5igi selle tarbijate eluiga. See sisaldab rohkelt B-r\u00fchma vitamiine ja orgaanilisi happeid, ennetab organismi valkude ja molekulide muutumist suhkrute toimel ning vananemist. V\u00e4hendab naha karedust ning muudab jume s\u00e4ravamaks.<\/li>\n<\/ul>\n<p><strong>KOOSTIS<\/strong><\/p>\n<p>AQUA (WATER), PROPANEDIOL, GLYCERIN, SACCHAROMYES\/WYLINUM\/BLACK TEA FERMENT, LINDERA STRYCHINFOLIA ROOT EXTRACT, BIOSACCHARIDE GUM-1, PHENOXYETHANOL, HYDROXYETHYLCELLULOSE, CHLORPHENESIN, SODIUM CITRATE, CITRIC ACID, ETHYLHEXYLGLYCERIN, POTASSIUM SORBATE, METHYLPROPANEDIUL, CI 16035 (FD&C RED NO. 40.), CI 19140 (FD&C YELLOV NO. 5.), CAPRYLYL GLYCOL, PHENYLPROPANOL, SODIUM CHLORIDE, SODIUM SULFATE.<\/p>\n","protected":false},"excerpt":{"rendered":"<p>Professionaalseks kasutamiseks m\u00f5eldud s\u00e4ra andev kontsentraat v\u00e4hendab enneaegse vananemise m\u00e4rke, aktiveerib naharakkude uuenemist.<\/p>\n<p>&nbsp;<\/p>\n<p>30 ml pipetiga pudel<\/p>\n","protected":false},"featured_media":1417,"comment_status":"open","ping_status":"closed","template":"","meta":{"_uag_custom_page_level_css":"","site-sidebar-layout":"default","site-content-layout":"","ast-site-content-layout":"default","site-content-style":"default","site-sidebar-style":"default","ast-global-header-display":"","ast-banner-title-visibility":"","ast-main-header-display":"","ast-hfb-above-header-display":"","ast-hfb-below-header-display":"","ast-hfb-mobile-header-display":"","site-post-title":"","ast-breadcrumbs-content":"","ast-featured-img":"","footer-sml-layout":"","ast-disable-related-posts":"","theme-transparent-header-meta":"default","adv-header-id-meta":"","stick-header-meta":"","header-above-stick-meta":"","header-main-stick-meta":"","header-below-stick-meta":"","astra-migrate-meta-layouts":"set","ast-page-background-enabled":"default","ast-page-background-meta":{"desktop":{"background-color":"var(--ast-global-color-4)","background-image":"","background-repeat":"repeat","background-position":"center center","background-size":"auto","background-attachment":"scroll","background-type":"","background-media":"","overlay-type":"","overlay-color":"","overlay-opacity":"","overlay-gradient":""},"tablet":{"background-color":"","background-image":"","background-repeat":"repeat","background-position":"center center","background-size":"auto","background-attachment":"scroll","background-type":"","background-media":"","overlay-type":"","overlay-color":"","overlay-opacity":"","overlay-gradient":""},"mobile":{"background-color":"","background-image":"","background-repeat":"repeat","background-position":"center center","background-size":"auto","background-attachment":"scroll","background-type":"","background-media":"","overlay-type":"","overlay-color":"","overlay-opacity":"","overlay-gradient":""}},"ast-content-background-meta":{"desktop":{"background-color":"var(--ast-global-color-5)","background-image":"","background-repeat":"repeat","background-position":"center center","background-size":"auto","background-attachment":"scroll","background-type":"","background-media":"","overlay-type":"","overlay-color":"","overlay-opacity":"","overlay-gradient":""},"tablet":{"background-color":"var(--ast-global-color-5)","background-image":"","background-repeat":"repeat","background-position":"center center","background-size":"auto","background-attachment":"scroll","background-type":"","background-media":"","overlay-type":"","overlay-color":"","overlay-opacity":"","overlay-gradient":""},"mobile":{"background-color":"var(--ast-global-color-5)","background-image":"","background-repeat":"repeat","background-position":"center center","background-size":"auto","background-attachment":"scroll","background-type":"","background-media":"","overlay-type":"","overlay-color":"","overlay-opacity":"","overlay-gradient":""}}},"product_brand":[],"product_cat":[61,96,97],"product_tag":[],"class_list":{"0":"post-1501","1":"product","2":"type-product","3":"status-publish","4":"has-post-thumbnail","6":"product_cat-boosters","7":"product_cat-brands","8":"product_cat-naole","9":"desktop-align-left","10":"tablet-align-left","11":"mobile-align-left","13":"first","14":"instock","15":"taxable","16":"shipping-taxable","17":"product-type-simple","18":"add-to-wishlist-before_image"},"uagb_featured_image_src":{"full":["https:\/\/kosmeetika24.com\/wp-content\/uploads\/2023\/10\/2331-Radiance-Plus.jpg",600,600,false],"thumbnail":["https:\/\/kosmeetika24.com\/wp-content\/uploads\/2023\/10\/2331-Radiance-Plus-150x150.jpg",150,150,true],"medium":["https:\/\/kosmeetika24.com\/wp-content\/uploads\/2023\/10\/2331-Radiance-Plus-300x300.jpg",300,300,true],"medium_large":["https:\/\/kosmeetika24.com\/wp-content\/uploads\/2023\/10\/2331-Radiance-Plus.jpg",600,600,false],"large":["https:\/\/kosmeetika24.com\/wp-content\/uploads\/2023\/10\/2331-Radiance-Plus.jpg",600,600,false],"1536x1536":["https:\/\/kosmeetika24.com\/wp-content\/uploads\/2023\/10\/2331-Radiance-Plus.jpg",600,600,false],"2048x2048":["https:\/\/kosmeetika24.com\/wp-content\/uploads\/2023\/10\/2331-Radiance-Plus.jpg",600,600,false],"trp-custom-language-flag":["https:\/\/kosmeetika24.com\/wp-content\/uploads\/2023\/10\/2331-Radiance-Plus-12x12.jpg",12,12,true],"woocommerce_thumbnail":["https:\/\/kosmeetika24.com\/wp-content\/uploads\/2023\/10\/2331-Radiance-Plus-300x300.jpg",300,300,true],"woocommerce_single":["https:\/\/kosmeetika24.com\/wp-content\/uploads\/2023\/10\/2331-Radiance-Plus-500x500.jpg",500,500,true],"woocommerce_gallery_thumbnail":["https:\/\/kosmeetika24.com\/wp-content\/uploads\/2023\/10\/2331-Radiance-Plus-100x100.jpg",100,100,true]},"uagb_author_info":{"display_name":"admin","author_link":"https:\/\/kosmeetika24.com\/et\/author\/"},"uagb_comment_info":0,"uagb_excerpt":"Professionaalseks kasutamiseks m\u00f5eldud s\u00e4ra andev kontsentraat v\u00e4hendab enneaegse vananemise m\u00e4rke, aktiveerib naharakkude uuenemist. &nbsp; 30 ml pipetiga pudel","_links":{"self":[{"href":"https:\/\/kosmeetika24.com\/et\/wp-json\/wp\/v2\/product\/1501","targetHints":{"allow":["GET"]}}],"collection":[{"href":"https:\/\/kosmeetika24.com\/et\/wp-json\/wp\/v2\/product"}],"about":[{"href":"https:\/\/kosmeetika24.com\/et\/wp-json\/wp\/v2\/types\/product"}],"replies":[{"embeddable":true,"href":"https:\/\/kosmeetika24.com\/et\/wp-json\/wp\/v2\/comments?post=1501"}],"version-history":[{"count":3,"href":"https:\/\/kosmeetika24.com\/et\/wp-json\/wp\/v2\/product\/1501\/revisions"}],"predecessor-version":[{"id":6662,"href":"https:\/\/kosmeetika24.com\/et\/wp-json\/wp\/v2\/product\/1501\/revisions\/6662"}],"wp:featuredmedia":[{"embeddable":true,"href":"https:\/\/kosmeetika24.com\/et\/wp-json\/wp\/v2\/media\/1417"}],"wp:attachment":[{"href":"https:\/\/kosmeetika24.com\/et\/wp-json\/wp\/v2\/media?parent=1501"}],"wp:term":[{"taxonomy":"product_brand","embeddable":true,"href":"https:\/\/kosmeetika24.com\/et\/wp-json\/wp\/v2\/product_brand?post=1501"},{"taxonomy":"product_cat","embeddable":true,"href":"https:\/\/kosmeetika24.com\/et\/wp-json\/wp\/v2\/product_cat?post=1501"},{"taxonomy":"product_tag","embeddable":true,"href":"https:\/\/kosmeetika24.com\/et\/wp-json\/wp\/v2\/product_tag?post=1501"}],"curies":[{"name":"wp","href":"https:\/\/api.w.org\/{rel}","templated":true}]}}