{"id":1498,"date":"2024-01-05T08:18:47","date_gmt":"2024-01-05T08:18:47","guid":{"rendered":"https:\/\/kosmeetika24.com\/?post_type=product&#038;p=1498"},"modified":"2025-07-02T15:46:10","modified_gmt":"2025-07-02T12:46:10","slug":"bruno-vassari-ha50x-vananemisvastane-ja-niisutav-hooldus","status":"publish","type":"product","link":"https:\/\/kosmeetika24.com\/et\/toode\/bruno-vassari-ha50x-vananemisvastane-ja-niisutav-hooldus\/","title":{"rendered":"BRUNO VASSARI HA50X vananemisvastane ja niisutav hooldus"},"content":{"rendered":"<p>Professionaalseks kasutamiseks m\u00f5eldud vananemisvastane ja nahka niisutav hooldus Hyaluronic Professional Kit tugevdab naha kaitsebarj\u00e4\u00e4ri ning s\u00e4ilitab naha maksimaalse niisutuse. Muudab marrasknaha uuesti tihedamaks ja tugevamaks, v\u00e4hendab kortsude esinemist, parendab naha elastsust ja tooni.<\/p>\n<p>Sobib k\u00f5igile nahat\u00fc\u00fcpidele.<\/p>\n<p><strong>TOIMEAINED<\/strong><\/p>\n<ul>\n<li>kooriv mask \u201cScrub & Mask\u201d: kaoliin, perliit.<\/li>\n<li>niisutav seerum \u201cHyaluronic Serum\u201d: makadaamia\u00f5li, bisabolool, E-vitamiin, pantenool.<\/li>\n<li>mask \u201cPro-Hyaluronic Mask\u201d: Polymarines, h\u00fcaluroonhape, Duvillea antartica, astelpaju\u00f5li.<\/li>\n<li>kaitsev kreem \u201cHyaluronic Cream Pollution Neutralizaer\u201d: h\u00fcaluroonhape, Symurban.<\/li>\n<\/ul>\n<p><strong>TOIME<\/strong><\/p>\n<ul>\n<li>Kooriv mask annab kahekordse toime: koorib ja eemaldab surnud naharakud.<\/li>\n<li>Niisutav seerum on kontsentraat, mis sisaldab rohkelt m\u00f5lema molekulmassiga h\u00fcaluroonhapet. Makadaamia\u00f5li kaitseb rakke oks\u00fcdatsiooni eest. See toimib koos E-vitamiiniga. Bisabolool ja pantenool<br \/>\ntaastavad ning niisutavad nahka.<\/li>\n<li>H\u00fcaluroonhapet sisaldav mask: Polymarine ja h\u00fcaluroonhape taastavad naha terviklikkuse ja struktuuri. Astelpaju\u00f5li sisaldab rohkelt rasvhappeid. Seda iseloomustab t\u00f5hus toitev ja antioks\u00fcdantne toime. Duvillea antartica on metsik vetikas, mis sisaldab rohkelt mikroelemente ja algiinhapet. Sellel on remineraliseeriv ja taastav toime.<\/li>\n<li>Kaitsev kreem sisaldab h\u00fcaluroonhappe kaht t\u00fc\u00fcpi (v\u00e4ikese ja suure molekulmassiga h\u00fcaluroonhapet), mis tagavad naha optimaalse niisutuse ja elastsuse.<\/li>\n<\/ul>\n","protected":false},"excerpt":{"rendered":"<p>H\u00fcaluroonhapega hooldus pakub rikkalikku niisutust ja omab vananemisvastast toimet.<\/p>\n<p><span style=\"font-size: 15px;\">Komplekt on m\u00f5eldud professionaalseks kasutamiseks 6 protseduuril:<\/span><\/p>\n<ul>\n<li><span style=\"font-size: 14px;\">kooriv mask Scrub &amp; Mask 100ml,<\/span><\/li>\n<li><span style=\"font-size: 14px;\">niisutav seerum Hyaluronic Serum 2,5 ml,<\/span><\/li>\n<li><span style=\"font-size: 14px;\">mask Pro-Hyaluronic Mask 2g,<\/span><\/li>\n<li><span style=\"font-size: 14px;\">kaitsev kreem Hyaluronic Cream Pollution Neutralizaer 20ml.<\/span><\/li>\n<\/ul>\n","protected":false},"featured_media":1499,"comment_status":"open","ping_status":"closed","template":"","meta":{"_uag_custom_page_level_css":"","site-sidebar-layout":"default","site-content-layout":"","ast-site-content-layout":"default","site-content-style":"default","site-sidebar-style":"default","ast-global-header-display":"","ast-banner-title-visibility":"","ast-main-header-display":"","ast-hfb-above-header-display":"","ast-hfb-below-header-display":"","ast-hfb-mobile-header-display":"","site-post-title":"","ast-breadcrumbs-content":"","ast-featured-img":"","footer-sml-layout":"","ast-disable-related-posts":"","theme-transparent-header-meta":"default","adv-header-id-meta":"","stick-header-meta":"","header-above-stick-meta":"","header-main-stick-meta":"","header-below-stick-meta":"","astra-migrate-meta-layouts":"set","ast-page-background-enabled":"default","ast-page-background-meta":{"desktop":{"background-color":"var(--ast-global-color-4)","background-image":"","background-repeat":"repeat","background-position":"center center","background-size":"auto","background-attachment":"scroll","background-type":"","background-media":"","overlay-type":"","overlay-color":"","overlay-opacity":"","overlay-gradient":""},"tablet":{"background-color":"","background-image":"","background-repeat":"repeat","background-position":"center center","background-size":"auto","background-attachment":"scroll","background-type":"","background-media":"","overlay-type":"","overlay-color":"","overlay-opacity":"","overlay-gradient":""},"mobile":{"background-color":"","background-image":"","background-repeat":"repeat","background-position":"center center","background-size":"auto","background-attachment":"scroll","background-type":"","background-media":"","overlay-type":"","overlay-color":"","overlay-opacity":"","overlay-gradient":""}},"ast-content-background-meta":{"desktop":{"background-color":"var(--ast-global-color-5)","background-image":"","background-repeat":"repeat","background-position":"center center","background-size":"auto","background-attachment":"scroll","background-type":"","background-media":"","overlay-type":"","overlay-color":"","overlay-opacity":"","overlay-gradient":""},"tablet":{"background-color":"var(--ast-global-color-5)","background-image":"","background-repeat":"repeat","background-position":"center center","background-size":"auto","background-attachment":"scroll","background-type":"","background-media":"","overlay-type":"","overlay-color":"","overlay-opacity":"","overlay-gradient":""},"mobile":{"background-color":"var(--ast-global-color-5)","background-image":"","background-repeat":"repeat","background-position":"center center","background-size":"auto","background-attachment":"scroll","background-type":"","background-media":"","overlay-type":"","overlay-color":"","overlay-opacity":"","overlay-gradient":""}}},"product_brand":[],"product_cat":[96,75,97],"product_tag":[],"class_list":{"0":"post-1498","1":"product","2":"type-product","3":"status-publish","4":"has-post-thumbnail","6":"product_cat-brands","7":"product_cat-ha50x","8":"product_cat-naole","9":"desktop-align-left","10":"tablet-align-left","11":"mobile-align-left","13":"first","14":"instock","15":"taxable","16":"shipping-taxable","17":"product-type-simple","18":"add-to-wishlist-before_image"},"uagb_featured_image_src":{"full":["https:\/\/kosmeetika24.com\/wp-content\/uploads\/2023\/10\/2325-Hyaluronic-Professional-Kit.jpg",600,600,false],"thumbnail":["https:\/\/kosmeetika24.com\/wp-content\/uploads\/2023\/10\/2325-Hyaluronic-Professional-Kit-150x150.jpg",150,150,true],"medium":["https:\/\/kosmeetika24.com\/wp-content\/uploads\/2023\/10\/2325-Hyaluronic-Professional-Kit-300x300.jpg",300,300,true],"medium_large":["https:\/\/kosmeetika24.com\/wp-content\/uploads\/2023\/10\/2325-Hyaluronic-Professional-Kit.jpg",600,600,false],"large":["https:\/\/kosmeetika24.com\/wp-content\/uploads\/2023\/10\/2325-Hyaluronic-Professional-Kit.jpg",600,600,false],"1536x1536":["https:\/\/kosmeetika24.com\/wp-content\/uploads\/2023\/10\/2325-Hyaluronic-Professional-Kit.jpg",600,600,false],"2048x2048":["https:\/\/kosmeetika24.com\/wp-content\/uploads\/2023\/10\/2325-Hyaluronic-Professional-Kit.jpg",600,600,false],"trp-custom-language-flag":["https:\/\/kosmeetika24.com\/wp-content\/uploads\/2023\/10\/2325-Hyaluronic-Professional-Kit-12x12.jpg",12,12,true],"woocommerce_thumbnail":["https:\/\/kosmeetika24.com\/wp-content\/uploads\/2023\/10\/2325-Hyaluronic-Professional-Kit-300x300.jpg",300,300,true],"woocommerce_single":["https:\/\/kosmeetika24.com\/wp-content\/uploads\/2023\/10\/2325-Hyaluronic-Professional-Kit-500x500.jpg",500,500,true],"woocommerce_gallery_thumbnail":["https:\/\/kosmeetika24.com\/wp-content\/uploads\/2023\/10\/2325-Hyaluronic-Professional-Kit-100x100.jpg",100,100,true]},"uagb_author_info":{"display_name":"admin","author_link":"https:\/\/kosmeetika24.com\/et\/author\/"},"uagb_comment_info":0,"uagb_excerpt":"H\u00fcaluroonhapega hooldus pakub rikkalikku niisutust ja omab vananemisvastast toimet. Komplekt on m\u00f5eldud professionaalseks kasutamiseks 6 protseduuril: kooriv mask Scrub &amp; Mask 100ml, niisutav seerum Hyaluronic Serum 2,5 ml, mask Pro-Hyaluronic Mask 2g, kaitsev kreem Hyaluronic Cream Pollution Neutralizaer 20ml.","_links":{"self":[{"href":"https:\/\/kosmeetika24.com\/et\/wp-json\/wp\/v2\/product\/1498","targetHints":{"allow":["GET"]}}],"collection":[{"href":"https:\/\/kosmeetika24.com\/et\/wp-json\/wp\/v2\/product"}],"about":[{"href":"https:\/\/kosmeetika24.com\/et\/wp-json\/wp\/v2\/types\/product"}],"replies":[{"embeddable":true,"href":"https:\/\/kosmeetika24.com\/et\/wp-json\/wp\/v2\/comments?post=1498"}],"version-history":[{"count":1,"href":"https:\/\/kosmeetika24.com\/et\/wp-json\/wp\/v2\/product\/1498\/revisions"}],"predecessor-version":[{"id":4645,"href":"https:\/\/kosmeetika24.com\/et\/wp-json\/wp\/v2\/product\/1498\/revisions\/4645"}],"wp:featuredmedia":[{"embeddable":true,"href":"https:\/\/kosmeetika24.com\/et\/wp-json\/wp\/v2\/media\/1499"}],"wp:attachment":[{"href":"https:\/\/kosmeetika24.com\/et\/wp-json\/wp\/v2\/media?parent=1498"}],"wp:term":[{"taxonomy":"product_brand","embeddable":true,"href":"https:\/\/kosmeetika24.com\/et\/wp-json\/wp\/v2\/product_brand?post=1498"},{"taxonomy":"product_cat","embeddable":true,"href":"https:\/\/kosmeetika24.com\/et\/wp-json\/wp\/v2\/product_cat?post=1498"},{"taxonomy":"product_tag","embeddable":true,"href":"https:\/\/kosmeetika24.com\/et\/wp-json\/wp\/v2\/product_tag?post=1498"}],"curies":[{"name":"wp","href":"https:\/\/api.w.org\/{rel}","templated":true}]}}