{"id":1491,"date":"2024-01-04T11:13:55","date_gmt":"2024-01-04T11:13:55","guid":{"rendered":"https:\/\/kosmeetika24.com\/?post_type=product&#038;p=1491"},"modified":"2025-07-02T13:49:32","modified_gmt":"2025-07-02T10:49:32","slug":"bruno-vassari-white-intensiivne-pigmentatsioonivastane-hooldus","status":"publish","type":"product","link":"https:\/\/kosmeetika24.com\/et\/toode\/bruno-vassari-white-intensiivne-pigmentatsioonivastane-hooldus\/","title":{"rendered":"BRUNO VASSARI White intensiivne pigmentatsioonivastane hooldus"},"content":{"rendered":"<p>Professionaalne hooldus <em>Intensive Whitening Method<\/em> sobib vananenud naha ja pigmentatsiooni probleemide korral. Protseduur toimib kortse siluvalt, tasandab naha pinna ja \u00fchtlustab n\u00e4o jume. Eesm\u00e4rgiks on v\u00e4hendada foto vananemise fenomeni.<\/p>\n<p>Sobib vananemisilmingutega nahale.<\/p>\n<p><strong>TOIMEAINED<\/strong><\/p>\n<ul>\n<li>Valgendav koorija \u201cWhitening Peel with AHa + BHA + VIT C\u201d: askorb\u00fc\u00fclgl\u00fckosiid, BHA, AHA.<\/li>\n<li>Valgendav kontsentraat \u201cIntensive Whitening Concentrate\u201d: askorb\u00fc\u00fclgl\u00fckosiid, niatsiinamiid ja lagritsaekstrakt.<\/li>\n<li>Valgendav mask \u201cIntensive Whitening Mask\u201d: askorb\u00fc\u00fclgl\u00fckosiid, Bio-Whitei kompleks.<\/li>\n<li>P\u00e4ikesekaitsega p\u00e4evakreem \u201cDay Protection SPF15\u201d: magneesiumaskorb\u00fc\u00fclfosfaat, E-vitamiin, naatriumh\u00fcaluronaat.<\/li>\n<\/ul>\n<p><strong>TOIME<\/strong><\/p>\n<ul>\n<li>Koorija parendab naha tekstuuri ja korrigeerib vananemise m\u00e4rke, sealhulgas ka pigmentatsiooni.<\/li>\n<li>Valgendav kontsentraat niisutab ning normaliseerib keramiidide tootmist. Toimib rahustavalt ja nahatooni \u00fchtlustavalt.<\/li>\n<li>Valgendav mask pidurdab melaniini s\u00fcnteesi ja annab s\u00e4ra. Sel on p\u00f5letikuvastane ja antioks\u00fcdantne toime.<\/li>\n<li>P\u00e4ikesekaitsega p\u00e4evakreemil on kaitsev toime, niisutab nahka, \u00fchtlustab nahapinna ja annab s\u00e4ra.<\/li>\n<\/ul>\n","protected":false},"excerpt":{"rendered":"<p>Professionaalne hooldus vananenud naha ja pigmentatsiooni probleemide korral.<\/p>\n<p><span style=\"font-size: 16px;\">Komplekt on m\u00f5eldud professionaalseks kasutamiseks 6 protseduuril:<\/span><\/p>\n<ul>\n<li><span style=\"font-size: 14px;\">koorija Whitening Peel with AHa + BHA + VIT C 30ml<\/span><\/li>\n<li><span style=\"font-size: 14px;\">kontsentraat Intensive Whitening Concentrate 3ml<\/span><\/li>\n<li><span style=\"font-size: 14px;\">mask Intensive Whitening Mask 30g<\/span><\/li>\n<li><span style=\"font-size: 14px;\">p\u00e4ikesekaitsega p\u00e4evakreem Day Protection SPF15 20ml<\/span><\/li>\n<\/ul>\n","protected":false},"featured_media":1393,"comment_status":"open","ping_status":"closed","template":"","meta":{"_uag_custom_page_level_css":"","site-sidebar-layout":"default","site-content-layout":"","ast-site-content-layout":"default","site-content-style":"default","site-sidebar-style":"default","ast-global-header-display":"","ast-banner-title-visibility":"","ast-main-header-display":"","ast-hfb-above-header-display":"","ast-hfb-below-header-display":"","ast-hfb-mobile-header-display":"","site-post-title":"","ast-breadcrumbs-content":"","ast-featured-img":"","footer-sml-layout":"","ast-disable-related-posts":"","theme-transparent-header-meta":"default","adv-header-id-meta":"","stick-header-meta":"","header-above-stick-meta":"","header-main-stick-meta":"","header-below-stick-meta":"","astra-migrate-meta-layouts":"set","ast-page-background-enabled":"default","ast-page-background-meta":{"desktop":{"background-color":"var(--ast-global-color-4)","background-image":"","background-repeat":"repeat","background-position":"center center","background-size":"auto","background-attachment":"scroll","background-type":"","background-media":"","overlay-type":"","overlay-color":"","overlay-opacity":"","overlay-gradient":""},"tablet":{"background-color":"","background-image":"","background-repeat":"repeat","background-position":"center center","background-size":"auto","background-attachment":"scroll","background-type":"","background-media":"","overlay-type":"","overlay-color":"","overlay-opacity":"","overlay-gradient":""},"mobile":{"background-color":"","background-image":"","background-repeat":"repeat","background-position":"center center","background-size":"auto","background-attachment":"scroll","background-type":"","background-media":"","overlay-type":"","overlay-color":"","overlay-opacity":"","overlay-gradient":""}},"ast-content-background-meta":{"desktop":{"background-color":"var(--ast-global-color-5)","background-image":"","background-repeat":"repeat","background-position":"center center","background-size":"auto","background-attachment":"scroll","background-type":"","background-media":"","overlay-type":"","overlay-color":"","overlay-opacity":"","overlay-gradient":""},"tablet":{"background-color":"var(--ast-global-color-5)","background-image":"","background-repeat":"repeat","background-position":"center center","background-size":"auto","background-attachment":"scroll","background-type":"","background-media":"","overlay-type":"","overlay-color":"","overlay-opacity":"","overlay-gradient":""},"mobile":{"background-color":"var(--ast-global-color-5)","background-image":"","background-repeat":"repeat","background-position":"center center","background-size":"auto","background-attachment":"scroll","background-type":"","background-media":"","overlay-type":"","overlay-color":"","overlay-opacity":"","overlay-gradient":""}}},"product_brand":[],"product_cat":[96,97,64],"product_tag":[],"class_list":{"0":"post-1491","1":"product","2":"type-product","3":"status-publish","4":"has-post-thumbnail","6":"product_cat-brands","7":"product_cat-naole","8":"product_cat-white","9":"desktop-align-left","10":"tablet-align-left","11":"mobile-align-left","13":"first","14":"instock","15":"taxable","16":"shipping-taxable","17":"product-type-simple","18":"add-to-wishlist-before_image"},"uagb_featured_image_src":{"full":["https:\/\/kosmeetika24.com\/wp-content\/uploads\/2023\/10\/2239-Intensive-Whitening-Treatment.jpg",600,600,false],"thumbnail":["https:\/\/kosmeetika24.com\/wp-content\/uploads\/2023\/10\/2239-Intensive-Whitening-Treatment-150x150.jpg",150,150,true],"medium":["https:\/\/kosmeetika24.com\/wp-content\/uploads\/2023\/10\/2239-Intensive-Whitening-Treatment-300x300.jpg",300,300,true],"medium_large":["https:\/\/kosmeetika24.com\/wp-content\/uploads\/2023\/10\/2239-Intensive-Whitening-Treatment.jpg",600,600,false],"large":["https:\/\/kosmeetika24.com\/wp-content\/uploads\/2023\/10\/2239-Intensive-Whitening-Treatment.jpg",600,600,false],"1536x1536":["https:\/\/kosmeetika24.com\/wp-content\/uploads\/2023\/10\/2239-Intensive-Whitening-Treatment.jpg",600,600,false],"2048x2048":["https:\/\/kosmeetika24.com\/wp-content\/uploads\/2023\/10\/2239-Intensive-Whitening-Treatment.jpg",600,600,false],"trp-custom-language-flag":["https:\/\/kosmeetika24.com\/wp-content\/uploads\/2023\/10\/2239-Intensive-Whitening-Treatment-12x12.jpg",12,12,true],"woocommerce_thumbnail":["https:\/\/kosmeetika24.com\/wp-content\/uploads\/2023\/10\/2239-Intensive-Whitening-Treatment-300x300.jpg",300,300,true],"woocommerce_single":["https:\/\/kosmeetika24.com\/wp-content\/uploads\/2023\/10\/2239-Intensive-Whitening-Treatment-500x500.jpg",500,500,true],"woocommerce_gallery_thumbnail":["https:\/\/kosmeetika24.com\/wp-content\/uploads\/2023\/10\/2239-Intensive-Whitening-Treatment-100x100.jpg",100,100,true]},"uagb_author_info":{"display_name":"admin","author_link":"https:\/\/kosmeetika24.com\/et\/author\/"},"uagb_comment_info":0,"uagb_excerpt":"Professionaalne hooldus vananenud naha ja pigmentatsiooni probleemide korral. Komplekt on m\u00f5eldud professionaalseks kasutamiseks 6 protseduuril: koorija Whitening Peel with AHa + BHA + VIT C 30ml kontsentraat Intensive Whitening Concentrate 3ml mask Intensive Whitening Mask 30g p\u00e4ikesekaitsega p\u00e4evakreem Day Protection SPF15 20ml","_links":{"self":[{"href":"https:\/\/kosmeetika24.com\/et\/wp-json\/wp\/v2\/product\/1491","targetHints":{"allow":["GET"]}}],"collection":[{"href":"https:\/\/kosmeetika24.com\/et\/wp-json\/wp\/v2\/product"}],"about":[{"href":"https:\/\/kosmeetika24.com\/et\/wp-json\/wp\/v2\/types\/product"}],"replies":[{"embeddable":true,"href":"https:\/\/kosmeetika24.com\/et\/wp-json\/wp\/v2\/comments?post=1491"}],"version-history":[{"count":4,"href":"https:\/\/kosmeetika24.com\/et\/wp-json\/wp\/v2\/product\/1491\/revisions"}],"predecessor-version":[{"id":6782,"href":"https:\/\/kosmeetika24.com\/et\/wp-json\/wp\/v2\/product\/1491\/revisions\/6782"}],"wp:featuredmedia":[{"embeddable":true,"href":"https:\/\/kosmeetika24.com\/et\/wp-json\/wp\/v2\/media\/1393"}],"wp:attachment":[{"href":"https:\/\/kosmeetika24.com\/et\/wp-json\/wp\/v2\/media?parent=1491"}],"wp:term":[{"taxonomy":"product_brand","embeddable":true,"href":"https:\/\/kosmeetika24.com\/et\/wp-json\/wp\/v2\/product_brand?post=1491"},{"taxonomy":"product_cat","embeddable":true,"href":"https:\/\/kosmeetika24.com\/et\/wp-json\/wp\/v2\/product_cat?post=1491"},{"taxonomy":"product_tag","embeddable":true,"href":"https:\/\/kosmeetika24.com\/et\/wp-json\/wp\/v2\/product_tag?post=1491"}],"curies":[{"name":"wp","href":"https:\/\/api.w.org\/{rel}","templated":true}]}}