{"id":1347,"date":"2024-01-04T14:06:49","date_gmt":"2024-01-04T14:06:49","guid":{"rendered":"https:\/\/kosmeetika24.com\/?post_type=product&#038;p=1347"},"modified":"2025-07-03T11:42:22","modified_gmt":"2025-07-03T08:42:22","slug":"bruno-vassari-kianty-naopuhastuspiim","status":"publish","type":"product","link":"https:\/\/kosmeetika24.com\/et\/toode\/bruno-vassari-kianty-naopuhastuspiim\/","title":{"rendered":"BRUNO VASSARI Kianty n\u00e4opuhastuspiim"},"content":{"rendered":"<p>N\u00e4opuhastuspiim <em>Kianty Nettare D\u2019uva<\/em> on rahustavate ja niisutavate omadustega viinamarjaekstraktil p\u00f5hinev puhastuspiim. Seda saab kasutada ka meigieemaldusvahendina.<\/p>\n<p>Sobib k\u00f5ikidele nahat\u00fc\u00fcpidele, eriti tundlikule nahale.<\/p>\n<p><strong>TOIMEAINED<\/strong><\/p>\n<ul>\n<li>Viinamarjaekstrakt<\/li>\n<li>Mineraalained<\/li>\n<li>Niisutavad ained: gl\u00fctseriin ja gl\u00fckool<\/li>\n<\/ul>\n<p><strong>TOIME<\/strong><\/p>\n<ul>\n<li>Viinamarjaekstrakt sisaldab pol\u00fcfenoole, millel on vananemisvastased ja vabade radikaalide vastane toime.<\/li>\n<\/ul>\n<p><strong>KOOSTIS<\/strong><\/p>\n<p>AQUA ( WATER), CAPRYLIC\/CAPRIC TRIGLYCERIDE, BUTYLENE GLYCOL, GLYCERIN, POLOXAMER 184, PEG-40 HYDROGENATED CASTOR OIL, VITIS VINIFERA (GRAPE) SEED EXTRACT, PROPYLENE GLYCOL, PHENOXYETHANOL, CARBOMET, TRIETHANOLAMINE, XANTHAN GUM, IMIDAZOLIDINYL UREA, DISODIUM EDTA, POTASSIUM SORBATE, SODIUM BENZOATE, METHYLPARABEN, ETHYLPARABEN, BUTYLPARABEN, PROPYLPARABEN, PARFUM (FRAGRANCE).<\/p>\n","protected":false},"excerpt":{"rendered":"<p>Universaalne puhastuspiim, millel on vananemisvastane toime.<\/p>\n<p>&nbsp;<\/p>\n<p>500 ml<\/p>\n","protected":false},"featured_media":1402,"comment_status":"open","ping_status":"closed","template":"","meta":{"_uag_custom_page_level_css":"","site-sidebar-layout":"default","site-content-layout":"","ast-site-content-layout":"default","site-content-style":"default","site-sidebar-style":"default","ast-global-header-display":"","ast-banner-title-visibility":"","ast-main-header-display":"","ast-hfb-above-header-display":"","ast-hfb-below-header-display":"","ast-hfb-mobile-header-display":"","site-post-title":"","ast-breadcrumbs-content":"","ast-featured-img":"","footer-sml-layout":"","ast-disable-related-posts":"","theme-transparent-header-meta":"default","adv-header-id-meta":"","stick-header-meta":"","header-above-stick-meta":"","header-main-stick-meta":"","header-below-stick-meta":"","astra-migrate-meta-layouts":"set","ast-page-background-enabled":"default","ast-page-background-meta":{"desktop":{"background-color":"var(--ast-global-color-4)","background-image":"","background-repeat":"repeat","background-position":"center center","background-size":"auto","background-attachment":"scroll","background-type":"","background-media":"","overlay-type":"","overlay-color":"","overlay-opacity":"","overlay-gradient":""},"tablet":{"background-color":"","background-image":"","background-repeat":"repeat","background-position":"center center","background-size":"auto","background-attachment":"scroll","background-type":"","background-media":"","overlay-type":"","overlay-color":"","overlay-opacity":"","overlay-gradient":""},"mobile":{"background-color":"","background-image":"","background-repeat":"repeat","background-position":"center center","background-size":"auto","background-attachment":"scroll","background-type":"","background-media":"","overlay-type":"","overlay-color":"","overlay-opacity":"","overlay-gradient":""}},"ast-content-background-meta":{"desktop":{"background-color":"var(--ast-global-color-5)","background-image":"","background-repeat":"repeat","background-position":"center center","background-size":"auto","background-attachment":"scroll","background-type":"","background-media":"","overlay-type":"","overlay-color":"","overlay-opacity":"","overlay-gradient":""},"tablet":{"background-color":"var(--ast-global-color-5)","background-image":"","background-repeat":"repeat","background-position":"center center","background-size":"auto","background-attachment":"scroll","background-type":"","background-media":"","overlay-type":"","overlay-color":"","overlay-opacity":"","overlay-gradient":""},"mobile":{"background-color":"var(--ast-global-color-5)","background-image":"","background-repeat":"repeat","background-position":"center center","background-size":"auto","background-attachment":"scroll","background-type":"","background-media":"","overlay-type":"","overlay-color":"","overlay-opacity":"","overlay-gradient":""}}},"product_brand":[],"product_cat":[96,58,97],"product_tag":[],"class_list":{"0":"post-1347","1":"product","2":"type-product","3":"status-publish","4":"has-post-thumbnail","6":"product_cat-brands","7":"product_cat-kianty","8":"product_cat-naole","9":"desktop-align-left","10":"tablet-align-left","11":"mobile-align-left","13":"first","14":"instock","15":"taxable","16":"shipping-taxable","17":"product-type-simple","18":"add-to-wishlist-before_image"},"uagb_featured_image_src":{"full":["https:\/\/kosmeetika24.com\/wp-content\/uploads\/2023\/10\/2269.jpg",600,600,false],"thumbnail":["https:\/\/kosmeetika24.com\/wp-content\/uploads\/2023\/10\/2269-150x150.jpg",150,150,true],"medium":["https:\/\/kosmeetika24.com\/wp-content\/uploads\/2023\/10\/2269-300x300.jpg",300,300,true],"medium_large":["https:\/\/kosmeetika24.com\/wp-content\/uploads\/2023\/10\/2269.jpg",600,600,false],"large":["https:\/\/kosmeetika24.com\/wp-content\/uploads\/2023\/10\/2269.jpg",600,600,false],"1536x1536":["https:\/\/kosmeetika24.com\/wp-content\/uploads\/2023\/10\/2269.jpg",600,600,false],"2048x2048":["https:\/\/kosmeetika24.com\/wp-content\/uploads\/2023\/10\/2269.jpg",600,600,false],"trp-custom-language-flag":["https:\/\/kosmeetika24.com\/wp-content\/uploads\/2023\/10\/2269-12x12.jpg",12,12,true],"woocommerce_thumbnail":["https:\/\/kosmeetika24.com\/wp-content\/uploads\/2023\/10\/2269-300x300.jpg",300,300,true],"woocommerce_single":["https:\/\/kosmeetika24.com\/wp-content\/uploads\/2023\/10\/2269-500x500.jpg",500,500,true],"woocommerce_gallery_thumbnail":["https:\/\/kosmeetika24.com\/wp-content\/uploads\/2023\/10\/2269-100x100.jpg",100,100,true]},"uagb_author_info":{"display_name":"admin","author_link":"https:\/\/kosmeetika24.com\/et\/author\/"},"uagb_comment_info":0,"uagb_excerpt":"Universaalne puhastuspiim, millel on vananemisvastane toime. &nbsp; 500 ml","_links":{"self":[{"href":"https:\/\/kosmeetika24.com\/et\/wp-json\/wp\/v2\/product\/1347","targetHints":{"allow":["GET"]}}],"collection":[{"href":"https:\/\/kosmeetika24.com\/et\/wp-json\/wp\/v2\/product"}],"about":[{"href":"https:\/\/kosmeetika24.com\/et\/wp-json\/wp\/v2\/types\/product"}],"replies":[{"embeddable":true,"href":"https:\/\/kosmeetika24.com\/et\/wp-json\/wp\/v2\/comments?post=1347"}],"version-history":[{"count":3,"href":"https:\/\/kosmeetika24.com\/et\/wp-json\/wp\/v2\/product\/1347\/revisions"}],"predecessor-version":[{"id":6551,"href":"https:\/\/kosmeetika24.com\/et\/wp-json\/wp\/v2\/product\/1347\/revisions\/6551"}],"wp:featuredmedia":[{"embeddable":true,"href":"https:\/\/kosmeetika24.com\/et\/wp-json\/wp\/v2\/media\/1402"}],"wp:attachment":[{"href":"https:\/\/kosmeetika24.com\/et\/wp-json\/wp\/v2\/media?parent=1347"}],"wp:term":[{"taxonomy":"product_brand","embeddable":true,"href":"https:\/\/kosmeetika24.com\/et\/wp-json\/wp\/v2\/product_brand?post=1347"},{"taxonomy":"product_cat","embeddable":true,"href":"https:\/\/kosmeetika24.com\/et\/wp-json\/wp\/v2\/product_cat?post=1347"},{"taxonomy":"product_tag","embeddable":true,"href":"https:\/\/kosmeetika24.com\/et\/wp-json\/wp\/v2\/product_tag?post=1347"}],"curies":[{"name":"wp","href":"https:\/\/api.w.org\/{rel}","templated":true}]}}