{"id":1340,"date":"2024-01-04T10:51:37","date_gmt":"2024-01-04T10:51:37","guid":{"rendered":"https:\/\/kosmeetika24.com\/?post_type=product&#038;p=1340"},"modified":"2025-07-02T13:32:22","modified_gmt":"2025-07-02T10:32:22","slug":"bruno-vassari-pure-solutions-hooldus-rasusele-nahale","status":"publish","type":"product","link":"https:\/\/kosmeetika24.com\/et\/toode\/bruno-vassari-pure-solutions-hooldus-rasusele-nahale\/","title":{"rendered":"BRUNO VASSARI Pure Solutions hooldus rasusele nahale."},"content":{"rendered":"<p>Professionaalseks kasutamiseks m\u00f5eldud<em> Oily Control Treatment<\/em> hooldus reguleerib rasueritust, eemaldab liigse rasu, omab p\u00f5letikuvastast ja niisutavat toimet. Taastab naha loomuliku pH taseme.<\/p>\n<p>Sobib kombineeritud, rasusele ja probleemsele nahale.<\/p>\n<p><strong>TOIMEAINED<\/strong><\/p>\n<ul>\n<li>Koorija \u201cPeel with AHA+BHA+PO\u201d: gl\u00fckoolhape, salits\u00fc\u00fclhape, piroktoonolamiin, iiriseekstrakt.<\/li>\n<li>Aktiivne kontsentraat \u201cOily Control Concentrate\u201d: B3-vitamiin (niatsiinamiid), salits\u00fc\u00fclhape, arginiin, tsinksulfaat.<\/li>\n<li>Alginaatmask \u201cOily Control Mask\u201d: teepuu\u00f5li, mentool, meresool, pajulehed.<\/li>\n<li>Emulsioon \u201cBalance Fluid\u201d: iiriseekstrakt, tsingisool, A-vitamiin, salits\u00fc\u00fclhape ja matistavad ained.<\/li>\n<\/ul>\n<p><strong>TOIME<\/strong><\/p>\n<ul>\n<li>Koorimine parandab naha v\u00e4ljan\u00e4gemist ning eemaldab plekid ja komedoonid, koorides samal ajal \u00f5rnalt nahka.<\/li>\n<li>Aktiivne kontsentraat tasakaalustab rasun\u00e4\u00e4rme toimet.<\/li>\n<li>Alginaatmask sisaldab teepuu\u00f5li, mis annab antibakteriaalse toime, ning pajulehti, mis sisaldavad<br \/>\nkoorivate omadustega salits\u00fc\u00fclhapet.<\/li>\n<li>Emulsioon on antiseptilise toimega, aitab v\u00e4hendada p\u00f5letikku, niisutab, normaliseerib naha pH-taset ja on matistava toimega.<\/li>\n<\/ul>\n","protected":false},"excerpt":{"rendered":"<p>Hooldus reguleerib rasueritust, eemaldab liigse rasu, omab p\u00f5letikuvastast ja niisutavat toimet.<\/p>\n<p>&nbsp;<\/p>\n<p>Komplekt on m\u00f5eldud professionaalseks kasutamiseks 6 protseduuril.<\/p>\n<ul>\n<li><span style=\"font-size: 14px;\">koorija Peel with AHA+BHA+PO 30ml<\/span><\/li>\n<li><span style=\"font-size: 14px;\">aktiivne kontsentraat Oily Control Concentrate 6 x 3ml<\/span><\/li>\n<li><span style=\"font-size: 14px;\">alginaatmask Oily Control Mask 6 x 30g<\/span><\/li>\n<li><span style=\"font-size: 14px;\">emulsioon Balance Fluid 20ml<\/span><\/li>\n<\/ul>\n<p>&nbsp;<\/p>\n","protected":false},"featured_media":1408,"comment_status":"open","ping_status":"closed","template":"","meta":{"_uag_custom_page_level_css":"","site-sidebar-layout":"default","site-content-layout":"","ast-site-content-layout":"default","site-content-style":"default","site-sidebar-style":"default","ast-global-header-display":"","ast-banner-title-visibility":"","ast-main-header-display":"","ast-hfb-above-header-display":"","ast-hfb-below-header-display":"","ast-hfb-mobile-header-display":"","site-post-title":"","ast-breadcrumbs-content":"","ast-featured-img":"","footer-sml-layout":"","ast-disable-related-posts":"","theme-transparent-header-meta":"default","adv-header-id-meta":"","stick-header-meta":"","header-above-stick-meta":"","header-main-stick-meta":"","header-below-stick-meta":"","astra-migrate-meta-layouts":"set","ast-page-background-enabled":"default","ast-page-background-meta":{"desktop":{"background-color":"var(--ast-global-color-4)","background-image":"","background-repeat":"repeat","background-position":"center center","background-size":"auto","background-attachment":"scroll","background-type":"","background-media":"","overlay-type":"","overlay-color":"","overlay-opacity":"","overlay-gradient":""},"tablet":{"background-color":"","background-image":"","background-repeat":"repeat","background-position":"center center","background-size":"auto","background-attachment":"scroll","background-type":"","background-media":"","overlay-type":"","overlay-color":"","overlay-opacity":"","overlay-gradient":""},"mobile":{"background-color":"","background-image":"","background-repeat":"repeat","background-position":"center center","background-size":"auto","background-attachment":"scroll","background-type":"","background-media":"","overlay-type":"","overlay-color":"","overlay-opacity":"","overlay-gradient":""}},"ast-content-background-meta":{"desktop":{"background-color":"var(--ast-global-color-5)","background-image":"","background-repeat":"repeat","background-position":"center center","background-size":"auto","background-attachment":"scroll","background-type":"","background-media":"","overlay-type":"","overlay-color":"","overlay-opacity":"","overlay-gradient":""},"tablet":{"background-color":"var(--ast-global-color-5)","background-image":"","background-repeat":"repeat","background-position":"center center","background-size":"auto","background-attachment":"scroll","background-type":"","background-media":"","overlay-type":"","overlay-color":"","overlay-opacity":"","overlay-gradient":""},"mobile":{"background-color":"var(--ast-global-color-5)","background-image":"","background-repeat":"repeat","background-position":"center center","background-size":"auto","background-attachment":"scroll","background-type":"","background-media":"","overlay-type":"","overlay-color":"","overlay-opacity":"","overlay-gradient":""}}},"product_brand":[],"product_cat":[96,97,22],"product_tag":[],"class_list":{"0":"post-1340","1":"product","2":"type-product","3":"status-publish","4":"has-post-thumbnail","6":"product_cat-brands","7":"product_cat-naole","8":"product_cat-pure-solutions","9":"desktop-align-left","10":"tablet-align-left","11":"mobile-align-left","13":"first","14":"instock","15":"taxable","16":"shipping-taxable","17":"product-type-simple","18":"add-to-wishlist-before_image"},"uagb_featured_image_src":{"full":["https:\/\/kosmeetika24.com\/wp-content\/uploads\/2023\/10\/2283-Oily-Control-Treatment.jpg",600,600,false],"thumbnail":["https:\/\/kosmeetika24.com\/wp-content\/uploads\/2023\/10\/2283-Oily-Control-Treatment-150x150.jpg",150,150,true],"medium":["https:\/\/kosmeetika24.com\/wp-content\/uploads\/2023\/10\/2283-Oily-Control-Treatment-300x300.jpg",300,300,true],"medium_large":["https:\/\/kosmeetika24.com\/wp-content\/uploads\/2023\/10\/2283-Oily-Control-Treatment.jpg",600,600,false],"large":["https:\/\/kosmeetika24.com\/wp-content\/uploads\/2023\/10\/2283-Oily-Control-Treatment.jpg",600,600,false],"1536x1536":["https:\/\/kosmeetika24.com\/wp-content\/uploads\/2023\/10\/2283-Oily-Control-Treatment.jpg",600,600,false],"2048x2048":["https:\/\/kosmeetika24.com\/wp-content\/uploads\/2023\/10\/2283-Oily-Control-Treatment.jpg",600,600,false],"trp-custom-language-flag":["https:\/\/kosmeetika24.com\/wp-content\/uploads\/2023\/10\/2283-Oily-Control-Treatment-12x12.jpg",12,12,true],"woocommerce_thumbnail":["https:\/\/kosmeetika24.com\/wp-content\/uploads\/2023\/10\/2283-Oily-Control-Treatment-300x300.jpg",300,300,true],"woocommerce_single":["https:\/\/kosmeetika24.com\/wp-content\/uploads\/2023\/10\/2283-Oily-Control-Treatment-500x500.jpg",500,500,true],"woocommerce_gallery_thumbnail":["https:\/\/kosmeetika24.com\/wp-content\/uploads\/2023\/10\/2283-Oily-Control-Treatment-100x100.jpg",100,100,true]},"uagb_author_info":{"display_name":"admin","author_link":"https:\/\/kosmeetika24.com\/et\/author\/"},"uagb_comment_info":0,"uagb_excerpt":"Hooldus reguleerib rasueritust, eemaldab liigse rasu, omab p\u00f5letikuvastast ja niisutavat toimet. &nbsp; Komplekt on m\u00f5eldud professionaalseks kasutamiseks 6 protseduuril. koorija Peel with AHA+BHA+PO 30ml aktiivne kontsentraat Oily Control Concentrate 6 x 3ml alginaatmask Oily Control Mask 6 x 30g emulsioon Balance Fluid 20ml &nbsp;","_links":{"self":[{"href":"https:\/\/kosmeetika24.com\/et\/wp-json\/wp\/v2\/product\/1340","targetHints":{"allow":["GET"]}}],"collection":[{"href":"https:\/\/kosmeetika24.com\/et\/wp-json\/wp\/v2\/product"}],"about":[{"href":"https:\/\/kosmeetika24.com\/et\/wp-json\/wp\/v2\/types\/product"}],"replies":[{"embeddable":true,"href":"https:\/\/kosmeetika24.com\/et\/wp-json\/wp\/v2\/comments?post=1340"}],"version-history":[{"count":1,"href":"https:\/\/kosmeetika24.com\/et\/wp-json\/wp\/v2\/product\/1340\/revisions"}],"predecessor-version":[{"id":4695,"href":"https:\/\/kosmeetika24.com\/et\/wp-json\/wp\/v2\/product\/1340\/revisions\/4695"}],"wp:featuredmedia":[{"embeddable":true,"href":"https:\/\/kosmeetika24.com\/et\/wp-json\/wp\/v2\/media\/1408"}],"wp:attachment":[{"href":"https:\/\/kosmeetika24.com\/et\/wp-json\/wp\/v2\/media?parent=1340"}],"wp:term":[{"taxonomy":"product_brand","embeddable":true,"href":"https:\/\/kosmeetika24.com\/et\/wp-json\/wp\/v2\/product_brand?post=1340"},{"taxonomy":"product_cat","embeddable":true,"href":"https:\/\/kosmeetika24.com\/et\/wp-json\/wp\/v2\/product_cat?post=1340"},{"taxonomy":"product_tag","embeddable":true,"href":"https:\/\/kosmeetika24.com\/et\/wp-json\/wp\/v2\/product_tag?post=1340"}],"curies":[{"name":"wp","href":"https:\/\/api.w.org\/{rel}","templated":true}]}}