{"id":1336,"date":"2024-01-04T10:09:26","date_gmt":"2024-01-04T10:09:26","guid":{"rendered":"https:\/\/kosmeetika24.com\/?post_type=product&#038;p=1336"},"modified":"2025-07-02T13:22:24","modified_gmt":"2025-07-02T10:22:24","slug":"bruno-vassari-skin-comfort-intensiivne-parandav-kreem-2","status":"publish","type":"product","link":"https:\/\/kosmeetika24.com\/et\/toode\/bruno-vassari-skin-comfort-intensiivne-parandav-kreem-2\/","title":{"rendered":"BRUNO VASSARI Skin Comfort intensiivne parandav kreem"},"content":{"rendered":"<p>Naha struktuuri parandav kreem<em> Skin Restore Plus<\/em> v\u00e4hendab v\u00f5imalikku reaktsiooni \u00e4rritusele ja aitab taastada naha h\u00fcdrolipiidse kihi. Kreem rahustab, niisutab ja toidab nahka.<\/p>\n<p>Sobib k\u00f5igile nahat\u00fc\u00fcpidele, eriti stressis nahale.<\/p>\n<p><strong>TOIMEAINED<\/strong><\/p>\n<ul>\n<li>\u201eSkincalmin\u201c<\/li>\n<li>SLM (naha lipiidmaatriks)<\/li>\n<li>Skvalaan<\/li>\n<li>E-vitamiin<\/li>\n<li>Jojooba\u00f5li<\/li>\n<li>Sheav\u00f5i<\/li>\n<\/ul>\n<p><strong>TOIME<\/strong><\/p>\n<p>Toote koostis imiteerib naha kaitsefunktsiooni ja lipiidide sidusust. See taastab naha optimaalse veesisalduse, toidab nahka ning taastab naha loomuliku kaitsebarj\u00e4\u00e4ri.<\/p>\n<ul>\n<li>Sklaavan toetab naha kaitsvat funktsiooni, j\u00e4tab naha pehmeks ja siidiseks.<\/li>\n<li>E-vitamiin\u00a0 toimib antioks\u00fcdandina, stimuleerib naha hingamist ja tugevdab naha rakkude membraani.<\/li>\n<li>Jojoba\u00f5li kaitseb nahka aurustumise ja toksiliste ainete eest.<\/li>\n<li>Sheav\u00f5i silub ja s\u00e4ilitab naha niiskuse.<\/li>\n<\/ul>\n<p><strong>KOOSTIS<\/strong><\/p>\n<p>AQUA (WATER), CAPRYLIC\/ CAPRIC TRIGLYCERIDE, GLYCERIN, PENTYLENE GLYCOL, SIMMONDSIA, CHINENSIS (JOJOBA) SEED OIL, CETEARYL ALCOHOL, HYDROGENATED PHOSPHATIDYLCLORINE, SQUALANE, BUTYROSPERMUM PARKII ( SHEA) BUTTER, HYDROXYPHENYL PROPAMIDOBENZOIC ACID, CERAMIDE NP, ASCORBYL PALMITATE, CHLORPHEESIN, TOCOPHERYL ACETATE, PHENOXYETHANOL, BUTYLENE GLYCOL, CARBOMER, HYDROXYETHYLCELLULOSE, XANTHAN GUM, SODIUM HYDROXIDE, PARFUM ( FRAGRANCE).<\/p>\n","protected":false},"excerpt":{"rendered":"<p>Professionaalseks kasutamiseks m\u00f5eldud kreem sobib tundliku ja kahjustunud naha taastamiseks.<\/p>\n<p>&nbsp;<\/p>\n<p>200 ml<\/p>\n","protected":false},"featured_media":1405,"comment_status":"open","ping_status":"closed","template":"","meta":{"_uag_custom_page_level_css":"","site-sidebar-layout":"default","site-content-layout":"","ast-site-content-layout":"default","site-content-style":"default","site-sidebar-style":"default","ast-global-header-display":"","ast-banner-title-visibility":"","ast-main-header-display":"","ast-hfb-above-header-display":"","ast-hfb-below-header-display":"","ast-hfb-mobile-header-display":"","site-post-title":"","ast-breadcrumbs-content":"","ast-featured-img":"","footer-sml-layout":"","ast-disable-related-posts":"","theme-transparent-header-meta":"default","adv-header-id-meta":"","stick-header-meta":"","header-above-stick-meta":"","header-main-stick-meta":"","header-below-stick-meta":"","astra-migrate-meta-layouts":"set","ast-page-background-enabled":"default","ast-page-background-meta":{"desktop":{"background-color":"var(--ast-global-color-4)","background-image":"","background-repeat":"repeat","background-position":"center center","background-size":"auto","background-attachment":"scroll","background-type":"","background-media":"","overlay-type":"","overlay-color":"","overlay-opacity":"","overlay-gradient":""},"tablet":{"background-color":"","background-image":"","background-repeat":"repeat","background-position":"center center","background-size":"auto","background-attachment":"scroll","background-type":"","background-media":"","overlay-type":"","overlay-color":"","overlay-opacity":"","overlay-gradient":""},"mobile":{"background-color":"","background-image":"","background-repeat":"repeat","background-position":"center center","background-size":"auto","background-attachment":"scroll","background-type":"","background-media":"","overlay-type":"","overlay-color":"","overlay-opacity":"","overlay-gradient":""}},"ast-content-background-meta":{"desktop":{"background-color":"var(--ast-global-color-5)","background-image":"","background-repeat":"repeat","background-position":"center center","background-size":"auto","background-attachment":"scroll","background-type":"","background-media":"","overlay-type":"","overlay-color":"","overlay-opacity":"","overlay-gradient":""},"tablet":{"background-color":"var(--ast-global-color-5)","background-image":"","background-repeat":"repeat","background-position":"center center","background-size":"auto","background-attachment":"scroll","background-type":"","background-media":"","overlay-type":"","overlay-color":"","overlay-opacity":"","overlay-gradient":""},"mobile":{"background-color":"var(--ast-global-color-5)","background-image":"","background-repeat":"repeat","background-position":"center center","background-size":"auto","background-attachment":"scroll","background-type":"","background-media":"","overlay-type":"","overlay-color":"","overlay-opacity":"","overlay-gradient":""}}},"product_brand":[],"product_cat":[96,97,77],"product_tag":[],"class_list":{"0":"post-1336","1":"product","2":"type-product","3":"status-publish","4":"has-post-thumbnail","6":"product_cat-brands","7":"product_cat-naole","8":"product_cat-skin-comfort","9":"desktop-align-left","10":"tablet-align-left","11":"mobile-align-left","13":"first","14":"instock","15":"taxable","16":"shipping-taxable","17":"product-type-simple","18":"add-to-wishlist-before_image"},"uagb_featured_image_src":{"full":["https:\/\/kosmeetika24.com\/wp-content\/uploads\/2023\/10\/2306-Skin-Restore-Plus-1.jpg",600,600,false],"thumbnail":["https:\/\/kosmeetika24.com\/wp-content\/uploads\/2023\/10\/2306-Skin-Restore-Plus-1-150x150.jpg",150,150,true],"medium":["https:\/\/kosmeetika24.com\/wp-content\/uploads\/2023\/10\/2306-Skin-Restore-Plus-1-300x300.jpg",300,300,true],"medium_large":["https:\/\/kosmeetika24.com\/wp-content\/uploads\/2023\/10\/2306-Skin-Restore-Plus-1.jpg",600,600,false],"large":["https:\/\/kosmeetika24.com\/wp-content\/uploads\/2023\/10\/2306-Skin-Restore-Plus-1.jpg",600,600,false],"1536x1536":["https:\/\/kosmeetika24.com\/wp-content\/uploads\/2023\/10\/2306-Skin-Restore-Plus-1.jpg",600,600,false],"2048x2048":["https:\/\/kosmeetika24.com\/wp-content\/uploads\/2023\/10\/2306-Skin-Restore-Plus-1.jpg",600,600,false],"trp-custom-language-flag":["https:\/\/kosmeetika24.com\/wp-content\/uploads\/2023\/10\/2306-Skin-Restore-Plus-1-12x12.jpg",12,12,true],"woocommerce_thumbnail":["https:\/\/kosmeetika24.com\/wp-content\/uploads\/2023\/10\/2306-Skin-Restore-Plus-1-300x300.jpg",300,300,true],"woocommerce_single":["https:\/\/kosmeetika24.com\/wp-content\/uploads\/2023\/10\/2306-Skin-Restore-Plus-1-500x500.jpg",500,500,true],"woocommerce_gallery_thumbnail":["https:\/\/kosmeetika24.com\/wp-content\/uploads\/2023\/10\/2306-Skin-Restore-Plus-1-100x100.jpg",100,100,true]},"uagb_author_info":{"display_name":"admin","author_link":"https:\/\/kosmeetika24.com\/et\/author\/"},"uagb_comment_info":0,"uagb_excerpt":"Professionaalseks kasutamiseks m\u00f5eldud kreem sobib tundliku ja kahjustunud naha taastamiseks. &nbsp; 200 ml","_links":{"self":[{"href":"https:\/\/kosmeetika24.com\/et\/wp-json\/wp\/v2\/product\/1336","targetHints":{"allow":["GET"]}}],"collection":[{"href":"https:\/\/kosmeetika24.com\/et\/wp-json\/wp\/v2\/product"}],"about":[{"href":"https:\/\/kosmeetika24.com\/et\/wp-json\/wp\/v2\/types\/product"}],"replies":[{"embeddable":true,"href":"https:\/\/kosmeetika24.com\/et\/wp-json\/wp\/v2\/comments?post=1336"}],"version-history":[{"count":3,"href":"https:\/\/kosmeetika24.com\/et\/wp-json\/wp\/v2\/product\/1336\/revisions"}],"predecessor-version":[{"id":6776,"href":"https:\/\/kosmeetika24.com\/et\/wp-json\/wp\/v2\/product\/1336\/revisions\/6776"}],"wp:featuredmedia":[{"embeddable":true,"href":"https:\/\/kosmeetika24.com\/et\/wp-json\/wp\/v2\/media\/1405"}],"wp:attachment":[{"href":"https:\/\/kosmeetika24.com\/et\/wp-json\/wp\/v2\/media?parent=1336"}],"wp:term":[{"taxonomy":"product_brand","embeddable":true,"href":"https:\/\/kosmeetika24.com\/et\/wp-json\/wp\/v2\/product_brand?post=1336"},{"taxonomy":"product_cat","embeddable":true,"href":"https:\/\/kosmeetika24.com\/et\/wp-json\/wp\/v2\/product_cat?post=1336"},{"taxonomy":"product_tag","embeddable":true,"href":"https:\/\/kosmeetika24.com\/et\/wp-json\/wp\/v2\/product_tag?post=1336"}],"curies":[{"name":"wp","href":"https:\/\/api.w.org\/{rel}","templated":true}]}}