{"id":1334,"date":"2024-01-04T10:05:22","date_gmt":"2024-01-04T10:05:22","guid":{"rendered":"https:\/\/kosmeetika24.com\/?post_type=product&#038;p=1334"},"modified":"2025-09-16T10:19:06","modified_gmt":"2025-09-16T07:19:06","slug":"bruno-vassari-skin-comfort-alkoholivaba-varskendav-toonik-2","status":"publish","type":"product","link":"https:\/\/kosmeetika24.com\/et\/toode\/bruno-vassari-skin-comfort-alkoholivaba-varskendav-toonik-2\/","title":{"rendered":"BRUNO VASSARI Skin Comfort alkoholivaba v\u00e4rskendav toonik"},"content":{"rendered":"<p>Alkoholivaba v\u00e4rskendav toonik <em>Refreshing Toner<\/em> on \u00f5rnatoimeline, v\u00e4rskendav ja rahustav n\u00e4ovesi.<\/p>\n<p>See on spetsiaalselt valmistatud ilma l\u00f5hnaainete ja alkoholita, et v\u00e4rskendada, rahustada ja tasakaalustada nahka, kaitstes samas h\u00fcdrolipiidkihti.<\/p>\n<p>Sobib k\u00f5igile nahat\u00fc\u00fcpidele, eriti aga\u00a0tundlikule ja kuivale nahale.<\/p>\n<p><strong>TOIMEAINED<\/strong><\/p>\n<ul>\n<li>Taimeekstraktide kompleks: lavendel, p\u00e4rn, saialill ja kummel.<\/li>\n<li>Niisutav kompleks.<\/li>\n<\/ul>\n<p><strong>TOIME<\/strong><\/p>\n<ul>\n<li>Niisutav kompleks gl\u00fctseriini ja gl\u00fckoolidega taastab vee tasakaalu nahas.<\/li>\n<li>Taimeekstraktide kompleksi peamine eesm\u00e4rk on anda n\u00e4oveele rahustavad ja p\u00f5letikuvastased omadused.<\/li>\n<\/ul>\n<p><strong>KOOSTIS<\/strong><\/p>\n<p>AQUA ( WATER), BUTYLENE GLYCOL, GLYCERIN, HYPERICUM PERFORATIUM EXTRACT, CHAMOMILLA RECUTITA (MATRICARIA) FLOWER EXTRACT, CALENDULA OFFICINALIS FLOWER EXTRACT, ANTHEMIS NOBILIS FLOWER EXTRACT, TILIA CORDATA FLOWER EXTRACT, CENTAUREA CYANUS FLOWER EXTRACT PHENOXYETHANOL, CHLORPHENESIN, BENZOPHENONE-4,\u00a0 DISODIUM EDTA, PROPYLENE GLYCOL, SODIUM HYDROXIDE, METHYLPROPANEDIOL, C.I. 42090 (FD&C BLUE NO.1), C-I- 19140 (FD&C YELLOW NO.5)<\/p>\n","protected":false},"excerpt":{"rendered":"<p>Professionaalseks kasutamiseks m\u00f5eldud alkoholivaba, \u00f5rnatoimeline, v\u00e4rskendav ja rahustav n\u00e4ovesi \u00f5rnale nahale.<\/p>\n<p>&nbsp;<\/p>\n<p>500 ml<\/p>\n","protected":false},"featured_media":1481,"comment_status":"open","ping_status":"closed","template":"","meta":{"_uag_custom_page_level_css":"","site-sidebar-layout":"default","site-content-layout":"","ast-site-content-layout":"default","site-content-style":"default","site-sidebar-style":"default","ast-global-header-display":"","ast-banner-title-visibility":"","ast-main-header-display":"","ast-hfb-above-header-display":"","ast-hfb-below-header-display":"","ast-hfb-mobile-header-display":"","site-post-title":"","ast-breadcrumbs-content":"","ast-featured-img":"","footer-sml-layout":"","ast-disable-related-posts":"","theme-transparent-header-meta":"default","adv-header-id-meta":"","stick-header-meta":"","header-above-stick-meta":"","header-main-stick-meta":"","header-below-stick-meta":"","astra-migrate-meta-layouts":"set","ast-page-background-enabled":"default","ast-page-background-meta":{"desktop":{"background-color":"var(--ast-global-color-4)","background-image":"","background-repeat":"repeat","background-position":"center center","background-size":"auto","background-attachment":"scroll","background-type":"","background-media":"","overlay-type":"","overlay-color":"","overlay-opacity":"","overlay-gradient":""},"tablet":{"background-color":"","background-image":"","background-repeat":"repeat","background-position":"center center","background-size":"auto","background-attachment":"scroll","background-type":"","background-media":"","overlay-type":"","overlay-color":"","overlay-opacity":"","overlay-gradient":""},"mobile":{"background-color":"","background-image":"","background-repeat":"repeat","background-position":"center center","background-size":"auto","background-attachment":"scroll","background-type":"","background-media":"","overlay-type":"","overlay-color":"","overlay-opacity":"","overlay-gradient":""}},"ast-content-background-meta":{"desktop":{"background-color":"var(--ast-global-color-5)","background-image":"","background-repeat":"repeat","background-position":"center center","background-size":"auto","background-attachment":"scroll","background-type":"","background-media":"","overlay-type":"","overlay-color":"","overlay-opacity":"","overlay-gradient":""},"tablet":{"background-color":"var(--ast-global-color-5)","background-image":"","background-repeat":"repeat","background-position":"center center","background-size":"auto","background-attachment":"scroll","background-type":"","background-media":"","overlay-type":"","overlay-color":"","overlay-opacity":"","overlay-gradient":""},"mobile":{"background-color":"var(--ast-global-color-5)","background-image":"","background-repeat":"repeat","background-position":"center center","background-size":"auto","background-attachment":"scroll","background-type":"","background-media":"","overlay-type":"","overlay-color":"","overlay-opacity":"","overlay-gradient":""}}},"product_brand":[],"product_cat":[96,97,77],"product_tag":[],"class_list":{"0":"post-1334","1":"product","2":"type-product","3":"status-publish","4":"has-post-thumbnail","6":"product_cat-brands","7":"product_cat-naole","8":"product_cat-skin-comfort","9":"desktop-align-left","10":"tablet-align-left","11":"mobile-align-left","13":"first","14":"instock","15":"taxable","16":"shipping-taxable","17":"product-type-simple","18":"add-to-wishlist-before_image"},"uagb_featured_image_src":{"full":["https:\/\/kosmeetika24.com\/wp-content\/uploads\/2023\/10\/2201-Refreshing-Toner-1.jpg",600,600,false],"thumbnail":["https:\/\/kosmeetika24.com\/wp-content\/uploads\/2023\/10\/2201-Refreshing-Toner-1-150x150.jpg",150,150,true],"medium":["https:\/\/kosmeetika24.com\/wp-content\/uploads\/2023\/10\/2201-Refreshing-Toner-1-300x300.jpg",300,300,true],"medium_large":["https:\/\/kosmeetika24.com\/wp-content\/uploads\/2023\/10\/2201-Refreshing-Toner-1.jpg",600,600,false],"large":["https:\/\/kosmeetika24.com\/wp-content\/uploads\/2023\/10\/2201-Refreshing-Toner-1.jpg",600,600,false],"1536x1536":["https:\/\/kosmeetika24.com\/wp-content\/uploads\/2023\/10\/2201-Refreshing-Toner-1.jpg",600,600,false],"2048x2048":["https:\/\/kosmeetika24.com\/wp-content\/uploads\/2023\/10\/2201-Refreshing-Toner-1.jpg",600,600,false],"trp-custom-language-flag":["https:\/\/kosmeetika24.com\/wp-content\/uploads\/2023\/10\/2201-Refreshing-Toner-1-12x12.jpg",12,12,true],"woocommerce_thumbnail":["https:\/\/kosmeetika24.com\/wp-content\/uploads\/2023\/10\/2201-Refreshing-Toner-1-300x300.jpg",300,300,true],"woocommerce_single":["https:\/\/kosmeetika24.com\/wp-content\/uploads\/2023\/10\/2201-Refreshing-Toner-1-500x500.jpg",500,500,true],"woocommerce_gallery_thumbnail":["https:\/\/kosmeetika24.com\/wp-content\/uploads\/2023\/10\/2201-Refreshing-Toner-1-100x100.jpg",100,100,true]},"uagb_author_info":{"display_name":"admin","author_link":"https:\/\/kosmeetika24.com\/et\/author\/"},"uagb_comment_info":0,"uagb_excerpt":"Professionaalseks kasutamiseks m\u00f5eldud alkoholivaba, \u00f5rnatoimeline, v\u00e4rskendav ja rahustav n\u00e4ovesi \u00f5rnale nahale. &nbsp; 500 ml","_links":{"self":[{"href":"https:\/\/kosmeetika24.com\/et\/wp-json\/wp\/v2\/product\/1334","targetHints":{"allow":["GET"]}}],"collection":[{"href":"https:\/\/kosmeetika24.com\/et\/wp-json\/wp\/v2\/product"}],"about":[{"href":"https:\/\/kosmeetika24.com\/et\/wp-json\/wp\/v2\/types\/product"}],"replies":[{"embeddable":true,"href":"https:\/\/kosmeetika24.com\/et\/wp-json\/wp\/v2\/comments?post=1334"}],"version-history":[{"count":4,"href":"https:\/\/kosmeetika24.com\/et\/wp-json\/wp\/v2\/product\/1334\/revisions"}],"predecessor-version":[{"id":7047,"href":"https:\/\/kosmeetika24.com\/et\/wp-json\/wp\/v2\/product\/1334\/revisions\/7047"}],"wp:featuredmedia":[{"embeddable":true,"href":"https:\/\/kosmeetika24.com\/et\/wp-json\/wp\/v2\/media\/1481"}],"wp:attachment":[{"href":"https:\/\/kosmeetika24.com\/et\/wp-json\/wp\/v2\/media?parent=1334"}],"wp:term":[{"taxonomy":"product_brand","embeddable":true,"href":"https:\/\/kosmeetika24.com\/et\/wp-json\/wp\/v2\/product_brand?post=1334"},{"taxonomy":"product_cat","embeddable":true,"href":"https:\/\/kosmeetika24.com\/et\/wp-json\/wp\/v2\/product_cat?post=1334"},{"taxonomy":"product_tag","embeddable":true,"href":"https:\/\/kosmeetika24.com\/et\/wp-json\/wp\/v2\/product_tag?post=1334"}],"curies":[{"name":"wp","href":"https:\/\/api.w.org\/{rel}","templated":true}]}}