{"id":7270,"date":"2026-02-06T15:07:22","date_gmt":"2026-02-06T12:07:22","guid":{"rendered":"https:\/\/kosmeetika24.com\/?page_id=7270"},"modified":"2026-03-12T10:17:28","modified_gmt":"2026-03-12T07:17:28","slug":"ultraheli-ja-reveel","status":"publish","type":"page","link":"https:\/\/kosmeetika24.com\/et\/ultraheli-ja-reveel\/","title":{"rendered":"ultraheli-ja-reveel"},"content":{"rendered":"\t\t<div data-elementor-type=\"wp-page\" data-elementor-id=\"7270\" class=\"elementor elementor-7270\" wpc-filter-elementor-widget=\"1\">\n\t\t\t\t\t\t<section class=\"elementor-section elementor-top-section elementor-element elementor-element-15b14ed elementor-section-boxed elementor-section-height-default elementor-section-height-default\" data-id=\"15b14ed\" data-element_type=\"section\" data-e-type=\"section\">\n\t\t\t\t\t\t<div class=\"elementor-container elementor-column-gap-default\">\n\t\t\t\t\t<div class=\"elementor-column elementor-col-100 elementor-top-column elementor-element elementor-element-cb02b33\" data-id=\"cb02b33\" data-element_type=\"column\" data-e-type=\"column\">\n\t\t\t<div class=\"elementor-widget-wrap elementor-element-populated\">\n\t\t\t\t\t\t<div class=\"elementor-element elementor-element-6318737 elementor-widget elementor-widget-heading\" data-id=\"6318737\" data-element_type=\"widget\" data-e-type=\"widget\" data-widget_type=\"heading.default\">\n\t\t\t\t<div class=\"elementor-widget-container\">\n\t\t\t\t\t<h2 class=\"elementor-heading-title elementor-size-default\"><h2 data-elementor-setting-key=\"title\" data-pen-placeholder=\"Type Here...\" style=\"font-style: normal\"><span style=\"font-size: 2.5rem\">Ultrahelihooldus kasutades Reveel tooteid<\/span><span style=\"font-size: 2.5rem;font-style: inherit\"><\/span><\/h2><\/h2>\t\t\t\t<\/div>\n\t\t\t\t<\/div>\n\t\t\t\t\t<\/div>\n\t\t<\/div>\n\t\t\t\t\t<\/div>\n\t\t<\/section>\n\t\t\t\t<section class=\"elementor-section elementor-top-section elementor-element elementor-element-3dc02ff elementor-section-boxed elementor-section-height-default elementor-section-height-default\" data-id=\"3dc02ff\" data-element_type=\"section\" data-e-type=\"section\">\n\t\t\t\t\t\t<div class=\"elementor-container elementor-column-gap-default\">\n\t\t\t\t\t<div class=\"elementor-column elementor-col-100 elementor-top-column elementor-element elementor-element-a7fbfa5\" data-id=\"a7fbfa5\" data-element_type=\"column\" data-e-type=\"column\">\n\t\t\t<div class=\"elementor-widget-wrap elementor-element-populated\">\n\t\t\t\t\t\t<div class=\"elementor-element elementor-element-f40c225 elementor-widget elementor-widget-text-editor\" data-id=\"f40c225\" data-element_type=\"widget\" data-e-type=\"widget\" data-widget_type=\"text-editor.default\">\n\t\t\t\t<div class=\"elementor-widget-container\">\n\t\t\t\t\t\t\t\t\t<p>Ultrahelihooldus on \u00fcks populaarsemaid tehnoloogiaid professionaalses kosmeetikas. Kombineerides selle Reveel toodetega, saab pakkuda kliendile hooldust, mis parandab toimeainete imendumist ning annab nahale n\u00e4htava s\u00e4ra ja niisutuse.<\/p>\t\t\t\t\t\t\t\t<\/div>\n\t\t\t\t<\/div>\n\t\t\t\t\t<\/div>\n\t\t<\/div>\n\t\t\t\t\t<\/div>\n\t\t<\/section>\n\t\t\t\t<section class=\"elementor-section elementor-top-section elementor-element elementor-element-e10e59d elementor-section-boxed elementor-section-height-default elementor-section-height-default\" data-id=\"e10e59d\" data-element_type=\"section\" data-e-type=\"section\">\n\t\t\t\t\t\t<div class=\"elementor-container elementor-column-gap-default\">\n\t\t\t\t\t<div class=\"elementor-column elementor-col-50 elementor-top-column elementor-element elementor-element-f063b1c\" data-id=\"f063b1c\" data-element_type=\"column\" data-e-type=\"column\">\n\t\t\t<div class=\"elementor-widget-wrap elementor-element-populated\">\n\t\t\t\t\t\t<div class=\"elementor-element elementor-element-e7ec834 elementor-widget elementor-widget-spacer\" data-id=\"e7ec834\" data-element_type=\"widget\" data-e-type=\"widget\" data-widget_type=\"spacer.default\">\n\t\t\t\t<div class=\"elementor-widget-container\">\n\t\t\t\t\t\t\t<div class=\"elementor-spacer\">\n\t\t\t<div class=\"elementor-spacer-inner\"><\/div>\n\t\t<\/div>\n\t\t\t\t\t\t<\/div>\n\t\t\t\t<\/div>\n\t\t\t\t<div class=\"elementor-element elementor-element-4d0615c elementor-widget elementor-widget-heading\" data-id=\"4d0615c\" data-element_type=\"widget\" data-e-type=\"widget\" data-widget_type=\"heading.default\">\n\t\t\t\t<div class=\"elementor-widget-container\">\n\t\t\t\t\t<h3 class=\"elementor-heading-title elementor-size-default\">Miks lisada ultrahelihooldus oma teenuste hulka?<\/h3>\t\t\t\t<\/div>\n\t\t\t\t<\/div>\n\t\t\t\t<div class=\"elementor-element elementor-element-1a658ea elementor-widget elementor-widget-text-editor\" data-id=\"1a658ea\" data-element_type=\"widget\" data-e-type=\"widget\" data-widget_type=\"text-editor.default\">\n\t\t\t\t<div class=\"elementor-widget-container\">\n\t\t\t\t\t\t\t\t\t<p>\u00a0\u2713 parandab aktiivainete imendumist nahka;<br \/>\u00a0\u2713 stimuleerib mikrotsirkulatsiooni ja naha ainevahetust;<br \/>\u00a0\u2713 aitab parandada naha tekstuuri ja elastsust;<br \/>\u00a0\u2713 sobib paljudele nahat\u00fc\u00fcpidele;<br \/>\u00a0\u2713 meeldiv ja l\u00f5\u00f5gastav hooldus kliendile<\/p>\n<p>\u00a0<\/p>\t\t\t\t\t\t\t\t<\/div>\n\t\t\t\t<\/div>\n\t\t\t\t\t<\/div>\n\t\t<\/div>\n\t\t\t\t<div class=\"elementor-column elementor-col-50 elementor-top-column elementor-element elementor-element-c58aa54\" data-id=\"c58aa54\" data-element_type=\"column\" data-e-type=\"column\">\n\t\t\t<div class=\"elementor-widget-wrap elementor-element-populated\">\n\t\t\t\t\t\t<div class=\"elementor-element elementor-element-4c9eed2 elementor-widget elementor-widget-image\" data-id=\"4c9eed2\" data-element_type=\"widget\" data-e-type=\"widget\" data-widget_type=\"image.default\">\n\t\t\t\t<div class=\"elementor-widget-container\">\n\t\t\t\t\t\t\t\t\t\t\t\t\t\t\t<img fetchpriority=\"high\" decoding=\"async\" width=\"998\" height=\"680\" src=\"https:\/\/kosmeetika24.com\/wp-content\/uploads\/2024\/09\/reveel-e1726734874814.jpg\" class=\"attachment-2048x2048 size-2048x2048 wp-image-5567\" alt=\"\" srcset=\"https:\/\/kosmeetika24.com\/wp-content\/uploads\/2024\/09\/reveel-e1726734874814.jpg 998w, https:\/\/kosmeetika24.com\/wp-content\/uploads\/2024\/09\/reveel-e1726734874814-500x341.jpg 500w, https:\/\/kosmeetika24.com\/wp-content\/uploads\/2024\/09\/reveel-e1726734874814-300x204.jpg 300w, https:\/\/kosmeetika24.com\/wp-content\/uploads\/2024\/09\/reveel-e1726734874814-768x523.jpg 768w, https:\/\/kosmeetika24.com\/wp-content\/uploads\/2024\/09\/reveel-e1726734874814-18x12.jpg 18w\" sizes=\"(max-width: 998px) 100vw, 998px\" \/>\t\t\t\t\t\t\t\t\t\t\t\t\t\t\t<\/div>\n\t\t\t\t<\/div>\n\t\t\t\t\t<\/div>\n\t\t<\/div>\n\t\t\t\t\t<\/div>\n\t\t<\/section>\n\t\t\t\t<section class=\"elementor-section elementor-top-section elementor-element elementor-element-6f4d5b67 elementor-section-boxed elementor-section-height-default elementor-section-height-default\" data-id=\"6f4d5b67\" data-element_type=\"section\" data-e-type=\"section\">\n\t\t\t\t\t\t<div class=\"elementor-container elementor-column-gap-default\">\n\t\t\t\t\t<div class=\"elementor-column elementor-col-100 elementor-top-column elementor-element elementor-element-3a685f6a\" data-id=\"3a685f6a\" data-element_type=\"column\" data-e-type=\"column\">\n\t\t\t<div class=\"elementor-widget-wrap elementor-element-populated\">\n\t\t\t\t\t\t<div class=\"elementor-element elementor-element-18e438ad elementor-widget elementor-widget-text-editor\" data-id=\"18e438ad\" data-element_type=\"widget\" data-e-type=\"widget\" data-widget_type=\"text-editor.default\">\n\t\t\t\t<div class=\"elementor-widget-container\">\n\t\t\t\t\t\t\t\t\t\n\n\n<p><\/p>\n\t\t\t\t\t\t\t\t<\/div>\n\t\t\t\t<\/div>\n\t\t\t\t<div class=\"elementor-element elementor-element-e4aa4ca elementor-widget elementor-widget-heading\" data-id=\"e4aa4ca\" data-element_type=\"widget\" data-e-type=\"widget\" data-widget_type=\"heading.default\">\n\t\t\t\t<div class=\"elementor-widget-container\">\n\t\t\t\t\t<h2 class=\"elementor-heading-title elementor-size-default\">Miks kasutada ultraheliga Reveel tooteid?\n<\/h2>\t\t\t\t<\/div>\n\t\t\t\t<\/div>\n\t\t\t\t<div class=\"elementor-element elementor-element-1bda017 elementor-widget elementor-widget-text-editor\" data-id=\"1bda017\" data-element_type=\"widget\" data-e-type=\"widget\" data-widget_type=\"text-editor.default\">\n\t\t\t\t<div class=\"elementor-widget-container\">\n\t\t\t\t\t\t\t\t\t<p>\u00a0<\/p>\n<p>Reveel professionaalsed nahahooldustooted sisaldavad aktiivseid ja nahas\u00f5bralikke koostisosi, mis toetavad naha niisutust, taastumist ja elastsust.\u00a0<span style=\"font-style: inherit; font-weight: inherit;\">Ultraheli abil viiakse toimeained s\u00fcgavamale nahakihtidesse, mis aitab saavutada paremaid ja kiiremini n\u00e4htavaid tulemusi.<\/span><\/p>\t\t\t\t\t\t\t\t<\/div>\n\t\t\t\t<\/div>\n\t\t\t\t\t<\/div>\n\t\t<\/div>\n\t\t\t\t\t<\/div>\n\t\t<\/section>\n\t\t\t\t<section class=\"elementor-section elementor-top-section elementor-element elementor-element-e5109ed elementor-section-boxed elementor-section-height-default elementor-section-height-default\" data-id=\"e5109ed\" data-element_type=\"section\" data-e-type=\"section\">\n\t\t\t\t\t\t<div class=\"elementor-container elementor-column-gap-default\">\n\t\t\t\t\t<div class=\"elementor-column elementor-col-100 elementor-top-column elementor-element elementor-element-8cd8092\" data-id=\"8cd8092\" data-element_type=\"column\" data-e-type=\"column\">\n\t\t\t<div class=\"elementor-widget-wrap elementor-element-populated\">\n\t\t\t\t\t\t<div class=\"elementor-element elementor-element-eb16623 elementor-widget elementor-widget-image\" data-id=\"eb16623\" data-element_type=\"widget\" data-e-type=\"widget\" data-widget_type=\"image.default\">\n\t\t\t\t<div class=\"elementor-widget-container\">\n\t\t\t\t\t\t\t\t\t\t\t\t\t\t\t<img decoding=\"async\" width=\"1024\" height=\"432\" src=\"https:\/\/kosmeetika24.com\/wp-content\/uploads\/2021\/08\/skin-cleanser-template-hero-img-bg-2-e1773138875583-1024x432.jpg\" class=\"attachment-large size-large wp-image-5772\" alt=\"\" srcset=\"https:\/\/kosmeetika24.com\/wp-content\/uploads\/2021\/08\/skin-cleanser-template-hero-img-bg-2-e1773138875583-1024x432.jpg 1024w, https:\/\/kosmeetika24.com\/wp-content\/uploads\/2021\/08\/skin-cleanser-template-hero-img-bg-2-e1773138875583-500x211.jpg 500w, https:\/\/kosmeetika24.com\/wp-content\/uploads\/2021\/08\/skin-cleanser-template-hero-img-bg-2-e1773138875583-300x127.jpg 300w, https:\/\/kosmeetika24.com\/wp-content\/uploads\/2021\/08\/skin-cleanser-template-hero-img-bg-2-e1773138875583-768x324.jpg 768w, https:\/\/kosmeetika24.com\/wp-content\/uploads\/2021\/08\/skin-cleanser-template-hero-img-bg-2-e1773138875583-1536x648.jpg 1536w, https:\/\/kosmeetika24.com\/wp-content\/uploads\/2021\/08\/skin-cleanser-template-hero-img-bg-2-e1773138875583-18x8.jpg 18w, https:\/\/kosmeetika24.com\/wp-content\/uploads\/2021\/08\/skin-cleanser-template-hero-img-bg-2-e1773138875583.jpg 1920w\" sizes=\"(max-width: 1024px) 100vw, 1024px\" \/>\t\t\t\t\t\t\t\t\t\t\t\t\t\t\t<\/div>\n\t\t\t\t<\/div>\n\t\t\t\t<div class=\"elementor-element elementor-element-86f660b elementor-widget elementor-widget-text-editor\" data-id=\"86f660b\" data-element_type=\"widget\" data-e-type=\"widget\" data-widget_type=\"text-editor.default\">\n\t\t\t\t<div class=\"elementor-widget-container\">\n\t\t\t\t\t\t\t\t\t<h3>15. aprillil pakume professionaalset koolitust, kus k\u00e4sitleme:<\/h3>\n<p><\/p>\n<ul>\n<li>ultraheli tehnoloogia toimimist ja kasutusv\u00f5imalusi;<\/li>\n<li>kuidas valida \u00f5iged Reveel tooted ultrahelihoolduseks;<\/li>\n<li>praktilisi soovitusi erinevate nahat\u00fc\u00fcpide jaoks;<\/li>\n<li>kuidas lisada ultrahelihooldus oma teenuste men\u00fc\u00fcsse.<\/li>\n<\/ul>\n<p>Koolitus on m\u00f5eldud spetsialistidele, kes soovivad pakkuda oma klientidele kaasaegseid, teadusp\u00f5hiseid ja k\u00f5rge lisandv\u00e4\u00e4rtusega lahendusi.<\/p>\n<p><\/p>\n<p><span style=\"font-style: inherit; font-weight: inherit;\">\u00a0<\/span><\/p>\n<h3 style=\"text-align: center;\"><span style=\"font-style: inherit; font-weight: inherit;\">Koolituse kava:<\/span><\/h3>\n<p style=\"text-align: center;\">09:30 \u2013 09:45 Kogunemine<br>10:00 \u2013 11:30 Koolituse teoreetiline osa<\/p>\n<p style=\"text-align: center;\">11:30 \u2013 12:00 L\u00f5una paus<br>12:00 \u2013 14:00 Koolituse praktiline osa<\/p>\n<p><\/p>\n<p>Koolituse osalustasu 29 \u20ac sisaldab t\u00e4ies mahus tootekrediiti.<\/p>\n<p>P\u00e4rast koolitust on v\u00f5imalik kogu osalustasu v\u00e4\u00e4rtuses soetada tooteid, et saaksid uue teenuse kohe oma kliinikus v\u00f5i salongis kasutusele v\u00f5tta.<\/p>\t\t\t\t\t\t\t\t<\/div>\n\t\t\t\t<\/div>\n\t\t\t\t\t<\/div>\n\t\t<\/div>\n\t\t\t\t\t<\/div>\n\t\t<\/section>\n\t\t\t\t<section class=\"elementor-section elementor-top-section elementor-element elementor-element-ede770c elementor-section-boxed elementor-section-height-default elementor-section-height-default\" data-id=\"ede770c\" data-element_type=\"section\" data-e-type=\"section\">\n\t\t\t\t\t\t<div class=\"elementor-container elementor-column-gap-default\">\n\t\t\t\t\t<div class=\"elementor-column elementor-col-100 elementor-top-column elementor-element elementor-element-3117578\" data-id=\"3117578\" data-element_type=\"column\" data-e-type=\"column\">\n\t\t\t<div class=\"elementor-widget-wrap elementor-element-populated\">\n\t\t\t\t\t\t<div class=\"elementor-element elementor-element-5e4ebbf elementor-widget elementor-widget-text-editor\" data-id=\"5e4ebbf\" data-element_type=\"widget\" data-e-type=\"widget\" data-widget_type=\"text-editor.default\">\n\t\t\t\t<div class=\"elementor-widget-container\">\n\t\t\t\t\t\t\t\t\t<h3 style=\"text-align: center;\">Registreeri<\/h3>\t\t\t\t\t\t\t\t<\/div>\n\t\t\t\t<\/div>\n\t\t\t\t\t<\/div>\n\t\t<\/div>\n\t\t\t\t\t<\/div>\n\t\t<\/section>\n\t\t\t\t<section class=\"elementor-section elementor-top-section elementor-element elementor-element-ce1e845 elementor-section-boxed elementor-section-height-default elementor-section-height-default\" data-id=\"ce1e845\" data-element_type=\"section\" data-e-type=\"section\">\n\t\t\t\t\t\t<div class=\"elementor-container elementor-column-gap-default\">\n\t\t\t\t\t<div class=\"elementor-column elementor-col-100 elementor-top-column elementor-element elementor-element-78748d5\" data-id=\"78748d5\" data-element_type=\"column\" data-e-type=\"column\">\n\t\t\t<div class=\"elementor-widget-wrap elementor-element-populated\">\n\t\t\t\t\t\t<div class=\"elementor-element elementor-element-d725910 elementor-widget elementor-widget-shortcode\" data-id=\"d725910\" data-element_type=\"widget\" data-e-type=\"widget\" data-widget_type=\"shortcode.default\">\n\t\t\t\t<div class=\"elementor-widget-container\">\n\t\t\t\t\t\t\t<div class=\"elementor-shortcode\"><div class=\"wpforms-container wpforms-block wpforms-block-ab3abe72-d59e-4704-b9fc-b0083077cd7a\" id=\"wpforms-7263\"><form id=\"wpforms-form-7263\" class=\"wpforms-validate wpforms-form wpforms-ajax-form\" data-formid=\"7263\" method=\"post\" enctype=\"multipart\/form-data\" action=\"\/et\/wp-json\/wp\/v2\/pages\/7270\" data-token=\"e239ae92e7519a9e82971108c47250b3\" data-token-time=\"1778248398\"><noscript class=\"wpforms-error-noscript\">Please enable JavaScript in your browser to complete this form.<\/noscript><div class=\"wpforms-field-container\">\t\t<div id=\"wpforms-7263-field_6-container\"\n\t\t\tclass=\"wpforms-field wpforms-field-text\"\n\t\t\tdata-field-type=\"text\"\n\t\t\tdata-field-id=\"6\"\n\t\t\t>\n\t\t\t<label class=\"wpforms-field-label\" for=\"wpforms-7263-field_6\" >Telefoni nimi S\u00f5num<\/label>\n\t\t\t<input type=\"text\" id=\"wpforms-7263-field_6\" class=\"wpforms-field-medium\" name=\"wpforms[fields][6]\" >\n\t\t<\/div>\n\t\t<div id=\"wpforms-7263-field_1-container\" class=\"wpforms-field wpforms-field-name\" data-field-id=\"1\"><label class=\"wpforms-field-label\">Nimi <span class=\"wpforms-required-label\">*<\/span><\/label><div class=\"wpforms-field-row wpforms-field-large\"><div class=\"wpforms-field-row-block wpforms-first wpforms-one-half\"><input type=\"text\" id=\"wpforms-7263-field_1\" class=\"wpforms-field-name-first wpforms-field-required\" name=\"wpforms[fields][1][first]\" required><label for=\"wpforms-7263-field_1\" class=\"wpforms-field-sublabel after\">First<\/label><\/div><div class=\"wpforms-field-row-block wpforms-one-half\"><input type=\"text\" id=\"wpforms-7263-field_1-last\" class=\"wpforms-field-name-last wpforms-field-required\" name=\"wpforms[fields][1][last]\" required><label for=\"wpforms-7263-field_1-last\" class=\"wpforms-field-sublabel after\">Last<\/label><\/div><\/div><\/div><div id=\"wpforms-7263-field_4-container\" class=\"wpforms-field wpforms-field-name\" data-field-id=\"4\"><label class=\"wpforms-field-label\" for=\"wpforms-7263-field_4\">Ettev\u00f5tte nimi <span class=\"wpforms-required-label\">*<\/span><\/label><input type=\"text\" id=\"wpforms-7263-field_4\" class=\"wpforms-field-large wpforms-field-required\" name=\"wpforms[fields][4]\" required><\/div><div id=\"wpforms-7263-field_5-container\" class=\"wpforms-field wpforms-field-name\" data-field-id=\"5\"><label class=\"wpforms-field-label\" for=\"wpforms-7263-field_5\">Telefoni number <span class=\"wpforms-required-label\">*<\/span><\/label><input type=\"text\" id=\"wpforms-7263-field_5\" class=\"wpforms-field-large wpforms-field-required\" name=\"wpforms[fields][5]\" required><\/div><div id=\"wpforms-7263-field_2-container\" class=\"wpforms-field wpforms-field-email\" data-field-id=\"2\"><label class=\"wpforms-field-label\" for=\"wpforms-7263-field_2\">Email <span class=\"wpforms-required-label\">*<\/span><\/label><input type=\"email\" id=\"wpforms-7263-field_2\" class=\"wpforms-field-large wpforms-field-required\" name=\"wpforms[fields][2]\" spellcheck=\"false\" required><\/div><div id=\"wpforms-7263-field_3-container\" class=\"wpforms-field wpforms-field-textarea\" data-field-id=\"3\"><label class=\"wpforms-field-label\" for=\"wpforms-7263-field_3\">S\u00f5num<\/label><textarea id=\"wpforms-7263-field_3\" class=\"wpforms-field-medium\" name=\"wpforms[fields][3]\" ><\/textarea><\/div><script>\n\t\t\t\t( function() {\n\t\t\t\t\tconst style = document.createElement( 'style' );\n\t\t\t\t\tstyle.appendChild( document.createTextNode( '#wpforms-7263-field_6-container { position: absolute !important; overflow: hidden !important; display: inline !important; height: 1px !important; width: 1px !important; z-index: -1000 !important; padding: 0 !important; } #wpforms-7263-field_6-container input { visibility: hidden; } #wpforms-conversational-form-page #wpforms-7263-field_6-container label { counter-increment: none; }' ) );\n\t\t\t\t\tdocument.head.appendChild( style );\n\t\t\t\t\tdocument.currentScript?.remove();\n\t\t\t\t} )();\n\t\t\t<\/script><\/div><!-- .wpforms-field-container --><div class=\"wpforms-submit-container\" ><input type=\"hidden\" name=\"wpforms[id]\" value=\"7263\"><input type=\"hidden\" name=\"page_title\" value=\"\"><input type=\"hidden\" name=\"page_url\" value=\"https:\/\/kosmeetika24.com\/et\/wp-json\/wp\/v2\/pages\/7270\"><input type=\"hidden\" name=\"url_referer\" value=\"\"><button type=\"submit\" name=\"wpforms[submit]\" id=\"wpforms-submit-7263\" class=\"wpforms-submit\" data-alt-text=\"Saadab..\" data-submit-text=\"Saada\" aria-live=\"assertive\" value=\"wpforms-submit\">Saada<\/button><img decoding=\"async\" src=\"https:\/\/kosmeetika24.com\/wp-content\/plugins\/wpforms-lite\/assets\/images\/submit-spin.svg\" class=\"wpforms-submit-spinner\" style=\"display: none;\" width=\"26\" height=\"26\" alt=\"Loading\"><\/div><\/form><\/div>  <!-- .wpforms-container --><\/div>\n\t\t\t\t\t\t<\/div>\n\t\t\t\t<\/div>\n\t\t\t\t\t<\/div>\n\t\t<\/div>\n\t\t\t\t\t<\/div>\n\t\t<\/section>\n\t\t\t\t<\/div>\n\t\t","protected":false},"excerpt":{"rendered":"<p>Ultrahelihooldus kasutades Reveel tooteid Ultrahelihooldus on \u00fcks populaarsemaid tehnoloogiaid professionaalses kosmeetikas. Kombineerides selle Reveel toodetega, saab pakkuda kliendile hooldust, mis parandab toimeainete imendumist ning annab nahale n\u00e4htava s\u00e4ra ja niisutuse. Miks lisada ultrahelihooldus oma teenuste hulka? \u00a0\u2713 parandab aktiivainete imendumist nahka;\u00a0\u2713 stimuleerib mikrotsirkulatsiooni ja naha ainevahetust;\u00a0\u2713 aitab parandada naha tekstuuri ja elastsust;\u00a0\u2713 sobib paljudele nahat\u00fc\u00fcpidele;\u00a0\u2713 [&hellip;]<\/p>\n","protected":false},"author":1,"featured_media":0,"parent":0,"menu_order":0,"comment_status":"closed","ping_status":"closed","template":"","meta":{"_uag_custom_page_level_css":"","site-sidebar-layout":"default","site-content-layout":"","ast-site-content-layout":"default","site-content-style":"default","site-sidebar-style":"default","ast-global-header-display":"","ast-banner-title-visibility":"","ast-main-header-display":"","ast-hfb-above-header-display":"","ast-hfb-below-header-display":"","ast-hfb-mobile-header-display":"","site-post-title":"","ast-breadcrumbs-content":"","ast-featured-img":"","footer-sml-layout":"","ast-disable-related-posts":"","theme-transparent-header-meta":"","adv-header-id-meta":"","stick-header-meta":"","header-above-stick-meta":"","header-main-stick-meta":"","header-below-stick-meta":"","astra-migrate-meta-layouts":"set","ast-page-background-enabled":"default","ast-page-background-meta":{"desktop":{"background-color":"var(--ast-global-color-4)","background-image":"","background-repeat":"repeat","background-position":"center center","background-size":"auto","background-attachment":"scroll","background-type":"","background-media":"","overlay-type":"","overlay-color":"","overlay-opacity":"","overlay-gradient":""},"tablet":{"background-color":"","background-image":"","background-repeat":"repeat","background-position":"center center","background-size":"auto","background-attachment":"scroll","background-type":"","background-media":"","overlay-type":"","overlay-color":"","overlay-opacity":"","overlay-gradient":""},"mobile":{"background-color":"","background-image":"","background-repeat":"repeat","background-position":"center center","background-size":"auto","background-attachment":"scroll","background-type":"","background-media":"","overlay-type":"","overlay-color":"","overlay-opacity":"","overlay-gradient":""}},"ast-content-background-meta":{"desktop":{"background-color":"var(--ast-global-color-5)","background-image":"","background-repeat":"repeat","background-position":"center center","background-size":"auto","background-attachment":"scroll","background-type":"","background-media":"","overlay-type":"","overlay-color":"","overlay-opacity":"","overlay-gradient":""},"tablet":{"background-color":"var(--ast-global-color-5)","background-image":"","background-repeat":"repeat","background-position":"center center","background-size":"auto","background-attachment":"scroll","background-type":"","background-media":"","overlay-type":"","overlay-color":"","overlay-opacity":"","overlay-gradient":""},"mobile":{"background-color":"var(--ast-global-color-5)","background-image":"","background-repeat":"repeat","background-position":"center center","background-size":"auto","background-attachment":"scroll","background-type":"","background-media":"","overlay-type":"","overlay-color":"","overlay-opacity":"","overlay-gradient":""}},"footnotes":""},"class_list":["post-7270","page","type-page","status-publish","hentry"],"uagb_featured_image_src":{"full":false,"thumbnail":false,"medium":false,"medium_large":false,"large":false,"1536x1536":false,"2048x2048":false,"trp-custom-language-flag":false,"woocommerce_thumbnail":false,"woocommerce_single":false,"woocommerce_gallery_thumbnail":false},"uagb_author_info":{"display_name":"admin","author_link":"https:\/\/kosmeetika24.com\/et\/author\/admin\/"},"uagb_comment_info":0,"uagb_excerpt":"Ultrahelihooldus kasutades Reveel tooteid Ultrahelihooldus on \u00fcks populaarsemaid tehnoloogiaid professionaalses kosmeetikas. Kombineerides selle Reveel toodetega, saab pakkuda kliendile hooldust, mis parandab toimeainete imendumist ning annab nahale n\u00e4htava s\u00e4ra ja niisutuse. Miks lisada ultrahelihooldus oma teenuste hulka? \u00a0\u2713 parandab aktiivainete imendumist nahka;\u00a0\u2713 stimuleerib mikrotsirkulatsiooni ja naha ainevahetust;\u00a0\u2713 aitab parandada naha tekstuuri ja elastsust;\u00a0\u2713 sobib paljudele nahat\u00fc\u00fcpidele;\u00a0\u2713&hellip;","_links":{"self":[{"href":"https:\/\/kosmeetika24.com\/et\/wp-json\/wp\/v2\/pages\/7270","targetHints":{"allow":["GET"]}}],"collection":[{"href":"https:\/\/kosmeetika24.com\/et\/wp-json\/wp\/v2\/pages"}],"about":[{"href":"https:\/\/kosmeetika24.com\/et\/wp-json\/wp\/v2\/types\/page"}],"author":[{"embeddable":true,"href":"https:\/\/kosmeetika24.com\/et\/wp-json\/wp\/v2\/users\/1"}],"replies":[{"embeddable":true,"href":"https:\/\/kosmeetika24.com\/et\/wp-json\/wp\/v2\/comments?post=7270"}],"version-history":[{"count":16,"href":"https:\/\/kosmeetika24.com\/et\/wp-json\/wp\/v2\/pages\/7270\/revisions"}],"predecessor-version":[{"id":7362,"href":"https:\/\/kosmeetika24.com\/et\/wp-json\/wp\/v2\/pages\/7270\/revisions\/7362"}],"wp:attachment":[{"href":"https:\/\/kosmeetika24.com\/et\/wp-json\/wp\/v2\/media?parent=7270"}],"curies":[{"name":"wp","href":"https:\/\/api.w.org\/{rel}","templated":true}]}}