{"id":7254,"date":"2026-02-06T17:09:50","date_gmt":"2026-02-06T14:09:50","guid":{"rendered":"https:\/\/kosmeetika24.com\/?page_id=7254"},"modified":"2026-03-10T16:52:43","modified_gmt":"2026-03-10T13:52:43","slug":"koolitused","status":"publish","type":"page","link":"https:\/\/kosmeetika24.com\/et\/koolitused\/","title":{"rendered":"Koolitused"},"content":{"rendered":"\t\t<div data-elementor-type=\"wp-page\" data-elementor-id=\"7254\" class=\"elementor elementor-7254\" wpc-filter-elementor-widget=\"1\">\n\t\t\t\t\t\t<section class=\"elementor-section elementor-top-section elementor-element elementor-element-f954f26 elementor-section-boxed elementor-section-height-default elementor-section-height-default\" data-id=\"f954f26\" data-element_type=\"section\" data-e-type=\"section\">\n\t\t\t\t\t\t<div class=\"elementor-container elementor-column-gap-default\">\n\t\t\t\t\t<div class=\"elementor-column elementor-col-100 elementor-top-column elementor-element elementor-element-da15ee5\" data-id=\"da15ee5\" data-element_type=\"column\" data-e-type=\"column\">\n\t\t\t<div class=\"elementor-widget-wrap elementor-element-populated\">\n\t\t\t\t\t\t<div class=\"elementor-element elementor-element-0eef1ca elementor-widget elementor-widget-heading\" data-id=\"0eef1ca\" data-element_type=\"widget\" data-e-type=\"widget\" data-widget_type=\"heading.default\">\n\t\t\t\t<div class=\"elementor-widget-container\">\n\t\t\t\t\t<h2 class=\"elementor-heading-title elementor-size-default\">Koolitused<\/h2>\t\t\t\t<\/div>\n\t\t\t\t<\/div>\n\t\t\t\t\t<\/div>\n\t\t<\/div>\n\t\t\t\t\t<\/div>\n\t\t<\/section>\n\t\t\t\t<section class=\"elementor-section elementor-top-section elementor-element elementor-element-98e8191 elementor-section-boxed elementor-section-height-default elementor-section-height-default\" data-id=\"98e8191\" data-element_type=\"section\" data-e-type=\"section\">\n\t\t\t\t\t\t<div class=\"elementor-container elementor-column-gap-default\">\n\t\t\t\t\t<div class=\"elementor-column elementor-col-100 elementor-top-column elementor-element elementor-element-61d8b24\" data-id=\"61d8b24\" data-element_type=\"column\" data-e-type=\"column\">\n\t\t\t<div class=\"elementor-widget-wrap elementor-element-populated\">\n\t\t\t\t\t\t<div class=\"elementor-element elementor-element-f614c50 elementor-widget elementor-widget-text-editor\" data-id=\"f614c50\" data-element_type=\"widget\" data-e-type=\"widget\" data-widget_type=\"text-editor.default\">\n\t\t\t\t<div class=\"elementor-widget-container\">\n\t\t\t\t\t\t\t\t\t<p data-start=\"149\" data-end=\"474\"><span data-start=\"149\" data-end=\"254\">Meie koolituskalender koondab mitmekesised toote- ja protseduurikoolitused eriala professionaalidele.<\/span><\/p><p data-start=\"149\" data-end=\"474\">\u00a0<\/p><p data-start=\"476\" data-end=\"766\">Koolitused keskenduvad nii teooriale kui ka praktilisele t\u00f6\u00f6le, aidates sul kindlalt ja professionaalselt uusi tooteid ning protseduure oma igap\u00e4evat\u00f6\u00f6s rakendada. Meie eesm\u00e4rk on toetada sinu arengut, t\u00f5sta teenuste kvaliteeti ja pakkuda v\u00e4\u00e4rtust, mis kajastub ka sinu klientide rahulolus.<\/p>\t\t\t\t\t\t\t\t<\/div>\n\t\t\t\t<\/div>\n\t\t\t\t\t<\/div>\n\t\t<\/div>\n\t\t\t\t\t<\/div>\n\t\t<\/section>\n\t\t\t\t<section class=\"elementor-section elementor-top-section elementor-element elementor-element-49751ed elementor-section-boxed elementor-section-height-default elementor-section-height-default\" data-id=\"49751ed\" data-element_type=\"section\" data-e-type=\"section\">\n\t\t\t\t\t\t<div class=\"elementor-container elementor-column-gap-default\">\n\t\t\t\t\t<div class=\"elementor-column elementor-col-100 elementor-top-column elementor-element elementor-element-dd6f67e\" data-id=\"dd6f67e\" data-element_type=\"column\" data-e-type=\"column\">\n\t\t\t<div class=\"elementor-widget-wrap elementor-element-populated\">\n\t\t\t\t\t\t<div class=\"elementor-element elementor-element-7e9671a elementor-widget elementor-widget-heading\" data-id=\"7e9671a\" data-element_type=\"widget\" data-e-type=\"widget\" data-widget_type=\"heading.default\">\n\t\t\t\t<div class=\"elementor-widget-container\">\n\t\t\t\t\t<h3 class=\"elementor-heading-title elementor-size-default\">Kellele meie koolitused sobivad?<\/h3>\t\t\t\t<\/div>\n\t\t\t\t<\/div>\n\t\t\t\t<div class=\"elementor-element elementor-element-49f9cfc elementor-widget elementor-widget-shortcode\" data-id=\"49f9cfc\" data-element_type=\"widget\" data-e-type=\"widget\" data-widget_type=\"shortcode.default\">\n\t\t\t\t<div class=\"elementor-widget-container\">\n\t\t\t\t\t\t\t<div class=\"elementor-shortcode\"><\/div>\n\t\t\t\t\t\t<\/div>\n\t\t\t\t<\/div>\n\t\t\t\t\t<\/div>\n\t\t<\/div>\n\t\t\t\t\t<\/div>\n\t\t<\/section>\n\t\t\t\t<section class=\"elementor-section elementor-top-section elementor-element elementor-element-471dfd8 elementor-section-boxed elementor-section-height-default elementor-section-height-default\" data-id=\"471dfd8\" data-element_type=\"section\" data-e-type=\"section\">\n\t\t\t\t\t\t<div class=\"elementor-container elementor-column-gap-default\">\n\t\t\t\t\t<div class=\"elementor-column elementor-col-100 elementor-top-column elementor-element elementor-element-73c16ca\" data-id=\"73c16ca\" data-element_type=\"column\" data-e-type=\"column\">\n\t\t\t<div class=\"elementor-widget-wrap elementor-element-populated\">\n\t\t\t\t\t\t<div class=\"elementor-element elementor-element-268acbf elementor-widget elementor-widget-shortcode\" data-id=\"268acbf\" data-element_type=\"widget\" data-e-type=\"widget\" data-widget_type=\"shortcode.default\">\n\t\t\t\t<div class=\"elementor-widget-container\">\n\t\t\t\t\t\t\t<div class=\"elementor-shortcode\"><\/div>\n\t\t\t\t\t\t<\/div>\n\t\t\t\t<\/div>\n\t\t\t\t\t<\/div>\n\t\t<\/div>\n\t\t\t\t\t<\/div>\n\t\t<\/section>\n\t\t\t\t<section class=\"elementor-section elementor-top-section elementor-element elementor-element-567d804 elementor-section-boxed elementor-section-height-default elementor-section-height-default\" data-id=\"567d804\" data-element_type=\"section\" data-e-type=\"section\">\n\t\t\t\t\t\t<div class=\"elementor-container elementor-column-gap-default\">\n\t\t\t\t\t<div class=\"elementor-column elementor-col-33 elementor-top-column elementor-element elementor-element-ca32d04\" data-id=\"ca32d04\" data-element_type=\"column\" data-e-type=\"column\">\n\t\t\t<div class=\"elementor-widget-wrap elementor-element-populated\">\n\t\t\t\t\t\t<div class=\"elementor-element elementor-element-58bb121 elementor-widget__width-initial elementor-widget elementor-widget-html\" data-id=\"58bb121\" data-element_type=\"widget\" data-e-type=\"widget\" data-widget_type=\"html.default\">\n\t\t\t\t<div class=\"elementor-widget-container\">\n\t\t\t\t\t<div class=\"k24-calendar-wrapper\">\r\n\r\n  <h3 id=\"calendar-title\"><\/h3>\r\n\r\n  <div id=\"calendar-container\"><\/div>\r\n\r\n  <!-- Nav all -->\r\n  <div class=\"calendar-nav\">\r\n    <button id=\"prevMonth\">\u2039 Eelmine<\/button>\r\n    <button id=\"nextMonth\">J\u00e4rgmine \u203a<\/button>\r\n  <\/div>\r\n\r\n<\/div>\r\n\r\n<style>\r\n.k24-calendar-wrapper{\r\n  max-width:500px;\r\n  margin:auto;\r\n  font-family:Arial, sans-serif;\r\n}\r\n\r\n#calendar-title{\r\n  text-align:center;\r\n  margin-bottom:15px;\r\n  font-weight:700;\r\n  font-size:18px;\r\n}\r\n\r\n.k24-calendar{\r\n  width:100%;\r\n  border-collapse:collapse;\r\n  margin-bottom:10px;\r\n}\r\n\r\n.k24-calendar th{\r\n  padding:6px;\r\n  text-align:center;\r\n  font-weight:600;\r\n}\r\n\r\n.k24-calendar td{\r\n  padding:10px;\r\n  text-align:center;\r\n  border-radius:6px;\r\n}\r\n\r\n.training-day{\r\n  font-weight:600;\r\n  background:transparent; \/* L\u00e4bipaistev *\/\r\n}\r\n\r\n.training-day a{\r\n  display:block;\r\n  text-decoration:none;\r\n  color:#000;\r\n}\r\n\r\n.calendar-nav{\r\n  display:flex;\r\n  justify-content:space-between;\r\n  margin-top:10px;\r\n}\r\n\r\n.calendar-nav button{\r\n  padding:6px 12px;\r\n  cursor:pointer;\r\n  background:transparent; \/* L\u00e4bipaistev *\/\r\n  border:1px solid #ccc;\r\n  border-radius:4px;\r\n}\r\n\r\n<\/style>\r\n\r\n<script>\r\ndocument.addEventListener(\"DOMContentLoaded\", function(){\r\n\r\n  const monthsEE = [\r\n    \"Jaanuar\",\"Veebruar\",\"M\u00e4rts\",\"Aprill\",\"Mai\",\"Juuni\",\r\n    \"Juuli\",\"August\",\"September\",\"Oktoober\",\"November\",\"Detsember\"\r\n  ];\r\n\r\n  const daysEE = [\"E\",\"T\",\"K\",\"N\",\"R\",\"L\",\"P\"];\r\n\r\n  \/* KOOLITUSED *\/\r\n  const trainings = {\r\n    \"2026-03-11\": {link:\"#eksosoomid-1103\", title:\"Eksosoomide koolitus\"},\r\n    \"2026-04-15\": {link:\"#ultraheli-1504\", title:\"Ultraheli koolitus\"},\r\n    \"2026-05-06\": {link:\"#kbeauty-0605\", title:\"K-Beauty koolitus\"}\r\n  };\r\n\r\n  let currentDate = new Date();\r\n\r\n  function renderCalendar(){\r\n    const month = currentDate.getMonth();\r\n    const year = currentDate.getFullYear();\r\n    const firstDay = new Date(year, month, 1).getDay();\r\n    const daysInMonth = new Date(year, month+1, 0).getDate();\r\n    let startDay = firstDay === 0 ? 6 : firstDay - 1;\r\n\r\n    let html = '<table class=\"k24-calendar\"><thead><tr>';\r\n    daysEE.forEach(d => { html += `<th>${d}<\/th>`; });\r\n    html += '<\/tr><\/thead><tbody><tr>';\r\n\r\n    for(let i=0; i<startDay; i++){ html+='<td><\/td>'; }\r\n\r\n    for(let d=1; d<=daysInMonth; d++){\r\n      const dateString = year+\"-\"+String(month+1).padStart(2,\"0\")+\"-\"+String(d).padStart(2,\"0\");\r\n      if((startDay+d-1)%7===0){ html+='<\/tr><tr>'; }\r\n\r\n      if(trainings[dateString]){\r\n        html += `<td class=\"training-day\">\r\n          <a href=\"${trainings[dateString].link}\" title=\"${trainings[dateString].title}\">${d}<\/a>\r\n        <\/td>`;\r\n      } else {\r\n        html += `<td>${d}<\/td>`;\r\n      }\r\n    }\r\n\r\n    html += '<\/tr><\/tbody><\/table>';\r\n\r\n    document.getElementById(\"calendar-container\").innerHTML = html;\r\n    document.getElementById(\"calendar-title\").innerText = monthsEE[month] + \" \" + year;\r\n  }\r\n\r\n  document.getElementById(\"prevMonth\").addEventListener(\"click\", function(){\r\n    currentDate.setMonth(currentDate.getMonth()-1);\r\n    renderCalendar();\r\n  });\r\n\r\n  document.getElementById(\"nextMonth\").addEventListener(\"click\", function(){\r\n    currentDate.setMonth(currentDate.getMonth()+1);\r\n    renderCalendar();\r\n  });\r\n\r\n  renderCalendar();\r\n\r\n});\r\n<\/script>\t\t\t\t<\/div>\n\t\t\t\t<\/div>\n\t\t\t\t<div class=\"elementor-element elementor-element-293dc04 elementor-widget elementor-widget-spacer\" data-id=\"293dc04\" data-element_type=\"widget\" data-e-type=\"widget\" data-widget_type=\"spacer.default\">\n\t\t\t\t<div class=\"elementor-widget-container\">\n\t\t\t\t\t\t\t<div class=\"elementor-spacer\">\n\t\t\t<div class=\"elementor-spacer-inner\"><\/div>\n\t\t<\/div>\n\t\t\t\t\t\t<\/div>\n\t\t\t\t<\/div>\n\t\t\t\t<div class=\"elementor-element elementor-element-3e65905 elementor-align-center elementor-widget elementor-widget-button\" data-id=\"3e65905\" data-element_type=\"widget\" data-e-type=\"widget\" data-widget_type=\"button.default\">\n\t\t\t\t<div class=\"elementor-widget-container\">\n\t\t\t\t\t\t\t\t\t<div class=\"elementor-button-wrapper\">\n\t\t\t\t\t<a class=\"elementor-button elementor-button-link elementor-size-sm\" href=\"https:\/\/kosmeetika24.com\/et\/kontakt\/\" e-mail=\"\">\n\t\t\t\t\t\t<span class=\"elementor-button-content-wrapper\">\n\t\t\t\t\t\t\t\t\t<span class=\"elementor-button-text\">K\u00fcsi Lisainfot<\/span>\n\t\t\t\t\t<\/span>\n\t\t\t\t\t<\/a>\n\t\t\t\t<\/div>\n\t\t\t\t\t\t\t\t<\/div>\n\t\t\t\t<\/div>\n\t\t\t\t\t<\/div>\n\t\t<\/div>\n\t\t\t\t<div class=\"elementor-column elementor-col-33 elementor-top-column elementor-element elementor-element-898b0b3\" data-id=\"898b0b3\" data-element_type=\"column\" data-e-type=\"column\">\n\t\t\t<div class=\"elementor-widget-wrap elementor-element-populated\">\n\t\t\t\t\t\t<div class=\"elementor-element elementor-element-8e44c1d elementor-widget__width-initial elementor-widget elementor-widget-spacer\" data-id=\"8e44c1d\" data-element_type=\"widget\" data-e-type=\"widget\" data-widget_type=\"spacer.default\">\n\t\t\t\t<div class=\"elementor-widget-container\">\n\t\t\t\t\t\t\t<div class=\"elementor-spacer\">\n\t\t\t<div class=\"elementor-spacer-inner\"><\/div>\n\t\t<\/div>\n\t\t\t\t\t\t<\/div>\n\t\t\t\t<\/div>\n\t\t\t\t\t<\/div>\n\t\t<\/div>\n\t\t\t\t<div class=\"elementor-column elementor-col-33 elementor-top-column elementor-element elementor-element-4d0b781\" data-id=\"4d0b781\" data-element_type=\"column\" data-e-type=\"column\">\n\t\t\t<div class=\"elementor-widget-wrap elementor-element-populated\">\n\t\t\t\t\t\t<div class=\"elementor-element elementor-element-7bcf124 elementor-widget elementor-widget-heading\" data-id=\"7bcf124\" data-element_type=\"widget\" data-e-type=\"widget\" data-widget_type=\"heading.default\">\n\t\t\t\t<div class=\"elementor-widget-container\">\n\t\t\t\t\t<h3 class=\"elementor-heading-title elementor-size-default\">KKK<\/h3>\t\t\t\t<\/div>\n\t\t\t\t<\/div>\n\t\t\t\t<div class=\"elementor-element elementor-element-0014205 elementor-widget elementor-widget-text-editor\" data-id=\"0014205\" data-element_type=\"widget\" data-e-type=\"widget\" data-widget_type=\"text-editor.default\">\n\t\t\t\t<div class=\"elementor-widget-container\">\n\t\t\t\t\t\t\t\t\t<p><b>Kus koolitused toimuvad?<\/b><\/p>\t\t\t\t\t\t\t\t<\/div>\n\t\t\t\t<\/div>\n\t\t\t\t<div class=\"elementor-element elementor-element-5639a85 elementor-widget__width-initial elementor-widget elementor-widget-text-editor\" data-id=\"5639a85\" data-element_type=\"widget\" data-e-type=\"widget\" data-widget_type=\"text-editor.default\">\n\t\t\t\t<div class=\"elementor-widget-container\">\n\t\t\t\t\t\t\t\t\t<p>Koolitused toimuvad Allerbeste O\u00dc koolituskeskuses Hobujaama 4, II korrus<\/p>\t\t\t\t\t\t\t\t<\/div>\n\t\t\t\t<\/div>\n\t\t\t\t<div class=\"elementor-element elementor-element-3a5a29d elementor-widget elementor-widget-text-editor\" data-id=\"3a5a29d\" data-element_type=\"widget\" data-e-type=\"widget\" data-widget_type=\"text-editor.default\">\n\t\t\t\t<div class=\"elementor-widget-container\">\n\t\t\t\t\t\t\t\t\t<p><b>Kuidas registreeruda koolitusele?<\/b><\/p>\t\t\t\t\t\t\t\t<\/div>\n\t\t\t\t<\/div>\n\t\t\t\t<div class=\"elementor-element elementor-element-901fe5b elementor-widget elementor-widget-text-editor\" data-id=\"901fe5b\" data-element_type=\"widget\" data-e-type=\"widget\" data-widget_type=\"text-editor.default\">\n\t\t\t\t<div class=\"elementor-widget-container\">\n\t\t\t\t\t\t\t\t\t<p>Koolitusele saab registreeruda konkreetse koolituse lehel oleva nupu kaudu v\u00f5i v\u00f5ttes meiega \u00fchendust e-posti v\u00f5i telefoni teel.<\/p>\t\t\t\t\t\t\t\t<\/div>\n\t\t\t\t<\/div>\n\t\t\t\t<div class=\"elementor-element elementor-element-f575793 elementor-widget elementor-widget-text-editor\" data-id=\"f575793\" data-element_type=\"widget\" data-e-type=\"widget\" data-widget_type=\"text-editor.default\">\n\t\t\t\t<div class=\"elementor-widget-container\">\n\t\t\t\t\t\t\t\t\t<p><b>Mis keeles koolitused toimuvad?<\/b><\/p>\t\t\t\t\t\t\t\t<\/div>\n\t\t\t\t<\/div>\n\t\t\t\t<div class=\"elementor-element elementor-element-ccf462e elementor-widget elementor-widget-text-editor\" data-id=\"ccf462e\" data-element_type=\"widget\" data-e-type=\"widget\" data-widget_type=\"text-editor.default\">\n\t\t\t\t<div class=\"elementor-widget-container\">\n\t\t\t\t\t\t\t\t\t<p data-start=\"1738\" data-end=\"1884\">Koolitused toimuvad eesti keeles. Vajadusel on v\u00f5imalik koolitusi korraldada ka vene v\u00f5i inglise keeles \u2013 palume selleks eelnevalt \u00fchendust v\u00f5tta.<\/p>\t\t\t\t\t\t\t\t<\/div>\n\t\t\t\t<\/div>\n\t\t\t\t<div class=\"elementor-element elementor-element-1857128 elementor-widget elementor-widget-spacer\" data-id=\"1857128\" data-element_type=\"widget\" data-e-type=\"widget\" data-widget_type=\"spacer.default\">\n\t\t\t\t<div class=\"elementor-widget-container\">\n\t\t\t\t\t\t\t<div class=\"elementor-spacer\">\n\t\t\t<div class=\"elementor-spacer-inner\"><\/div>\n\t\t<\/div>\n\t\t\t\t\t\t<\/div>\n\t\t\t\t<\/div>\n\t\t\t\t\t<\/div>\n\t\t<\/div>\n\t\t\t\t\t<\/div>\n\t\t<\/section>\n\t\t\t\t<section class=\"elementor-section elementor-top-section elementor-element elementor-element-0ee57d6 elementor-section-boxed elementor-section-height-default elementor-section-height-default\" data-id=\"0ee57d6\" data-element_type=\"section\" data-e-type=\"section\" data-settings=\"{&quot;background_background&quot;:&quot;classic&quot;}\">\n\t\t\t\t\t\t<div class=\"elementor-container elementor-column-gap-no\">\n\t\t\t\t\t<div class=\"elementor-column elementor-col-100 elementor-top-column elementor-element elementor-element-fb1feee\" data-id=\"fb1feee\" data-element_type=\"column\" data-e-type=\"column\">\n\t\t\t<div class=\"elementor-widget-wrap elementor-element-populated\">\n\t\t\t\t\t\t<div class=\"elementor-element elementor-element-2acbc4c elementor-widget elementor-widget-spacer\" data-id=\"2acbc4c\" data-element_type=\"widget\" data-e-type=\"widget\" data-widget_type=\"spacer.default\">\n\t\t\t\t<div class=\"elementor-widget-container\">\n\t\t\t\t\t\t\t<div class=\"elementor-spacer\">\n\t\t\t<div class=\"elementor-spacer-inner\"><\/div>\n\t\t<\/div>\n\t\t\t\t\t\t<\/div>\n\t\t\t\t<\/div>\n\t\t\t\t\t<\/div>\n\t\t<\/div>\n\t\t\t\t\t<\/div>\n\t\t<\/section>\n\t\t\t\t<section class=\"elementor-section elementor-top-section elementor-element elementor-element-a96b96e elementor-section-boxed elementor-section-height-default elementor-section-height-default\" data-id=\"a96b96e\" data-element_type=\"section\" data-e-type=\"section\">\n\t\t\t\t\t\t<div class=\"elementor-container elementor-column-gap-default\">\n\t\t\t\t\t<div class=\"elementor-column elementor-col-100 elementor-top-column elementor-element elementor-element-95b3380\" data-id=\"95b3380\" data-element_type=\"column\" data-e-type=\"column\">\n\t\t\t<div class=\"elementor-widget-wrap\">\n\t\t\t\t\t\t\t<\/div>\n\t\t<\/div>\n\t\t\t\t\t<\/div>\n\t\t<\/section>\n\t\t\t\t<section class=\"elementor-section elementor-top-section elementor-element elementor-element-a649a61 elementor-section-boxed elementor-section-height-default elementor-section-height-default\" data-id=\"a649a61\" data-element_type=\"section\" data-e-type=\"section\">\n\t\t\t\t\t\t<div class=\"elementor-container elementor-column-gap-default\">\n\t\t\t\t\t<div class=\"elementor-column elementor-col-50 elementor-top-column elementor-element elementor-element-c388a95\" data-id=\"c388a95\" data-element_type=\"column\" data-e-type=\"column\">\n\t\t\t<div class=\"elementor-widget-wrap\">\n\t\t\t\t\t\t\t<\/div>\n\t\t<\/div>\n\t\t\t\t<div class=\"elementor-column elementor-col-50 elementor-top-column elementor-element elementor-element-a660b96\" data-id=\"a660b96\" data-element_type=\"column\" data-e-type=\"column\">\n\t\t\t<div class=\"elementor-widget-wrap\">\n\t\t\t\t\t\t\t<\/div>\n\t\t<\/div>\n\t\t\t\t\t<\/div>\n\t\t<\/section>\n\t\t\t\t<\/div>\n\t\t","protected":false},"excerpt":{"rendered":"<p>Koolitused Meie koolituskalender koondab mitmekesised toote- ja protseduurikoolitused eriala professionaalidele. \u00a0 Koolitused keskenduvad nii teooriale kui ka praktilisele t\u00f6\u00f6le, aidates sul kindlalt ja professionaalselt uusi tooteid ning protseduure oma igap\u00e4evat\u00f6\u00f6s rakendada. Meie eesm\u00e4rk on toetada sinu arengut, t\u00f5sta teenuste kvaliteeti ja pakkuda v\u00e4\u00e4rtust, mis kajastub ka sinu klientide rahulolus. Kellele meie koolitused sobivad? \u2039 Eelmine [&hellip;]<\/p>\n","protected":false},"author":1,"featured_media":0,"parent":0,"menu_order":0,"comment_status":"closed","ping_status":"closed","template":"","meta":{"_uag_custom_page_level_css":"","site-sidebar-layout":"no-sidebar","site-content-layout":"page-builder","ast-site-content-layout":"full-width-container","site-content-style":"default","site-sidebar-style":"default","ast-global-header-display":"","ast-banner-title-visibility":"","ast-main-header-display":"","ast-hfb-above-header-display":"","ast-hfb-below-header-display":"","ast-hfb-mobile-header-display":"","site-post-title":"","ast-breadcrumbs-content":"","ast-featured-img":"disabled","footer-sml-layout":"","ast-disable-related-posts":"","theme-transparent-header-meta":"","adv-header-id-meta":"","stick-header-meta":"","header-above-stick-meta":"","header-main-stick-meta":"","header-below-stick-meta":"","astra-migrate-meta-layouts":"set","ast-page-background-enabled":"default","ast-page-background-meta":{"desktop":{"background-color":"var(--ast-global-color-4)","background-image":"","background-repeat":"repeat","background-position":"center center","background-size":"auto","background-attachment":"scroll","background-type":"","background-media":"","overlay-type":"","overlay-color":"","overlay-opacity":"","overlay-gradient":""},"tablet":{"background-color":"","background-image":"","background-repeat":"repeat","background-position":"center center","background-size":"auto","background-attachment":"scroll","background-type":"","background-media":"","overlay-type":"","overlay-color":"","overlay-opacity":"","overlay-gradient":""},"mobile":{"background-color":"","background-image":"","background-repeat":"repeat","background-position":"center center","background-size":"auto","background-attachment":"scroll","background-type":"","background-media":"","overlay-type":"","overlay-color":"","overlay-opacity":"","overlay-gradient":""}},"ast-content-background-meta":{"desktop":{"background-color":"var(--ast-global-color-5)","background-image":"","background-repeat":"repeat","background-position":"center center","background-size":"auto","background-attachment":"scroll","background-type":"","background-media":"","overlay-type":"","overlay-color":"","overlay-opacity":"","overlay-gradient":""},"tablet":{"background-color":"var(--ast-global-color-5)","background-image":"","background-repeat":"repeat","background-position":"center center","background-size":"auto","background-attachment":"scroll","background-type":"","background-media":"","overlay-type":"","overlay-color":"","overlay-opacity":"","overlay-gradient":""},"mobile":{"background-color":"var(--ast-global-color-5)","background-image":"","background-repeat":"repeat","background-position":"center center","background-size":"auto","background-attachment":"scroll","background-type":"","background-media":"","overlay-type":"","overlay-color":"","overlay-opacity":"","overlay-gradient":""}},"footnotes":""},"class_list":["post-7254","page","type-page","status-publish","hentry"],"uagb_featured_image_src":{"full":false,"thumbnail":false,"medium":false,"medium_large":false,"large":false,"1536x1536":false,"2048x2048":false,"trp-custom-language-flag":false,"woocommerce_thumbnail":false,"woocommerce_single":false,"woocommerce_gallery_thumbnail":false},"uagb_author_info":{"display_name":"admin","author_link":"https:\/\/kosmeetika24.com\/et\/author\/admin\/"},"uagb_comment_info":0,"uagb_excerpt":"Koolitused Meie koolituskalender koondab mitmekesised toote- ja protseduurikoolitused eriala professionaalidele. \u00a0 Koolitused keskenduvad nii teooriale kui ka praktilisele t\u00f6\u00f6le, aidates sul kindlalt ja professionaalselt uusi tooteid ning protseduure oma igap\u00e4evat\u00f6\u00f6s rakendada. Meie eesm\u00e4rk on toetada sinu arengut, t\u00f5sta teenuste kvaliteeti ja pakkuda v\u00e4\u00e4rtust, mis kajastub ka sinu klientide rahulolus. Kellele meie koolitused sobivad? \u2039 Eelmine&hellip;","_links":{"self":[{"href":"https:\/\/kosmeetika24.com\/et\/wp-json\/wp\/v2\/pages\/7254","targetHints":{"allow":["GET"]}}],"collection":[{"href":"https:\/\/kosmeetika24.com\/et\/wp-json\/wp\/v2\/pages"}],"about":[{"href":"https:\/\/kosmeetika24.com\/et\/wp-json\/wp\/v2\/types\/page"}],"author":[{"embeddable":true,"href":"https:\/\/kosmeetika24.com\/et\/wp-json\/wp\/v2\/users\/1"}],"replies":[{"embeddable":true,"href":"https:\/\/kosmeetika24.com\/et\/wp-json\/wp\/v2\/comments?post=7254"}],"version-history":[{"count":23,"href":"https:\/\/kosmeetika24.com\/et\/wp-json\/wp\/v2\/pages\/7254\/revisions"}],"predecessor-version":[{"id":7359,"href":"https:\/\/kosmeetika24.com\/et\/wp-json\/wp\/v2\/pages\/7254\/revisions\/7359"}],"wp:attachment":[{"href":"https:\/\/kosmeetika24.com\/et\/wp-json\/wp\/v2\/media?parent=7254"}],"curies":[{"name":"wp","href":"https:\/\/api.w.org\/{rel}","templated":true}]}}