{"id":6689,"date":"2024-10-22T15:08:01","date_gmt":"2024-10-22T12:08:01","guid":{"rendered":"https:\/\/kosmeetika24.com\/?page_id=6689"},"modified":"2025-01-23T16:37:00","modified_gmt":"2025-01-23T13:37:00","slug":"kliendivoodid-protseduuritoolid","status":"publish","type":"page","link":"https:\/\/kosmeetika24.com\/et\/kliendivoodid-protseduuritoolid\/","title":{"rendered":"KLIENDIVOODID \/ PROTSEDUURITOOLID"},"content":{"rendered":"\t\t<div data-elementor-type=\"wp-page\" data-elementor-id=\"6689\" class=\"elementor elementor-6689\" wpc-filter-elementor-widget=\"1\">\n\t\t\t\t\t\t<section class=\"elementor-section elementor-top-section elementor-element elementor-element-575f011b elementor-section-boxed elementor-section-height-default elementor-section-height-default\" data-id=\"575f011b\" data-element_type=\"section\" data-e-type=\"section\">\n\t\t\t\t\t\t<div class=\"elementor-container elementor-column-gap-default\">\n\t\t\t\t\t<div class=\"elementor-column elementor-col-100 elementor-top-column elementor-element elementor-element-393f8bd5\" data-id=\"393f8bd5\" data-element_type=\"column\" data-e-type=\"column\">\n\t\t\t<div class=\"elementor-widget-wrap elementor-element-populated\">\n\t\t\t\t\t\t<div class=\"elementor-element elementor-element-d4647e8 elementor-widget elementor-widget-heading\" data-id=\"d4647e8\" data-element_type=\"widget\" data-e-type=\"widget\" data-widget_type=\"heading.default\">\n\t\t\t\t<div class=\"elementor-widget-container\">\n\t\t\t\t\t<h1 class=\"elementor-heading-title elementor-size-default\">KLIENDIVOODID \/ PROTSEDUURITOOLID<\/h1>\t\t\t\t<\/div>\n\t\t\t\t<\/div>\n\t\t\t\t\t<\/div>\n\t\t<\/div>\n\t\t\t\t\t<\/div>\n\t\t<\/section>\n\t\t\t\t<section class=\"elementor-section elementor-top-section elementor-element elementor-element-9129a0d elementor-section-boxed elementor-section-height-default elementor-section-height-default\" data-id=\"9129a0d\" data-element_type=\"section\" data-e-type=\"section\">\n\t\t\t\t\t\t<div class=\"elementor-container elementor-column-gap-default\">\n\t\t\t\t\t<div class=\"elementor-column elementor-col-50 elementor-top-column elementor-element elementor-element-d62ffce\" data-id=\"d62ffce\" data-element_type=\"column\" data-e-type=\"column\">\n\t\t\t<div class=\"elementor-widget-wrap elementor-element-populated\">\n\t\t\t\t\t\t<div class=\"elementor-element elementor-element-2e61d02 elementor-widget elementor-widget-image\" data-id=\"2e61d02\" data-element_type=\"widget\" data-e-type=\"widget\" data-widget_type=\"image.default\">\n\t\t\t\t<div class=\"elementor-widget-container\">\n\t\t\t\t\t\t\t\t\t\t\t\t\t\t\t<img fetchpriority=\"high\" decoding=\"async\" width=\"768\" height=\"750\" src=\"https:\/\/kosmeetika24.com\/wp-content\/uploads\/2024\/10\/kreslo-2-e1729599570730-768x750.jpg\" class=\"attachment-medium_large size-medium_large wp-image-6692\" alt=\"\" srcset=\"https:\/\/kosmeetika24.com\/wp-content\/uploads\/2024\/10\/kreslo-2-e1729599570730-768x750.jpg 768w, https:\/\/kosmeetika24.com\/wp-content\/uploads\/2024\/10\/kreslo-2-e1729599570730-500x488.jpg 500w, https:\/\/kosmeetika24.com\/wp-content\/uploads\/2024\/10\/kreslo-2-e1729599570730-300x293.jpg 300w, https:\/\/kosmeetika24.com\/wp-content\/uploads\/2024\/10\/kreslo-2-e1729599570730-1024x999.jpg 1024w, https:\/\/kosmeetika24.com\/wp-content\/uploads\/2024\/10\/kreslo-2-e1729599570730-12x12.jpg 12w, https:\/\/kosmeetika24.com\/wp-content\/uploads\/2024\/10\/kreslo-2-e1729599570730.jpg 1290w\" sizes=\"(max-width: 768px) 100vw, 768px\" \/>\t\t\t\t\t\t\t\t\t\t\t\t\t\t\t<\/div>\n\t\t\t\t<\/div>\n\t\t\t\t\t<\/div>\n\t\t<\/div>\n\t\t\t\t<div class=\"elementor-column elementor-col-50 elementor-top-column elementor-element elementor-element-8cdcbfe\" data-id=\"8cdcbfe\" data-element_type=\"column\" data-e-type=\"column\">\n\t\t\t<div class=\"elementor-widget-wrap elementor-element-populated\">\n\t\t\t\t\t\t<div class=\"elementor-element elementor-element-b624f01 elementor-widget elementor-widget-text-editor\" data-id=\"b624f01\" data-element_type=\"widget\" data-e-type=\"widget\" data-widget_type=\"text-editor.default\">\n\t\t\t\t<div class=\"elementor-widget-container\">\n\t\t\t\t\t\t\t\t\t<p>Professionaalsed kosmeetilised kohad n\u00f5uavad kvaliteetset ja mugavat varustust.<\/p><p>Meie pakume kliendivoodi ja protseduuritoolid, millele usaldame oma Royal Grace kliinikus, ja mis vastavad teie vajadustele. Meie lauad on reguleeritavad ja pakuvad maksimaalset mugavust nii spetsialistidele kui ka klientidele, v\u00f5imaldades sooritada protseduure optimaalse efektiivsusega.<\/p><p>Kaasaegne disain ja vastupidavat ehitust, tagades pikaajalise kasutusmugavuse ja k\u00f5rge kvaliteedi. Sobivad erinevatele iluprotseduuridele ja on kohandatavad erinevatele vajadustele. Tulemuseks on rahulolevad kliendid ja parimad tulemused teie praktikas.<\/p>\t\t\t\t\t\t\t\t<\/div>\n\t\t\t\t<\/div>\n\t\t\t\t\t<\/div>\n\t\t<\/div>\n\t\t\t\t\t<\/div>\n\t\t<\/section>\n\t\t\t\t<section class=\"elementor-section elementor-top-section elementor-element elementor-element-4ef5127 elementor-section-boxed elementor-section-height-default elementor-section-height-default\" data-id=\"4ef5127\" data-element_type=\"section\" data-e-type=\"section\">\n\t\t\t\t\t\t<div class=\"elementor-container elementor-column-gap-default\">\n\t\t\t\t\t<div class=\"elementor-column elementor-col-100 elementor-top-column elementor-element elementor-element-ac86c60\" data-id=\"ac86c60\" data-element_type=\"column\" data-e-type=\"column\">\n\t\t\t<div class=\"elementor-widget-wrap elementor-element-populated\">\n\t\t\t\t\t\t<div class=\"elementor-element elementor-element-765b0bf elementor-widget elementor-widget-heading\" data-id=\"765b0bf\" data-element_type=\"widget\" data-e-type=\"widget\" data-widget_type=\"heading.default\">\n\t\t\t\t<div class=\"elementor-widget-container\">\n\t\t\t\t\t<h2 class=\"elementor-heading-title elementor-size-default\">Miks valida meie kosmeetika- ja massaa\u017eilauad?\n<\/h2>\t\t\t\t<\/div>\n\t\t\t\t<\/div>\n\t\t\t\t<div class=\"elementor-element elementor-element-f32262b elementor-widget elementor-widget-text-editor\" data-id=\"f32262b\" data-element_type=\"widget\" data-e-type=\"widget\" data-widget_type=\"text-editor.default\">\n\t\t\t\t<div class=\"elementor-widget-container\">\n\t\t\t\t\t\t\t\t\t<ul>\n<li>\n<h4 style=\"font-style: normal;\">Reguleeritav k\u00f5rgus ja kallutus<\/h4>\n<p style=\"font-size: 20px; font-style: normal; font-weight: 500;\">Meie lauad pakuvad reguleeritavat k\u00f5rgust ja kallutust, mis v\u00f5imaldab spetsialistidel kohandada lauda iga protseduuri jaoks. See aitab parandada t\u00f6\u00f6 ergonoomikat ja v\u00e4hendab seljavalude riski.<\/p>\n<\/li>\n<li>\n<h4 style=\"font-style: normal;\">Ergonoomiline disain<\/h4>\n<p>Lauad on loodud ergonoomilise disainiga, mis tagab maksimaalse mugavuse nii kliendile kui ka spetsialistile. See aitab v\u00e4ltida t\u00f6\u00f6ga seotud pinget ja v\u00e4simust.<\/p><\/li><li><p><span style=\"background-color: var(--ast-global-color-4); color: var(--ast-global-color-3); font-style: inherit; font-weight: inherit;\">Lauad on valmistatud vastupidavatest materjalidest, mis on kergesti puhastatavad ja hooldatavad, tagades pika kasutusea ja h\u00fcgieenilised tingimused.<\/span><\/p><\/li>\n<\/ul>\t\t\t\t\t\t\t\t<\/div>\n\t\t\t\t<\/div>\n\t\t\t\t\t<\/div>\n\t\t<\/div>\n\t\t\t\t\t<\/div>\n\t\t<\/section>\n\t\t\t\t<section class=\"elementor-section elementor-top-section elementor-element elementor-element-6cdf155 elementor-section-boxed elementor-section-height-default elementor-section-height-default\" data-id=\"6cdf155\" data-element_type=\"section\" data-e-type=\"section\">\n\t\t\t\t\t\t<div class=\"elementor-container elementor-column-gap-default\">\n\t\t\t\t\t<div class=\"elementor-column elementor-col-50 elementor-top-column elementor-element elementor-element-b7fa254\" data-id=\"b7fa254\" data-element_type=\"column\" data-e-type=\"column\">\n\t\t\t<div class=\"elementor-widget-wrap elementor-element-populated\">\n\t\t\t\t\t\t<div class=\"elementor-element elementor-element-96fe251 elementor-widget elementor-widget-image\" data-id=\"96fe251\" data-element_type=\"widget\" data-e-type=\"widget\" data-widget_type=\"image.default\">\n\t\t\t\t<div class=\"elementor-widget-container\">\n\t\t\t\t\t\t\t\t\t\t\t\t\t\t\t<img decoding=\"async\" width=\"1024\" height=\"1016\" src=\"https:\/\/kosmeetika24.com\/wp-content\/uploads\/2024\/10\/kreslo1-1024x1016.jpg\" class=\"attachment-large size-large wp-image-6694\" alt=\"\" srcset=\"https:\/\/kosmeetika24.com\/wp-content\/uploads\/2024\/10\/kreslo1-1024x1016.jpg 1024w, https:\/\/kosmeetika24.com\/wp-content\/uploads\/2024\/10\/kreslo1-100x100.jpg 100w, https:\/\/kosmeetika24.com\/wp-content\/uploads\/2024\/10\/kreslo1-500x496.jpg 500w, https:\/\/kosmeetika24.com\/wp-content\/uploads\/2024\/10\/kreslo1-300x298.jpg 300w, https:\/\/kosmeetika24.com\/wp-content\/uploads\/2024\/10\/kreslo1-150x150.jpg 150w, https:\/\/kosmeetika24.com\/wp-content\/uploads\/2024\/10\/kreslo1-768x762.jpg 768w, https:\/\/kosmeetika24.com\/wp-content\/uploads\/2024\/10\/kreslo1-12x12.jpg 12w, https:\/\/kosmeetika24.com\/wp-content\/uploads\/2024\/10\/kreslo1.jpg 1286w\" sizes=\"(max-width: 1024px) 100vw, 1024px\" \/>\t\t\t\t\t\t\t\t\t\t\t\t\t\t\t<\/div>\n\t\t\t\t<\/div>\n\t\t\t\t\t<\/div>\n\t\t<\/div>\n\t\t\t\t<div class=\"elementor-column elementor-col-50 elementor-top-column elementor-element elementor-element-12d8e08\" data-id=\"12d8e08\" data-element_type=\"column\" data-e-type=\"column\">\n\t\t\t<div class=\"elementor-widget-wrap elementor-element-populated\">\n\t\t\t\t\t\t<div class=\"elementor-element elementor-element-4abec26 elementor-widget elementor-widget-image\" data-id=\"4abec26\" data-element_type=\"widget\" data-e-type=\"widget\" data-widget_type=\"image.default\">\n\t\t\t\t<div class=\"elementor-widget-container\">\n\t\t\t\t\t\t\t\t\t\t\t\t\t\t\t<img decoding=\"async\" width=\"1011\" height=\"1024\" src=\"https:\/\/kosmeetika24.com\/wp-content\/uploads\/2024\/10\/kreslo3-1011x1024.jpg\" class=\"attachment-large size-large wp-image-6695\" alt=\"\" srcset=\"https:\/\/kosmeetika24.com\/wp-content\/uploads\/2024\/10\/kreslo3-1011x1024.jpg 1011w, https:\/\/kosmeetika24.com\/wp-content\/uploads\/2024\/10\/kreslo3-100x100.jpg 100w, https:\/\/kosmeetika24.com\/wp-content\/uploads\/2024\/10\/kreslo3-500x506.jpg 500w, https:\/\/kosmeetika24.com\/wp-content\/uploads\/2024\/10\/kreslo3-296x300.jpg 296w, https:\/\/kosmeetika24.com\/wp-content\/uploads\/2024\/10\/kreslo3-768x778.jpg 768w, https:\/\/kosmeetika24.com\/wp-content\/uploads\/2024\/10\/kreslo3-12x12.jpg 12w, https:\/\/kosmeetika24.com\/wp-content\/uploads\/2024\/10\/kreslo3.jpg 1266w\" sizes=\"(max-width: 1011px) 100vw, 1011px\" \/>\t\t\t\t\t\t\t\t\t\t\t\t\t\t\t<\/div>\n\t\t\t\t<\/div>\n\t\t\t\t\t<\/div>\n\t\t<\/div>\n\t\t\t\t\t<\/div>\n\t\t<\/section>\n\t\t\t\t<section class=\"elementor-section elementor-top-section elementor-element elementor-element-ca837e5 elementor-section-boxed elementor-section-height-default elementor-section-height-default\" data-id=\"ca837e5\" data-element_type=\"section\" data-e-type=\"section\">\n\t\t\t\t\t\t<div class=\"elementor-container elementor-column-gap-default\">\n\t\t\t\t\t<div class=\"elementor-column elementor-col-100 elementor-top-column elementor-element elementor-element-aac5336\" data-id=\"aac5336\" data-element_type=\"column\" data-e-type=\"column\">\n\t\t\t<div class=\"elementor-widget-wrap\">\n\t\t\t\t\t\t\t<\/div>\n\t\t<\/div>\n\t\t\t\t\t<\/div>\n\t\t<\/section>\n\t\t\t\t<section class=\"elementor-section elementor-top-section elementor-element elementor-element-a456b07 elementor-section-content-middle elementor-section-boxed elementor-section-height-default elementor-section-height-default\" data-id=\"a456b07\" data-element_type=\"section\" data-e-type=\"section\" data-settings=\"{&quot;background_background&quot;:&quot;classic&quot;}\">\n\t\t\t\t\t\t\t<div class=\"elementor-background-overlay\"><\/div>\n\t\t\t\t\t\t\t<div class=\"elementor-container elementor-column-gap-no\">\n\t\t\t\t\t<div class=\"elementor-column elementor-col-50 elementor-top-column elementor-element elementor-element-e446098\" data-id=\"e446098\" data-element_type=\"column\" data-e-type=\"column\">\n\t\t\t<div class=\"elementor-widget-wrap elementor-element-populated\">\n\t\t\t\t\t\t<div class=\"elementor-element elementor-element-5296da2 elementor-widget elementor-widget-heading\" data-id=\"5296da2\" data-element_type=\"widget\" data-e-type=\"widget\" data-widget_type=\"heading.default\">\n\t\t\t\t<div class=\"elementor-widget-container\">\n\t\t\t\t\t<h2 class=\"elementor-heading-title elementor-size-default\">Anna oma \u00e4rile uus v\u00f5imalus!\u200b<\/h2>\t\t\t\t<\/div>\n\t\t\t\t<\/div>\n\t\t\t\t<div class=\"elementor-element elementor-element-2a919b3 elementor-widget elementor-widget-text-editor\" data-id=\"2a919b3\" data-element_type=\"widget\" data-e-type=\"widget\" data-widget_type=\"text-editor.default\">\n\t\t\t\t<div class=\"elementor-widget-container\">\n\t\t\t\t\t\t\t\t\t<p>Kirjuta meile ja k\u00fcsi hindU!<\/p>\t\t\t\t\t\t\t\t<\/div>\n\t\t\t\t<\/div>\n\t\t\t\t\t<\/div>\n\t\t<\/div>\n\t\t\t\t<div class=\"elementor-column elementor-col-50 elementor-top-column elementor-element elementor-element-d4935b5\" data-id=\"d4935b5\" data-element_type=\"column\" data-e-type=\"column\">\n\t\t\t<div class=\"elementor-widget-wrap elementor-element-populated\">\n\t\t\t\t\t\t<div class=\"elementor-element elementor-element-8979b4e elementor-align-right elementor-mobile-align-left elementor-widget elementor-widget-button\" data-id=\"8979b4e\" data-element_type=\"widget\" data-e-type=\"widget\" data-widget_type=\"button.default\">\n\t\t\t\t<div class=\"elementor-widget-container\">\n\t\t\t\t\t\t\t\t\t<div class=\"elementor-button-wrapper\">\n\t\t\t\t\t<a class=\"elementor-button elementor-button-link elementor-size-sm elementor-animation-grow\" href=\"https:\/\/kosmeetika24.com\/et\/kontakt\/\" target=\"_blank\">\n\t\t\t\t\t\t<span class=\"elementor-button-content-wrapper\">\n\t\t\t\t\t\t\t\t\t<span class=\"elementor-button-text\">KONTAKT<\/span>\n\t\t\t\t\t<\/span>\n\t\t\t\t\t<\/a>\n\t\t\t\t<\/div>\n\t\t\t\t\t\t\t\t<\/div>\n\t\t\t\t<\/div>\n\t\t\t\t\t<\/div>\n\t\t<\/div>\n\t\t\t\t\t<\/div>\n\t\t<\/section>\n\t\t\t\t<\/div>\n\t\t","protected":false},"excerpt":{"rendered":"<p>KLIENDIVOODID \/ PROTSEDUURITOOLID Professionaalsed kosmeetilised kohad n\u00f5uavad kvaliteetset ja mugavat varustust. Meie pakume kliendivoodi ja protseduuritoolid, millele usaldame oma Royal Grace kliinikus, ja mis vastavad teie vajadustele. Meie lauad on reguleeritavad ja pakuvad maksimaalset mugavust nii spetsialistidele kui ka klientidele, v\u00f5imaldades sooritada protseduure optimaalse efektiivsusega. Kaasaegne disain ja vastupidavat ehitust, tagades pikaajalise kasutusmugavuse ja k\u00f5rge [&hellip;]<\/p>\n","protected":false},"author":1,"featured_media":0,"parent":0,"menu_order":0,"comment_status":"closed","ping_status":"closed","template":"","meta":{"_uag_custom_page_level_css":"","site-sidebar-layout":"default","site-content-layout":"","ast-site-content-layout":"default","site-content-style":"default","site-sidebar-style":"default","ast-global-header-display":"","ast-banner-title-visibility":"","ast-main-header-display":"","ast-hfb-above-header-display":"","ast-hfb-below-header-display":"","ast-hfb-mobile-header-display":"","site-post-title":"","ast-breadcrumbs-content":"","ast-featured-img":"","footer-sml-layout":"","ast-disable-related-posts":"","theme-transparent-header-meta":"","adv-header-id-meta":"","stick-header-meta":"","header-above-stick-meta":"","header-main-stick-meta":"","header-below-stick-meta":"","astra-migrate-meta-layouts":"set","ast-page-background-enabled":"default","ast-page-background-meta":{"desktop":{"background-color":"var(--ast-global-color-4)","background-image":"","background-repeat":"repeat","background-position":"center center","background-size":"auto","background-attachment":"scroll","background-type":"","background-media":"","overlay-type":"","overlay-color":"","overlay-opacity":"","overlay-gradient":""},"tablet":{"background-color":"","background-image":"","background-repeat":"repeat","background-position":"center center","background-size":"auto","background-attachment":"scroll","background-type":"","background-media":"","overlay-type":"","overlay-color":"","overlay-opacity":"","overlay-gradient":""},"mobile":{"background-color":"","background-image":"","background-repeat":"repeat","background-position":"center center","background-size":"auto","background-attachment":"scroll","background-type":"","background-media":"","overlay-type":"","overlay-color":"","overlay-opacity":"","overlay-gradient":""}},"ast-content-background-meta":{"desktop":{"background-color":"var(--ast-global-color-5)","background-image":"","background-repeat":"repeat","background-position":"center center","background-size":"auto","background-attachment":"scroll","background-type":"","background-media":"","overlay-type":"","overlay-color":"","overlay-opacity":"","overlay-gradient":""},"tablet":{"background-color":"var(--ast-global-color-5)","background-image":"","background-repeat":"repeat","background-position":"center center","background-size":"auto","background-attachment":"scroll","background-type":"","background-media":"","overlay-type":"","overlay-color":"","overlay-opacity":"","overlay-gradient":""},"mobile":{"background-color":"var(--ast-global-color-5)","background-image":"","background-repeat":"repeat","background-position":"center center","background-size":"auto","background-attachment":"scroll","background-type":"","background-media":"","overlay-type":"","overlay-color":"","overlay-opacity":"","overlay-gradient":""}},"footnotes":""},"class_list":["post-6689","page","type-page","status-publish","hentry"],"uagb_featured_image_src":{"full":false,"thumbnail":false,"medium":false,"medium_large":false,"large":false,"1536x1536":false,"2048x2048":false,"trp-custom-language-flag":false,"woocommerce_thumbnail":false,"woocommerce_single":false,"woocommerce_gallery_thumbnail":false},"uagb_author_info":{"display_name":"admin","author_link":"https:\/\/kosmeetika24.com\/et\/author\/admin\/"},"uagb_comment_info":0,"uagb_excerpt":"KLIENDIVOODID \/ PROTSEDUURITOOLID Professionaalsed kosmeetilised kohad n\u00f5uavad kvaliteetset ja mugavat varustust. Meie pakume kliendivoodi ja protseduuritoolid, millele usaldame oma Royal Grace kliinikus, ja mis vastavad teie vajadustele. Meie lauad on reguleeritavad ja pakuvad maksimaalset mugavust nii spetsialistidele kui ka klientidele, v\u00f5imaldades sooritada protseduure optimaalse efektiivsusega. Kaasaegne disain ja vastupidavat ehitust, tagades pikaajalise kasutusmugavuse ja k\u00f5rge&hellip;","_links":{"self":[{"href":"https:\/\/kosmeetika24.com\/et\/wp-json\/wp\/v2\/pages\/6689","targetHints":{"allow":["GET"]}}],"collection":[{"href":"https:\/\/kosmeetika24.com\/et\/wp-json\/wp\/v2\/pages"}],"about":[{"href":"https:\/\/kosmeetika24.com\/et\/wp-json\/wp\/v2\/types\/page"}],"author":[{"embeddable":true,"href":"https:\/\/kosmeetika24.com\/et\/wp-json\/wp\/v2\/users\/1"}],"replies":[{"embeddable":true,"href":"https:\/\/kosmeetika24.com\/et\/wp-json\/wp\/v2\/comments?post=6689"}],"version-history":[{"count":13,"href":"https:\/\/kosmeetika24.com\/et\/wp-json\/wp\/v2\/pages\/6689\/revisions"}],"predecessor-version":[{"id":6959,"href":"https:\/\/kosmeetika24.com\/et\/wp-json\/wp\/v2\/pages\/6689\/revisions\/6959"}],"wp:attachment":[{"href":"https:\/\/kosmeetika24.com\/et\/wp-json\/wp\/v2\/media?parent=6689"}],"curies":[{"name":"wp","href":"https:\/\/api.w.org\/{rel}","templated":true}]}}