{"id":4163,"date":"2024-03-25T13:23:08","date_gmt":"2024-03-25T13:23:08","guid":{"rendered":"https:\/\/kosmeetika24.com\/?page_id=4163"},"modified":"2025-11-11T12:44:43","modified_gmt":"2025-11-11T09:44:43","slug":"seadmed","status":"publish","type":"page","link":"https:\/\/kosmeetika24.com\/et\/seadmed\/","title":{"rendered":"Seadmed"},"content":{"rendered":"\n<div class=\"wp-block-uagb-container uagb-block-4emr9rep alignfull uagb-is-root-container\"><div class=\"uagb-container-inner-blocks-wrap\">\n<div class=\"wp-block-uagb-info-box uagb-block-bebkgvus uagb-infobox__content-wrap  uagb-infobox-icon-above-title uagb-infobox-image-valign-top\"><div class=\"uagb-ifb-content\"><div class=\"uagb-ifb-title-wrap\"><h2 class=\"uagb-ifb-title\">Innovatiivsed lahendused kasvuks<\/h2><\/div><p class=\"uagb-ifb-desc\">Uurige meie laia seadmete valikut, mis vastavad erinevatele vajadustele, tagades t\u00e4ieliku kliendirahulolu.<\/p><\/div><\/div>\n\n\n\n<div class=\"wp-block-uagb-container uagb-block-62worgsz\">\n<div class=\"wp-block-uagb-container uagb-block-9yozzwpo\">\n<div class=\"wp-block-uagb-image alignleft uagb-block-racldaed wp-block-uagb-image--layout-default wp-block-uagb-image--effect-static wp-block-uagb-image--align-left\"><figure class=\"wp-block-uagb-image__figure\"><img loading=\"lazy\" decoding=\"async\" srcset=\"https:\/\/kosmeetika24.com\/wp-content\/uploads\/2024\/02\/1-4-768x1024.webp ,https:\/\/kosmeetika24.com\/wp-content\/uploads\/2024\/02\/1-4.webp 780w, https:\/\/kosmeetika24.com\/wp-content\/uploads\/2024\/02\/1-4.webp 360w\" sizes=\"auto, (max-width: 480px) 150px\" src=\"https:\/\/kosmeetika24.com\/wp-content\/uploads\/2024\/02\/1-4-768x1024.webp\" alt=\"\" class=\"uag-image-3651\" width=\"352\" height=\"260\" title=\"1-4\" loading=\"lazy\" role=\"img\"\/><\/figure><\/div>\n\n\n\n<div class=\"wp-block-uagb-info-box uagb-block-gqxmh0pq uagb-infobox__content-wrap  uagb-infobox-icon-above-title uagb-infobox-image-valign-top\"><div class=\"uagb-ifb-content\"><div class=\"uagb-ifb-title-wrap\"><h3 class=\"uagb-ifb-title\">Wishpro<\/h3><\/div><p class=\"uagb-ifb-desc\">Nahahooldusseade, mis \u00fchendab nelja t\u00f5estatud tehnoloogiat. V\u00f5imaldab 15-minutilise mitteinvasiivse ravi, mis toob esile n\u00e4htavad tulemused. Seade aitab parandada naha v\u00e4rskust, niiskust ja tugevust.<\/p><\/div><\/div>\n\n\n\n<div class=\"wp-block-uagb-buttons uagb-buttons__outer-wrap uagb-btn__default-btn uagb-btn-tablet__default-btn uagb-btn-mobile__default-btn uagb-block-x4l9pfpg\"><div class=\"uagb-buttons__wrap uagb-buttons-layout-wrap \">\n<div class=\"wp-block-uagb-buttons-child uagb-buttons__outer-wrap uagb-block-waw1dday wp-block-button\"><div class=\"uagb-button__wrapper\"><a class=\"uagb-buttons-repeater wp-block-button__link\" aria-label=\"\" href=\"https:\/\/kosmeetika24.com\/et\/wishpro\/\" rel=\"follow noopener\" target=\"_blank\" role=\"button\"><div class=\"uagb-button__link\">LOE VEEL<\/div><span class=\"uagb-button__icon uagb-button__icon-position-after\"><svg xmlns=\"https:\/\/www.w3.org\/2000\/svg\" viewBox=\"0 0 320 512\" aria-hidden=\"true\" focussable=\"false\"><path d=\"M96 480c-8.188 0-16.38-3.125-22.62-9.375c-12.5-12.5-12.5-32.75 0-45.25L242.8 256L73.38 86.63c-12.5-12.5-12.5-32.75 0-45.25s32.75-12.5 45.25 0l192 192c12.5 12.5 12.5 32.75 0 45.25l-192 192C112.4 476.9 104.2 480 96 480z\"><\/path><\/svg><\/span><\/a><\/div><\/div>\n<\/div><\/div>\n<\/div>\n\n\n\n<div class=\"wp-block-uagb-container uagb-block-s0hsda9g\">\n<div class=\"wp-block-uagb-image alignleft uagb-block-duaetj1a wp-block-uagb-image--layout-default wp-block-uagb-image--effect-static wp-block-uagb-image--align-left\"><figure class=\"wp-block-uagb-image__figure\"><img loading=\"lazy\" decoding=\"async\" srcset=\"https:\/\/kosmeetika24.com\/wp-content\/uploads\/2024\/02\/2-1-768x1024.png ,https:\/\/kosmeetika24.com\/wp-content\/uploads\/2024\/02\/2-1.png 780w, https:\/\/kosmeetika24.com\/wp-content\/uploads\/2024\/02\/2-1.png 360w\" sizes=\"auto, (max-width: 480px) 150px\" src=\"https:\/\/kosmeetika24.com\/wp-content\/uploads\/2024\/02\/2-1-768x1024.png\" alt=\"\" class=\"uag-image-3652\" width=\"352\" height=\"260\" title=\"2-1\" loading=\"lazy\" role=\"img\"\/><\/figure><\/div>\n\n\n\n<div class=\"wp-block-uagb-info-box uagb-block-fsz3vbqi uagb-infobox__content-wrap  uagb-infobox-icon-above-title uagb-infobox-image-valign-top\"><div class=\"uagb-ifb-content\"><div class=\"uagb-ifb-title-wrap\"><h3 class=\"uagb-ifb-title\">Diagnostika<\/h3><\/div><p class=\"uagb-ifb-desc\">Nahaanal\u00fc\u00fcsi seade, mis pakub p\u00f5hjalikku teavet kuni 15 piirkonna anal\u00fc\u00fcsi tulemuste p\u00f5hjal. Chowis ulatuslik nahadiagnoosimise s\u00fcsteem valib sinu naha jaoks optimeeritud andmed.<\/p><\/div><\/div>\n\n\n\n<div class=\"wp-block-uagb-buttons uagb-buttons__outer-wrap uagb-btn__default-btn uagb-btn-tablet__default-btn uagb-btn-mobile__default-btn uagb-block-g1zwff9j\"><div class=\"uagb-buttons__wrap uagb-buttons-layout-wrap \">\n<div class=\"wp-block-uagb-buttons-child uagb-buttons__outer-wrap uagb-block-ajvmvlb4 wp-block-button\"><div class=\"uagb-button__wrapper\"><a class=\"uagb-buttons-repeater wp-block-button__link\" aria-label=\"\" href=\"https:\/\/kosmeetika24.com\/et\/diagnostika\/\" rel=\"follow noopener\" target=\"_blank\" role=\"button\"><div class=\"uagb-button__link\">LOE VEEL<\/div><span class=\"uagb-button__icon uagb-button__icon-position-after\"><svg xmlns=\"https:\/\/www.w3.org\/2000\/svg\" viewBox=\"0 0 320 512\" aria-hidden=\"true\" focussable=\"false\"><path d=\"M96 480c-8.188 0-16.38-3.125-22.62-9.375c-12.5-12.5-12.5-32.75 0-45.25L242.8 256L73.38 86.63c-12.5-12.5-12.5-32.75 0-45.25s32.75-12.5 45.25 0l192 192c12.5 12.5 12.5 32.75 0 45.25l-192 192C112.4 476.9 104.2 480 96 480z\"><\/path><\/svg><\/span><\/a><\/div><\/div>\n<\/div><\/div>\n<\/div>\n\n\n\n<div class=\"wp-block-uagb-container uagb-block-parhpgbw\">\n<div class=\"wp-block-uagb-image alignleft uagb-block-mqtbltlz wp-block-uagb-image--layout-default wp-block-uagb-image--effect-static wp-block-uagb-image--align-left\"><figure class=\"wp-block-uagb-image__figure\"><img loading=\"lazy\" decoding=\"async\" srcset=\"https:\/\/kosmeetika24.com\/wp-content\/uploads\/2024\/02\/3-1-768x1024.png ,https:\/\/kosmeetika24.com\/wp-content\/uploads\/2024\/02\/3-1.png 780w, https:\/\/kosmeetika24.com\/wp-content\/uploads\/2024\/02\/3-1.png 360w\" sizes=\"auto, (max-width: 480px) 150px\" src=\"https:\/\/kosmeetika24.com\/wp-content\/uploads\/2024\/02\/3-1-768x1024.png\" alt=\"\" class=\"uag-image-3653\" width=\"352\" height=\"260\" title=\"3-1\" loading=\"lazy\" role=\"img\"\/><\/figure><\/div>\n\n\n\n<div class=\"wp-block-uagb-info-box uagb-block-piu0ewgy uagb-infobox__content-wrap  uagb-infobox-icon-above-title uagb-infobox-image-valign-top\"><div class=\"uagb-ifb-content\"><div class=\"uagb-ifb-title-wrap\"><h3 class=\"uagb-ifb-title\">Indiba<\/h3><\/div><p class=\"uagb-ifb-desc\">Nahahooldusseade v\u00f5imaldab s\u00fcgavat kudede stimuleerimist ja parandab naha elastsust. Aitab saavutada n\u00e4htavaid tulemusi, suurendades naha niiskust ja tugevust, tagades samas t\u00f5husa noorendava efekti.<\/p><\/div><\/div>\n\n\n\n<div class=\"wp-block-uagb-buttons uagb-buttons__outer-wrap uagb-btn__default-btn uagb-btn-tablet__default-btn uagb-btn-mobile__default-btn uagb-block-fhjruc04\"><div class=\"uagb-buttons__wrap uagb-buttons-layout-wrap \">\n<div class=\"wp-block-uagb-buttons-child uagb-buttons__outer-wrap uagb-block-uanaguw3 wp-block-button\"><div class=\"uagb-button__wrapper\"><a class=\"uagb-buttons-repeater wp-block-button__link\" aria-label=\"\" href=\"https:\/\/kosmeetika24.com\/et\/indiba\/\" rel=\"follow noopener\" target=\"_blank\" role=\"button\"><div class=\"uagb-button__link\">LOE VEEL<\/div><span class=\"uagb-button__icon uagb-button__icon-position-after\"><svg xmlns=\"https:\/\/www.w3.org\/2000\/svg\" viewBox=\"0 0 320 512\" aria-hidden=\"true\" focussable=\"false\"><path d=\"M96 480c-8.188 0-16.38-3.125-22.62-9.375c-12.5-12.5-12.5-32.75 0-45.25L242.8 256L73.38 86.63c-12.5-12.5-12.5-32.75 0-45.25s32.75-12.5 45.25 0l192 192c12.5 12.5 12.5 32.75 0 45.25l-192 192C112.4 476.9 104.2 480 96 480z\"><\/path><\/svg><\/span><\/a><\/div><\/div>\n<\/div><\/div>\n<\/div>\n<\/div>\n\n\n\n<div class=\"wp-block-uagb-container uagb-block-60a5ffd0\">\n<div class=\"wp-block-uagb-container uagb-block-0ccd35d1\">\n<div class=\"wp-block-uagb-image alignleft uagb-block-9cae6446 wp-block-uagb-image--layout-default wp-block-uagb-image--effect-static wp-block-uagb-image--align-left\"><figure class=\"wp-block-uagb-image__figure\"><img loading=\"lazy\" decoding=\"async\" srcset=\"https:\/\/kosmeetika24.com\/wp-content\/uploads\/2024\/03\/Oxygen-768x1024.png ,https:\/\/kosmeetika24.com\/wp-content\/uploads\/2024\/03\/Oxygen.png 780w, https:\/\/kosmeetika24.com\/wp-content\/uploads\/2024\/03\/Oxygen.png 360w\" sizes=\"auto, (max-width: 480px) 150px\" src=\"https:\/\/kosmeetika24.com\/wp-content\/uploads\/2024\/03\/Oxygen-768x1024.png\" alt=\"\" class=\"uag-image-4135\" width=\"352\" height=\"260\" title=\"\" loading=\"lazy\" role=\"img\"\/><\/figure><\/div>\n\n\n\n<div class=\"wp-block-uagb-info-box uagb-block-95773c45 uagb-infobox__content-wrap  uagb-infobox-icon-above-title uagb-infobox-image-valign-top\"><div class=\"uagb-ifb-content\"><div class=\"uagb-ifb-title-wrap\"><h3 class=\"uagb-ifb-title\">Oxygen Ceuticals<\/h3><\/div><p class=\"uagb-ifb-desc\">Nahahooldusseade, mis keskendub hapniku ja aktiivsete koostisosade s\u00fcgavale tungimisele. Toetab naha taastumist, parandab elastsust ja niisutust ning aitab v\u00e4hendada vananemise m\u00e4rke. V\u00f5imaldab saavutada tervislikumat ja s\u00e4ravamat nahka.<\/p><\/div><\/div>\n\n\n\n<div class=\"wp-block-uagb-buttons uagb-buttons__outer-wrap uagb-btn__default-btn uagb-btn-tablet__default-btn uagb-btn-mobile__default-btn uagb-block-8e14880e\"><div class=\"uagb-buttons__wrap uagb-buttons-layout-wrap \">\n<div class=\"wp-block-uagb-buttons-child uagb-buttons__outer-wrap uagb-block-9ed5ae25 wp-block-button\"><div class=\"uagb-button__wrapper\"><a class=\"uagb-buttons-repeater wp-block-button__link\" aria-label=\"\" href=\"https:\/\/kosmeetika24.com\/et\/oxygenceuticals\/\" rel=\"follow noopener\" target=\"_blank\" role=\"button\"><div class=\"uagb-button__link\">LOE VEEL<\/div><span class=\"uagb-button__icon uagb-button__icon-position-after\"><svg xmlns=\"https:\/\/www.w3.org\/2000\/svg\" viewBox=\"0 0 320 512\" aria-hidden=\"true\" focussable=\"false\"><path d=\"M96 480c-8.188 0-16.38-3.125-22.62-9.375c-12.5-12.5-12.5-32.75 0-45.25L242.8 256L73.38 86.63c-12.5-12.5-12.5-32.75 0-45.25s32.75-12.5 45.25 0l192 192c12.5 12.5 12.5 32.75 0 45.25l-192 192C112.4 476.9 104.2 480 96 480z\"><\/path><\/svg><\/span><\/a><\/div><\/div>\n<\/div><\/div>\n<\/div>\n\n\n\n<div class=\"wp-block-uagb-container uagb-block-93199e2f\">\n<div class=\"wp-block-uagb-image alignleft uagb-block-b3b864d8 wp-block-uagb-image--layout-default wp-block-uagb-image--effect-static wp-block-uagb-image--align-left\"><figure class=\"wp-block-uagb-image__figure\"><img loading=\"lazy\" decoding=\"async\" srcset=\"https:\/\/kosmeetika24.com\/wp-content\/uploads\/2024\/10\/kreslo1-1024x1016.jpg ,https:\/\/kosmeetika24.com\/wp-content\/uploads\/2024\/10\/kreslo1.jpg 780w, https:\/\/kosmeetika24.com\/wp-content\/uploads\/2024\/10\/kreslo1.jpg 360w\" sizes=\"auto, (max-width: 480px) 150px\" src=\"https:\/\/kosmeetika24.com\/wp-content\/uploads\/2024\/10\/kreslo1-1024x1016.jpg\" alt=\"\" class=\"uag-image-6694\" width=\"352\" height=\"260\" title=\"kreslo1\" loading=\"lazy\" role=\"img\"\/><\/figure><\/div>\n\n\n\n<div class=\"wp-block-uagb-info-box uagb-block-3b96e33d uagb-infobox__content-wrap  uagb-infobox-icon-above-title uagb-infobox-image-valign-top\"><div class=\"uagb-ifb-content\"><div class=\"uagb-ifb-title-wrap\"><h3 class=\"uagb-ifb-title\">Klienditoolid<\/h3><\/div><p class=\"uagb-ifb-desc\">Meie poolt pakutavad protseduuritoolid, mida usaldame Royal Grace Ilukliinikus ning mis vastavad ka teie vajadustele. Toolid on reguleeritavad ja pakuvad mugavust nii spetsialistidele kui ka klientidele, v\u00f5imaldades sooritada protseduure optimaalse efektiivselt. <\/p><\/div><\/div>\n\n\n\n<div class=\"wp-block-uagb-buttons uagb-buttons__outer-wrap uagb-btn__default-btn uagb-btn-tablet__default-btn uagb-btn-mobile__default-btn uagb-block-4d2bd7f1\"><div class=\"uagb-buttons__wrap uagb-buttons-layout-wrap \">\n<div class=\"wp-block-uagb-buttons-child uagb-buttons__outer-wrap uagb-block-40ce81c0 wp-block-button\"><div class=\"uagb-button__wrapper\"><a class=\"uagb-buttons-repeater wp-block-button__link\" aria-label=\"\" href=\"https:\/\/kosmeetika24.com\/et\/kliendivoodid-protseduuritoolid\/\" rel=\"follow noopener\" target=\"_self\" role=\"button\"><div class=\"uagb-button__link\">Loe Veel <\/div><span class=\"uagb-button__icon uagb-button__icon-position-after\"><svg xmlns=\"https:\/\/www.w3.org\/2000\/svg\" viewBox=\"0 0 256 512\" aria-hidden=\"true\" focussable=\"false\"><path d=\"M64 448c-8.188 0-16.38-3.125-22.62-9.375c-12.5-12.5-12.5-32.75 0-45.25L178.8 256L41.38 118.6c-12.5-12.5-12.5-32.75 0-45.25s32.75-12.5 45.25 0l160 160c12.5 12.5 12.5 32.75 0 45.25l-160 160C80.38 444.9 72.19 448 64 448z\"><\/path><\/svg><\/span><\/a><\/div><\/div>\n<\/div><\/div>\n<\/div>\n\n\n\n<div class=\"wp-block-uagb-container uagb-block-4ef11207\">\n<div class=\"wp-block-uagb-image alignleft uagb-block-155f200f wp-block-uagb-image--layout-default wp-block-uagb-image--effect-static wp-block-uagb-image--align-left\"><figure class=\"wp-block-uagb-image__figure\"><img loading=\"lazy\" decoding=\"async\" srcset=\"https:\/\/kosmeetika24.com\/wp-content\/uploads\/2025\/03\/Reverso-1-1080x884-1-1024x838.png ,https:\/\/kosmeetika24.com\/wp-content\/uploads\/2025\/03\/Reverso-1-1080x884-1.png 780w, https:\/\/kosmeetika24.com\/wp-content\/uploads\/2025\/03\/Reverso-1-1080x884-1.png 360w\" sizes=\"auto, (max-width: 480px) 150px\" src=\"https:\/\/kosmeetika24.com\/wp-content\/uploads\/2025\/03\/Reverso-1-1080x884-1-1024x838.png\" alt=\"\" class=\"uag-image-6969\" width=\"1024\" height=\"683\" title=\"Reverso-1-1080x884\" loading=\"lazy\" role=\"img\"\/><\/figure><\/div>\n\n\n\n<div class=\"wp-block-uagb-info-box uagb-block-e84c85b9 uagb-infobox__content-wrap  uagb-infobox-icon-above-title uagb-infobox-image-valign-top\"><div class=\"uagb-ifb-content\"><div class=\"uagb-ifb-title-wrap\"><h3 class=\"uagb-ifb-title\">Indiba Reverso<\/h3><\/div><p class=\"uagb-ifb-desc\">Reverso on fraktsionaalne raadiosagedusseade, mis pakub \u00fclit\u00f5husat ja individuaalselt kohandatud naha noorendamist ning taastamist. See innovaatiline tehnoloogia on loodud spetsiaalselt naha struktuuri\u2026<\/p><\/div><\/div>\n\n\n\n<div class=\"wp-block-uagb-buttons uagb-buttons__outer-wrap uagb-btn__default-btn uagb-btn-tablet__default-btn uagb-btn-mobile__default-btn uagb-block-406d793e\"><div class=\"uagb-buttons__wrap uagb-buttons-layout-wrap \">\n<div class=\"wp-block-uagb-buttons-child uagb-buttons__outer-wrap uagb-block-99a6a314 wp-block-button\"><div class=\"uagb-button__wrapper\"><a class=\"uagb-buttons-repeater wp-block-button__link\" aria-label=\"\" href=\"https:\/\/kosmeetika24.com\/et\/reverso\/\" rel=\"follow noopener\" target=\"_self\" role=\"button\"><div class=\"uagb-button__link\">Loe Veel <\/div><span class=\"uagb-button__icon uagb-button__icon-position-after\"><svg xmlns=\"https:\/\/www.w3.org\/2000\/svg\" viewBox=\"0 0 256 512\" aria-hidden=\"true\" focussable=\"false\"><path d=\"M64 448c-8.188 0-16.38-3.125-22.62-9.375c-12.5-12.5-12.5-32.75 0-45.25L178.8 256L41.38 118.6c-12.5-12.5-12.5-32.75 0-45.25s32.75-12.5 45.25 0l160 160c12.5 12.5 12.5 32.75 0 45.25l-160 160C80.38 444.9 72.19 448 64 448z\"><\/path><\/svg><\/span><\/a><\/div><\/div>\n<\/div><\/div>\n<\/div>\n<\/div>\n\n\n\n<div class=\"wp-block-uagb-container uagb-block-9a25264b\">\n<div class=\"wp-block-uagb-container uagb-block-be0ca979\">\n<div class=\"wp-block-uagb-image alignleft uagb-block-c15c6a62 wp-block-uagb-image--layout-default wp-block-uagb-image--effect-static wp-block-uagb-image--align-left\"><figure class=\"wp-block-uagb-image__figure\"><img loading=\"lazy\" decoding=\"async\" srcset=\"https:\/\/kosmeetika24.com\/wp-content\/uploads\/2025\/11\/goldpen_microneedling_dermica_laboratoires_product.webp ,https:\/\/kosmeetika24.com\/wp-content\/uploads\/2025\/11\/goldpen_microneedling_dermica_laboratoires_product.webp 780w, https:\/\/kosmeetika24.com\/wp-content\/uploads\/2025\/11\/goldpen_microneedling_dermica_laboratoires_product.webp 360w\" sizes=\"auto, (max-width: 480px) 150px\" src=\"https:\/\/kosmeetika24.com\/wp-content\/uploads\/2025\/11\/goldpen_microneedling_dermica_laboratoires_product.webp\" alt=\"Dermapen\" class=\"uag-image-7070\" width=\"352\" height=\"260\" title=\"goldpen_microneedling_dermica_laboratoires_product\" loading=\"lazy\" role=\"img\"\/><\/figure><\/div>\n\n\n\n<div class=\"wp-block-uagb-info-box uagb-block-46dc0aa8 uagb-infobox__content-wrap  uagb-infobox-icon-above-title uagb-infobox-image-valign-top\"><div class=\"uagb-ifb-content\"><div class=\"uagb-ifb-title-wrap\"><h3 class=\"uagb-ifb-title\">Dermapen<\/h3><\/div><p class=\"uagb-ifb-desc\">Dermapen\u00ae on automatiseeritud mikroneedling-seade, mille \u00fchekordselt kasutatav otsikuga padrun koosneb 11 mikroneedlist, mis kasutab patenteeritud tehnoloogiat, et tungida vertikaalselt naha sisse. Seejuures soodustavad ja kasutavad need mikron\u00f5elad keha loomup\u00e4rast v\u00f5imet\u2026<\/p><\/div><\/div>\n\n\n\n<div class=\"wp-block-uagb-buttons uagb-buttons__outer-wrap uagb-btn__default-btn uagb-btn-tablet__default-btn uagb-btn-mobile__default-btn uagb-block-2ec6c571\"><div class=\"uagb-buttons__wrap uagb-buttons-layout-wrap \">\n<div class=\"wp-block-uagb-buttons-child uagb-buttons__outer-wrap uagb-block-5938eedd wp-block-button\"><div class=\"uagb-button__wrapper\"><a class=\"uagb-buttons-repeater wp-block-button__link\" aria-label=\"\" href=\"https:\/\/kosmeetika24.com\/et\/dermapen\/\" rel=\"follow noopener\" target=\"_blank\" role=\"button\"><div class=\"uagb-button__link\">LOE VEEL<\/div><span class=\"uagb-button__icon uagb-button__icon-position-after\"><svg xmlns=\"https:\/\/www.w3.org\/2000\/svg\" viewBox=\"0 0 320 512\" aria-hidden=\"true\" focussable=\"false\"><path d=\"M96 480c-8.188 0-16.38-3.125-22.62-9.375c-12.5-12.5-12.5-32.75 0-45.25L242.8 256L73.38 86.63c-12.5-12.5-12.5-32.75 0-45.25s32.75-12.5 45.25 0l192 192c12.5 12.5 12.5 32.75 0 45.25l-192 192C112.4 476.9 104.2 480 96 480z\"><\/path><\/svg><\/span><\/a><\/div><\/div>\n<\/div><\/div>\n<\/div>\n<\/div>\n<\/div><\/div>\n\n\n\n<div class=\"wp-block-uagb-container uagb-block-5iujpl0l alignfull uagb-is-root-container\"><div class=\"uagb-container-inner-blocks-wrap\">\n<div class=\"wp-block-uagb-info-box uagb-block-vid4yobr uagb-infobox__content-wrap  uagb-infobox-icon-above-title uagb-infobox-image-valign-top\"><div class=\"uagb-ifb-content\"><div class=\"uagb-ifb-title-wrap\"><h2 class=\"uagb-ifb-title\">Ava oma potentsiaal<br>ja muuda oma \u00e4ri juba t\u00e4na!<\/h2><\/div><p class=\"uagb-ifb-desc\">\u00c4ra oota enam. Tegutse t\u00e4na ja alusta p\u00f5nevat teekonda oma eesm\u00e4rkide saavutamiseks. Laske meil juhatada teid protsessis ja aidata teil vabastada oma t\u00f5eline potentsiaal.<\/p><\/div><\/div>\n\n\n\n<div class=\"wp-block-uagb-buttons uagb-buttons__outer-wrap uagb-btn__default-btn uagb-btn-tablet__default-btn uagb-btn-mobile__default-btn uagb-block-lay3pbw4\"><div class=\"uagb-buttons__wrap uagb-buttons-layout-wrap \">\n<div class=\"wp-block-uagb-buttons-child uagb-buttons__outer-wrap uagb-block-j5d1gxzi wp-block-button\"><div class=\"uagb-button__wrapper\"><a class=\"uagb-buttons-repeater wp-block-button__link\" aria-label=\"\" href=\"https:\/\/kosmeetika24.com\/et\/kontakt\/\" rel=\"follow noopener\" target=\"_blank\" role=\"button\"><div class=\"uagb-button__link\">Kirjuta meile<\/div><\/a><\/div><\/div>\n<\/div><\/div>\n\n\n\n<div class=\"wp-block-uagb-info-box uagb-block-rq1dx75c uagb-infobox__content-wrap  uagb-infobox-icon-above-title uagb-infobox-image-valign-top wp-block-uagb-info-box--has-margin\"><div class=\"uagb-infobox-margin-wrapper\"><div class=\"uagb-ifb-content\"><div class=\"uagb-ifb-title-wrap\"><p class=\"uagb-ifb-title-prefix\">V\u00d5I HELISTA<\/p><h3 class=\"uagb-ifb-title\">+ 372 5648 2423<\/h3><\/div><\/div><\/div><\/div>\n<\/div><\/div>\n\n\n\n<p><\/p>\n","protected":false},"excerpt":{"rendered":"","protected":false},"author":1,"featured_media":0,"parent":0,"menu_order":0,"comment_status":"closed","ping_status":"closed","template":"","meta":{"_uag_custom_page_level_css":"","site-sidebar-layout":"no-sidebar","site-content-layout":"","ast-site-content-layout":"full-width-container","site-content-style":"boxed","site-sidebar-style":"default","ast-global-header-display":"","ast-banner-title-visibility":"","ast-main-header-display":"","ast-hfb-above-header-display":"","ast-hfb-below-header-display":"","ast-hfb-mobile-header-display":"","site-post-title":"disabled","ast-breadcrumbs-content":"","ast-featured-img":"","footer-sml-layout":"","ast-disable-related-posts":"","theme-transparent-header-meta":"disabled","adv-header-id-meta":"","stick-header-meta":"","header-above-stick-meta":"","header-main-stick-meta":"","header-below-stick-meta":"","astra-migrate-meta-layouts":"set","ast-page-background-enabled":"default","ast-page-background-meta":{"desktop":{"background-color":"var(--ast-global-color-4)","background-image":"","background-repeat":"repeat","background-position":"center center","background-size":"auto","background-attachment":"scroll","background-type":"","background-media":"","overlay-type":"","overlay-color":"","overlay-opacity":"","overlay-gradient":""},"tablet":{"background-color":"","background-image":"","background-repeat":"repeat","background-position":"center center","background-size":"auto","background-attachment":"scroll","background-type":"","background-media":"","overlay-type":"","overlay-color":"","overlay-opacity":"","overlay-gradient":""},"mobile":{"background-color":"","background-image":"","background-repeat":"repeat","background-position":"center center","background-size":"auto","background-attachment":"scroll","background-type":"","background-media":"","overlay-type":"","overlay-color":"","overlay-opacity":"","overlay-gradient":""}},"ast-content-background-meta":{"desktop":{"background-color":"var(--ast-global-color-5)","background-image":"","background-repeat":"repeat","background-position":"center center","background-size":"auto","background-attachment":"scroll","background-type":"","background-media":"","overlay-type":"","overlay-color":"","overlay-opacity":"","overlay-gradient":""},"tablet":{"background-color":"var(--ast-global-color-5)","background-image":"","background-repeat":"repeat","background-position":"center center","background-size":"auto","background-attachment":"scroll","background-type":"","background-media":"","overlay-type":"","overlay-color":"","overlay-opacity":"","overlay-gradient":""},"mobile":{"background-color":"var(--ast-global-color-5)","background-image":"","background-repeat":"repeat","background-position":"center center","background-size":"auto","background-attachment":"scroll","background-type":"","background-media":"","overlay-type":"","overlay-color":"","overlay-opacity":"","overlay-gradient":""}},"footnotes":""},"class_list":["post-4163","page","type-page","status-publish","hentry"],"uagb_featured_image_src":{"full":false,"thumbnail":false,"medium":false,"medium_large":false,"large":false,"1536x1536":false,"2048x2048":false,"trp-custom-language-flag":false,"woocommerce_thumbnail":false,"woocommerce_single":false,"woocommerce_gallery_thumbnail":false},"uagb_author_info":{"display_name":"admin","author_link":"https:\/\/kosmeetika24.com\/et\/author\/admin\/"},"uagb_comment_info":0,"uagb_excerpt":null,"_links":{"self":[{"href":"https:\/\/kosmeetika24.com\/et\/wp-json\/wp\/v2\/pages\/4163","targetHints":{"allow":["GET"]}}],"collection":[{"href":"https:\/\/kosmeetika24.com\/et\/wp-json\/wp\/v2\/pages"}],"about":[{"href":"https:\/\/kosmeetika24.com\/et\/wp-json\/wp\/v2\/types\/page"}],"author":[{"embeddable":true,"href":"https:\/\/kosmeetika24.com\/et\/wp-json\/wp\/v2\/users\/1"}],"replies":[{"embeddable":true,"href":"https:\/\/kosmeetika24.com\/et\/wp-json\/wp\/v2\/comments?post=4163"}],"version-history":[{"count":60,"href":"https:\/\/kosmeetika24.com\/et\/wp-json\/wp\/v2\/pages\/4163\/revisions"}],"predecessor-version":[{"id":7203,"href":"https:\/\/kosmeetika24.com\/et\/wp-json\/wp\/v2\/pages\/4163\/revisions\/7203"}],"wp:attachment":[{"href":"https:\/\/kosmeetika24.com\/et\/wp-json\/wp\/v2\/media?parent=4163"}],"curies":[{"name":"wp","href":"https:\/\/api.w.org\/{rel}","templated":true}]}}