{"id":7206,"date":"2025-11-13T11:31:40","date_gmt":"2025-11-13T08:31:40","guid":{"rendered":"https:\/\/kosmeetika24.com\/?post_type=product&#038;p=7206"},"modified":"2026-01-22T14:08:27","modified_gmt":"2026-01-22T11:08:27","slug":"mesotech-idealskin-concept","status":"publish","type":"product","link":"https:\/\/kosmeetika24.com\/en\/product\/mesotech-idealskin-concept\/","title":{"rendered":"MesoTech Idealskin Concept"},"content":{"rendered":"<p data-start=\"506\" data-end=\"1029\">Innovatiivne ja t\u00f5hus iluproto\u00adkoll, mis kasutab Spongilla spikuleid \u2014 100% looduslikku koostisosi 99% puhtusega, mis on ekstraheeritud mageveesamblikest. Arendatud naha regeneratsiooni edendamiseks ja vananemise n\u00e4htavate m\u00e4rkide v\u00e4hendamiseks. Su\u0308steem parandab naha elastsust, kindlust ja niisutust. Selle t\u00f5husus tuleneb tugevalt vananemisvastaste koostisosade s\u00fcnergiast, sealhulgas h\u00fcaluroonhappe (4 molekulvektoriga), DMAE ja Syn-ake, tuntud oma toniseerivate, pinguldavate ja kilet moodustavate omaduste poolest.<\/p>\n<p data-start=\"1031\" data-end=\"1066\"><strong data-start=\"1031\" data-end=\"1064\">Products included in the set:<\/strong><\/p>\n<ul data-start=\"1067\" data-end=\"2707\">\n<li data-start=\"1067\" data-end=\"1576\">\n<p data-start=\"1069\" data-end=\"1576\">Spongilla Spicula 99% \u2013 Spongilla spikulid on mikrostruktuurid, mis koosnevad 95% pii\u00adga (silica), kujult mikroskoopiliste n\u00f5eladena, mis stimuleerivad rakkude uuenemist ja suurendavad kollageeni tootmist. Spikulid m\u00f5\u00f5davad ligikaudu 10 \u03bcm l\u00e4bim\u00f5\u00f5duga ja 200-250 \u03bcm pikkusega. Manuaalse massaa\u017ei kaudu kiirendavad need rakkude uuenemist, suurendavad kollageeni ja elastiini s\u00fcnteesi ning parandavad seerumi aktiivainete imendumist. Nende kooriv efekt on otseselt proportsionaalne nende kontsentratsiooniga.<\/p>\n<\/li>\n<li data-start=\"1577\" data-end=\"2287\">\n<p data-start=\"1579\" data-end=\"2287\">Concept Serum \u2013 Tugev noorendav seerum, mis on formuleeritud h\u00fcaluroonhappega (4 molekulvektorit) s\u00fcgavaks ja pikaajaliseks niisutuseks ning naha pinguldamiseks. DMAE (dimet\u00fcla\u00adminoetanool), koliini eelk\u00e4ija, tuntud naha kindlustava ja pinguldava efekti poolest, mis aitab v\u00f5idelda l\u00f5tvumise ja tooni kaotuse vastu. Syn-ake, biomimeetiline peptiid, mis j\u00e4ljendab mao m\u00fcrgi toimet, pakkudes lihastele l\u00f5\u00f5gastavat efekti, aidates v\u00e4hendada peeneid jooni ja kortse. A-, C- ja E-vitamiinid, mis on tugevad antioks\u00fcdandid, kaitsevad vabade radikaalide kahjustuste eest, soodustavad naha taastumist ning suurendavad s\u00e4ra ja elastsust. Syn-Ake ja DMAE koostoime tulemuseks on pingul, pringim ja nooruslikum v\u00e4limus.<\/p>\n<\/li>\n<li data-start=\"2288\" data-end=\"2707\">\n<p data-start=\"2290\" data-end=\"2707\">Soox Serum \u2013 Rahustav n\u00e4oseerum, millel on k\u00f5rge Aloe vera kontsentratsioon ja mis sisaldab rahustavaid ning reparatiivseid koostisosi, sealhulgas probiootikume ning taimseid ekstrakte: centella, roheline tee, rosmariin ja kummel. Rikastatud naatriumh\u00fcaluroonaadiga, allantoiiniga ja pantenooliga, aitab see niisutada, rahustada ja v\u00e4hendada naha tundlikkust ning punetust, samal ajal s\u00e4ilitades naha mikrobiota.<\/p>\n<\/li>\n<\/ul>\n<p data-start=\"2709\" data-end=\"2727\"><strong data-start=\"2709\" data-end=\"2725\">Usage:<\/strong><\/p>\n<ol data-start=\"2728\" data-end=\"3797\">\n<li data-start=\"2728\" data-end=\"2787\">\n<p data-start=\"2731\" data-end=\"2787\">Puhasta piirkond ning eemalda olemasolev meik.<\/p>\n<\/li>\n<li data-start=\"2788\" data-end=\"2896\">\n<p data-start=\"2791\" data-end=\"2896\">Pour the Concept Serum into the jar containing Spongilla Spicula 99%, close the jar, and shake for about 1 minute.<\/p>\n<\/li>\n<li data-start=\"2897\" data-end=\"3103\">\n<p data-start=\"2900\" data-end=\"3103\">Kasutades pipetti, kanna sobiv kogus Concept Serumit alale. Patsuta \u00f5rnalt s\u00f5rmeotstega, rakendades kerget survet kuni t\u00e4ielikult imendumiseni (umbes 2-5 minutit, s\u00f5ltuvalt t\u00f6\u00f6deldavast alast).<\/p>\n<\/li>\n<li data-start=\"3104\" data-end=\"3214\">\n<p data-start=\"3107\" data-end=\"3214\">After 10 minutes, apply a generous layer (about 5 ml) of Soox Serum and place the silicone mask on the treated area.<\/p>\n<\/li>\n<li data-start=\"3215\" data-end=\"3576\">\n<p data-start=\"3218\" data-end=\"3576\">T\u00e4iendava jahutava ja rahustava efekti saavutamiseks k\u00fclmuta silikoonmask 10 minutit enne kasutamist. Aseta mask, kinnitades silused k\u00f5rvade taha, et tagada \u00fchtlane katvus. Lase m\u00f5juda 15-20 minutit, seej\u00e4rel eemalda. Pese hoolikalt ja kuivata mask puhta lapiga. Hoia mask eemal soojusallikatest. Mask on taaskasutatav, kuid m\u00f5eldud \u00fche patsiendi jaoks.<\/p>\n<\/li>\n<li data-start=\"3577\" data-end=\"3797\">\n<p data-start=\"3580\" data-end=\"3797\">Alates kolmandast p\u00e4evast p\u00e4rast protseduuri kasuta iga p\u00e4ev \u00fcks ampull Concept Serumit kuni see on t\u00e4ielikult imendunud. Soovitatav on j\u00e4rgmise 20 p\u00e4eva jooksul kasutada k\u00f5rge kaitsega p\u00e4ikesekaitsekreemi SPF 50+.<\/p>\n<\/li>\n<\/ol>","protected":false},"excerpt":{"rendered":"<p data-start=\"90\" data-end=\"176\"><strong data-start=\"114\" data-end=\"174\">Botox-effect tripeptide for smooth expression lines<\/strong><\/p>\n<p data-start=\"178\" data-end=\"317\" class=\"translation-block\"><strong data-start=\"178\" data-end=\"192\">Indication:<\/strong> Anti-aging<br data-start=\"209\" data-end=\"212\"><strong data-start=\"212\" data-end=\"224\">Actives:<\/strong> DMAE, Sodium Hyaluronate, Syn-ake<br data-start=\"261\" data-end=\"264\"><strong data-start=\"264\" data-end=\"278\">Results:<\/strong> Anti-aging and elasticity-supporting<\/p>\n<p data-start=\"319\" data-end=\"341\"><strong data-start=\"319\" data-end=\"339\">1 box contains:<\/strong><\/p>\n<ul data-start=\"342\" data-end=\"504\">\n<li data-start=\"342\" data-end=\"383\">\n<p data-start=\"344\" data-end=\"383\" class=\"translation-block\">4 jars of <em data-start=\"352\" data-end=\"375\">Spongilla Spicula 99%<\/em> 0.3 g<\/p>\n<\/li>\n<li data-start=\"384\" data-end=\"421\">\n<p data-start=\"386\" data-end=\"421\" class=\"translation-block\">4 \u00d7 3 ml <em data-start=\"395\" data-end=\"410\">Concept Serum<\/em> with dropper<\/p>\n<\/li>\n<li data-start=\"422\" data-end=\"448\">\n<p data-start=\"424\" data-end=\"448\" class=\"translation-block\">1 \u00d7 30 ml <em data-start=\"434\" data-end=\"446\">Soox Serum<\/em><\/p>\n<\/li>\n<li data-start=\"449\" data-end=\"468\">\n<p data-start=\"451\" data-end=\"468\">4 \u00d7 silicone mask<\/p>\n<\/li>\n<li data-start=\"469\" data-end=\"504\">\n<p data-start=\"471\" data-end=\"504\" class=\"translation-block\">24 ampoules of <em data-start=\"482\" data-end=\"497\">Concept Serum<\/em> 4 ml<\/p>\n<\/li>\n<\/ul>","protected":false},"featured_media":7208,"comment_status":"closed","ping_status":"closed","template":"","meta":{"_uag_custom_page_level_css":"","site-sidebar-layout":"default","site-content-layout":"","ast-site-content-layout":"default","site-content-style":"default","site-sidebar-style":"default","ast-global-header-display":"","ast-banner-title-visibility":"","ast-main-header-display":"","ast-hfb-above-header-display":"","ast-hfb-below-header-display":"","ast-hfb-mobile-header-display":"","site-post-title":"","ast-breadcrumbs-content":"","ast-featured-img":"","footer-sml-layout":"","ast-disable-related-posts":"","theme-transparent-header-meta":"default","adv-header-id-meta":"","stick-header-meta":"","header-above-stick-meta":"","header-main-stick-meta":"","header-below-stick-meta":"","astra-migrate-meta-layouts":"set","ast-page-background-enabled":"default","ast-page-background-meta":{"desktop":{"background-color":"var(--ast-global-color-4)","background-image":"","background-repeat":"repeat","background-position":"center center","background-size":"auto","background-attachment":"scroll","background-type":"","background-media":"","overlay-type":"","overlay-color":"","overlay-opacity":"","overlay-gradient":""},"tablet":{"background-color":"","background-image":"","background-repeat":"repeat","background-position":"center center","background-size":"auto","background-attachment":"scroll","background-type":"","background-media":"","overlay-type":"","overlay-color":"","overlay-opacity":"","overlay-gradient":""},"mobile":{"background-color":"","background-image":"","background-repeat":"repeat","background-position":"center center","background-size":"auto","background-attachment":"scroll","background-type":"","background-media":"","overlay-type":"","overlay-color":"","overlay-opacity":"","overlay-gradient":""}},"ast-content-background-meta":{"desktop":{"background-color":"var(--ast-global-color-5)","background-image":"","background-repeat":"repeat","background-position":"center center","background-size":"auto","background-attachment":"scroll","background-type":"","background-media":"","overlay-type":"","overlay-color":"","overlay-opacity":"","overlay-gradient":""},"tablet":{"background-color":"var(--ast-global-color-5)","background-image":"","background-repeat":"repeat","background-position":"center center","background-size":"auto","background-attachment":"scroll","background-type":"","background-media":"","overlay-type":"","overlay-color":"","overlay-opacity":"","overlay-gradient":""},"mobile":{"background-color":"var(--ast-global-color-5)","background-image":"","background-repeat":"repeat","background-position":"center center","background-size":"auto","background-attachment":"scroll","background-type":"","background-media":"","overlay-type":"","overlay-color":"","overlay-opacity":"","overlay-gradient":""}}},"product_brand":[],"product_cat":[117,126,97],"product_tag":[],"class_list":{"0":"post-7206","1":"product","2":"type-product","3":"status-publish","4":"has-post-thumbnail","6":"product_cat-bundles","7":"product_cat-mesotech","8":"product_cat-naole","9":"desktop-align-left","10":"tablet-align-left","11":"mobile-align-left","13":"first","14":"instock","15":"taxable","16":"shipping-taxable","17":"product-type-simple","18":"add-to-wishlist-before_image"},"uagb_featured_image_src":{"full":["https:\/\/kosmeetika24.com\/wp-content\/uploads\/2025\/11\/idealskin-spongilla-spicula-concept.jpg",1000,1000,false],"thumbnail":["https:\/\/kosmeetika24.com\/wp-content\/uploads\/2025\/11\/idealskin-spongilla-spicula-concept-150x150.jpg",150,150,true],"medium":["https:\/\/kosmeetika24.com\/wp-content\/uploads\/2025\/11\/idealskin-spongilla-spicula-concept-300x300.jpg",300,300,true],"medium_large":["https:\/\/kosmeetika24.com\/wp-content\/uploads\/2025\/11\/idealskin-spongilla-spicula-concept-768x768.jpg",768,768,true],"large":["https:\/\/kosmeetika24.com\/wp-content\/uploads\/2025\/11\/idealskin-spongilla-spicula-concept.jpg",1000,1000,false],"1536x1536":["https:\/\/kosmeetika24.com\/wp-content\/uploads\/2025\/11\/idealskin-spongilla-spicula-concept.jpg",1000,1000,false],"2048x2048":["https:\/\/kosmeetika24.com\/wp-content\/uploads\/2025\/11\/idealskin-spongilla-spicula-concept.jpg",1000,1000,false],"trp-custom-language-flag":["https:\/\/kosmeetika24.com\/wp-content\/uploads\/2025\/11\/idealskin-spongilla-spicula-concept-12x12.jpg",12,12,true],"woocommerce_thumbnail":["https:\/\/kosmeetika24.com\/wp-content\/uploads\/2025\/11\/idealskin-spongilla-spicula-concept-300x300.jpg",300,300,true],"woocommerce_single":["https:\/\/kosmeetika24.com\/wp-content\/uploads\/2025\/11\/idealskin-spongilla-spicula-concept-500x500.jpg",500,500,true],"woocommerce_gallery_thumbnail":["https:\/\/kosmeetika24.com\/wp-content\/uploads\/2025\/11\/idealskin-spongilla-spicula-concept-100x100.jpg",100,100,true]},"uagb_author_info":{"display_name":"admin","author_link":"https:\/\/kosmeetika24.com\/en\/author\/"},"uagb_comment_info":0,"uagb_excerpt":"Botoksi efekti tripeptiid siledate v\u00e4ljendusjoonte jaoks N\u00e4idustus: VananemisvastaneTegujad: DMAE, naatriumh\u00fcaluroonhape, Syn-akeTulemused: Vananemisvastane ja elastsust toetav 1 karp sisaldab: 4 purki Spongilla Spicula 99% 0,3 g 4 \u00d7 3 ml Concept Serum pipetiga 1 \u00d7 30 ml Soox Serum 4 silikoonmaski 24 ampulli Concept Serum 4 ml","_links":{"self":[{"href":"https:\/\/kosmeetika24.com\/en\/wp-json\/wp\/v2\/product\/7206","targetHints":{"allow":["GET"]}}],"collection":[{"href":"https:\/\/kosmeetika24.com\/en\/wp-json\/wp\/v2\/product"}],"about":[{"href":"https:\/\/kosmeetika24.com\/en\/wp-json\/wp\/v2\/types\/product"}],"replies":[{"embeddable":true,"href":"https:\/\/kosmeetika24.com\/en\/wp-json\/wp\/v2\/comments?post=7206"}],"version-history":[{"count":3,"href":"https:\/\/kosmeetika24.com\/en\/wp-json\/wp\/v2\/product\/7206\/revisions"}],"predecessor-version":[{"id":7225,"href":"https:\/\/kosmeetika24.com\/en\/wp-json\/wp\/v2\/product\/7206\/revisions\/7225"}],"wp:featuredmedia":[{"embeddable":true,"href":"https:\/\/kosmeetika24.com\/en\/wp-json\/wp\/v2\/media\/7208"}],"wp:attachment":[{"href":"https:\/\/kosmeetika24.com\/en\/wp-json\/wp\/v2\/media?parent=7206"}],"wp:term":[{"taxonomy":"product_brand","embeddable":true,"href":"https:\/\/kosmeetika24.com\/en\/wp-json\/wp\/v2\/product_brand?post=7206"},{"taxonomy":"product_cat","embeddable":true,"href":"https:\/\/kosmeetika24.com\/en\/wp-json\/wp\/v2\/product_cat?post=7206"},{"taxonomy":"product_tag","embeddable":true,"href":"https:\/\/kosmeetika24.com\/en\/wp-json\/wp\/v2\/product_tag?post=7206"}],"curies":[{"name":"wp","href":"https:\/\/api.w.org\/{rel}","templated":true}]}}