{"id":7194,"date":"2025-11-06T14:39:43","date_gmt":"2025-11-06T11:39:43","guid":{"rendered":"https:\/\/kosmeetika24.com\/?post_type=product&#038;p=7194"},"modified":"2026-01-12T12:12:22","modified_gmt":"2026-01-12T09:12:22","slug":"dalton-extreme-lift-anti-wrinkle-eye-cream","status":"publish","type":"product","link":"https:\/\/kosmeetika24.com\/en\/product\/dalton-extreme-lift-anti-wrinkle-eye-cream\/","title":{"rendered":"Dalton \u2013 Extreme Lift \u2013 Anti-Wrinkle Eye Cream"},"content":{"rendered":"<p class=\"translation-block\"><b>Usage:<\/b><b><br><\/b>\nApply in the morning and evening after cleansing, or as needed. Gently pat onto the skin.<\/p>\n<p class=\"translation-block\"><b>Tip<\/b><b><br><\/b>\nThe eye cream can also be applied to the lip contour to reduce the appearance of vertical lines and wrinkles. Clinical studies confirm that the cream reduces so-called \u201cbarcode wrinkles\u201d (also known as smoker\u2019s lines) by 18% in just 28 days!**<\/p>\n<p>The eye area is the most expressive part of the face. Over time, facial expressions create smile lines and \u201ccrow\u2019s feet\u201d \u2014 but don\u2019t worry! This anti-wrinkle eye cream delivers on its promise: it helps prevent the formation of fine lines and crow\u2019s feet while providing an instant smoothing and plumping effect from the very first use.<\/p>\n<p class=\"translation-block\">All this is possible thanks to two key ingredients:<br>\n<b>Jambu Extract<\/b> \u2013 a plant-based active ingredient that relaxes the muscles around the eyes, slowing down and preventing the formation of expression lines.<br>\n<b>Unique Celumer Marine Extract<\/b> \u2013 delivers active ingredients into the deeper layers of the skin and provides long-lasting anti-aging benefits.<\/p>\n<p class=\"translation-block\">Moisturizing <b>hyaluronic acid<\/b> smooths wrinkles caused by dryness, and <b>sunflower extract<\/b> improves skin elasticity.<\/p>\n<p class=\"translation-block\"><i>Test method:<\/i> The test was conducted on a nerve-muscle tissue culture by measuring muscle contractions. The study was carried out in vitro.<\/p>\n<p><strong>Ingredients<\/strong><br \/>\nAqua\/Water, Propylene Glycol, Pentylene Glycol, Oleyl Erucate, Caprylic\/Capric Triglyceride, Glyceryl Stearate, Myristyl Alcohol, PEG-100 Stearate, Propanediol, HDI\/Trimethylol Hexyllactone Crosspolymer, Maris Aqua\/Sea Water, Spirulina Maxima Extract, Algae Extract\/Alaria Esculenta Extract, Maris Limus Extract\/Sea Silt Extract, Saccharide Isomerate, Ostrea Shell Extract\/Oyster Shell Extract, Caviar Extract, Acmella Oleracea Extract, Sodium Hyaluronate, Helianthus Annuus (Sunflower) Seed Oil, Caesalpinia Spinosa Fruit Extract, Silica, Tocopherol, Carbomer, Sodium Hydroxide, Silica Dimethyl Silylate, Butylene Glycol, Phenoxyethanol, Kappaphycus Alvarezii Extract, Atelocollagen, Sodium Chondroitin Sulfate, Hydrogenated Palm Glycerides Citrate, Potassium Sorbate, Pentaerythrityl Tetraisostearate, Parfum\/Fragrance<\/p>","protected":false},"excerpt":{"rendered":"<div class=\"woocommerce-product-details__short-description\">\n<p>Instant Firming Eye Cream for Reducing Expression Lines 15ml<\/p>\n<p class=\"translation-block\">Instantly tightens deep wrinkles<br>\nContains jambu extract \u2013 a natural alternative to Botox<br>\nA study confirms visible wrinkle reduction for more than 24 hours*<br>\nHyaluronic acid smooths fine lines caused by dryness<br>\nAlso suitable for smoothing upper lip wrinkles<\/p>\n<\/div>\n<div class=\"yith-wcwl-add-to-wishlist add-to-wishlist-9625 yith-wcwl-add-to-wishlist--button_default-style yith-wcwl-add-to-wishlist--single wishlist-fragment on-first-load\" data-fragment-ref=\"9625\" data-fragment-options=\"{&quot;base_url&quot;:&quot;&quot;,&quot;product_id&quot;:9625,&quot;parent_product_id&quot;:0,&quot;product_type&quot;:&quot;simple&quot;,&quot;is_single&quot;:true,&quot;in_default_wishlist&quot;:false,&quot;show_view&quot;:false,&quot;browse_wishlist_text&quot;:&quot;Vaata soovikorvi&quot;,&quot;already_in_wishslist_text&quot;:&quot;See toode on juba soovikorvis!&quot;,&quot;product_added_text&quot;:&quot;Toode lisati soovikorvi!&quot;,&quot;available_multi_wishlist&quot;:false,&quot;disable_wishlist&quot;:false,&quot;show_count&quot;:false,&quot;ajax_loading&quot;:false,&quot;loop_position&quot;:&quot;before_image&quot;,&quot;item&quot;:&quot;add_to_wishlist&quot;}\">\n<div class=\"yith-wcwl-add-button\"><\/div>\n<\/div>","protected":false},"featured_media":7195,"comment_status":"closed","ping_status":"closed","template":"","meta":{"_uag_custom_page_level_css":"","site-sidebar-layout":"default","site-content-layout":"","ast-site-content-layout":"default","site-content-style":"default","site-sidebar-style":"default","ast-global-header-display":"","ast-banner-title-visibility":"","ast-main-header-display":"","ast-hfb-above-header-display":"","ast-hfb-below-header-display":"","ast-hfb-mobile-header-display":"","site-post-title":"","ast-breadcrumbs-content":"","ast-featured-img":"","footer-sml-layout":"","ast-disable-related-posts":"","theme-transparent-header-meta":"default","adv-header-id-meta":"","stick-header-meta":"","header-above-stick-meta":"","header-main-stick-meta":"","header-below-stick-meta":"","astra-migrate-meta-layouts":"set","ast-page-background-enabled":"default","ast-page-background-meta":{"desktop":{"background-color":"var(--ast-global-color-4)","background-image":"","background-repeat":"repeat","background-position":"center center","background-size":"auto","background-attachment":"scroll","background-type":"","background-media":"","overlay-type":"","overlay-color":"","overlay-opacity":"","overlay-gradient":""},"tablet":{"background-color":"","background-image":"","background-repeat":"repeat","background-position":"center center","background-size":"auto","background-attachment":"scroll","background-type":"","background-media":"","overlay-type":"","overlay-color":"","overlay-opacity":"","overlay-gradient":""},"mobile":{"background-color":"","background-image":"","background-repeat":"repeat","background-position":"center center","background-size":"auto","background-attachment":"scroll","background-type":"","background-media":"","overlay-type":"","overlay-color":"","overlay-opacity":"","overlay-gradient":""}},"ast-content-background-meta":{"desktop":{"background-color":"var(--ast-global-color-5)","background-image":"","background-repeat":"repeat","background-position":"center center","background-size":"auto","background-attachment":"scroll","background-type":"","background-media":"","overlay-type":"","overlay-color":"","overlay-opacity":"","overlay-gradient":""},"tablet":{"background-color":"var(--ast-global-color-5)","background-image":"","background-repeat":"repeat","background-position":"center center","background-size":"auto","background-attachment":"scroll","background-type":"","background-media":"","overlay-type":"","overlay-color":"","overlay-opacity":"","overlay-gradient":""},"mobile":{"background-color":"var(--ast-global-color-5)","background-image":"","background-repeat":"repeat","background-position":"center center","background-size":"auto","background-attachment":"scroll","background-type":"","background-media":"","overlay-type":"","overlay-color":"","overlay-opacity":"","overlay-gradient":""}}},"product_brand":[],"product_cat":[125,97],"product_tag":[],"class_list":{"0":"post-7194","1":"product","2":"type-product","3":"status-publish","4":"has-post-thumbnail","6":"product_cat-dalton","7":"product_cat-naole","8":"desktop-align-left","9":"tablet-align-left","10":"mobile-align-left","12":"first","13":"onbackorder","14":"taxable","15":"shipping-taxable","16":"product-type-simple","17":"add-to-wishlist-before_image"},"uagb_featured_image_src":{"full":["https:\/\/kosmeetika24.com\/wp-content\/uploads\/2025\/11\/6451750-extreme-lift-augencreme_1080x1080.avif",960,960,false],"thumbnail":["https:\/\/kosmeetika24.com\/wp-content\/uploads\/2025\/11\/6451750-extreme-lift-augencreme_1080x1080-150x150.avif",150,150,true],"medium":["https:\/\/kosmeetika24.com\/wp-content\/uploads\/2025\/11\/6451750-extreme-lift-augencreme_1080x1080-300x300.avif",300,300,true],"medium_large":["https:\/\/kosmeetika24.com\/wp-content\/uploads\/2025\/11\/6451750-extreme-lift-augencreme_1080x1080-768x768.avif",768,768,true],"large":["https:\/\/kosmeetika24.com\/wp-content\/uploads\/2025\/11\/6451750-extreme-lift-augencreme_1080x1080.avif",960,960,false],"1536x1536":["https:\/\/kosmeetika24.com\/wp-content\/uploads\/2025\/11\/6451750-extreme-lift-augencreme_1080x1080.avif",960,960,false],"2048x2048":["https:\/\/kosmeetika24.com\/wp-content\/uploads\/2025\/11\/6451750-extreme-lift-augencreme_1080x1080.avif",960,960,false],"trp-custom-language-flag":["https:\/\/kosmeetika24.com\/wp-content\/uploads\/2025\/11\/6451750-extreme-lift-augencreme_1080x1080-12x12.avif",12,12,true],"woocommerce_thumbnail":["https:\/\/kosmeetika24.com\/wp-content\/uploads\/2025\/11\/6451750-extreme-lift-augencreme_1080x1080-300x300.avif",300,300,true],"woocommerce_single":["https:\/\/kosmeetika24.com\/wp-content\/uploads\/2025\/11\/6451750-extreme-lift-augencreme_1080x1080-500x500.avif",500,500,true],"woocommerce_gallery_thumbnail":["https:\/\/kosmeetika24.com\/wp-content\/uploads\/2025\/11\/6451750-extreme-lift-augencreme_1080x1080-100x100.avif",100,100,true]},"uagb_author_info":{"display_name":"admin","author_link":"https:\/\/kosmeetika24.com\/en\/author\/"},"uagb_comment_info":0,"uagb_excerpt":"Koheselt pinguldav silmakreem miimikakortsude v\u00e4hendamiseks 15ml Koheselt pinguldab s\u00fcgavaid kortse Sisaldab jamb\u00fa ekstrakti \u2013 looduslik alternatiiv Botoxile Uuring kinnitab n\u00e4htavat kortsude v\u00e4henemist enam kui 24 tunniks* H\u00fcaluroonhape silub kuivusest tingitud peeneid jooni Sobib ka \u00fclahuule kortsude silumiseks","_links":{"self":[{"href":"https:\/\/kosmeetika24.com\/en\/wp-json\/wp\/v2\/product\/7194","targetHints":{"allow":["GET"]}}],"collection":[{"href":"https:\/\/kosmeetika24.com\/en\/wp-json\/wp\/v2\/product"}],"about":[{"href":"https:\/\/kosmeetika24.com\/en\/wp-json\/wp\/v2\/types\/product"}],"replies":[{"embeddable":true,"href":"https:\/\/kosmeetika24.com\/en\/wp-json\/wp\/v2\/comments?post=7194"}],"version-history":[{"count":1,"href":"https:\/\/kosmeetika24.com\/en\/wp-json\/wp\/v2\/product\/7194\/revisions"}],"predecessor-version":[{"id":7196,"href":"https:\/\/kosmeetika24.com\/en\/wp-json\/wp\/v2\/product\/7194\/revisions\/7196"}],"wp:featuredmedia":[{"embeddable":true,"href":"https:\/\/kosmeetika24.com\/en\/wp-json\/wp\/v2\/media\/7195"}],"wp:attachment":[{"href":"https:\/\/kosmeetika24.com\/en\/wp-json\/wp\/v2\/media?parent=7194"}],"wp:term":[{"taxonomy":"product_brand","embeddable":true,"href":"https:\/\/kosmeetika24.com\/en\/wp-json\/wp\/v2\/product_brand?post=7194"},{"taxonomy":"product_cat","embeddable":true,"href":"https:\/\/kosmeetika24.com\/en\/wp-json\/wp\/v2\/product_cat?post=7194"},{"taxonomy":"product_tag","embeddable":true,"href":"https:\/\/kosmeetika24.com\/en\/wp-json\/wp\/v2\/product_tag?post=7194"}],"curies":[{"name":"wp","href":"https:\/\/api.w.org\/{rel}","templated":true}]}}