{"id":7192,"date":"2025-11-06T14:38:43","date_gmt":"2025-11-06T11:38:43","guid":{"rendered":"https:\/\/kosmeetika24.com\/?post_type=product&#038;p=7192"},"modified":"2026-01-12T12:12:29","modified_gmt":"2026-01-12T09:12:29","slug":"dalton-deep-sea-men-performance-hydrating-moisturizer","status":"publish","type":"product","link":"https:\/\/kosmeetika24.com\/en\/product\/dalton-deep-sea-men-performance-hydrating-moisturizer\/","title":{"rendered":"Dalton \u2013 Deep Sea \u2013 Men Performance \u2013 Hydrating Moisturizer"},"content":{"rendered":"<p><strong>Usage:<\/strong><\/p>\n<p>Apply the anti-aging cream morning and evening to cleansed skin. Also ideal for soothing and moisturizing the skin after shaving.<\/p>\n<p><strong>Tip:<\/strong><\/p>\n<p>Thanks to the soothing properties of panthenol and allantoin, this moisturizing cream also works perfectly as an after-shave care product.<\/p>\n<p><strong>Product Description:<\/strong><\/p>\n<p>Does your skin feel dry and tight after shaving? This moisturizing face cream for men contains deep-sea water and blue algae extract, providing intense hydration and leaving the skin fresh and healthy-looking. It is also rich in minerals and trace elements that nourish and remineralize the skin. Hyaluronic acid, urea, and the exclusive Celumer Marine Extract help moisturize the skin, smooth fine lines caused by dryness, and deliver a visible anti-aging effect. Panthenol and allantoin soothe the skin and prevent irritation caused by shaving.<\/p>\n<p>The cream absorbs quickly, leaving no greasy or sticky residue, and makes the skin firmer, fresher, and more youthful.<\/p>\n<p><em>*Test results: Consumer study, 40 participants, used twice daily for 21 days.<\/em><\/p>\n<p><strong>Ingredients<\/strong><br \/>\nAqua\/Water, Glycerin, Cetearyl Alcohol, Glyceryl Stearate, PEG-100 Stearate, Coco-Caprylate, Octyldodecanol, Hydrogenated Starch Hydrolysate, Dimethicone, Maris Aqua\/Sea Water, Aphanizomenon Flos-Aquae Extract, Spirulina Maxima Extract, Algae Extract\/Alaria Esculenta Extract, Saccharide Isomerate, Caviar Extract, Ostrea Shell Extract\/Oyster Shell Extract, Maris Limus Extract\/Sea Silt Extract, Urea, Allantoin, Panthenol, Sodium Hyaluronate, Sodium Hydroxide, Citric Acid, Xanthan Gum, Propylene Glycol, Potassium Sorbate, Phenoxyethanol, Dehydroacetic Acid, Caprylic\/Capric Triglyceride, Benzoic Acid, Ethylhexylglycerin, Parfum\/Fragrance<\/p>\n<p>598.-\u20ac\/l<\/p>","protected":false},"excerpt":{"rendered":"<p>Moisturizing and Anti-Aging Cream for Dry Skin 50 ml<\/p>\n<p class=\"translation-block\">Provides intensive hydration<br>\nLight creamy texture<br>\nDeep sea water and blue algae refresh the skin<br>\nPanthenol and allantoin prevent irritation<br>\nSmooths fine lines and wrinkles<br>\n84% of users confirmed an increase in skin moisture*<\/p>","protected":false},"featured_media":7187,"comment_status":"closed","ping_status":"closed","template":"","meta":{"_uag_custom_page_level_css":"","site-sidebar-layout":"default","site-content-layout":"","ast-site-content-layout":"default","site-content-style":"default","site-sidebar-style":"default","ast-global-header-display":"","ast-banner-title-visibility":"","ast-main-header-display":"","ast-hfb-above-header-display":"","ast-hfb-below-header-display":"","ast-hfb-mobile-header-display":"","site-post-title":"","ast-breadcrumbs-content":"","ast-featured-img":"","footer-sml-layout":"","ast-disable-related-posts":"","theme-transparent-header-meta":"default","adv-header-id-meta":"","stick-header-meta":"","header-above-stick-meta":"","header-main-stick-meta":"","header-below-stick-meta":"","astra-migrate-meta-layouts":"set","ast-page-background-enabled":"default","ast-page-background-meta":{"desktop":{"background-color":"var(--ast-global-color-4)","background-image":"","background-repeat":"repeat","background-position":"center center","background-size":"auto","background-attachment":"scroll","background-type":"","background-media":"","overlay-type":"","overlay-color":"","overlay-opacity":"","overlay-gradient":""},"tablet":{"background-color":"","background-image":"","background-repeat":"repeat","background-position":"center center","background-size":"auto","background-attachment":"scroll","background-type":"","background-media":"","overlay-type":"","overlay-color":"","overlay-opacity":"","overlay-gradient":""},"mobile":{"background-color":"","background-image":"","background-repeat":"repeat","background-position":"center center","background-size":"auto","background-attachment":"scroll","background-type":"","background-media":"","overlay-type":"","overlay-color":"","overlay-opacity":"","overlay-gradient":""}},"ast-content-background-meta":{"desktop":{"background-color":"var(--ast-global-color-5)","background-image":"","background-repeat":"repeat","background-position":"center center","background-size":"auto","background-attachment":"scroll","background-type":"","background-media":"","overlay-type":"","overlay-color":"","overlay-opacity":"","overlay-gradient":""},"tablet":{"background-color":"var(--ast-global-color-5)","background-image":"","background-repeat":"repeat","background-position":"center center","background-size":"auto","background-attachment":"scroll","background-type":"","background-media":"","overlay-type":"","overlay-color":"","overlay-opacity":"","overlay-gradient":""},"mobile":{"background-color":"var(--ast-global-color-5)","background-image":"","background-repeat":"repeat","background-position":"center center","background-size":"auto","background-attachment":"scroll","background-type":"","background-media":"","overlay-type":"","overlay-color":"","overlay-opacity":"","overlay-gradient":""}}},"product_brand":[],"product_cat":[125,97],"product_tag":[],"class_list":{"0":"post-7192","1":"product","2":"type-product","3":"status-publish","4":"has-post-thumbnail","6":"product_cat-dalton","7":"product_cat-naole","8":"desktop-align-left","9":"tablet-align-left","10":"mobile-align-left","12":"first","13":"onbackorder","14":"taxable","15":"shipping-taxable","16":"product-type-simple","17":"add-to-wishlist-before_image"},"uagb_featured_image_src":{"full":["https:\/\/kosmeetika24.com\/wp-content\/uploads\/2025\/11\/4054621830016.webp",540,540,false],"thumbnail":["https:\/\/kosmeetika24.com\/wp-content\/uploads\/2025\/11\/4054621830016-150x150.webp",150,150,true],"medium":["https:\/\/kosmeetika24.com\/wp-content\/uploads\/2025\/11\/4054621830016-300x300.webp",300,300,true],"medium_large":["https:\/\/kosmeetika24.com\/wp-content\/uploads\/2025\/11\/4054621830016.webp",540,540,false],"large":["https:\/\/kosmeetika24.com\/wp-content\/uploads\/2025\/11\/4054621830016.webp",540,540,false],"1536x1536":["https:\/\/kosmeetika24.com\/wp-content\/uploads\/2025\/11\/4054621830016.webp",540,540,false],"2048x2048":["https:\/\/kosmeetika24.com\/wp-content\/uploads\/2025\/11\/4054621830016.webp",540,540,false],"trp-custom-language-flag":["https:\/\/kosmeetika24.com\/wp-content\/uploads\/2025\/11\/4054621830016-12x12.webp",12,12,true],"woocommerce_thumbnail":["https:\/\/kosmeetika24.com\/wp-content\/uploads\/2025\/11\/4054621830016-300x300.webp",300,300,true],"woocommerce_single":["https:\/\/kosmeetika24.com\/wp-content\/uploads\/2025\/11\/4054621830016-500x500.webp",500,500,true],"woocommerce_gallery_thumbnail":["https:\/\/kosmeetika24.com\/wp-content\/uploads\/2025\/11\/4054621830016-100x100.webp",100,100,true]},"uagb_author_info":{"display_name":"admin","author_link":"https:\/\/kosmeetika24.com\/en\/author\/"},"uagb_comment_info":0,"uagb_excerpt":"Niisutav ja vananemisvastane kreem kuivale nahale 50 ml Annab nahale intensiivse niisutuse Kerge kreemjas tekstuur S\u00fcgavmerevesi ja sinivetikad v\u00e4rskendavad nahka Pantenool ja allantoiin ennetavad \u00e4rritust Silub peeneid kortse ja joonekesi 84% kasutajatest kinnitab naha niiskustaseme t\u00f5usu*","_links":{"self":[{"href":"https:\/\/kosmeetika24.com\/en\/wp-json\/wp\/v2\/product\/7192","targetHints":{"allow":["GET"]}}],"collection":[{"href":"https:\/\/kosmeetika24.com\/en\/wp-json\/wp\/v2\/product"}],"about":[{"href":"https:\/\/kosmeetika24.com\/en\/wp-json\/wp\/v2\/types\/product"}],"replies":[{"embeddable":true,"href":"https:\/\/kosmeetika24.com\/en\/wp-json\/wp\/v2\/comments?post=7192"}],"version-history":[{"count":1,"href":"https:\/\/kosmeetika24.com\/en\/wp-json\/wp\/v2\/product\/7192\/revisions"}],"predecessor-version":[{"id":7193,"href":"https:\/\/kosmeetika24.com\/en\/wp-json\/wp\/v2\/product\/7192\/revisions\/7193"}],"wp:featuredmedia":[{"embeddable":true,"href":"https:\/\/kosmeetika24.com\/en\/wp-json\/wp\/v2\/media\/7187"}],"wp:attachment":[{"href":"https:\/\/kosmeetika24.com\/en\/wp-json\/wp\/v2\/media?parent=7192"}],"wp:term":[{"taxonomy":"product_brand","embeddable":true,"href":"https:\/\/kosmeetika24.com\/en\/wp-json\/wp\/v2\/product_brand?post=7192"},{"taxonomy":"product_cat","embeddable":true,"href":"https:\/\/kosmeetika24.com\/en\/wp-json\/wp\/v2\/product_cat?post=7192"},{"taxonomy":"product_tag","embeddable":true,"href":"https:\/\/kosmeetika24.com\/en\/wp-json\/wp\/v2\/product_tag?post=7192"}],"curies":[{"name":"wp","href":"https:\/\/api.w.org\/{rel}","templated":true}]}}