{"id":7186,"date":"2025-11-06T14:32:16","date_gmt":"2025-11-06T11:32:16","guid":{"rendered":"https:\/\/kosmeetika24.com\/?post_type=product&#038;p=7186"},"modified":"2026-01-12T12:12:35","modified_gmt":"2026-01-12T09:12:35","slug":"dalton-deep-sea-men-performance-eye-roll-on","status":"publish","type":"product","link":"https:\/\/kosmeetika24.com\/en\/product\/dalton-deep-sea-men-performance-eye-roll-on\/","title":{"rendered":"Dalton \u2013 Deep Sea \u2013 Men Performance \u2013 Eye Roll-on"},"content":{"rendered":"<p><strong>Usage:<\/strong><\/p>\n<p>Apply the eye gel morning and evening before using a moisturizing cream. Gently apply around the eye area and lightly pat into the skin.<\/p>\n<p><strong>Product Description:<\/strong><\/p>\n<p>Tired eyes? Add an effective eye roller to your skincare routine!<\/p>\n<p class=\"translation-block\">The light and refreshing <em>Eye Roll-On<\/em> contains the exclusive <em>Celumer Marine Extract<\/em>, deep-sea water, and blue algae \u2013 a rich blend of minerals and trace elements that deeply hydrate the skin and smooth wrinkles and fine lines.<\/p>\n<p>Hyaluronic acid provides long-lasting hydration and a firming effect to the eye area, while the cooling roll-on applicator instantly reduces puffiness and dark circles.<\/p>\n<p class=\"translation-block\"><strong>Result<\/strong>:<br>\nAwake, fresh, and youthful-looking eyes \u2013 with no sticky residue!<\/p>\n<p><em>*Test results: Consumer study, 40 participants, used twice daily for 21 days.<\/em><\/p>\n<p><strong>Ingredients<br \/>\n<\/strong>Aqua\/Water, Butylene Glycol, Glycerin, Polyglyceryl-4 Caprate, Hydrogenated Starch Hydrolysate, Sodium Pca, Maris Aqua\/Sea Water, Aphanizomenon Flos-Aquae Extract, Spirulina Maxima Extract, Algae Extract\/Alaria Esculenta Extract, Saccharide Isomerate, Caviar Extract, Ostrea Shell Extract\/Oyster Shell Extract, Maris Limus Extract\/Sea Silt Extract, Sodium Hyaluronate, Xanthan Gum, Carrageenan, Menthol, Sodium Hydroxide, Ethylhexylglycerin, Propylene Glycol, Potassium Sorbate, Phenoxyethanol, Caprylic \/ Capric Triglyceride, Tetrasodium Glutamate Diacetate, Menthyl Lactate, Citric Acid, Parfum\/Fragrance<\/p>","protected":false},"excerpt":{"rendered":"<p>Anti-Puffiness Anti-Aging Eye Gel<\/p>\n<p class=\"translation-block\">Cooling effect reduces under-eye puffiness<br>\nSmooths wrinkles and dark circles<br>\nQuickly absorbing gel texture<br>\nDeep-sea water and blue algae hydrate the delicate eye area<br>\n68% of users felt an immediate refreshing effect*<\/p>","protected":false},"featured_media":7189,"comment_status":"closed","ping_status":"closed","template":"","meta":{"_uag_custom_page_level_css":"","site-sidebar-layout":"default","site-content-layout":"","ast-site-content-layout":"default","site-content-style":"default","site-sidebar-style":"default","ast-global-header-display":"","ast-banner-title-visibility":"","ast-main-header-display":"","ast-hfb-above-header-display":"","ast-hfb-below-header-display":"","ast-hfb-mobile-header-display":"","site-post-title":"","ast-breadcrumbs-content":"","ast-featured-img":"","footer-sml-layout":"","ast-disable-related-posts":"","theme-transparent-header-meta":"default","adv-header-id-meta":"","stick-header-meta":"","header-above-stick-meta":"","header-main-stick-meta":"","header-below-stick-meta":"","astra-migrate-meta-layouts":"set","ast-page-background-enabled":"default","ast-page-background-meta":{"desktop":{"background-color":"var(--ast-global-color-4)","background-image":"","background-repeat":"repeat","background-position":"center center","background-size":"auto","background-attachment":"scroll","background-type":"","background-media":"","overlay-type":"","overlay-color":"","overlay-opacity":"","overlay-gradient":""},"tablet":{"background-color":"","background-image":"","background-repeat":"repeat","background-position":"center center","background-size":"auto","background-attachment":"scroll","background-type":"","background-media":"","overlay-type":"","overlay-color":"","overlay-opacity":"","overlay-gradient":""},"mobile":{"background-color":"","background-image":"","background-repeat":"repeat","background-position":"center center","background-size":"auto","background-attachment":"scroll","background-type":"","background-media":"","overlay-type":"","overlay-color":"","overlay-opacity":"","overlay-gradient":""}},"ast-content-background-meta":{"desktop":{"background-color":"var(--ast-global-color-5)","background-image":"","background-repeat":"repeat","background-position":"center center","background-size":"auto","background-attachment":"scroll","background-type":"","background-media":"","overlay-type":"","overlay-color":"","overlay-opacity":"","overlay-gradient":""},"tablet":{"background-color":"var(--ast-global-color-5)","background-image":"","background-repeat":"repeat","background-position":"center center","background-size":"auto","background-attachment":"scroll","background-type":"","background-media":"","overlay-type":"","overlay-color":"","overlay-opacity":"","overlay-gradient":""},"mobile":{"background-color":"var(--ast-global-color-5)","background-image":"","background-repeat":"repeat","background-position":"center center","background-size":"auto","background-attachment":"scroll","background-type":"","background-media":"","overlay-type":"","overlay-color":"","overlay-opacity":"","overlay-gradient":""}}},"product_brand":[],"product_cat":[125,97],"product_tag":[],"class_list":{"0":"post-7186","1":"product","2":"type-product","3":"status-publish","4":"has-post-thumbnail","6":"product_cat-dalton","7":"product_cat-naole","8":"desktop-align-left","9":"tablet-align-left","10":"mobile-align-left","12":"first","13":"onbackorder","14":"taxable","15":"shipping-taxable","16":"product-type-simple","17":"add-to-wishlist-before_image"},"uagb_featured_image_src":{"full":["https:\/\/kosmeetika24.com\/wp-content\/uploads\/2025\/11\/4054621830092.webp",540,540,false],"thumbnail":["https:\/\/kosmeetika24.com\/wp-content\/uploads\/2025\/11\/4054621830092-150x150.webp",150,150,true],"medium":["https:\/\/kosmeetika24.com\/wp-content\/uploads\/2025\/11\/4054621830092-300x300.webp",300,300,true],"medium_large":["https:\/\/kosmeetika24.com\/wp-content\/uploads\/2025\/11\/4054621830092.webp",540,540,false],"large":["https:\/\/kosmeetika24.com\/wp-content\/uploads\/2025\/11\/4054621830092.webp",540,540,false],"1536x1536":["https:\/\/kosmeetika24.com\/wp-content\/uploads\/2025\/11\/4054621830092.webp",540,540,false],"2048x2048":["https:\/\/kosmeetika24.com\/wp-content\/uploads\/2025\/11\/4054621830092.webp",540,540,false],"trp-custom-language-flag":["https:\/\/kosmeetika24.com\/wp-content\/uploads\/2025\/11\/4054621830092-12x12.webp",12,12,true],"woocommerce_thumbnail":["https:\/\/kosmeetika24.com\/wp-content\/uploads\/2025\/11\/4054621830092-300x300.webp",300,300,true],"woocommerce_single":["https:\/\/kosmeetika24.com\/wp-content\/uploads\/2025\/11\/4054621830092-500x500.webp",500,500,true],"woocommerce_gallery_thumbnail":["https:\/\/kosmeetika24.com\/wp-content\/uploads\/2025\/11\/4054621830092-100x100.webp",100,100,true]},"uagb_author_info":{"display_name":"admin","author_link":"https:\/\/kosmeetika24.com\/en\/author\/"},"uagb_comment_info":0,"uagb_excerpt":"Tursevastane vananemisvastane silmageel Jahutav efekt v\u00e4hendab silmaaluseid turseid Silub kortse ja tumedaid silmaaluseid Kiiresti imenduv geeljas tekstuur S\u00fcgavmerevesi ja sinivetikad niisutavad \u00f5rna silma\u00fcmbrust 68% kasutajatest tundsid kohest v\u00e4rskendavat efekti*","_links":{"self":[{"href":"https:\/\/kosmeetika24.com\/en\/wp-json\/wp\/v2\/product\/7186","targetHints":{"allow":["GET"]}}],"collection":[{"href":"https:\/\/kosmeetika24.com\/en\/wp-json\/wp\/v2\/product"}],"about":[{"href":"https:\/\/kosmeetika24.com\/en\/wp-json\/wp\/v2\/types\/product"}],"replies":[{"embeddable":true,"href":"https:\/\/kosmeetika24.com\/en\/wp-json\/wp\/v2\/comments?post=7186"}],"version-history":[{"count":1,"href":"https:\/\/kosmeetika24.com\/en\/wp-json\/wp\/v2\/product\/7186\/revisions"}],"predecessor-version":[{"id":7190,"href":"https:\/\/kosmeetika24.com\/en\/wp-json\/wp\/v2\/product\/7186\/revisions\/7190"}],"wp:featuredmedia":[{"embeddable":true,"href":"https:\/\/kosmeetika24.com\/en\/wp-json\/wp\/v2\/media\/7189"}],"wp:attachment":[{"href":"https:\/\/kosmeetika24.com\/en\/wp-json\/wp\/v2\/media?parent=7186"}],"wp:term":[{"taxonomy":"product_brand","embeddable":true,"href":"https:\/\/kosmeetika24.com\/en\/wp-json\/wp\/v2\/product_brand?post=7186"},{"taxonomy":"product_cat","embeddable":true,"href":"https:\/\/kosmeetika24.com\/en\/wp-json\/wp\/v2\/product_cat?post=7186"},{"taxonomy":"product_tag","embeddable":true,"href":"https:\/\/kosmeetika24.com\/en\/wp-json\/wp\/v2\/product_tag?post=7186"}],"curies":[{"name":"wp","href":"https:\/\/api.w.org\/{rel}","templated":true}]}}