{"id":7185,"date":"2025-11-06T13:30:55","date_gmt":"2025-11-06T10:30:55","guid":{"rendered":"https:\/\/kosmeetika24.com\/?post_type=product&#038;p=7185"},"modified":"2026-01-12T12:12:41","modified_gmt":"2026-01-12T09:12:41","slug":"dalton-deep-sea-men-performance-mattifying-moisturizer","status":"publish","type":"product","link":"https:\/\/kosmeetika24.com\/en\/product\/dalton-deep-sea-men-performance-mattifying-moisturizer\/","title":{"rendered":"Dalton \u2013 Deep Sea \u2013 Men Performance \u2013 Mattifying Moisturizer"},"content":{"rendered":"<p><strong>Usage:<\/strong><\/p>\n<p>Apply the mattifying cream morning and evening to cleansed skin. Also ideal as a soothing face cream after shaving.<\/p>\n<p><strong>Product Description:<\/strong><\/p>\n<p>Discover oil-control skincare products for men: eliminate excess shine without drying out your skin. This fast-absorbing, oil-free moisturizing face cream for men instantly mattifies the skin by neutralizing excess sebum, helps combat inflammatory redness, soothes sensitive skin after shaving, and simultaneously fights signs of aging.<\/p>\n<p>The cream contains deep-sea water and blue algae, which strengthen and hydrate the skin, while hyaluronic acid provides intense moisturizing effects. Natural healing clay leaves the skin with a matte finish and balances sebum production. Our exclusive Celumer Marine Extract adds an additional anti-aging effect, helping the skin remain firm and youthful.<\/p>\n<p>The light texture provides an instant matte effect, making it an ideal quick solution for oily skin.<\/p>\n<p class=\"translation-block\"><strong>Result<\/strong>:<br>\nHealthy, balanced, and matte complexion \u2013 without excess oil!<\/p>\n<p><em>*Test results: Consumer study, 40 participants, used twice daily for 21 days.<\/em><\/p>\n<p><strong>Ingredients<br \/>\n<\/strong>Aqua\/Water, Glycerin, Diatomaceous Earth, Dicaprylyl Carbonate, Maris Aqua\/Sea Water, Isohexadecane, Aphanizomenon Flos-Aquae Extract , Spirulina Maxima Extract, Algae Extract\/Alaria Esculenta Extract, Saccharide Isomerate, Caviar Extract, Ostrea Shell Extract\/Oyster Shell Extract, Maris Limus Extract\/Sea Silt Extract, Sodium Hyaluronate, Sodium Hydroxide, Xanthan Gum, Propylene Glycol, Potassium Sorbate, Phenoxyethanol, Caprylic\/Capric Triglyceride, Tetrasodium Glutamate Diacetate, Hydrogenated Starch Hydrolysate, Ethylhexylglycerin, Acrylates\/C10-30 Alkyl Acrylate Crosspolymer, Parfum\/Fragrance<\/p>","protected":false},"excerpt":{"rendered":"<p>Anti-Aging Cream for Oily Skin with Mattifying Effect<\/p>\n<p class=\"translation-block\">Gently removes excess oil<br>\nLight and non-greasy texture<br>\nDeep-sea water and blue algae hydrate the skin<br>\nReduces inflammatory blemishes and pore-clogging sebum<br>\nAnti-aging effect<br>\n63% of users reported smoother skin*<\/p>","protected":false},"featured_media":7188,"comment_status":"closed","ping_status":"closed","template":"","meta":{"_uag_custom_page_level_css":"","site-sidebar-layout":"default","site-content-layout":"","ast-site-content-layout":"default","site-content-style":"default","site-sidebar-style":"default","ast-global-header-display":"","ast-banner-title-visibility":"","ast-main-header-display":"","ast-hfb-above-header-display":"","ast-hfb-below-header-display":"","ast-hfb-mobile-header-display":"","site-post-title":"","ast-breadcrumbs-content":"","ast-featured-img":"","footer-sml-layout":"","ast-disable-related-posts":"","theme-transparent-header-meta":"default","adv-header-id-meta":"","stick-header-meta":"","header-above-stick-meta":"","header-main-stick-meta":"","header-below-stick-meta":"","astra-migrate-meta-layouts":"set","ast-page-background-enabled":"default","ast-page-background-meta":{"desktop":{"background-color":"var(--ast-global-color-4)","background-image":"","background-repeat":"repeat","background-position":"center center","background-size":"auto","background-attachment":"scroll","background-type":"","background-media":"","overlay-type":"","overlay-color":"","overlay-opacity":"","overlay-gradient":""},"tablet":{"background-color":"","background-image":"","background-repeat":"repeat","background-position":"center center","background-size":"auto","background-attachment":"scroll","background-type":"","background-media":"","overlay-type":"","overlay-color":"","overlay-opacity":"","overlay-gradient":""},"mobile":{"background-color":"","background-image":"","background-repeat":"repeat","background-position":"center center","background-size":"auto","background-attachment":"scroll","background-type":"","background-media":"","overlay-type":"","overlay-color":"","overlay-opacity":"","overlay-gradient":""}},"ast-content-background-meta":{"desktop":{"background-color":"var(--ast-global-color-5)","background-image":"","background-repeat":"repeat","background-position":"center center","background-size":"auto","background-attachment":"scroll","background-type":"","background-media":"","overlay-type":"","overlay-color":"","overlay-opacity":"","overlay-gradient":""},"tablet":{"background-color":"var(--ast-global-color-5)","background-image":"","background-repeat":"repeat","background-position":"center center","background-size":"auto","background-attachment":"scroll","background-type":"","background-media":"","overlay-type":"","overlay-color":"","overlay-opacity":"","overlay-gradient":""},"mobile":{"background-color":"var(--ast-global-color-5)","background-image":"","background-repeat":"repeat","background-position":"center center","background-size":"auto","background-attachment":"scroll","background-type":"","background-media":"","overlay-type":"","overlay-color":"","overlay-opacity":"","overlay-gradient":""}}},"product_brand":[],"product_cat":[125,97],"product_tag":[],"class_list":{"0":"post-7185","1":"product","2":"type-product","3":"status-publish","4":"has-post-thumbnail","6":"product_cat-dalton","7":"product_cat-naole","8":"desktop-align-left","9":"tablet-align-left","10":"mobile-align-left","12":"first","13":"onbackorder","14":"taxable","15":"shipping-taxable","16":"product-type-simple","17":"add-to-wishlist-before_image"},"uagb_featured_image_src":{"full":["https:\/\/kosmeetika24.com\/wp-content\/uploads\/2025\/11\/4054621830054.webp",540,540,false],"thumbnail":["https:\/\/kosmeetika24.com\/wp-content\/uploads\/2025\/11\/4054621830054-150x150.webp",150,150,true],"medium":["https:\/\/kosmeetika24.com\/wp-content\/uploads\/2025\/11\/4054621830054-300x300.webp",300,300,true],"medium_large":["https:\/\/kosmeetika24.com\/wp-content\/uploads\/2025\/11\/4054621830054.webp",540,540,false],"large":["https:\/\/kosmeetika24.com\/wp-content\/uploads\/2025\/11\/4054621830054.webp",540,540,false],"1536x1536":["https:\/\/kosmeetika24.com\/wp-content\/uploads\/2025\/11\/4054621830054.webp",540,540,false],"2048x2048":["https:\/\/kosmeetika24.com\/wp-content\/uploads\/2025\/11\/4054621830054.webp",540,540,false],"trp-custom-language-flag":["https:\/\/kosmeetika24.com\/wp-content\/uploads\/2025\/11\/4054621830054-12x12.webp",12,12,true],"woocommerce_thumbnail":["https:\/\/kosmeetika24.com\/wp-content\/uploads\/2025\/11\/4054621830054-300x300.webp",300,300,true],"woocommerce_single":["https:\/\/kosmeetika24.com\/wp-content\/uploads\/2025\/11\/4054621830054-500x500.webp",500,500,true],"woocommerce_gallery_thumbnail":["https:\/\/kosmeetika24.com\/wp-content\/uploads\/2025\/11\/4054621830054-100x100.webp",100,100,true]},"uagb_author_info":{"display_name":"admin","author_link":"https:\/\/kosmeetika24.com\/en\/author\/"},"uagb_comment_info":0,"uagb_excerpt":"Matistava efektiga vananemisvastane kreem rasusele nahale Eemaldab kergelt rasu Kerge ja mitterasvane tekstuur S\u00fcgavmerevesi ja sinivetikad niisutavad nahka V\u00e4hendab p\u00f5letikulisi nahaplekke ja poore ummistavat rasu Vananemisvastane toime 63% kasutajatest m\u00e4rkisid oma naha siledamaks muutumist*","_links":{"self":[{"href":"https:\/\/kosmeetika24.com\/en\/wp-json\/wp\/v2\/product\/7185","targetHints":{"allow":["GET"]}}],"collection":[{"href":"https:\/\/kosmeetika24.com\/en\/wp-json\/wp\/v2\/product"}],"about":[{"href":"https:\/\/kosmeetika24.com\/en\/wp-json\/wp\/v2\/types\/product"}],"replies":[{"embeddable":true,"href":"https:\/\/kosmeetika24.com\/en\/wp-json\/wp\/v2\/comments?post=7185"}],"version-history":[{"count":2,"href":"https:\/\/kosmeetika24.com\/en\/wp-json\/wp\/v2\/product\/7185\/revisions"}],"predecessor-version":[{"id":7198,"href":"https:\/\/kosmeetika24.com\/en\/wp-json\/wp\/v2\/product\/7185\/revisions\/7198"}],"wp:featuredmedia":[{"embeddable":true,"href":"https:\/\/kosmeetika24.com\/en\/wp-json\/wp\/v2\/media\/7188"}],"wp:attachment":[{"href":"https:\/\/kosmeetika24.com\/en\/wp-json\/wp\/v2\/media?parent=7185"}],"wp:term":[{"taxonomy":"product_brand","embeddable":true,"href":"https:\/\/kosmeetika24.com\/en\/wp-json\/wp\/v2\/product_brand?post=7185"},{"taxonomy":"product_cat","embeddable":true,"href":"https:\/\/kosmeetika24.com\/en\/wp-json\/wp\/v2\/product_cat?post=7185"},{"taxonomy":"product_tag","embeddable":true,"href":"https:\/\/kosmeetika24.com\/en\/wp-json\/wp\/v2\/product_tag?post=7185"}],"curies":[{"name":"wp","href":"https:\/\/api.w.org\/{rel}","templated":true}]}}