{"id":7173,"date":"2025-11-05T14:27:29","date_gmt":"2025-11-05T11:27:29","guid":{"rendered":"https:\/\/kosmeetika24.com\/?post_type=product&#038;p=7173"},"modified":"2026-01-12T12:13:10","modified_gmt":"2026-01-12T09:13:10","slug":"dalton-mineral-care-dead-sea-salt-intense-lipid-cream","status":"publish","type":"product","link":"https:\/\/kosmeetika24.com\/en\/product\/dalton-mineral-care-dead-sea-salt-intense-lipid-cream\/","title":{"rendered":"Dalton \u2013 Mineral Care \u2013 Dead Sea Salt Intense Lipid Cream"},"content":{"rendered":"<p class=\"translation-block\" data-start=\"0\" data-end=\"242\">Do you suffer from dry, itchy skin or skin conditions such as eczema, dermatitis, or psoriasis? Dalton\u2019s <strong>Intensive Lipid Cream with Dead Sea Salt<\/strong> for very dry and flaky skin is based on two effective marine-derived ingredients.<\/p>\n<p class=\"\" data-start=\"244\" data-end=\"589\">The high magnesium chloride content in Dead Sea salt and the essential calcium found in marine minerals help relieve various symptoms of irritated skin. These ingredients are very gentle on the skin and rich in vital minerals that stimulate cell activity, strengthen the skin barrier, promote skin regeneration, and soothe itching.<\/p>\n<p class=\"\" data-start=\"591\" data-end=\"940\"><em>Uurea<\/em>\u00a0ja pantenool niisutavad nahka, toetavad loomulikku kestenduse reguleerimist ja rahustavad tundlikku nahka.<\/p>\n<p class=\"translation-block\" data-start=\"591\" data-end=\"940\"><em>Beeswax<\/em> forms a protective barrier without weighing down the skin and supplies it with nourishing lipids.<\/p>\n<p class=\"\" data-start=\"591\" data-end=\"940\"><em>Jojoba oil<\/em>\u00a0v\u00e4hendab pingulolekut ja silub nahapinda<em>\u00a0Vitamin E<\/em>\u00a0neutraliseerib vabu radikaale ning\u00a0<em>bisabolool<\/em>\u00a0tugevdab rahustavat toimet.<\/p>\n<p class=\"\" data-start=\"942\" data-end=\"1091\"><strong data-start=\"942\" data-end=\"1089\">The intensive lipid cream is also ideal as supportive skincare during eczema flare-ups and for skin prone to atopic dermatitis.<br \/>\n<\/strong><\/p>\n<p class=\"\" data-start=\"942\" data-end=\"1091\"><strong data-start=\"942\" data-end=\"1089\">Usage<br data-start=\"742\" data-end=\"745\" \/><\/strong>The intensive lipid cream can be used as a face cream or on other problem areas, such as elbows, arms, and the back of the knees.<br \/>\n<strong><br \/>\nIngredients<br \/>\n<\/strong>Aqua\/Water, Caprylic\/Capric Triglyceride, Decyl Oleate, Tocopherol, Hydrogenated Palm Glycerides Citrate, Octyldodecanol, Polyglyceryl-4 Diisostearate\/Polyhydroxystearate\/Sebacate, Dipropylheptyl Carbonate, Tocopherol, Glycerin, Urea, Cera Alba\/Beeswax, Zinc Oxide (CI 77947), Simmondsia Chinensis (Jojoba) Seed Oil, Magnesium Sulfate, Maris Sal\/Sea Salt, Panthenol, Maris Aqua\/Sea Water, Allantoin, Bisabolol, Tocopheryl Acetate, Tocopherol, Zinc Stearate, Caprylyl Glycol, Sodium Hydroxide, 1,2-Hexanediol, Phenoxyethanol, Hydroxyacetophenone<\/p>\n<p data-start=\"942\" data-end=\"1091\">498.-\u20ac\/l<\/p>","protected":false},"excerpt":{"rendered":"<p class=\"\" data-start=\"34\" data-end=\"223\">Lipid-rich, itch-relieving cream for very dry, eczema- or psoriasis-prone skin<\/p>\n<p data-start=\"34\" data-end=\"223\">50 ml<\/p>\n<p class=\"\" data-start=\"225\" data-end=\"245\"><strong data-start=\"225\" data-end=\"243\">Product Benefits:<\/strong><\/p>\n<ul data-start=\"246\" data-end=\"725\">\n<li class=\"\" data-start=\"246\" data-end=\"317\">\n<p class=\"\" data-start=\"248\" data-end=\"317\">Very rich, ointment-like emulsion with original Dead Sea salt<\/p>\n<\/li>\n<li class=\"\" data-start=\"318\" data-end=\"363\">\n<p class=\"\" data-start=\"320\" data-end=\"363\">Relieves itchy and tight skin<\/p>\n<\/li>\n<li class=\"\" data-start=\"364\" data-end=\"416\">\n<p class=\"\" data-start=\"366\" data-end=\"416\">Beeswax supports the restoration of a healthy skin barrier<\/p>\n<\/li>\n<li class=\"\" data-start=\"417\" data-end=\"456\">\n<p class=\"\" data-start=\"419\" data-end=\"456\">Urea protects the skin from moisture loss<\/p>\n<\/li>\n<li class=\"\" data-start=\"457\" data-end=\"485\">\n<p class=\"\" data-start=\"459\" data-end=\"485\">Panthenol soothes the skin<\/p>\n<\/li>\n<li class=\"\" data-start=\"486\" data-end=\"540\">\n<p class=\"\" data-start=\"488\" data-end=\"540\">Dermatologically tested, rating \u201cExcellent\u201d<\/p>\n<\/li>\n<li class=\"\" data-start=\"541\" data-end=\"572\">\n<p class=\"\" data-start=\"543\" data-end=\"572\">89% natural ingredients<\/p>\n<\/li>\n<li class=\"\" data-start=\"573\" data-end=\"671\">\n<p class=\"\" data-start=\"575\" data-end=\"671\">Free from fragrances and colorants, contains no cortisone, microplastics, PEGs, mineral oil, or parabens<\/p>\n<\/li>\n<\/ul>","protected":false},"featured_media":7175,"comment_status":"closed","ping_status":"closed","template":"","meta":{"_uag_custom_page_level_css":"","site-sidebar-layout":"default","site-content-layout":"","ast-site-content-layout":"default","site-content-style":"default","site-sidebar-style":"default","ast-global-header-display":"","ast-banner-title-visibility":"","ast-main-header-display":"","ast-hfb-above-header-display":"","ast-hfb-below-header-display":"","ast-hfb-mobile-header-display":"","site-post-title":"","ast-breadcrumbs-content":"","ast-featured-img":"","footer-sml-layout":"","ast-disable-related-posts":"","theme-transparent-header-meta":"default","adv-header-id-meta":"","stick-header-meta":"","header-above-stick-meta":"","header-main-stick-meta":"","header-below-stick-meta":"","astra-migrate-meta-layouts":"set","ast-page-background-enabled":"default","ast-page-background-meta":{"desktop":{"background-color":"var(--ast-global-color-4)","background-image":"","background-repeat":"repeat","background-position":"center center","background-size":"auto","background-attachment":"scroll","background-type":"","background-media":"","overlay-type":"","overlay-color":"","overlay-opacity":"","overlay-gradient":""},"tablet":{"background-color":"","background-image":"","background-repeat":"repeat","background-position":"center center","background-size":"auto","background-attachment":"scroll","background-type":"","background-media":"","overlay-type":"","overlay-color":"","overlay-opacity":"","overlay-gradient":""},"mobile":{"background-color":"","background-image":"","background-repeat":"repeat","background-position":"center center","background-size":"auto","background-attachment":"scroll","background-type":"","background-media":"","overlay-type":"","overlay-color":"","overlay-opacity":"","overlay-gradient":""}},"ast-content-background-meta":{"desktop":{"background-color":"var(--ast-global-color-5)","background-image":"","background-repeat":"repeat","background-position":"center center","background-size":"auto","background-attachment":"scroll","background-type":"","background-media":"","overlay-type":"","overlay-color":"","overlay-opacity":"","overlay-gradient":""},"tablet":{"background-color":"var(--ast-global-color-5)","background-image":"","background-repeat":"repeat","background-position":"center center","background-size":"auto","background-attachment":"scroll","background-type":"","background-media":"","overlay-type":"","overlay-color":"","overlay-opacity":"","overlay-gradient":""},"mobile":{"background-color":"var(--ast-global-color-5)","background-image":"","background-repeat":"repeat","background-position":"center center","background-size":"auto","background-attachment":"scroll","background-type":"","background-media":"","overlay-type":"","overlay-color":"","overlay-opacity":"","overlay-gradient":""}}},"product_brand":[],"product_cat":[125,97],"product_tag":[],"class_list":{"0":"post-7173","1":"product","2":"type-product","3":"status-publish","4":"has-post-thumbnail","6":"product_cat-dalton","7":"product_cat-naole","8":"desktop-align-left","9":"tablet-align-left","10":"mobile-align-left","12":"first","13":"onbackorder","14":"taxable","15":"shipping-taxable","16":"product-type-simple","17":"add-to-wishlist-before_image"},"uagb_featured_image_src":{"full":["https:\/\/kosmeetika24.com\/wp-content\/uploads\/2025\/11\/4054621740032.webp",540,540,false],"thumbnail":["https:\/\/kosmeetika24.com\/wp-content\/uploads\/2025\/11\/4054621740032-150x150.webp",150,150,true],"medium":["https:\/\/kosmeetika24.com\/wp-content\/uploads\/2025\/11\/4054621740032-300x300.webp",300,300,true],"medium_large":["https:\/\/kosmeetika24.com\/wp-content\/uploads\/2025\/11\/4054621740032.webp",540,540,false],"large":["https:\/\/kosmeetika24.com\/wp-content\/uploads\/2025\/11\/4054621740032.webp",540,540,false],"1536x1536":["https:\/\/kosmeetika24.com\/wp-content\/uploads\/2025\/11\/4054621740032.webp",540,540,false],"2048x2048":["https:\/\/kosmeetika24.com\/wp-content\/uploads\/2025\/11\/4054621740032.webp",540,540,false],"trp-custom-language-flag":["https:\/\/kosmeetika24.com\/wp-content\/uploads\/2025\/11\/4054621740032-12x12.webp",12,12,true],"woocommerce_thumbnail":["https:\/\/kosmeetika24.com\/wp-content\/uploads\/2025\/11\/4054621740032-300x300.webp",300,300,true],"woocommerce_single":["https:\/\/kosmeetika24.com\/wp-content\/uploads\/2025\/11\/4054621740032-500x500.webp",500,500,true],"woocommerce_gallery_thumbnail":["https:\/\/kosmeetika24.com\/wp-content\/uploads\/2025\/11\/4054621740032-100x100.webp",100,100,true]},"uagb_author_info":{"display_name":"admin","author_link":"https:\/\/kosmeetika24.com\/en\/author\/"},"uagb_comment_info":0,"uagb_excerpt":"Lipiidide rikas, s\u00fcgelust leevendav kreem v\u00e4ga kuivale, ekseemile v\u00f5i psoriaasile kalduvale nahale 50 ml Toote eelised: V\u00e4ga rikkalik, salvitaoline emulsioon originaalse Surnumere soolaga Leevendab s\u00fcgelevat ja pingulolevat nahka Mesilasvaha toetab terve nahabarj\u00e4\u00e4ri taastumist Uurea kaitseb nahka niiskuskao eest Pantenool rahustab nahka Dermatoloogiliselt testitud, hinnang \u201eSuurep\u00e4rane\u201c 89% looduslikud koostisosad L\u00f5hna- ja v\u00e4rvainetevaba, ei sisalda kortisooni, mikroplasti,&hellip;","_links":{"self":[{"href":"https:\/\/kosmeetika24.com\/en\/wp-json\/wp\/v2\/product\/7173","targetHints":{"allow":["GET"]}}],"collection":[{"href":"https:\/\/kosmeetika24.com\/en\/wp-json\/wp\/v2\/product"}],"about":[{"href":"https:\/\/kosmeetika24.com\/en\/wp-json\/wp\/v2\/types\/product"}],"replies":[{"embeddable":true,"href":"https:\/\/kosmeetika24.com\/en\/wp-json\/wp\/v2\/comments?post=7173"}],"version-history":[{"count":1,"href":"https:\/\/kosmeetika24.com\/en\/wp-json\/wp\/v2\/product\/7173\/revisions"}],"predecessor-version":[{"id":7178,"href":"https:\/\/kosmeetika24.com\/en\/wp-json\/wp\/v2\/product\/7173\/revisions\/7178"}],"wp:featuredmedia":[{"embeddable":true,"href":"https:\/\/kosmeetika24.com\/en\/wp-json\/wp\/v2\/media\/7175"}],"wp:attachment":[{"href":"https:\/\/kosmeetika24.com\/en\/wp-json\/wp\/v2\/media?parent=7173"}],"wp:term":[{"taxonomy":"product_brand","embeddable":true,"href":"https:\/\/kosmeetika24.com\/en\/wp-json\/wp\/v2\/product_brand?post=7173"},{"taxonomy":"product_cat","embeddable":true,"href":"https:\/\/kosmeetika24.com\/en\/wp-json\/wp\/v2\/product_cat?post=7173"},{"taxonomy":"product_tag","embeddable":true,"href":"https:\/\/kosmeetika24.com\/en\/wp-json\/wp\/v2\/product_tag?post=7173"}],"curies":[{"name":"wp","href":"https:\/\/api.w.org\/{rel}","templated":true}]}}