{"id":7164,"date":"2025-11-06T17:30:34","date_gmt":"2025-11-06T14:30:34","guid":{"rendered":"https:\/\/kosmeetika24.com\/?post_type=product&#038;p=7164"},"modified":"2026-01-12T12:10:24","modified_gmt":"2026-01-12T09:10:24","slug":"dalton-face-care-instant-effect-smoothing-eye-gel","status":"publish","type":"product","link":"https:\/\/kosmeetika24.com\/en\/product\/dalton-face-care-instant-effect-smoothing-eye-gel\/","title":{"rendered":"Dalton \u2013 FACE CARE \u2013 Instant Effect Smoothing Eye Gel"},"content":{"rendered":"<p>The cooling eye gel reduces puffiness and visibly smooths fine lines and wrinkles by 16%* in just 15 minutes. Dalton\u2019s unique combination of Celumer Marine Extract and firming plankton extract helps smooth eye contour wrinkles and stimulates collagen production, leaving the skin youthful and fresh. Hyaluronic acid provides intense hydration and gives the skin a firmer appearance. The anti-aging eye gel features an easy-to-use applicator that enhances the cooling effect and helps reduce under-eye puffiness.<\/p>\n<p>*Clinical study, in vivo test with 32 women, results on the number of crow\u2019s feet.<\/p>\n<p><b>Usage<\/b><\/p>\n<p>Apply the gel to the eye contour area with the applicator morning and evening, gently patting it into the skin.<\/p>\n<p><strong>Ingredients<\/strong><br \/>\nAqua\/Water, Pentylene Glycol, Maris Aqua\/Sea Water, Propylene Glycol, Algae Extract\/Alaria Esculenta Extract, Saccharide Isomerate, Caviar Extract, Spirulina Maxima Extract, Ostrea Shell Extract\/Oyster Shell Extract, Maris Limus Extract\/Sea Silt Extract, Sodium Hyaluronate, Biotin, Carbomer, Alteromonas Ferment Extract, Sodium Hydroxide, Potassium Sorbate, Phenoxyethanol, Ethylhexylglycerin, Caprylic\/Capric Triglyceride, PEG-40 Hydrogenated Castor Oil, Trideceth-9<\/p>","protected":false},"excerpt":{"rendered":"<p class=\"translation-block\">Jahutav silmageel h\u00fcaluroonhappega<br>\r\nJahutav ja turseid v\u00e4hendav geeljas tekstuur<br>\r\nNahka pinguldava h\u00fcaluroonhappega<br>\r\nPinguldav planktoniekstrakt v\u00e4hendab varesejalgu<br>\r\nV\u00e4hendab varesejalgu 34% juba 20 minutiga*<br>\r\nLihtsasti kasutatav aplikaator<\/p>","protected":false},"featured_media":7167,"comment_status":"closed","ping_status":"closed","template":"","meta":{"_uag_custom_page_level_css":"","site-sidebar-layout":"default","site-content-layout":"","ast-site-content-layout":"default","site-content-style":"default","site-sidebar-style":"default","ast-global-header-display":"","ast-banner-title-visibility":"","ast-main-header-display":"","ast-hfb-above-header-display":"","ast-hfb-below-header-display":"","ast-hfb-mobile-header-display":"","site-post-title":"","ast-breadcrumbs-content":"","ast-featured-img":"","footer-sml-layout":"","ast-disable-related-posts":"","theme-transparent-header-meta":"default","adv-header-id-meta":"","stick-header-meta":"","header-above-stick-meta":"","header-main-stick-meta":"","header-below-stick-meta":"","astra-migrate-meta-layouts":"set","ast-page-background-enabled":"default","ast-page-background-meta":{"desktop":{"background-color":"var(--ast-global-color-4)","background-image":"","background-repeat":"repeat","background-position":"center center","background-size":"auto","background-attachment":"scroll","background-type":"","background-media":"","overlay-type":"","overlay-color":"","overlay-opacity":"","overlay-gradient":""},"tablet":{"background-color":"","background-image":"","background-repeat":"repeat","background-position":"center center","background-size":"auto","background-attachment":"scroll","background-type":"","background-media":"","overlay-type":"","overlay-color":"","overlay-opacity":"","overlay-gradient":""},"mobile":{"background-color":"","background-image":"","background-repeat":"repeat","background-position":"center center","background-size":"auto","background-attachment":"scroll","background-type":"","background-media":"","overlay-type":"","overlay-color":"","overlay-opacity":"","overlay-gradient":""}},"ast-content-background-meta":{"desktop":{"background-color":"var(--ast-global-color-5)","background-image":"","background-repeat":"repeat","background-position":"center center","background-size":"auto","background-attachment":"scroll","background-type":"","background-media":"","overlay-type":"","overlay-color":"","overlay-opacity":"","overlay-gradient":""},"tablet":{"background-color":"var(--ast-global-color-5)","background-image":"","background-repeat":"repeat","background-position":"center center","background-size":"auto","background-attachment":"scroll","background-type":"","background-media":"","overlay-type":"","overlay-color":"","overlay-opacity":"","overlay-gradient":""},"mobile":{"background-color":"var(--ast-global-color-5)","background-image":"","background-repeat":"repeat","background-position":"center center","background-size":"auto","background-attachment":"scroll","background-type":"","background-media":"","overlay-type":"","overlay-color":"","overlay-opacity":"","overlay-gradient":""}}},"product_brand":[],"product_cat":[125,97],"product_tag":[],"class_list":{"0":"post-7164","1":"product","2":"type-product","3":"status-publish","4":"has-post-thumbnail","6":"product_cat-dalton","7":"product_cat-naole","8":"desktop-align-left","9":"tablet-align-left","10":"mobile-align-left","12":"first","13":"onbackorder","14":"taxable","15":"shipping-taxable","16":"product-type-simple","17":"add-to-wishlist-before_image"},"uagb_featured_image_src":{"full":["https:\/\/kosmeetika24.com\/wp-content\/uploads\/2025\/11\/4054621560142.webp",540,540,false],"thumbnail":["https:\/\/kosmeetika24.com\/wp-content\/uploads\/2025\/11\/4054621560142-150x150.webp",150,150,true],"medium":["https:\/\/kosmeetika24.com\/wp-content\/uploads\/2025\/11\/4054621560142-300x300.webp",300,300,true],"medium_large":["https:\/\/kosmeetika24.com\/wp-content\/uploads\/2025\/11\/4054621560142.webp",540,540,false],"large":["https:\/\/kosmeetika24.com\/wp-content\/uploads\/2025\/11\/4054621560142.webp",540,540,false],"1536x1536":["https:\/\/kosmeetika24.com\/wp-content\/uploads\/2025\/11\/4054621560142.webp",540,540,false],"2048x2048":["https:\/\/kosmeetika24.com\/wp-content\/uploads\/2025\/11\/4054621560142.webp",540,540,false],"trp-custom-language-flag":["https:\/\/kosmeetika24.com\/wp-content\/uploads\/2025\/11\/4054621560142-12x12.webp",12,12,true],"woocommerce_thumbnail":["https:\/\/kosmeetika24.com\/wp-content\/uploads\/2025\/11\/4054621560142-300x300.webp",300,300,true],"woocommerce_single":["https:\/\/kosmeetika24.com\/wp-content\/uploads\/2025\/11\/4054621560142-500x500.webp",500,500,true],"woocommerce_gallery_thumbnail":["https:\/\/kosmeetika24.com\/wp-content\/uploads\/2025\/11\/4054621560142-100x100.webp",100,100,true]},"uagb_author_info":{"display_name":"admin","author_link":"https:\/\/kosmeetika24.com\/en\/author\/"},"uagb_comment_info":0,"uagb_excerpt":"Jahutav silmageel h\u00fcaluroonhappega Jahutav ja turseid v\u00e4hendav geeljas tekstuur Nahka pinguldava h\u00fcaluroonhappega Pinguldav planktoniekstrakt v\u00e4hendab varesejalgu V\u00e4hendab varesejalgu 34% juba 20 minutiga* Lihtsasti kasutatav aplikaator","_links":{"self":[{"href":"https:\/\/kosmeetika24.com\/en\/wp-json\/wp\/v2\/product\/7164","targetHints":{"allow":["GET"]}}],"collection":[{"href":"https:\/\/kosmeetika24.com\/en\/wp-json\/wp\/v2\/product"}],"about":[{"href":"https:\/\/kosmeetika24.com\/en\/wp-json\/wp\/v2\/types\/product"}],"replies":[{"embeddable":true,"href":"https:\/\/kosmeetika24.com\/en\/wp-json\/wp\/v2\/comments?post=7164"}],"version-history":[{"count":1,"href":"https:\/\/kosmeetika24.com\/en\/wp-json\/wp\/v2\/product\/7164\/revisions"}],"predecessor-version":[{"id":7168,"href":"https:\/\/kosmeetika24.com\/en\/wp-json\/wp\/v2\/product\/7164\/revisions\/7168"}],"wp:featuredmedia":[{"embeddable":true,"href":"https:\/\/kosmeetika24.com\/en\/wp-json\/wp\/v2\/media\/7167"}],"wp:attachment":[{"href":"https:\/\/kosmeetika24.com\/en\/wp-json\/wp\/v2\/media?parent=7164"}],"wp:term":[{"taxonomy":"product_brand","embeddable":true,"href":"https:\/\/kosmeetika24.com\/en\/wp-json\/wp\/v2\/product_brand?post=7164"},{"taxonomy":"product_cat","embeddable":true,"href":"https:\/\/kosmeetika24.com\/en\/wp-json\/wp\/v2\/product_cat?post=7164"},{"taxonomy":"product_tag","embeddable":true,"href":"https:\/\/kosmeetika24.com\/en\/wp-json\/wp\/v2\/product_tag?post=7164"}],"curies":[{"name":"wp","href":"https:\/\/api.w.org\/{rel}","templated":true}]}}