{"id":7162,"date":"2025-11-06T17:30:26","date_gmt":"2025-11-06T14:30:26","guid":{"rendered":"https:\/\/kosmeetika24.com\/?post_type=product&#038;p=7162"},"modified":"2026-01-12T12:10:29","modified_gmt":"2026-01-12T09:10:29","slug":"dalton-face-care-hydrogel-lifting-eye-patches","status":"publish","type":"product","link":"https:\/\/kosmeetika24.com\/en\/product\/dalton-face-care-hydrogel-lifting-eye-patches\/","title":{"rendered":"Dalton \u2013 Face Care \u2013 Hydrogel Lifting Eye Patches"},"content":{"rendered":"<p><strong>Usage:<\/strong><\/p>\n<p>Remove the eye pads from the packaging and place them on clean skin under the eyes. Remove after 15 minutes. Apply eye cream if needed.<\/p>\n<p class=\"translation-block\"><strong>Tip:<\/strong><br>\nPlace the eye patches in the refrigerator to enhance the cooling effect and reduce puffiness or tired eyes.<\/p>\n<p class=\"translation-block\">Dalton\u2019s <i>Hydrogel Lifting Eye Patches<\/i> are soothing and gentle yet effective eye patches, made from vegan hydrogel that is not only infused with high-quality active ingredients but also composed of red algae extract, known for its excellent anti-aging properties. Plankton extract reduces the depth of eye wrinkles and smooths fine lines within minutes. The hydrogel patches adhere to the skin like a second layer without slipping. Their fragrance-free formula makes them especially skin-friendly, ideal for people with sensitive skin.<\/p>\n<p>*In-vivo test: women aged 50\u201365, single application of plankton extract on the eye area for 15 minutes.<\/p>\n<p><strong>Ingredients<\/strong><br \/>\nAqua\/Water, Glycerin, Carrageenan, Panthenol, Amorphophallus Konjac Root Extract, Sucrose, Sodium Hyaluronate, Alteromonas Ferment Extract, Sodium Levulinate, Phenoxyethanol, Sodium Anisate.<\/p>","protected":false},"excerpt":{"rendered":"<p class=\"translation-block\">Instantly smoothing eye gel pads with hyaluronic acid<br>\nInstantly refreshing and smoothing effect<br>\nReduces wrinkle depth by up to 16% after the first use*<br>\nHyaluronic acid hydrates the skin<br>\nPanthenol soothes the sensitive eye area<br>\nFragrance-free and vegan<br><\/p>","protected":false},"featured_media":7204,"comment_status":"closed","ping_status":"closed","template":"","meta":{"_uag_custom_page_level_css":"","site-sidebar-layout":"default","site-content-layout":"","ast-site-content-layout":"default","site-content-style":"default","site-sidebar-style":"default","ast-global-header-display":"","ast-banner-title-visibility":"","ast-main-header-display":"","ast-hfb-above-header-display":"","ast-hfb-below-header-display":"","ast-hfb-mobile-header-display":"","site-post-title":"","ast-breadcrumbs-content":"","ast-featured-img":"","footer-sml-layout":"","ast-disable-related-posts":"","theme-transparent-header-meta":"default","adv-header-id-meta":"","stick-header-meta":"","header-above-stick-meta":"","header-main-stick-meta":"","header-below-stick-meta":"","astra-migrate-meta-layouts":"set","ast-page-background-enabled":"default","ast-page-background-meta":{"desktop":{"background-color":"var(--ast-global-color-4)","background-image":"","background-repeat":"repeat","background-position":"center center","background-size":"auto","background-attachment":"scroll","background-type":"","background-media":"","overlay-type":"","overlay-color":"","overlay-opacity":"","overlay-gradient":""},"tablet":{"background-color":"","background-image":"","background-repeat":"repeat","background-position":"center center","background-size":"auto","background-attachment":"scroll","background-type":"","background-media":"","overlay-type":"","overlay-color":"","overlay-opacity":"","overlay-gradient":""},"mobile":{"background-color":"","background-image":"","background-repeat":"repeat","background-position":"center center","background-size":"auto","background-attachment":"scroll","background-type":"","background-media":"","overlay-type":"","overlay-color":"","overlay-opacity":"","overlay-gradient":""}},"ast-content-background-meta":{"desktop":{"background-color":"var(--ast-global-color-5)","background-image":"","background-repeat":"repeat","background-position":"center center","background-size":"auto","background-attachment":"scroll","background-type":"","background-media":"","overlay-type":"","overlay-color":"","overlay-opacity":"","overlay-gradient":""},"tablet":{"background-color":"var(--ast-global-color-5)","background-image":"","background-repeat":"repeat","background-position":"center center","background-size":"auto","background-attachment":"scroll","background-type":"","background-media":"","overlay-type":"","overlay-color":"","overlay-opacity":"","overlay-gradient":""},"mobile":{"background-color":"var(--ast-global-color-5)","background-image":"","background-repeat":"repeat","background-position":"center center","background-size":"auto","background-attachment":"scroll","background-type":"","background-media":"","overlay-type":"","overlay-color":"","overlay-opacity":"","overlay-gradient":""}}},"product_brand":[],"product_cat":[125,97],"product_tag":[],"class_list":{"0":"post-7162","1":"product","2":"type-product","3":"status-publish","4":"has-post-thumbnail","6":"product_cat-dalton","7":"product_cat-naole","8":"desktop-align-left","9":"tablet-align-left","10":"mobile-align-left","12":"first","13":"onbackorder","14":"taxable","15":"shipping-taxable","16":"product-type-simple","17":"add-to-wishlist-before_image"},"uagb_featured_image_src":{"full":["https:\/\/kosmeetika24.com\/wp-content\/uploads\/2025\/11\/l5654052-hydrogel-eye-pads-sachet-inszeniert-650x650_2.avif",650,650,false],"thumbnail":["https:\/\/kosmeetika24.com\/wp-content\/uploads\/2025\/11\/l5654052-hydrogel-eye-pads-sachet-inszeniert-650x650_2-150x150.avif",150,150,true],"medium":["https:\/\/kosmeetika24.com\/wp-content\/uploads\/2025\/11\/l5654052-hydrogel-eye-pads-sachet-inszeniert-650x650_2-300x300.avif",300,300,true],"medium_large":["https:\/\/kosmeetika24.com\/wp-content\/uploads\/2025\/11\/l5654052-hydrogel-eye-pads-sachet-inszeniert-650x650_2.avif",650,650,false],"large":["https:\/\/kosmeetika24.com\/wp-content\/uploads\/2025\/11\/l5654052-hydrogel-eye-pads-sachet-inszeniert-650x650_2.avif",650,650,false],"1536x1536":["https:\/\/kosmeetika24.com\/wp-content\/uploads\/2025\/11\/l5654052-hydrogel-eye-pads-sachet-inszeniert-650x650_2.avif",650,650,false],"2048x2048":["https:\/\/kosmeetika24.com\/wp-content\/uploads\/2025\/11\/l5654052-hydrogel-eye-pads-sachet-inszeniert-650x650_2.avif",650,650,false],"trp-custom-language-flag":["https:\/\/kosmeetika24.com\/wp-content\/uploads\/2025\/11\/l5654052-hydrogel-eye-pads-sachet-inszeniert-650x650_2-12x12.avif",12,12,true],"woocommerce_thumbnail":["https:\/\/kosmeetika24.com\/wp-content\/uploads\/2025\/11\/l5654052-hydrogel-eye-pads-sachet-inszeniert-650x650_2-300x300.avif",300,300,true],"woocommerce_single":["https:\/\/kosmeetika24.com\/wp-content\/uploads\/2025\/11\/l5654052-hydrogel-eye-pads-sachet-inszeniert-650x650_2-500x500.avif",500,500,true],"woocommerce_gallery_thumbnail":["https:\/\/kosmeetika24.com\/wp-content\/uploads\/2025\/11\/l5654052-hydrogel-eye-pads-sachet-inszeniert-650x650_2-100x100.avif",100,100,true]},"uagb_author_info":{"display_name":"admin","author_link":"https:\/\/kosmeetika24.com\/en\/author\/"},"uagb_comment_info":0,"uagb_excerpt":"Koheselt siluvad h\u00fcaluroonhappega silma geel padjakesed Koheselt v\u00e4rskendav ja siluv toime V\u00e4hendab kortsude s\u00fcgavust kuni 16% juba p\u00e4rast esimest kasutuskorda* H\u00fcaluroonhape niisutab nahka Pantenool rahustab tundlikku silma\u00fcmbrust L\u00f5hnavaba ja vegan","_links":{"self":[{"href":"https:\/\/kosmeetika24.com\/en\/wp-json\/wp\/v2\/product\/7162","targetHints":{"allow":["GET"]}}],"collection":[{"href":"https:\/\/kosmeetika24.com\/en\/wp-json\/wp\/v2\/product"}],"about":[{"href":"https:\/\/kosmeetika24.com\/en\/wp-json\/wp\/v2\/types\/product"}],"replies":[{"embeddable":true,"href":"https:\/\/kosmeetika24.com\/en\/wp-json\/wp\/v2\/comments?post=7162"}],"version-history":[{"count":1,"href":"https:\/\/kosmeetika24.com\/en\/wp-json\/wp\/v2\/product\/7162\/revisions"}],"predecessor-version":[{"id":7163,"href":"https:\/\/kosmeetika24.com\/en\/wp-json\/wp\/v2\/product\/7162\/revisions\/7163"}],"wp:featuredmedia":[{"embeddable":true,"href":"https:\/\/kosmeetika24.com\/en\/wp-json\/wp\/v2\/media\/7204"}],"wp:attachment":[{"href":"https:\/\/kosmeetika24.com\/en\/wp-json\/wp\/v2\/media?parent=7162"}],"wp:term":[{"taxonomy":"product_brand","embeddable":true,"href":"https:\/\/kosmeetika24.com\/en\/wp-json\/wp\/v2\/product_brand?post=7162"},{"taxonomy":"product_cat","embeddable":true,"href":"https:\/\/kosmeetika24.com\/en\/wp-json\/wp\/v2\/product_cat?post=7162"},{"taxonomy":"product_tag","embeddable":true,"href":"https:\/\/kosmeetika24.com\/en\/wp-json\/wp\/v2\/product_tag?post=7162"}],"curies":[{"name":"wp","href":"https:\/\/api.w.org\/{rel}","templated":true}]}}