{"id":7158,"date":"2025-11-05T14:03:20","date_gmt":"2025-11-05T11:03:20","guid":{"rendered":"https:\/\/kosmeetika24.com\/?post_type=product&#038;p=7158"},"modified":"2026-01-12T12:13:50","modified_gmt":"2026-01-12T09:13:50","slug":"dalton-hydro-lift-express-sheet-mask","status":"publish","type":"product","link":"https:\/\/kosmeetika24.com\/en\/product\/dalton-hydro-lift-express-sheet-mask\/","title":{"rendered":"Dalton Hydro Lift Express Sheet Mask"},"content":{"rendered":"<p data-start=\"359\" data-end=\"375\"><strong data-start=\"359\" data-end=\"373\">Usage:<\/strong><\/p>\n<ol>\n<li data-start=\"379\" data-end=\"407\">Cleanse and dry the facial skin.<\/li>\n<li data-start=\"379\" data-end=\"407\">Unfold the hyaluronic acid mask, remove the protective film from one side, and place that half on your face, then remove the film from the other side.<\/li>\n<li data-start=\"379\" data-end=\"407\">Leave the mask on your face for 15\u201320 minutes. Remove the mask and gently pat the remaining serum into the skin.<\/li>\n<li data-start=\"379\" data-end=\"407\">Use your regular skincare products according to your skin type. For best results, use the moisturizing face mask 1\u20132 times a week.<\/li>\n<li style=\"list-style-type: none;\"><\/li>\n<\/ol>\n<p data-start=\"0\" data-end=\"333\">Dalton\u2019s firming and revitalizing hyaluronic acid mask combines intense hydration with an immediate anti-aging effect. The mask contains the unique Celumer Marine Extract and plankton extract, which reduce wrinkle depth by up to 16% in just 15 minutes. Short- and long-chain hyaluronic acids provide deep and long-lasting hydration for dry skin.<\/p>\n<p data-start=\"335\" data-end=\"670\">The hyaluronic acid mask is made from a sustainable material derived from coconut milk and fibers. It contours to the face like a second skin, allowing the active ingredients to penetrate more effectively. The mask smooths and firms the skin, softens fine lines and wrinkles, and leaves the skin feeling plumper and silky.<\/p>\n<p data-start=\"672\" data-end=\"742\">The moisturizing hyaluronic acid mask can be combined with all DALTON skincare products.<\/p>\n<p data-start=\"744\" data-end=\"890\" data-is-last-node=\"\" data-is-only-node=\"\">*Test conditions: participants aged 50\u201365 used the mask once for 15 minutes on the face. The efficacy study was conducted in vivo.<\/p>\n<p data-start=\"623\" data-end=\"768\" data-is-last-node=\"\"><strong>Ingredients:<br \/>\n<\/strong>Aqua\/Water, Glycerin, Propylene Glycol, Sorbitol, Pentylene Glycol, Maris Aqua\/Sea Water, Spirulina Maxima Extract, Algae Extract\/Alaria Esculenta Extract, Maris Limus Extract\/Sea Silt Extract, Saccharide Isomerate, Ostrea Shell Extract\/Oyster Shell Extract, Caviar Extract, Alteromonas Ferment Extract, Sodium Hyaluronate, Biotin, Scleroglucan\/Sclerotium Gum, Phenoxyethanol, Tetrasodium Glutamate Diacetate, Sodium Hydroxide, Ethylhexylglycerin, Potassium Sorbate, Acrylates\/C10-30 Alkyl Acrylate Crosspolymer, Caprylic\/Capric Triglyceride<\/p>","protected":false},"excerpt":{"rendered":"<p>Moisturizing and plumping hyaluronic acid mask<\/p>\n<p class=\"translation-block\"><strong>Product Benefits<br><\/strong>\nReduces wrinkle depth by up to 16%* in just 15 minutes<br>\nFirming and anti-wrinkle mask<br>\nProvides intense hydration<br>\nLight-textured hyaluronic acid sheet mask made from sustainable bio-cellulose<br>\nContains plankton and hyaluronic acid<br>\nFragrance-free<br><\/p>","protected":false},"featured_media":7153,"comment_status":"closed","ping_status":"closed","template":"","meta":{"_uag_custom_page_level_css":"","site-sidebar-layout":"default","site-content-layout":"","ast-site-content-layout":"default","site-content-style":"default","site-sidebar-style":"default","ast-global-header-display":"","ast-banner-title-visibility":"","ast-main-header-display":"","ast-hfb-above-header-display":"","ast-hfb-below-header-display":"","ast-hfb-mobile-header-display":"","site-post-title":"","ast-breadcrumbs-content":"","ast-featured-img":"","footer-sml-layout":"","ast-disable-related-posts":"","theme-transparent-header-meta":"default","adv-header-id-meta":"","stick-header-meta":"","header-above-stick-meta":"","header-main-stick-meta":"","header-below-stick-meta":"","astra-migrate-meta-layouts":"set","ast-page-background-enabled":"default","ast-page-background-meta":{"desktop":{"background-color":"var(--ast-global-color-4)","background-image":"","background-repeat":"repeat","background-position":"center center","background-size":"auto","background-attachment":"scroll","background-type":"","background-media":"","overlay-type":"","overlay-color":"","overlay-opacity":"","overlay-gradient":""},"tablet":{"background-color":"","background-image":"","background-repeat":"repeat","background-position":"center center","background-size":"auto","background-attachment":"scroll","background-type":"","background-media":"","overlay-type":"","overlay-color":"","overlay-opacity":"","overlay-gradient":""},"mobile":{"background-color":"","background-image":"","background-repeat":"repeat","background-position":"center center","background-size":"auto","background-attachment":"scroll","background-type":"","background-media":"","overlay-type":"","overlay-color":"","overlay-opacity":"","overlay-gradient":""}},"ast-content-background-meta":{"desktop":{"background-color":"var(--ast-global-color-5)","background-image":"","background-repeat":"repeat","background-position":"center center","background-size":"auto","background-attachment":"scroll","background-type":"","background-media":"","overlay-type":"","overlay-color":"","overlay-opacity":"","overlay-gradient":""},"tablet":{"background-color":"var(--ast-global-color-5)","background-image":"","background-repeat":"repeat","background-position":"center center","background-size":"auto","background-attachment":"scroll","background-type":"","background-media":"","overlay-type":"","overlay-color":"","overlay-opacity":"","overlay-gradient":""},"mobile":{"background-color":"var(--ast-global-color-5)","background-image":"","background-repeat":"repeat","background-position":"center center","background-size":"auto","background-attachment":"scroll","background-type":"","background-media":"","overlay-type":"","overlay-color":"","overlay-opacity":"","overlay-gradient":""}}},"product_brand":[],"product_cat":[125,97],"product_tag":[],"class_list":{"0":"post-7158","1":"product","2":"type-product","3":"status-publish","4":"has-post-thumbnail","6":"product_cat-dalton","7":"product_cat-naole","8":"desktop-align-left","9":"tablet-align-left","10":"mobile-align-left","12":"first","13":"onbackorder","14":"taxable","15":"shipping-taxable","16":"product-type-simple","17":"add-to-wishlist-before_image"},"uagb_featured_image_src":{"full":["https:\/\/kosmeetika24.com\/wp-content\/uploads\/2025\/11\/4054621560357.webp",540,540,false],"thumbnail":["https:\/\/kosmeetika24.com\/wp-content\/uploads\/2025\/11\/4054621560357-150x150.webp",150,150,true],"medium":["https:\/\/kosmeetika24.com\/wp-content\/uploads\/2025\/11\/4054621560357-300x300.webp",300,300,true],"medium_large":["https:\/\/kosmeetika24.com\/wp-content\/uploads\/2025\/11\/4054621560357.webp",540,540,false],"large":["https:\/\/kosmeetika24.com\/wp-content\/uploads\/2025\/11\/4054621560357.webp",540,540,false],"1536x1536":["https:\/\/kosmeetika24.com\/wp-content\/uploads\/2025\/11\/4054621560357.webp",540,540,false],"2048x2048":["https:\/\/kosmeetika24.com\/wp-content\/uploads\/2025\/11\/4054621560357.webp",540,540,false],"trp-custom-language-flag":["https:\/\/kosmeetika24.com\/wp-content\/uploads\/2025\/11\/4054621560357-12x12.webp",12,12,true],"woocommerce_thumbnail":["https:\/\/kosmeetika24.com\/wp-content\/uploads\/2025\/11\/4054621560357-300x300.webp",300,300,true],"woocommerce_single":["https:\/\/kosmeetika24.com\/wp-content\/uploads\/2025\/11\/4054621560357-500x500.webp",500,500,true],"woocommerce_gallery_thumbnail":["https:\/\/kosmeetika24.com\/wp-content\/uploads\/2025\/11\/4054621560357-100x100.webp",100,100,true]},"uagb_author_info":{"display_name":"admin","author_link":"https:\/\/kosmeetika24.com\/en\/author\/"},"uagb_comment_info":0,"uagb_excerpt":"Niisutav ja t\u00e4idlust andev h\u00fcaluroonhappe mask Toote eelised V\u00e4hendab kortsude s\u00fcgavust kuni 16%* juba 15 minutiga Nahka pinguldav ja kortsudevastane mask Pakub intensiivset niisutust Kerge tekstuuriga h\u00fcaluroonhappe kangasmask, valmistatud j\u00e4tkusuutlikust bio-tselluloosist Sisaldab planktonit ja h\u00fcaluroonhapet L\u00f5hnavaba","_links":{"self":[{"href":"https:\/\/kosmeetika24.com\/en\/wp-json\/wp\/v2\/product\/7158","targetHints":{"allow":["GET"]}}],"collection":[{"href":"https:\/\/kosmeetika24.com\/en\/wp-json\/wp\/v2\/product"}],"about":[{"href":"https:\/\/kosmeetika24.com\/en\/wp-json\/wp\/v2\/types\/product"}],"replies":[{"embeddable":true,"href":"https:\/\/kosmeetika24.com\/en\/wp-json\/wp\/v2\/comments?post=7158"}],"version-history":[{"count":1,"href":"https:\/\/kosmeetika24.com\/en\/wp-json\/wp\/v2\/product\/7158\/revisions"}],"predecessor-version":[{"id":7159,"href":"https:\/\/kosmeetika24.com\/en\/wp-json\/wp\/v2\/product\/7158\/revisions\/7159"}],"wp:featuredmedia":[{"embeddable":true,"href":"https:\/\/kosmeetika24.com\/en\/wp-json\/wp\/v2\/media\/7153"}],"wp:attachment":[{"href":"https:\/\/kosmeetika24.com\/en\/wp-json\/wp\/v2\/media?parent=7158"}],"wp:term":[{"taxonomy":"product_brand","embeddable":true,"href":"https:\/\/kosmeetika24.com\/en\/wp-json\/wp\/v2\/product_brand?post=7158"},{"taxonomy":"product_cat","embeddable":true,"href":"https:\/\/kosmeetika24.com\/en\/wp-json\/wp\/v2\/product_cat?post=7158"},{"taxonomy":"product_tag","embeddable":true,"href":"https:\/\/kosmeetika24.com\/en\/wp-json\/wp\/v2\/product_tag?post=7158"}],"curies":[{"name":"wp","href":"https:\/\/api.w.org\/{rel}","templated":true}]}}