{"id":7147,"date":"2025-11-05T13:38:14","date_gmt":"2025-11-05T10:38:14","guid":{"rendered":"https:\/\/kosmeetika24.com\/?post_type=product&#038;p=7147"},"modified":"2026-01-12T12:19:59","modified_gmt":"2026-01-12T09:19:59","slug":"dalton-redness-control-anti-redness-mask","status":"publish","type":"product","link":"https:\/\/kosmeetika24.com\/en\/product\/dalton-redness-control-anti-redness-mask\/","title":{"rendered":"Dalton \u2013 Redness Control \u2013 Anti-Redness Mask"},"content":{"rendered":"<p><strong>Usage:<\/strong><\/p>\n<p>Apply the mask 1\u20132 times a week or as often as your skin needs it. Spread the mask evenly over the face and leave it on for about 15 minutes. Rinse off with warm water.<\/p>\n<p><strong>Product Description:<\/strong><\/p>\n<p class=\"translation-block\">This product is a great choice if you are looking for ways to reduce facial redness! <em>Anti-Redness Mask<\/em> soothes skin prone to couperose and rosacea, relieves irritation, and strengthens capillaries and connective tissue. It has a soft, creamy texture that absorbs almost completely in 15\u201320 minutes and helps restore balance to irritated skin.<\/p>\n<p>The mask contains a soothing 5-herb complex (horse chestnut, butcher\u2019s broom, licorice root, calendula, and Asian pennywort), calming panthenol, and healing limestone from R\u00fcgen Island, which strengthen capillaries and support the skin\u2019s natural ability to regenerate \u2013 resulting in a calm complexion and a 21% reduction in broken capillaries on the face.<\/p>\n<p>Couperose can develop into rosacea \u2013 a chronic skin inflammation that causes intense redness. Use soothing products that help strengthen capillaries and protect the skin.<\/p>\n<p><em>Test conditions: Participants with visible couperose; application of the emulsion and placebo (half-face study) over 14 days. The study was conducted in vivo.<\/em><\/p>\n<p><strong>Ingredients<\/strong>:<br \/>\nAqua\/Water, Cetearyl Alcohol, Helianthus Annuus (Sunflower) Seed Oil, Caprylic\/Capric Triglyceride, Cetearyl Isononanoate, Glycerin, Glyceryl Stearate, Butylene Glycol, Potassium Cetyl Phosphate, Maris Aqua\/Sea Water, Centella Asiatica Leaf Extract, Calendula Officinalis Flower Extract, Ruscus Aculeatus Root Extract, Ammonium Glycyrrhizate, Escin, Hydrolyzed Yeast Protein, Viscum Album (Mistletoe) Leaf Extract, Foeniculum Vulgare (Fennel) Fruit Extract, Melissa Officinalis Leaf Extract, Chamomilla Recutita (Matricaria) Flower Extract, Achillea Millefolium Extract, Simmondsia Chinensis (Jojoba) Seed Oil, Panthenol, Humulus Lupulus (Hops) Extract, Tocopherol, Phenoxyethanol, Ethylhexylglycerin, Calcium Carbonate, Citric Acid, Titanium Dioxide (CI 77891), Xanthan Gum, Sodium Citrate, Sodium Hydroxide, Alcohol Denat.<\/p>\n<p>458.-\u20ac\/l<\/p>","protected":false},"excerpt":{"rendered":"<p>Capillary-strengthening mask for skin prone to couperose and rosacea.<\/p>\n<p class=\"translation-block\">Reduces facial redness by up to 35%<br>\nNourishing creamy mask<br>\nHealing limestone from R\u00fcgen Island<br>\nPanthenol soothes the skin and helps prevent irritation<br>\nReduces visible red blood vessels by 21%<br>\nFragrance-free<br>\nSuitable for skin prone to couperose<br>\n94% natural ingredients<\/p>\n<p>50ml<\/p>","protected":false},"featured_media":7132,"comment_status":"closed","ping_status":"closed","template":"","meta":{"_uag_custom_page_level_css":"","site-sidebar-layout":"default","site-content-layout":"","ast-site-content-layout":"default","site-content-style":"default","site-sidebar-style":"default","ast-global-header-display":"","ast-banner-title-visibility":"","ast-main-header-display":"","ast-hfb-above-header-display":"","ast-hfb-below-header-display":"","ast-hfb-mobile-header-display":"","site-post-title":"","ast-breadcrumbs-content":"","ast-featured-img":"","footer-sml-layout":"","ast-disable-related-posts":"","theme-transparent-header-meta":"default","adv-header-id-meta":"","stick-header-meta":"","header-above-stick-meta":"","header-main-stick-meta":"","header-below-stick-meta":"","astra-migrate-meta-layouts":"set","ast-page-background-enabled":"default","ast-page-background-meta":{"desktop":{"background-color":"var(--ast-global-color-4)","background-image":"","background-repeat":"repeat","background-position":"center center","background-size":"auto","background-attachment":"scroll","background-type":"","background-media":"","overlay-type":"","overlay-color":"","overlay-opacity":"","overlay-gradient":""},"tablet":{"background-color":"","background-image":"","background-repeat":"repeat","background-position":"center center","background-size":"auto","background-attachment":"scroll","background-type":"","background-media":"","overlay-type":"","overlay-color":"","overlay-opacity":"","overlay-gradient":""},"mobile":{"background-color":"","background-image":"","background-repeat":"repeat","background-position":"center center","background-size":"auto","background-attachment":"scroll","background-type":"","background-media":"","overlay-type":"","overlay-color":"","overlay-opacity":"","overlay-gradient":""}},"ast-content-background-meta":{"desktop":{"background-color":"var(--ast-global-color-5)","background-image":"","background-repeat":"repeat","background-position":"center center","background-size":"auto","background-attachment":"scroll","background-type":"","background-media":"","overlay-type":"","overlay-color":"","overlay-opacity":"","overlay-gradient":""},"tablet":{"background-color":"var(--ast-global-color-5)","background-image":"","background-repeat":"repeat","background-position":"center center","background-size":"auto","background-attachment":"scroll","background-type":"","background-media":"","overlay-type":"","overlay-color":"","overlay-opacity":"","overlay-gradient":""},"mobile":{"background-color":"var(--ast-global-color-5)","background-image":"","background-repeat":"repeat","background-position":"center center","background-size":"auto","background-attachment":"scroll","background-type":"","background-media":"","overlay-type":"","overlay-color":"","overlay-opacity":"","overlay-gradient":""}}},"product_brand":[],"product_cat":[125,97],"product_tag":[],"class_list":{"0":"post-7147","1":"product","2":"type-product","3":"status-publish","4":"has-post-thumbnail","6":"product_cat-dalton","7":"product_cat-naole","8":"desktop-align-left","9":"tablet-align-left","10":"mobile-align-left","12":"first","13":"onbackorder","14":"taxable","15":"shipping-taxable","16":"product-type-simple","17":"add-to-wishlist-before_image"},"uagb_featured_image_src":{"full":["https:\/\/kosmeetika24.com\/wp-content\/uploads\/2025\/11\/73_518_50-redness_control-anti-r_tungen-maske-spender-650x650-1.avif",650,650,false],"thumbnail":["https:\/\/kosmeetika24.com\/wp-content\/uploads\/2025\/11\/73_518_50-redness_control-anti-r_tungen-maske-spender-650x650-1-150x150.avif",150,150,true],"medium":["https:\/\/kosmeetika24.com\/wp-content\/uploads\/2025\/11\/73_518_50-redness_control-anti-r_tungen-maske-spender-650x650-1-300x300.avif",300,300,true],"medium_large":["https:\/\/kosmeetika24.com\/wp-content\/uploads\/2025\/11\/73_518_50-redness_control-anti-r_tungen-maske-spender-650x650-1.avif",650,650,false],"large":["https:\/\/kosmeetika24.com\/wp-content\/uploads\/2025\/11\/73_518_50-redness_control-anti-r_tungen-maske-spender-650x650-1.avif",650,650,false],"1536x1536":["https:\/\/kosmeetika24.com\/wp-content\/uploads\/2025\/11\/73_518_50-redness_control-anti-r_tungen-maske-spender-650x650-1.avif",650,650,false],"2048x2048":["https:\/\/kosmeetika24.com\/wp-content\/uploads\/2025\/11\/73_518_50-redness_control-anti-r_tungen-maske-spender-650x650-1.avif",650,650,false],"trp-custom-language-flag":["https:\/\/kosmeetika24.com\/wp-content\/uploads\/2025\/11\/73_518_50-redness_control-anti-r_tungen-maske-spender-650x650-1-12x12.avif",12,12,true],"woocommerce_thumbnail":["https:\/\/kosmeetika24.com\/wp-content\/uploads\/2025\/11\/73_518_50-redness_control-anti-r_tungen-maske-spender-650x650-1-300x300.avif",300,300,true],"woocommerce_single":["https:\/\/kosmeetika24.com\/wp-content\/uploads\/2025\/11\/73_518_50-redness_control-anti-r_tungen-maske-spender-650x650-1-500x500.avif",500,500,true],"woocommerce_gallery_thumbnail":["https:\/\/kosmeetika24.com\/wp-content\/uploads\/2025\/11\/73_518_50-redness_control-anti-r_tungen-maske-spender-650x650-1-100x100.avif",100,100,true]},"uagb_author_info":{"display_name":"admin","author_link":"https:\/\/kosmeetika24.com\/en\/author\/"},"uagb_comment_info":0,"uagb_excerpt":"Kuperoossele ja rosaatseale kalduvale nahale m\u00f5eldud kapillaaride tugevdav mask. V\u00e4hendab n\u00e4onaha punetust kuni 35% * Toitev kreemjas mask R\u00fcgeni saare tervendav lubjakivi Panthenool rahustab nahka ja aitab v\u00e4ltida \u00e4rritust V\u00e4hendab n\u00e4htavaid punaseid veresooni 21% * L\u00f5hnavaba Sobib nahale, mis on kalduvus kuperoosale 94% looduslikke koostisosi 50ml","_links":{"self":[{"href":"https:\/\/kosmeetika24.com\/en\/wp-json\/wp\/v2\/product\/7147","targetHints":{"allow":["GET"]}}],"collection":[{"href":"https:\/\/kosmeetika24.com\/en\/wp-json\/wp\/v2\/product"}],"about":[{"href":"https:\/\/kosmeetika24.com\/en\/wp-json\/wp\/v2\/types\/product"}],"replies":[{"embeddable":true,"href":"https:\/\/kosmeetika24.com\/en\/wp-json\/wp\/v2\/comments?post=7147"}],"version-history":[{"count":2,"href":"https:\/\/kosmeetika24.com\/en\/wp-json\/wp\/v2\/product\/7147\/revisions"}],"predecessor-version":[{"id":7149,"href":"https:\/\/kosmeetika24.com\/en\/wp-json\/wp\/v2\/product\/7147\/revisions\/7149"}],"wp:featuredmedia":[{"embeddable":true,"href":"https:\/\/kosmeetika24.com\/en\/wp-json\/wp\/v2\/media\/7132"}],"wp:attachment":[{"href":"https:\/\/kosmeetika24.com\/en\/wp-json\/wp\/v2\/media?parent=7147"}],"wp:term":[{"taxonomy":"product_brand","embeddable":true,"href":"https:\/\/kosmeetika24.com\/en\/wp-json\/wp\/v2\/product_brand?post=7147"},{"taxonomy":"product_cat","embeddable":true,"href":"https:\/\/kosmeetika24.com\/en\/wp-json\/wp\/v2\/product_cat?post=7147"},{"taxonomy":"product_tag","embeddable":true,"href":"https:\/\/kosmeetika24.com\/en\/wp-json\/wp\/v2\/product_tag?post=7147"}],"curies":[{"name":"wp","href":"https:\/\/api.w.org\/{rel}","templated":true}]}}