{"id":7145,"date":"2025-11-05T13:36:09","date_gmt":"2025-11-05T10:36:09","guid":{"rendered":"https:\/\/kosmeetika24.com\/?post_type=product&#038;p=7145"},"modified":"2026-01-12T12:20:05","modified_gmt":"2026-01-12T09:20:05","slug":"dalton-redness-control-anti-aging-couperose-serum","status":"publish","type":"product","link":"https:\/\/kosmeetika24.com\/en\/product\/dalton-redness-control-anti-aging-couperose-serum\/","title":{"rendered":"Dalton \u2013 Redness Control \u2013 Anti-Aging Couperose Serum"},"content":{"rendered":"<p><strong>Usage:<\/strong><\/p>\n<p>Apply the serum in the morning and evening to cleansed face, neck, and d\u00e9collet\u00e9 before applying your face cream. Gently massage it into the skin.<\/p>\n<p><strong>Toote kirjeldus<\/strong><\/p>\n<p class=\"translation-block\">The lightweight <i>Anti-Aging Couperose Serum<\/i> helps alleviate couperose symptoms (broken capillaries and reddened skin) and visible signs of aging. Combined with a soothing 5-herb complex, which includes horse chestnut, butcher\u2019s broom extract, licorice root, calendula, and Asian pennywort, along with the unique Celumer Marine Extract and yeast extract, this serum is especially suitable for skin prone to visible vascular dilations.<\/p>\n<p>This serum reduces skin redness by up to 35% and visible red blood vessels by 21%. Hyaluronic acid hydrates the skin, filling fine lines and smoothing wrinkles. Additionally, the serum contains tiny green shimmer pigments that act like a soft-focus filter, masking facial redness and creating the appearance of an even, balanced complexion and a more youthful look.<\/p>\n<p>Couperose can develop into rosacea \u2013 a chronic skin inflammation that causes intense redness. Use soothing products that help strengthen capillaries and protect the skin.<\/p>\n<p><em>Test conditions: Participants with visible couperose; application of the emulsion and placebo (half-face study) over 14 days. The study was conducted in vivo.<\/em><\/p>\n<p><strong>Ingredients<br \/>\n<\/strong>Aqua\/Water, Propanediol, Panthenol, Pentylene Glycol, Butylene Glycol, Maris Aqua\/Sea Water, Spirulina Maxima Extract, Algae Extract\/Alaria Esculenta Extract, Maris Limus Extract\/Sea Silt Extract, Saccharide Isomerate, Ostrea Shell Extract\/Oyster Shell Extract, Caviar Extract, Centella Asiatica Leaf Extract, Calendula Officinalis Flower Extract, Ruscus Aculeatus Root Extract, Ammonium Glycyrrhizate, Escin, Hydrolyzed Yeast Protein, Sodium Hyaluronate, Biotin, Sodium Hydroxide, Scleroglucan\/Sclerotium Gum, Mica, Citric Acid, Phenoxyethanol, Potassium Sorbate, Sodium Citrate, Propylene Glycol, Ethylhexylglycerin, Titanium Dioxide, Caprylic\/Capric Triglyceride, Silica, Glycerin, Carbomer, Acrylates\/C10-30 Alkyl Acrylate Crosspolymer, Citral, Hexyl Cinnamal, Limonene, Parfum\/Fragrance.<\/p>\n<p>898.-\u20ac\/l<\/p>","protected":false},"excerpt":{"rendered":"<p>Serum for skin prone to couperose and redness.<\/p>\n<p class=\"translation-block\">Reduces facial redness by up to 35%<br>\nHighly concentrated serum<br>\nSoothes and stabilizes the skin<br>\nReduces the visibility of red blood vessels by up to 21%<br>\nHyaluronic acid fills in wrinkles<br>\nSuitable for skin prone to couperose<br>\n93% natural ingredients<\/p>\n<p>50ml<\/p>","protected":false},"featured_media":7138,"comment_status":"closed","ping_status":"closed","template":"","meta":{"_uag_custom_page_level_css":"","site-sidebar-layout":"default","site-content-layout":"","ast-site-content-layout":"default","site-content-style":"default","site-sidebar-style":"default","ast-global-header-display":"","ast-banner-title-visibility":"","ast-main-header-display":"","ast-hfb-above-header-display":"","ast-hfb-below-header-display":"","ast-hfb-mobile-header-display":"","site-post-title":"","ast-breadcrumbs-content":"","ast-featured-img":"","footer-sml-layout":"","ast-disable-related-posts":"","theme-transparent-header-meta":"default","adv-header-id-meta":"","stick-header-meta":"","header-above-stick-meta":"","header-main-stick-meta":"","header-below-stick-meta":"","astra-migrate-meta-layouts":"set","ast-page-background-enabled":"default","ast-page-background-meta":{"desktop":{"background-color":"var(--ast-global-color-4)","background-image":"","background-repeat":"repeat","background-position":"center center","background-size":"auto","background-attachment":"scroll","background-type":"","background-media":"","overlay-type":"","overlay-color":"","overlay-opacity":"","overlay-gradient":""},"tablet":{"background-color":"","background-image":"","background-repeat":"repeat","background-position":"center center","background-size":"auto","background-attachment":"scroll","background-type":"","background-media":"","overlay-type":"","overlay-color":"","overlay-opacity":"","overlay-gradient":""},"mobile":{"background-color":"","background-image":"","background-repeat":"repeat","background-position":"center center","background-size":"auto","background-attachment":"scroll","background-type":"","background-media":"","overlay-type":"","overlay-color":"","overlay-opacity":"","overlay-gradient":""}},"ast-content-background-meta":{"desktop":{"background-color":"var(--ast-global-color-5)","background-image":"","background-repeat":"repeat","background-position":"center center","background-size":"auto","background-attachment":"scroll","background-type":"","background-media":"","overlay-type":"","overlay-color":"","overlay-opacity":"","overlay-gradient":""},"tablet":{"background-color":"var(--ast-global-color-5)","background-image":"","background-repeat":"repeat","background-position":"center center","background-size":"auto","background-attachment":"scroll","background-type":"","background-media":"","overlay-type":"","overlay-color":"","overlay-opacity":"","overlay-gradient":""},"mobile":{"background-color":"var(--ast-global-color-5)","background-image":"","background-repeat":"repeat","background-position":"center center","background-size":"auto","background-attachment":"scroll","background-type":"","background-media":"","overlay-type":"","overlay-color":"","overlay-opacity":"","overlay-gradient":""}}},"product_brand":[],"product_cat":[125,97],"product_tag":[],"class_list":{"0":"post-7145","1":"product","2":"type-product","3":"status-publish","4":"has-post-thumbnail","6":"product_cat-dalton","7":"product_cat-naole","8":"desktop-align-left","9":"tablet-align-left","10":"mobile-align-left","12":"first","13":"onbackorder","14":"taxable","15":"shipping-taxable","16":"product-type-simple","17":"add-to-wishlist-before_image"},"uagb_featured_image_src":{"full":["https:\/\/kosmeetika24.com\/wp-content\/uploads\/2025\/11\/4054621735175.webp",540,540,false],"thumbnail":["https:\/\/kosmeetika24.com\/wp-content\/uploads\/2025\/11\/4054621735175-150x150.webp",150,150,true],"medium":["https:\/\/kosmeetika24.com\/wp-content\/uploads\/2025\/11\/4054621735175-300x300.webp",300,300,true],"medium_large":["https:\/\/kosmeetika24.com\/wp-content\/uploads\/2025\/11\/4054621735175.webp",540,540,false],"large":["https:\/\/kosmeetika24.com\/wp-content\/uploads\/2025\/11\/4054621735175.webp",540,540,false],"1536x1536":["https:\/\/kosmeetika24.com\/wp-content\/uploads\/2025\/11\/4054621735175.webp",540,540,false],"2048x2048":["https:\/\/kosmeetika24.com\/wp-content\/uploads\/2025\/11\/4054621735175.webp",540,540,false],"trp-custom-language-flag":["https:\/\/kosmeetika24.com\/wp-content\/uploads\/2025\/11\/4054621735175-12x12.webp",12,12,true],"woocommerce_thumbnail":["https:\/\/kosmeetika24.com\/wp-content\/uploads\/2025\/11\/4054621735175-300x300.webp",300,300,true],"woocommerce_single":["https:\/\/kosmeetika24.com\/wp-content\/uploads\/2025\/11\/4054621735175-500x500.webp",500,500,true],"woocommerce_gallery_thumbnail":["https:\/\/kosmeetika24.com\/wp-content\/uploads\/2025\/11\/4054621735175-100x100.webp",100,100,true]},"uagb_author_info":{"display_name":"admin","author_link":"https:\/\/kosmeetika24.com\/en\/author\/"},"uagb_comment_info":0,"uagb_excerpt":"Kuperoossele ja punetavale nahale m\u00f5eldud seerum. V\u00e4hendab n\u00e4onaha punetust kuni 35% * K\u00f5rge kontsentratsiooniga seerum Rahustab ja stabiliseerib nahka V\u00e4hendab n\u00e4htavust punastest veresoontest kuni 21% * H\u00fcaluroonhape t\u00e4idab kortse Sobib nahale, millel on kalduvus kuperoosale 93% looduslikke koostisosi 50ml","_links":{"self":[{"href":"https:\/\/kosmeetika24.com\/en\/wp-json\/wp\/v2\/product\/7145","targetHints":{"allow":["GET"]}}],"collection":[{"href":"https:\/\/kosmeetika24.com\/en\/wp-json\/wp\/v2\/product"}],"about":[{"href":"https:\/\/kosmeetika24.com\/en\/wp-json\/wp\/v2\/types\/product"}],"replies":[{"embeddable":true,"href":"https:\/\/kosmeetika24.com\/en\/wp-json\/wp\/v2\/comments?post=7145"}],"version-history":[{"count":1,"href":"https:\/\/kosmeetika24.com\/en\/wp-json\/wp\/v2\/product\/7145\/revisions"}],"predecessor-version":[{"id":7146,"href":"https:\/\/kosmeetika24.com\/en\/wp-json\/wp\/v2\/product\/7145\/revisions\/7146"}],"wp:featuredmedia":[{"embeddable":true,"href":"https:\/\/kosmeetika24.com\/en\/wp-json\/wp\/v2\/media\/7138"}],"wp:attachment":[{"href":"https:\/\/kosmeetika24.com\/en\/wp-json\/wp\/v2\/media?parent=7145"}],"wp:term":[{"taxonomy":"product_brand","embeddable":true,"href":"https:\/\/kosmeetika24.com\/en\/wp-json\/wp\/v2\/product_brand?post=7145"},{"taxonomy":"product_cat","embeddable":true,"href":"https:\/\/kosmeetika24.com\/en\/wp-json\/wp\/v2\/product_cat?post=7145"},{"taxonomy":"product_tag","embeddable":true,"href":"https:\/\/kosmeetika24.com\/en\/wp-json\/wp\/v2\/product_tag?post=7145"}],"curies":[{"name":"wp","href":"https:\/\/api.w.org\/{rel}","templated":true}]}}