{"id":7131,"date":"2025-11-05T13:30:35","date_gmt":"2025-11-05T10:30:35","guid":{"rendered":"https:\/\/kosmeetika24.com\/?post_type=product&#038;p=7131"},"modified":"2026-01-12T12:20:17","modified_gmt":"2026-01-12T09:20:17","slug":"dalton-redness-control-anti-redness-cream-medium","status":"publish","type":"product","link":"https:\/\/kosmeetika24.com\/en\/product\/dalton-redness-control-anti-redness-cream-medium\/","title":{"rendered":"Dalton \u2013 Redness Control \u2013 Anti-Redness Cream Medium"},"content":{"rendered":"<p><strong>Usage:<\/strong><\/p>\n<p>Apply morning and evening to cleansed face, neck, and d\u00e9collet\u00e9, and gently massage in.<\/p>\n<p class=\"translation-block\"><strong>Tip:<\/strong><br>\nIf your skin is prone to rosacea, complement your skincare routine with the oil-free <i>REDNESS CONTROL Pipette Concentrate<\/i>.<\/p>\n<p><strong>Product Description:<\/strong><\/p>\n<p>This fragrance-free cream reduces redness, strengthens capillaries, and visibly diminishes dilated blood vessels by up to 21%. Our soothing 5-plant complex, containing horse chestnut, butcher\u2019s broom extract, licorice root, calendula, and Centella asiatica, helps to calm irritated and sensitive skin and even out the complexion. Facial redness can be reduced by up to 35%.<\/p>\n<p>Strengthens the skin\u2019s natural protective barrier \u2013 yeast extract boosts the skin\u2019s immune system, while allantoin, panthenol, and bisabolol soothe and promote skin regeneration.<\/p>\n<p>Light and non-greasy texture \u2013 absorbs quickly and leaves no sticky residue. Ideal for normal to dry skin prone to redness and dilated blood vessels.<\/p>\n<p>Couperose may develop into rosacea \u2013 a chronic skin inflammation that causes intense redness. Preventive care is important! Use soothing and capillary-strengthening products to keep your skin balanced and resilient.<\/p>\n<p><i>Test conditions: Participants with visible couperose; application of the emulsion and placebo (half-face study) over 14 days. The study was conducted in vivo.<\/i><\/p>\n<p><strong>Ingredients<br \/>\n<\/strong>Aqua\/Water, Caprylic\/Capric Triglyceride, Decyl Oleate, Sorbitol, Cetearyl Alcohol, Methyl Glucose Sesquistearate, Hydrogenated Coco-Glycerides, Isostearyl Isostearate, Butylene Glycol, Glyceryl Stearate, Panthenol, Simmondsia Chinensis (Jojoba) Seed Oil, Maris Aqua\/Sea Water, Centella Asiatica Leaf Extract, Calendula Officinalis Flower Extract, Ruscus Aculeatus Root Extract, Ammonium Glycyrrhizate, Escin, Hydrolyzed Yeast Protein, Bisabolol, Allantoin, Tocopherol, Urea, Lactic Acid, Phenoxyethanol, Citric Acid, Glyceryl Caprylate, Serine, Sodium Lactate, Sodium Citrate, Ethylhexylglycerin, Sodium Hydroxide, Glycerin, Sodium Benzoate, Sodium Chloride, Hydrogenated Palm Glycerides Citrate, TEA-Lactate, Dimethicone, Tetrasodium Glutamate Diacetate, Farnesol<\/p>\n<p>698.-\u20ac\/l<\/p>","protected":false},"excerpt":{"rendered":"<p>Face cream for reddened, couperose, and rosacea-prone skin 50 ml<\/p>\n<p class=\"translation-block\">Reduces facial redness by up to 35% *<br>\nSoothes and strengthens the skin<br>\nReduces the visibility of dilated blood vessels by up to 21% *<br>\nSilky and fast-absorbing texture<br>\nContains panthenol, allantoin, and yeast extract<br>\nFragrance-free and suitable for sensitive skin<br>\n90% natural composition<\/p>","protected":false},"featured_media":7134,"comment_status":"closed","ping_status":"closed","template":"","meta":{"_uag_custom_page_level_css":"","site-sidebar-layout":"default","site-content-layout":"","ast-site-content-layout":"default","site-content-style":"default","site-sidebar-style":"default","ast-global-header-display":"","ast-banner-title-visibility":"","ast-main-header-display":"","ast-hfb-above-header-display":"","ast-hfb-below-header-display":"","ast-hfb-mobile-header-display":"","site-post-title":"","ast-breadcrumbs-content":"","ast-featured-img":"","footer-sml-layout":"","ast-disable-related-posts":"","theme-transparent-header-meta":"default","adv-header-id-meta":"","stick-header-meta":"","header-above-stick-meta":"","header-main-stick-meta":"","header-below-stick-meta":"","astra-migrate-meta-layouts":"set","ast-page-background-enabled":"default","ast-page-background-meta":{"desktop":{"background-color":"var(--ast-global-color-4)","background-image":"","background-repeat":"repeat","background-position":"center center","background-size":"auto","background-attachment":"scroll","background-type":"","background-media":"","overlay-type":"","overlay-color":"","overlay-opacity":"","overlay-gradient":""},"tablet":{"background-color":"","background-image":"","background-repeat":"repeat","background-position":"center center","background-size":"auto","background-attachment":"scroll","background-type":"","background-media":"","overlay-type":"","overlay-color":"","overlay-opacity":"","overlay-gradient":""},"mobile":{"background-color":"","background-image":"","background-repeat":"repeat","background-position":"center center","background-size":"auto","background-attachment":"scroll","background-type":"","background-media":"","overlay-type":"","overlay-color":"","overlay-opacity":"","overlay-gradient":""}},"ast-content-background-meta":{"desktop":{"background-color":"var(--ast-global-color-5)","background-image":"","background-repeat":"repeat","background-position":"center center","background-size":"auto","background-attachment":"scroll","background-type":"","background-media":"","overlay-type":"","overlay-color":"","overlay-opacity":"","overlay-gradient":""},"tablet":{"background-color":"var(--ast-global-color-5)","background-image":"","background-repeat":"repeat","background-position":"center center","background-size":"auto","background-attachment":"scroll","background-type":"","background-media":"","overlay-type":"","overlay-color":"","overlay-opacity":"","overlay-gradient":""},"mobile":{"background-color":"var(--ast-global-color-5)","background-image":"","background-repeat":"repeat","background-position":"center center","background-size":"auto","background-attachment":"scroll","background-type":"","background-media":"","overlay-type":"","overlay-color":"","overlay-opacity":"","overlay-gradient":""}}},"product_brand":[],"product_cat":[125,97],"product_tag":[],"class_list":{"0":"post-7131","1":"product","2":"type-product","3":"status-publish","4":"has-post-thumbnail","6":"product_cat-dalton","7":"product_cat-naole","8":"desktop-align-left","9":"tablet-align-left","10":"mobile-align-left","12":"first","13":"onbackorder","14":"taxable","15":"shipping-taxable","16":"product-type-simple","17":"add-to-wishlist-before_image"},"uagb_featured_image_src":{"full":["https:\/\/kosmeetika24.com\/wp-content\/uploads\/2025\/11\/4054621735014.webp",540,540,false],"thumbnail":["https:\/\/kosmeetika24.com\/wp-content\/uploads\/2025\/11\/4054621735014-150x150.webp",150,150,true],"medium":["https:\/\/kosmeetika24.com\/wp-content\/uploads\/2025\/11\/4054621735014-300x300.webp",300,300,true],"medium_large":["https:\/\/kosmeetika24.com\/wp-content\/uploads\/2025\/11\/4054621735014.webp",540,540,false],"large":["https:\/\/kosmeetika24.com\/wp-content\/uploads\/2025\/11\/4054621735014.webp",540,540,false],"1536x1536":["https:\/\/kosmeetika24.com\/wp-content\/uploads\/2025\/11\/4054621735014.webp",540,540,false],"2048x2048":["https:\/\/kosmeetika24.com\/wp-content\/uploads\/2025\/11\/4054621735014.webp",540,540,false],"trp-custom-language-flag":["https:\/\/kosmeetika24.com\/wp-content\/uploads\/2025\/11\/4054621735014-12x12.webp",12,12,true],"woocommerce_thumbnail":["https:\/\/kosmeetika24.com\/wp-content\/uploads\/2025\/11\/4054621735014-300x300.webp",300,300,true],"woocommerce_single":["https:\/\/kosmeetika24.com\/wp-content\/uploads\/2025\/11\/4054621735014-500x500.webp",500,500,true],"woocommerce_gallery_thumbnail":["https:\/\/kosmeetika24.com\/wp-content\/uploads\/2025\/11\/4054621735014-100x100.webp",100,100,true]},"uagb_author_info":{"display_name":"admin","author_link":"https:\/\/kosmeetika24.com\/en\/author\/"},"uagb_comment_info":0,"uagb_excerpt":"N\u00e4okreem punetavale, kuperoossele ja rosaatsea nahale 50ml V\u00e4hendab n\u00e4onaha punetust kuni 35% * Rahustab ja tugevdab nahka V\u00e4hendab laienenud veresoonte n\u00e4htavust kuni 21% * Siidine ja kiiresti imenduv tekstuur Sisaldab pantenooli, allantoiini ja p\u00e4rmiekstrakti L\u00f5hnavaba ja sobib tundlikule nahale 90% looduslik koostis","_links":{"self":[{"href":"https:\/\/kosmeetika24.com\/en\/wp-json\/wp\/v2\/product\/7131","targetHints":{"allow":["GET"]}}],"collection":[{"href":"https:\/\/kosmeetika24.com\/en\/wp-json\/wp\/v2\/product"}],"about":[{"href":"https:\/\/kosmeetika24.com\/en\/wp-json\/wp\/v2\/types\/product"}],"replies":[{"embeddable":true,"href":"https:\/\/kosmeetika24.com\/en\/wp-json\/wp\/v2\/comments?post=7131"}],"version-history":[{"count":1,"href":"https:\/\/kosmeetika24.com\/en\/wp-json\/wp\/v2\/product\/7131\/revisions"}],"predecessor-version":[{"id":7141,"href":"https:\/\/kosmeetika24.com\/en\/wp-json\/wp\/v2\/product\/7131\/revisions\/7141"}],"wp:featuredmedia":[{"embeddable":true,"href":"https:\/\/kosmeetika24.com\/en\/wp-json\/wp\/v2\/media\/7134"}],"wp:attachment":[{"href":"https:\/\/kosmeetika24.com\/en\/wp-json\/wp\/v2\/media?parent=7131"}],"wp:term":[{"taxonomy":"product_brand","embeddable":true,"href":"https:\/\/kosmeetika24.com\/en\/wp-json\/wp\/v2\/product_brand?post=7131"},{"taxonomy":"product_cat","embeddable":true,"href":"https:\/\/kosmeetika24.com\/en\/wp-json\/wp\/v2\/product_cat?post=7131"},{"taxonomy":"product_tag","embeddable":true,"href":"https:\/\/kosmeetika24.com\/en\/wp-json\/wp\/v2\/product_tag?post=7131"}],"curies":[{"name":"wp","href":"https:\/\/api.w.org\/{rel}","templated":true}]}}