{"id":7129,"date":"2025-11-06T17:29:07","date_gmt":"2025-11-06T14:29:07","guid":{"rendered":"https:\/\/kosmeetika24.com\/?post_type=product&#038;p=7129"},"modified":"2026-01-12T12:11:23","modified_gmt":"2026-01-12T09:11:23","slug":"dalton-redness-control-anti-redness-cream-light","status":"publish","type":"product","link":"https:\/\/kosmeetika24.com\/en\/product\/dalton-redness-control-anti-redness-cream-light\/","title":{"rendered":"Dalton \u2013 Redness Control \u2013 Anti-Redness Cream Light"},"content":{"rendered":"<p><strong>Usage:<\/strong><\/p>\n<p>Apply morning and evening to cleansed face, neck, and d\u00e9collet\u00e9, and gently massage in.<\/p>\n<p><strong>Product Description:<\/strong><\/p>\n<p>The redness-reducing moisturizer has a very light and fast-absorbing texture, making it especially suitable for oily and combination skin prone to redness and spider veins on the face. It moisturizes the skin while minimizing the appearance of dilated blood vessels and spider veins. Thanks to our 5-herb formula (horse chestnut, butcher\u2019s broom, licorice root, calendula, and Centella asiatica) with astringent properties, this fragrance-free cream strengthens capillary walls and connective tissue, reducing broken capillaries on the face by 21% and facial redness by 35%* \u2013 for a calm and balanced complexion. Allantoin soothes the skin, and urea helps retain moisture.<\/p>\n<p>In some cases, couperose can develop into rosacea, a skin condition that causes chronic inflammation and pronounced facial redness. Protect your skin in advance and use soothing products that strengthen the capillaries.<\/p>\n<p><i>Test conditions: Subjects with visible couperose; application of the emulsion preparation and placebo (half-face study) over 14 days. The study was conducted in vivo.<\/i><\/p>\n<p><strong>Ingredients<br \/>\n<\/strong>Aqua\/Water, Glyceryl Stearate Citrate, Caprylic\/Capric Triglyceride, Butylene Glycol, Cyclopentasiloxane, Sorbitol, Panthenol, Cyclohexasiloxane, Myristyl Alcohol, Simmondsia Chinensis (Jojoba) Seed Oil, Maris Aqua\/Sea Water, Centella Asiatica Leaf Extract, Calendula Officinalis Flower Extract, Ruscus Aculeatus Root Extract, Ammonium Glycyrrhizate, Escin, Hydrolyzed Yeast Protein, Allantoin, Butyrospermum Parkii (Shea) Butter, Bisabolol, Tocopherol, Serine, Urea, TEA-Lactate, Sodium Benzoate, Sodium Lactate, Lactic Acid, Citric Acid, Phenoxyethanol, Xanthan Gum, Ethylhexylglycerin, Cetearyl Alcohol, Sodium Sulfate, Sodium Citrate, Glycerin, Sodium Hydroxide, Sodium Chloride, Tetrasodium Glutamate Diacetate, Caprylyl Glycol, Hydrogenated Palm Glycerides Citrate, Blue 1 (CI 42090)<\/p>\n<p>698.-\u20ac\/l<\/p>","protected":false},"excerpt":{"rendered":"<p>Light Face Cream for Skin Prone to Redness, Couperose, and Rosacea<\/p>\n<p class=\"translation-block\"><strong>Product Benefits:<br><\/strong>\nReduces facial redness by up to 35%<br>\nLight cream texture<br>\nStabilizes and soothes the skin<br>\nReduces visible red blood vessels by 21%<br>\nWith allantoin, urea, and yeast extract<br>\nFree from fragrances, microplastics, PEGs, mineral oils, and parabens<br>\nFor skin prone to couperose<br>\n95% natural ingredients<\/p>","protected":false},"featured_media":7140,"comment_status":"closed","ping_status":"closed","template":"","meta":{"_uag_custom_page_level_css":"","site-sidebar-layout":"default","site-content-layout":"","ast-site-content-layout":"default","site-content-style":"default","site-sidebar-style":"default","ast-global-header-display":"","ast-banner-title-visibility":"","ast-main-header-display":"","ast-hfb-above-header-display":"","ast-hfb-below-header-display":"","ast-hfb-mobile-header-display":"","site-post-title":"","ast-breadcrumbs-content":"","ast-featured-img":"","footer-sml-layout":"","ast-disable-related-posts":"","theme-transparent-header-meta":"default","adv-header-id-meta":"","stick-header-meta":"","header-above-stick-meta":"","header-main-stick-meta":"","header-below-stick-meta":"","astra-migrate-meta-layouts":"set","ast-page-background-enabled":"default","ast-page-background-meta":{"desktop":{"background-color":"var(--ast-global-color-4)","background-image":"","background-repeat":"repeat","background-position":"center center","background-size":"auto","background-attachment":"scroll","background-type":"","background-media":"","overlay-type":"","overlay-color":"","overlay-opacity":"","overlay-gradient":""},"tablet":{"background-color":"","background-image":"","background-repeat":"repeat","background-position":"center center","background-size":"auto","background-attachment":"scroll","background-type":"","background-media":"","overlay-type":"","overlay-color":"","overlay-opacity":"","overlay-gradient":""},"mobile":{"background-color":"","background-image":"","background-repeat":"repeat","background-position":"center center","background-size":"auto","background-attachment":"scroll","background-type":"","background-media":"","overlay-type":"","overlay-color":"","overlay-opacity":"","overlay-gradient":""}},"ast-content-background-meta":{"desktop":{"background-color":"var(--ast-global-color-5)","background-image":"","background-repeat":"repeat","background-position":"center center","background-size":"auto","background-attachment":"scroll","background-type":"","background-media":"","overlay-type":"","overlay-color":"","overlay-opacity":"","overlay-gradient":""},"tablet":{"background-color":"var(--ast-global-color-5)","background-image":"","background-repeat":"repeat","background-position":"center center","background-size":"auto","background-attachment":"scroll","background-type":"","background-media":"","overlay-type":"","overlay-color":"","overlay-opacity":"","overlay-gradient":""},"mobile":{"background-color":"var(--ast-global-color-5)","background-image":"","background-repeat":"repeat","background-position":"center center","background-size":"auto","background-attachment":"scroll","background-type":"","background-media":"","overlay-type":"","overlay-color":"","overlay-opacity":"","overlay-gradient":""}}},"product_brand":[],"product_cat":[125,97],"product_tag":[],"class_list":{"0":"post-7129","1":"product","2":"type-product","3":"status-publish","4":"has-post-thumbnail","6":"product_cat-dalton","7":"product_cat-naole","8":"desktop-align-left","9":"tablet-align-left","10":"mobile-align-left","12":"first","13":"onbackorder","14":"taxable","15":"shipping-taxable","16":"product-type-simple","17":"add-to-wishlist-before_image"},"uagb_featured_image_src":{"full":["https:\/\/kosmeetika24.com\/wp-content\/uploads\/2025\/11\/dalton_pdp_redness_control_creme_light_l7351450.avif",823,960,false],"thumbnail":["https:\/\/kosmeetika24.com\/wp-content\/uploads\/2025\/11\/dalton_pdp_redness_control_creme_light_l7351450-150x150.avif",150,150,true],"medium":["https:\/\/kosmeetika24.com\/wp-content\/uploads\/2025\/11\/dalton_pdp_redness_control_creme_light_l7351450-257x300.avif",257,300,true],"medium_large":["https:\/\/kosmeetika24.com\/wp-content\/uploads\/2025\/11\/dalton_pdp_redness_control_creme_light_l7351450-768x896.avif",768,896,true],"large":["https:\/\/kosmeetika24.com\/wp-content\/uploads\/2025\/11\/dalton_pdp_redness_control_creme_light_l7351450.avif",823,960,false],"1536x1536":["https:\/\/kosmeetika24.com\/wp-content\/uploads\/2025\/11\/dalton_pdp_redness_control_creme_light_l7351450.avif",823,960,false],"2048x2048":["https:\/\/kosmeetika24.com\/wp-content\/uploads\/2025\/11\/dalton_pdp_redness_control_creme_light_l7351450.avif",823,960,false],"trp-custom-language-flag":["https:\/\/kosmeetika24.com\/wp-content\/uploads\/2025\/11\/dalton_pdp_redness_control_creme_light_l7351450-10x12.avif",10,12,true],"woocommerce_thumbnail":["https:\/\/kosmeetika24.com\/wp-content\/uploads\/2025\/11\/dalton_pdp_redness_control_creme_light_l7351450-300x300.avif",300,300,true],"woocommerce_single":["https:\/\/kosmeetika24.com\/wp-content\/uploads\/2025\/11\/dalton_pdp_redness_control_creme_light_l7351450-500x583.avif",500,583,true],"woocommerce_gallery_thumbnail":["https:\/\/kosmeetika24.com\/wp-content\/uploads\/2025\/11\/dalton_pdp_redness_control_creme_light_l7351450-100x100.avif",100,100,true]},"uagb_author_info":{"display_name":"admin","author_link":"https:\/\/kosmeetika24.com\/en\/author\/"},"uagb_comment_info":0,"uagb_excerpt":"Kerge n\u00e4okreem punetusele, kuperoosale ja rosaatseale kalduvale nahale Toote eelised: N\u00e4o punetuse v\u00e4hendamine kuni 35%* Kerge kreemi tekstuur Stabiliseerib ja rahustab nahka N\u00e4htavate punaste veresoonte v\u00e4henemine 21%* Allantoiini, uurea ja p\u00e4rmiekstraktiga L\u00f5hnaainete, mikroplasti, PEG-ide, mineraal\u00f5li ja parabeenide vaba Kuperoosale kalduvale nahale 95% looduslikke koostisosi","_links":{"self":[{"href":"https:\/\/kosmeetika24.com\/en\/wp-json\/wp\/v2\/product\/7129","targetHints":{"allow":["GET"]}}],"collection":[{"href":"https:\/\/kosmeetika24.com\/en\/wp-json\/wp\/v2\/product"}],"about":[{"href":"https:\/\/kosmeetika24.com\/en\/wp-json\/wp\/v2\/types\/product"}],"replies":[{"embeddable":true,"href":"https:\/\/kosmeetika24.com\/en\/wp-json\/wp\/v2\/comments?post=7129"}],"version-history":[{"count":1,"href":"https:\/\/kosmeetika24.com\/en\/wp-json\/wp\/v2\/product\/7129\/revisions"}],"predecessor-version":[{"id":7130,"href":"https:\/\/kosmeetika24.com\/en\/wp-json\/wp\/v2\/product\/7129\/revisions\/7130"}],"wp:featuredmedia":[{"embeddable":true,"href":"https:\/\/kosmeetika24.com\/en\/wp-json\/wp\/v2\/media\/7140"}],"wp:attachment":[{"href":"https:\/\/kosmeetika24.com\/en\/wp-json\/wp\/v2\/media?parent=7129"}],"wp:term":[{"taxonomy":"product_brand","embeddable":true,"href":"https:\/\/kosmeetika24.com\/en\/wp-json\/wp\/v2\/product_brand?post=7129"},{"taxonomy":"product_cat","embeddable":true,"href":"https:\/\/kosmeetika24.com\/en\/wp-json\/wp\/v2\/product_cat?post=7129"},{"taxonomy":"product_tag","embeddable":true,"href":"https:\/\/kosmeetika24.com\/en\/wp-json\/wp\/v2\/product_tag?post=7129"}],"curies":[{"name":"wp","href":"https:\/\/api.w.org\/{rel}","templated":true}]}}