{"id":7126,"date":"2025-11-06T17:25:40","date_gmt":"2025-11-06T14:25:40","guid":{"rendered":"https:\/\/kosmeetika24.com\/?post_type=product&#038;p=7126"},"modified":"2026-01-12T12:12:08","modified_gmt":"2026-01-12T09:12:08","slug":"dalton-hand-care-anti-aging-hand-cream","status":"publish","type":"product","link":"https:\/\/kosmeetika24.com\/en\/product\/dalton-hand-care-anti-aging-hand-cream\/","title":{"rendered":"Dalton \u2013 Hand Care \u2013 Anti-Aging Hand Cream"},"content":{"rendered":"<p class=\"translation-block\" data-start=\"0\" data-end=\"281\">Day by day, time leaves its mark on our skin \u2013 not only on the face but also on the hands.<br data-start=\"82\" data-end=\"85\">Moisturizing anti-aging hand cream with brown algae and vitamin B3 reduces the appearance of dark spots and age spots, prevents new hyperpigmentation, and makes the skin more even and smooth.<\/p>\n<p class=\"translation-block\" data-start=\"283\" data-end=\"531\">The cream is enriched with our unique <strong data-start=\"319\" data-end=\"346\">Celumer marine extract<\/strong>, which stimulates cellular metabolism and smooths lines and wrinkles.<br data-start=\"408\" data-end=\"411\">Nourishing trio \u2013 <strong data-start=\"425\" data-end=\"472\">shea butter, calendula seed oil, and avocado oil<\/strong> \u2013 helps soften and protect chapped and dry hands<\/p>\n<p class=\"\" data-start=\"533\" data-end=\"624\">This anti-wrinkle hand cream absorbs quickly without leaving a greasy or sticky residue on the skin.<\/p>\n<p class=\"translation-block\" data-start=\"351\" data-end=\"630\"><strong>Usage:<\/strong><br>Apply a pea- to hazelnut-sized amount of cream to the hands and gently massage into the skin. For effective treatment of age spots and hyperpigmentation, the cream can also be used as a hand mask: apply a thicker layer on the skin, put on cotton gloves, and leave on for 15\u201320 minutes.<\/p>\n<p class=\"translation-block\" data-start=\"632\" data-end=\"825\"><strong>Tip:<\/strong><br>Frequent hand washing and disinfecting can stress the skin. A fast-absorbing anti-aging hand cream helps restore the skin\u2019s natural protective barrier and leaves a long-lasting feeling of comfort.<\/p>\n<p><strong>Ingredients<br \/>\n<\/strong>Aqua\/Water, Pentylene Glycol, Glycerin, Isopropyl Myristate, Persea Gratissima Avocado) Oil, Butyrospermum Parkii (Shea) Butter, Cetearyl Alcohol, Limnanthes Alba (Meadowfoam) Seed Oil, Chondrus Crispus Powder, Niacinamide, Caviar Extract, Maris Aqua\/Sea Water, Maris Limus Extract\/Sea Silt Extract, Ostrea Shell Extract\/Oyster Shell Extract, Saccharide Isomerate, Spirulina Maxima Extract, Algae Extract\/Alaria Esculenta Extract, Dictyopteris Polypodioides Extract, Sodium Ascorbyl Phosphate, Caprylic\/Capric Triglyceride, Xanthan Gum, Sodium Stearoyl Glutamate, Propylene Glycol, Phenoxyethanol, Citric Acid, Hydroxyacetophenone, Potassium Sorbate, Parfum\/Fragrance, Linalool, Citronellol, Limonene, Benzyl Salicylate, Geraniol.<\/p>\n<p>265.33 \u20ac\/l<\/p>","protected":false},"excerpt":{"rendered":"<p class=\"\" data-start=\"34\" data-end=\"171\">Smoothing hand cream with niacinamide to reduce dark spots<\/p>\n<p class=\"\" data-start=\"173\" data-end=\"193\"><strong data-start=\"173\" data-end=\"191\">Product Benefits:<\/strong><\/p>\n<ul data-start=\"194\" data-end=\"349\">\n<li class=\"\" data-start=\"194\" data-end=\"242\">\n<p class=\"\" data-start=\"196\" data-end=\"242\">Helps reduce pigmentation spots and age spots<\/p>\n<\/li>\n<li class=\"\" data-start=\"243\" data-end=\"269\">\n<p class=\"\" data-start=\"245\" data-end=\"269\">Fast-absorbing cream<\/p>\n<\/li>\n<li class=\"\" data-start=\"270\" data-end=\"313\">\n<p class=\"\" data-start=\"272\" data-end=\"313\">Contains niacinamide and brown algae<\/p>\n<\/li>\n<li class=\"\" data-start=\"314\" data-end=\"330\">\n<p class=\"\" data-start=\"316\" data-end=\"330\">Smooths wrinkles<\/p>\n<\/li>\n<li class=\"\" data-start=\"331\" data-end=\"349\">\n<p class=\"\" data-start=\"333\" data-end=\"349\">Moisturizes the skin<\/p>\n<\/li>\n<\/ul>\n<p>75 ml<\/p>","protected":false},"featured_media":7127,"comment_status":"closed","ping_status":"closed","template":"","meta":{"_uag_custom_page_level_css":"","site-sidebar-layout":"default","site-content-layout":"","ast-site-content-layout":"default","site-content-style":"default","site-sidebar-style":"default","ast-global-header-display":"","ast-banner-title-visibility":"","ast-main-header-display":"","ast-hfb-above-header-display":"","ast-hfb-below-header-display":"","ast-hfb-mobile-header-display":"","site-post-title":"","ast-breadcrumbs-content":"","ast-featured-img":"","footer-sml-layout":"","ast-disable-related-posts":"","theme-transparent-header-meta":"default","adv-header-id-meta":"","stick-header-meta":"","header-above-stick-meta":"","header-main-stick-meta":"","header-below-stick-meta":"","astra-migrate-meta-layouts":"set","ast-page-background-enabled":"default","ast-page-background-meta":{"desktop":{"background-color":"var(--ast-global-color-4)","background-image":"","background-repeat":"repeat","background-position":"center center","background-size":"auto","background-attachment":"scroll","background-type":"","background-media":"","overlay-type":"","overlay-color":"","overlay-opacity":"","overlay-gradient":""},"tablet":{"background-color":"","background-image":"","background-repeat":"repeat","background-position":"center center","background-size":"auto","background-attachment":"scroll","background-type":"","background-media":"","overlay-type":"","overlay-color":"","overlay-opacity":"","overlay-gradient":""},"mobile":{"background-color":"","background-image":"","background-repeat":"repeat","background-position":"center center","background-size":"auto","background-attachment":"scroll","background-type":"","background-media":"","overlay-type":"","overlay-color":"","overlay-opacity":"","overlay-gradient":""}},"ast-content-background-meta":{"desktop":{"background-color":"var(--ast-global-color-5)","background-image":"","background-repeat":"repeat","background-position":"center center","background-size":"auto","background-attachment":"scroll","background-type":"","background-media":"","overlay-type":"","overlay-color":"","overlay-opacity":"","overlay-gradient":""},"tablet":{"background-color":"var(--ast-global-color-5)","background-image":"","background-repeat":"repeat","background-position":"center center","background-size":"auto","background-attachment":"scroll","background-type":"","background-media":"","overlay-type":"","overlay-color":"","overlay-opacity":"","overlay-gradient":""},"mobile":{"background-color":"var(--ast-global-color-5)","background-image":"","background-repeat":"repeat","background-position":"center center","background-size":"auto","background-attachment":"scroll","background-type":"","background-media":"","overlay-type":"","overlay-color":"","overlay-opacity":"","overlay-gradient":""}}},"product_brand":[],"product_cat":[125,98],"product_tag":[],"class_list":{"0":"post-7126","1":"product","2":"type-product","3":"status-publish","4":"has-post-thumbnail","6":"product_cat-dalton","7":"product_cat-kehale","8":"desktop-align-left","9":"tablet-align-left","10":"mobile-align-left","12":"first","13":"onbackorder","14":"taxable","15":"shipping-taxable","16":"product-type-simple","17":"add-to-wishlist-before_image"},"uagb_featured_image_src":{"full":["https:\/\/kosmeetika24.com\/wp-content\/uploads\/2025\/11\/4054621810094.webp",540,540,false],"thumbnail":["https:\/\/kosmeetika24.com\/wp-content\/uploads\/2025\/11\/4054621810094-150x150.webp",150,150,true],"medium":["https:\/\/kosmeetika24.com\/wp-content\/uploads\/2025\/11\/4054621810094-300x300.webp",300,300,true],"medium_large":["https:\/\/kosmeetika24.com\/wp-content\/uploads\/2025\/11\/4054621810094.webp",540,540,false],"large":["https:\/\/kosmeetika24.com\/wp-content\/uploads\/2025\/11\/4054621810094.webp",540,540,false],"1536x1536":["https:\/\/kosmeetika24.com\/wp-content\/uploads\/2025\/11\/4054621810094.webp",540,540,false],"2048x2048":["https:\/\/kosmeetika24.com\/wp-content\/uploads\/2025\/11\/4054621810094.webp",540,540,false],"trp-custom-language-flag":["https:\/\/kosmeetika24.com\/wp-content\/uploads\/2025\/11\/4054621810094-12x12.webp",12,12,true],"woocommerce_thumbnail":["https:\/\/kosmeetika24.com\/wp-content\/uploads\/2025\/11\/4054621810094-300x300.webp",300,300,true],"woocommerce_single":["https:\/\/kosmeetika24.com\/wp-content\/uploads\/2025\/11\/4054621810094-500x500.webp",500,500,true],"woocommerce_gallery_thumbnail":["https:\/\/kosmeetika24.com\/wp-content\/uploads\/2025\/11\/4054621810094-100x100.webp",100,100,true]},"uagb_author_info":{"display_name":"admin","author_link":"https:\/\/kosmeetika24.com\/en\/author\/"},"uagb_comment_info":0,"uagb_excerpt":"Silendav k\u00e4tekreem niatsiinamiidiga tumedate laikude v\u00e4hendamiseks Toote eelised: Aitab v\u00e4hendada pigmendilaike ja vanuselaike Kiiresti imenduv kreem Sisaldab niatsiinamiidi ja pruunvetikat Silub kortse Niisutab nahka 75 ml","_links":{"self":[{"href":"https:\/\/kosmeetika24.com\/en\/wp-json\/wp\/v2\/product\/7126","targetHints":{"allow":["GET"]}}],"collection":[{"href":"https:\/\/kosmeetika24.com\/en\/wp-json\/wp\/v2\/product"}],"about":[{"href":"https:\/\/kosmeetika24.com\/en\/wp-json\/wp\/v2\/types\/product"}],"replies":[{"embeddable":true,"href":"https:\/\/kosmeetika24.com\/en\/wp-json\/wp\/v2\/comments?post=7126"}],"version-history":[{"count":1,"href":"https:\/\/kosmeetika24.com\/en\/wp-json\/wp\/v2\/product\/7126\/revisions"}],"predecessor-version":[{"id":7128,"href":"https:\/\/kosmeetika24.com\/en\/wp-json\/wp\/v2\/product\/7126\/revisions\/7128"}],"wp:featuredmedia":[{"embeddable":true,"href":"https:\/\/kosmeetika24.com\/en\/wp-json\/wp\/v2\/media\/7127"}],"wp:attachment":[{"href":"https:\/\/kosmeetika24.com\/en\/wp-json\/wp\/v2\/media?parent=7126"}],"wp:term":[{"taxonomy":"product_brand","embeddable":true,"href":"https:\/\/kosmeetika24.com\/en\/wp-json\/wp\/v2\/product_brand?post=7126"},{"taxonomy":"product_cat","embeddable":true,"href":"https:\/\/kosmeetika24.com\/en\/wp-json\/wp\/v2\/product_cat?post=7126"},{"taxonomy":"product_tag","embeddable":true,"href":"https:\/\/kosmeetika24.com\/en\/wp-json\/wp\/v2\/product_tag?post=7126"}],"curies":[{"name":"wp","href":"https:\/\/api.w.org\/{rel}","templated":true}]}}