{"id":7124,"date":"2025-11-06T17:28:38","date_gmt":"2025-11-06T14:28:38","guid":{"rendered":"https:\/\/kosmeetika24.com\/?post_type=product&#038;p=7124"},"modified":"2026-01-12T12:11:47","modified_gmt":"2026-01-12T09:11:47","slug":"dalton-ocean-elements-soft-focus-gel-cream","status":"publish","type":"product","link":"https:\/\/kosmeetika24.com\/en\/product\/dalton-ocean-elements-soft-focus-gel-cream\/","title":{"rendered":"Dalton \u2013 Ocean Elements \u2013 Soft Focus Gel Cream"},"content":{"rendered":"<p>Vegan gel-cream with plankton, niacinamide, and zinc mattifies the skin without compromising moisture, regulates sebum production, and refines the complexion. Two types of plankton provide antioxidant benefits and protect the skin from blue light, helping to prevent oxidative stress and premature aging.<\/p>\n<p>Marine minerals provide the skin with essential nutrients, enhance the absorption of active ingredients, and promote high tolerance.<\/p>\n<p>Glycerin moisturizes the skin and restores its natural hydration, while panthenol soothes the skin. Squalane provides hydration and acts as an antioxidant, neutralizing the effects of free radicals.<\/p>\n<p>A light, non-greasy creamy gel that absorbs quickly and leaves the skin feeling silky soft. This cream provides everything needed to support the skin\u2019s balance.<\/p>\n<p>A mattifying face cream suitable for oily and combination skin.<\/p>\n<p><strong data-start=\"621\" data-end=\"636\">Usage:<\/strong><br data-start=\"636\" data-end=\"639\" \/>Apply the gel-cream in the morning and evening to the face, neck, and d\u00e9collet\u00e9, and gently massage into the skin.<\/p>\n<p><strong>Ingredients<br \/>\n<\/strong>Aqua (Water), Glycerin, Butylene Glycol, Prunus Amygdalus Dulcis (Sweet) Almond Oil, Squalane, Maris Aqua (Sea Water), Plankton Extract, Niacinamide, Panthenol, Saccharide Isomerate, Xylitylglucoside, Anhydroxylitol, Xylitol, Xanthan Gum, Carrageenan (Chondrus Crispus), Sclerotium Gum, Hydroxyethylcellulose, Caprylyl Glycol, Zinc Gluconate, Arachidyl Alcohol, Behenyl Alcohol, Arachidyl Glucoside, Glucose, Lactic Acid, Citric Acid, Phenethyl Alcohol, Phenoxyethanol, Ethylhexylglycerin, Parfum (Fragrance)<\/p>\n<p><strong>465,33\u20ac\/l<\/strong><\/p>","protected":false},"excerpt":{"rendered":"<p class=\"\" data-start=\"34\" data-end=\"135\">Mattifying lightweight gel-cream for combination skin<\/p>\n<p class=\"\" data-start=\"137\" data-end=\"157\"><strong data-start=\"137\" data-end=\"155\">Product Benefits:<\/strong><\/p>\n<ul data-start=\"158\" data-end=\"619\">\n<li class=\"\" data-start=\"158\" data-end=\"192\">\n<p class=\"\" data-start=\"160\" data-end=\"192\">Fast-absorbing creamy gel<\/p>\n<\/li>\n<li class=\"\" data-start=\"193\" data-end=\"243\">\n<p class=\"\" data-start=\"195\" data-end=\"243\">Provides an immediate and long-lasting mattifying effect<\/p>\n<\/li>\n<li class=\"\" data-start=\"268\" data-end=\"316\">\n<p class=\"\" data-start=\"270\" data-end=\"316\">Contains plankton, niacinamide, and zinc<\/p>\n<\/li>\n<li class=\"\" data-start=\"317\" data-end=\"360\">\n<p class=\"\" data-start=\"319\" data-end=\"360\">Protects the skin against premature aging<\/p>\n<\/li>\n<li class=\"\" data-start=\"361\" data-end=\"391\">\n<p class=\"\" data-start=\"363\" data-end=\"391\">Protects against blue light<\/p>\n<\/li>\n<li class=\"\" data-start=\"392\" data-end=\"423\">\n<p class=\"\" data-start=\"394\" data-end=\"423\">94% natural ingredients<\/p>\n<\/li>\n<li class=\"\" data-start=\"424\" data-end=\"537\">\n<p class=\"\" data-start=\"426\" data-end=\"537\">Free from allergenic fragrances, colorants, microplastics, mineral oils, parabens, PEGs, and silicones<\/p>\n<\/li>\n<\/ul>\n<p data-start=\"34\" data-end=\"135\">75 ml<\/p>","protected":false},"featured_media":7115,"comment_status":"closed","ping_status":"closed","template":"","meta":{"_uag_custom_page_level_css":"","site-sidebar-layout":"default","site-content-layout":"","ast-site-content-layout":"default","site-content-style":"default","site-sidebar-style":"default","ast-global-header-display":"","ast-banner-title-visibility":"","ast-main-header-display":"","ast-hfb-above-header-display":"","ast-hfb-below-header-display":"","ast-hfb-mobile-header-display":"","site-post-title":"","ast-breadcrumbs-content":"","ast-featured-img":"","footer-sml-layout":"","ast-disable-related-posts":"","theme-transparent-header-meta":"default","adv-header-id-meta":"","stick-header-meta":"","header-above-stick-meta":"","header-main-stick-meta":"","header-below-stick-meta":"","astra-migrate-meta-layouts":"set","ast-page-background-enabled":"default","ast-page-background-meta":{"desktop":{"background-color":"var(--ast-global-color-4)","background-image":"","background-repeat":"repeat","background-position":"center center","background-size":"auto","background-attachment":"scroll","background-type":"","background-media":"","overlay-type":"","overlay-color":"","overlay-opacity":"","overlay-gradient":""},"tablet":{"background-color":"","background-image":"","background-repeat":"repeat","background-position":"center center","background-size":"auto","background-attachment":"scroll","background-type":"","background-media":"","overlay-type":"","overlay-color":"","overlay-opacity":"","overlay-gradient":""},"mobile":{"background-color":"","background-image":"","background-repeat":"repeat","background-position":"center center","background-size":"auto","background-attachment":"scroll","background-type":"","background-media":"","overlay-type":"","overlay-color":"","overlay-opacity":"","overlay-gradient":""}},"ast-content-background-meta":{"desktop":{"background-color":"var(--ast-global-color-5)","background-image":"","background-repeat":"repeat","background-position":"center center","background-size":"auto","background-attachment":"scroll","background-type":"","background-media":"","overlay-type":"","overlay-color":"","overlay-opacity":"","overlay-gradient":""},"tablet":{"background-color":"var(--ast-global-color-5)","background-image":"","background-repeat":"repeat","background-position":"center center","background-size":"auto","background-attachment":"scroll","background-type":"","background-media":"","overlay-type":"","overlay-color":"","overlay-opacity":"","overlay-gradient":""},"mobile":{"background-color":"var(--ast-global-color-5)","background-image":"","background-repeat":"repeat","background-position":"center center","background-size":"auto","background-attachment":"scroll","background-type":"","background-media":"","overlay-type":"","overlay-color":"","overlay-opacity":"","overlay-gradient":""}}},"product_brand":[],"product_cat":[125,97],"product_tag":[],"class_list":{"0":"post-7124","1":"product","2":"type-product","3":"status-publish","4":"has-post-thumbnail","6":"product_cat-dalton","7":"product_cat-naole","8":"desktop-align-left","9":"tablet-align-left","10":"mobile-align-left","12":"first","13":"onbackorder","14":"taxable","15":"shipping-taxable","16":"product-type-simple","17":"add-to-wishlist-before_image"},"uagb_featured_image_src":{"full":["https:\/\/kosmeetika24.com\/wp-content\/uploads\/2025\/11\/4054621780038.webp",540,540,false],"thumbnail":["https:\/\/kosmeetika24.com\/wp-content\/uploads\/2025\/11\/4054621780038-150x150.webp",150,150,true],"medium":["https:\/\/kosmeetika24.com\/wp-content\/uploads\/2025\/11\/4054621780038-300x300.webp",300,300,true],"medium_large":["https:\/\/kosmeetika24.com\/wp-content\/uploads\/2025\/11\/4054621780038.webp",540,540,false],"large":["https:\/\/kosmeetika24.com\/wp-content\/uploads\/2025\/11\/4054621780038.webp",540,540,false],"1536x1536":["https:\/\/kosmeetika24.com\/wp-content\/uploads\/2025\/11\/4054621780038.webp",540,540,false],"2048x2048":["https:\/\/kosmeetika24.com\/wp-content\/uploads\/2025\/11\/4054621780038.webp",540,540,false],"trp-custom-language-flag":["https:\/\/kosmeetika24.com\/wp-content\/uploads\/2025\/11\/4054621780038-12x12.webp",12,12,true],"woocommerce_thumbnail":["https:\/\/kosmeetika24.com\/wp-content\/uploads\/2025\/11\/4054621780038-300x300.webp",300,300,true],"woocommerce_single":["https:\/\/kosmeetika24.com\/wp-content\/uploads\/2025\/11\/4054621780038-500x500.webp",500,500,true],"woocommerce_gallery_thumbnail":["https:\/\/kosmeetika24.com\/wp-content\/uploads\/2025\/11\/4054621780038-100x100.webp",100,100,true]},"uagb_author_info":{"display_name":"admin","author_link":"https:\/\/kosmeetika24.com\/en\/author\/"},"uagb_comment_info":0,"uagb_excerpt":"Matistav kerge geelkreem segat\u00fc\u00fcpi nahale Toote eelised: Kiiresti imenduv kreemjas geel J\u00e4tab kohese ja pikaajalise matistava tulemuse Sisaldab planktoni, niatsiinamiidi ja tsinki Kaitseb nahka enneaegse vananemise eest Kaitseb sinise valguse eest 94% looduslikud koostisosad Ei sisalda allergeenseid l\u00f5hnaaineid, v\u00e4rvaineid, mikroplasti, mineraal\u00f5lisid, parabeene, PEG-i ega silikoone 75 ml","_links":{"self":[{"href":"https:\/\/kosmeetika24.com\/en\/wp-json\/wp\/v2\/product\/7124","targetHints":{"allow":["GET"]}}],"collection":[{"href":"https:\/\/kosmeetika24.com\/en\/wp-json\/wp\/v2\/product"}],"about":[{"href":"https:\/\/kosmeetika24.com\/en\/wp-json\/wp\/v2\/types\/product"}],"replies":[{"embeddable":true,"href":"https:\/\/kosmeetika24.com\/en\/wp-json\/wp\/v2\/comments?post=7124"}],"version-history":[{"count":2,"href":"https:\/\/kosmeetika24.com\/en\/wp-json\/wp\/v2\/product\/7124\/revisions"}],"predecessor-version":[{"id":7197,"href":"https:\/\/kosmeetika24.com\/en\/wp-json\/wp\/v2\/product\/7124\/revisions\/7197"}],"wp:featuredmedia":[{"embeddable":true,"href":"https:\/\/kosmeetika24.com\/en\/wp-json\/wp\/v2\/media\/7115"}],"wp:attachment":[{"href":"https:\/\/kosmeetika24.com\/en\/wp-json\/wp\/v2\/media?parent=7124"}],"wp:term":[{"taxonomy":"product_brand","embeddable":true,"href":"https:\/\/kosmeetika24.com\/en\/wp-json\/wp\/v2\/product_brand?post=7124"},{"taxonomy":"product_cat","embeddable":true,"href":"https:\/\/kosmeetika24.com\/en\/wp-json\/wp\/v2\/product_cat?post=7124"},{"taxonomy":"product_tag","embeddable":true,"href":"https:\/\/kosmeetika24.com\/en\/wp-json\/wp\/v2\/product_tag?post=7124"}],"curies":[{"name":"wp","href":"https:\/\/api.w.org\/{rel}","templated":true}]}}