{"id":7111,"date":"2025-11-06T17:28:15","date_gmt":"2025-11-06T14:28:15","guid":{"rendered":"https:\/\/kosmeetika24.com\/?post_type=product&#038;p=7111"},"modified":"2026-01-12T12:12:01","modified_gmt":"2026-01-12T09:12:01","slug":"dalton-ocean-elements-aloe-vera-gel-mask","status":"publish","type":"product","link":"https:\/\/kosmeetika24.com\/en\/product\/dalton-ocean-elements-aloe-vera-gel-mask\/","title":{"rendered":"Dalton \u2013 Ocean Elements \u2013 Aloe Vera Gel Mask"},"content":{"rendered":"<p class=\"\" data-start=\"0\" data-end=\"302\">Cooling and revitalizing face mask with aloe vera, spirulina, and brown algae provides oxygen to the skin and supports cellular respiration. The mask is enriched with marine-derived antioxidants that protect against oxidative stress and help prevent premature aging.<\/p>\n<p class=\"\" data-start=\"304\" data-end=\"642\">Marine minerals supply the skin with essential nutrients, enhance the absorption of active ingredients, and ensure high tolerance. Aloe vera and glycerin provide intense hydration and restore a natural glow from the first use. Panthenol soothes the skin, making this mask an effective SOS treatment for sunburns \u2013 suitable for both face and body.<\/p>\n<p class=\"translation-block\"><strong>Usage:<\/strong><br>Apply a generous amount to the skin, leave on for 10\u201315 minutes, and rinse off the residue. Use 1\u20133 times per week.<\/p>\n<p class=\"translation-block\" data-start=\"745\" data-end=\"869\"><strong>Tip:<\/strong><br>A cool, soothing, and hydrating mask with aloe vera and panthenol is an excellent SOS treatment for sunburn.<\/p>\n<p><strong>Ingredients<\/strong><br \/>\nAqua\/Water, Aloe Barbadensis Leaf Juice, Glycerin, Propandediol, Prunus Amygdalus Dulcis (Sweet Almond) Oil, Methylpropanediol, Helianthus Annuus (Sunflower) Hybrid Oil, Caprylic\/Capric Triglyceride, Xanthan Gum, Maris Aqua\/Water, Laminaria Digitata Extract, Spirulina Maxima Extract, Butyrsopermum Parkii (Shea) Butter, Tocopherol, Panthenol, Hydrogenated Rapeseed Oil, Pullulan, Lactic Acid, Citric Acid, Helianthus Annuus (Sunflower) Seed Oil, Xylitylglucoside, Xylitol, Ethylhexylglycerin, Lysolecithin, Sclerotium Gum, Tetrasodium Glutamate Diacetate, Glucose, Sodium Lactate, Anhydroxylitol, Propylene Glycol, Sodium Hydroxide, Phenoxyethanol, Potassium Sorbate, Sodium Benzoate, Parfum\/Fragrance.<\/p>","protected":false},"excerpt":{"rendered":"<p class=\"\" data-start=\"34\" data-end=\"144\">Cooling, hydrating gel mask for a fresh-looking complexion<\/p>\n<p class=\"\" data-start=\"34\" data-end=\"144\"><strong data-start=\"146\" data-end=\"164\">Product Benefits:<\/strong><\/p>\n<ul data-start=\"167\" data-end=\"620\">\n<li class=\"\" data-start=\"167\" data-end=\"194\">\n<p class=\"\" data-start=\"169\" data-end=\"194\">Cooling, lightweight gel<\/p>\n<\/li>\n<li class=\"\" data-start=\"195\" data-end=\"249\">\n<p class=\"\" data-start=\"197\" data-end=\"249\">Supplies the skin with oxygen to support cellular respiration<\/p>\n<\/li>\n<li class=\"\" data-start=\"250\" data-end=\"290\">\n<p class=\"\" data-start=\"252\" data-end=\"290\">Helps prevent premature aging<\/p>\n<\/li>\n<li class=\"\" data-start=\"291\" data-end=\"343\">\n<p class=\"\" data-start=\"293\" data-end=\"343\">Contains spirulina, brown algae, and aloe vera<\/p>\n<\/li>\n<li class=\"\" data-start=\"344\" data-end=\"392\">\n<p class=\"\" data-start=\"346\" data-end=\"392\">Provides intense refreshment for tired skin<\/p>\n<\/li>\n<li class=\"\" data-start=\"393\" data-end=\"424\">\n<p class=\"\" data-start=\"395\" data-end=\"424\">95% natural ingredients<\/p>\n<\/li>\n<li class=\"\" data-start=\"425\" data-end=\"538\">\n<p class=\"\" data-start=\"427\" data-end=\"538\">Free from allergenic fragrances, colorants, microplastics, mineral oils, parabens, PEGs, and silicones<\/p>\n<\/li>\n<\/ul>\n<p>75 ml<\/p>","protected":false},"featured_media":7112,"comment_status":"closed","ping_status":"closed","template":"","meta":{"_uag_custom_page_level_css":"","site-sidebar-layout":"default","site-content-layout":"","ast-site-content-layout":"default","site-content-style":"default","site-sidebar-style":"default","ast-global-header-display":"","ast-banner-title-visibility":"","ast-main-header-display":"","ast-hfb-above-header-display":"","ast-hfb-below-header-display":"","ast-hfb-mobile-header-display":"","site-post-title":"","ast-breadcrumbs-content":"","ast-featured-img":"","footer-sml-layout":"","ast-disable-related-posts":"","theme-transparent-header-meta":"default","adv-header-id-meta":"","stick-header-meta":"","header-above-stick-meta":"","header-main-stick-meta":"","header-below-stick-meta":"","astra-migrate-meta-layouts":"set","ast-page-background-enabled":"default","ast-page-background-meta":{"desktop":{"background-color":"var(--ast-global-color-4)","background-image":"","background-repeat":"repeat","background-position":"center center","background-size":"auto","background-attachment":"scroll","background-type":"","background-media":"","overlay-type":"","overlay-color":"","overlay-opacity":"","overlay-gradient":""},"tablet":{"background-color":"","background-image":"","background-repeat":"repeat","background-position":"center center","background-size":"auto","background-attachment":"scroll","background-type":"","background-media":"","overlay-type":"","overlay-color":"","overlay-opacity":"","overlay-gradient":""},"mobile":{"background-color":"","background-image":"","background-repeat":"repeat","background-position":"center center","background-size":"auto","background-attachment":"scroll","background-type":"","background-media":"","overlay-type":"","overlay-color":"","overlay-opacity":"","overlay-gradient":""}},"ast-content-background-meta":{"desktop":{"background-color":"var(--ast-global-color-5)","background-image":"","background-repeat":"repeat","background-position":"center center","background-size":"auto","background-attachment":"scroll","background-type":"","background-media":"","overlay-type":"","overlay-color":"","overlay-opacity":"","overlay-gradient":""},"tablet":{"background-color":"var(--ast-global-color-5)","background-image":"","background-repeat":"repeat","background-position":"center center","background-size":"auto","background-attachment":"scroll","background-type":"","background-media":"","overlay-type":"","overlay-color":"","overlay-opacity":"","overlay-gradient":""},"mobile":{"background-color":"var(--ast-global-color-5)","background-image":"","background-repeat":"repeat","background-position":"center center","background-size":"auto","background-attachment":"scroll","background-type":"","background-media":"","overlay-type":"","overlay-color":"","overlay-opacity":"","overlay-gradient":""}}},"product_brand":[],"product_cat":[125,97],"product_tag":[],"class_list":{"0":"post-7111","1":"product","2":"type-product","3":"status-publish","4":"has-post-thumbnail","6":"product_cat-dalton","7":"product_cat-naole","8":"desktop-align-left","9":"tablet-align-left","10":"mobile-align-left","12":"first","13":"onbackorder","14":"taxable","15":"shipping-taxable","16":"product-type-simple","17":"add-to-wishlist-before_image"},"uagb_featured_image_src":{"full":["https:\/\/kosmeetika24.com\/wp-content\/uploads\/2025\/11\/4054621780045.webp",840,840,false],"thumbnail":["https:\/\/kosmeetika24.com\/wp-content\/uploads\/2025\/11\/4054621780045-150x150.webp",150,150,true],"medium":["https:\/\/kosmeetika24.com\/wp-content\/uploads\/2025\/11\/4054621780045-300x300.webp",300,300,true],"medium_large":["https:\/\/kosmeetika24.com\/wp-content\/uploads\/2025\/11\/4054621780045-768x768.webp",768,768,true],"large":["https:\/\/kosmeetika24.com\/wp-content\/uploads\/2025\/11\/4054621780045.webp",840,840,false],"1536x1536":["https:\/\/kosmeetika24.com\/wp-content\/uploads\/2025\/11\/4054621780045.webp",840,840,false],"2048x2048":["https:\/\/kosmeetika24.com\/wp-content\/uploads\/2025\/11\/4054621780045.webp",840,840,false],"trp-custom-language-flag":["https:\/\/kosmeetika24.com\/wp-content\/uploads\/2025\/11\/4054621780045-12x12.webp",12,12,true],"woocommerce_thumbnail":["https:\/\/kosmeetika24.com\/wp-content\/uploads\/2025\/11\/4054621780045-300x300.webp",300,300,true],"woocommerce_single":["https:\/\/kosmeetika24.com\/wp-content\/uploads\/2025\/11\/4054621780045-500x500.webp",500,500,true],"woocommerce_gallery_thumbnail":["https:\/\/kosmeetika24.com\/wp-content\/uploads\/2025\/11\/4054621780045-100x100.webp",100,100,true]},"uagb_author_info":{"display_name":"admin","author_link":"https:\/\/kosmeetika24.com\/en\/author\/"},"uagb_comment_info":0,"uagb_excerpt":"Jahedav\u00f5itu, niisutav geelmask v\u00e4rske jume saavutamiseks Toote eelised: Jahedav\u00f5itu, kerge geel Varustab nahka hapnikuga, et toetada rakuhingamist Aitab ennetada enneaegset vananemist Sisaldab spirulina, pruuni vetikat ja aloe verat Annab intensiivse v\u00e4rskenduse v\u00e4sinud nahale 95% looduslikud koostisosad Ei sisalda allergeenseid l\u00f5hnaaineid, v\u00e4rvaineid, mikroplasti, mineraal\u00f5lisid, parabeene, PEG-i ega silikoone 75 ml","_links":{"self":[{"href":"https:\/\/kosmeetika24.com\/en\/wp-json\/wp\/v2\/product\/7111","targetHints":{"allow":["GET"]}}],"collection":[{"href":"https:\/\/kosmeetika24.com\/en\/wp-json\/wp\/v2\/product"}],"about":[{"href":"https:\/\/kosmeetika24.com\/en\/wp-json\/wp\/v2\/types\/product"}],"replies":[{"embeddable":true,"href":"https:\/\/kosmeetika24.com\/en\/wp-json\/wp\/v2\/comments?post=7111"}],"version-history":[{"count":1,"href":"https:\/\/kosmeetika24.com\/en\/wp-json\/wp\/v2\/product\/7111\/revisions"}],"predecessor-version":[{"id":7117,"href":"https:\/\/kosmeetika24.com\/en\/wp-json\/wp\/v2\/product\/7111\/revisions\/7117"}],"wp:featuredmedia":[{"embeddable":true,"href":"https:\/\/kosmeetika24.com\/en\/wp-json\/wp\/v2\/media\/7112"}],"wp:attachment":[{"href":"https:\/\/kosmeetika24.com\/en\/wp-json\/wp\/v2\/media?parent=7111"}],"wp:term":[{"taxonomy":"product_brand","embeddable":true,"href":"https:\/\/kosmeetika24.com\/en\/wp-json\/wp\/v2\/product_brand?post=7111"},{"taxonomy":"product_cat","embeddable":true,"href":"https:\/\/kosmeetika24.com\/en\/wp-json\/wp\/v2\/product_cat?post=7111"},{"taxonomy":"product_tag","embeddable":true,"href":"https:\/\/kosmeetika24.com\/en\/wp-json\/wp\/v2\/product_tag?post=7111"}],"curies":[{"name":"wp","href":"https:\/\/api.w.org\/{rel}","templated":true}]}}