{"id":7107,"date":"2025-11-05T13:05:31","date_gmt":"2025-11-05T10:05:31","guid":{"rendered":"https:\/\/kosmeetika24.com\/?post_type=product&#038;p=7107"},"modified":"2026-01-12T12:20:23","modified_gmt":"2026-01-12T09:20:23","slug":"dalton-extreme-lift-anti-wrinkle-ampoules","status":"publish","type":"product","link":"https:\/\/kosmeetika24.com\/en\/product\/dalton-extreme-lift-anti-wrinkle-ampoules\/","title":{"rendered":"Dalton \u2013 Extreme Lift \u2013 Anti Wrinkle Ampoules"},"content":{"rendered":"<p>\u00a0<\/p>\n<p>This anti-aging ampoule contains a high-performance combination of Dalton's rejuvenating Celumer Marine Extract and jamb\u00fa extract \u2013 a plant extract that relaxes facial muscles. The lifting effect is visible from the first use. Fine wrinkles diminish, expression lines are reduced, and forehead lines smooth out \u2013 the effect lasts over 24 hours. The anti-aging ampoule can be used either as a one-time beauty boost or as part of an intensive firming skincare course to reduce fine lines and wrinkles. The result is smoother, firmer, and more youthful-looking skin.<\/p>\n<p><strong>Usage:<\/strong><br \/>\nShake before use and place the ampoule opener on the neck of the ampoule. Point the dot towards yourself and press the ampoule opener backward. Pour the concentrate into your palm, then apply it to the face, neck, and d\u00e9collet\u00e9, gently patting it into the skin with your fingertips. Use before serum and moisturizer.<\/p>\n<p><strong>Ingredients:<\/strong><br \/>\nAqua\/Water, Propylene Glycol, Pentylene Glycol, Butylene Glycol, Propanediol, HDI\/Trimethylol Hexyllactone Crosspolymer, PEG-40 Hydrogenated Castor Oil, Maris Aqua\/Sea Water, Spirulina Maxima Extract, Algae Extract\/Alaria Esculenta Extract, Maris Limus Extract\/Sea Silt Extract, Saccharide Isomerate, Ostrea Shell Extract\/Oyster Shell Extract, Caviar Extract, Acmella Oleracea Extract, Sodium Hydroxide, Phenoxyethanol, Silica, Kappaphycus Alvarezii Extract, Sodium Hyaluronate, Potassium Sorbate, Caprylic\/Capric Triglyceride, Acrylates\/C10-30 Alkyl Acrylate Crosspolymer, Caesalpinia Spinosa Fruit Extract, Parfum\/Fragrance<\/p>","protected":false},"excerpt":{"rendered":"<p>Face-firming ampoules with an immediate effect.<\/p>\n<p class=\"translation-block\">Immediately smooths forehead wrinkles and expression lines.<br>\nContains jamb\u00fa extract \u2013 a natural alternative to Botox.<br>\nStudies confirm visible wrinkle reduction for over 24 hours*.<br>\nLightweight concentrate with a fast wrinkle-smoothing effect.<br>\nSuitable for mature skin.<\/p>","protected":false},"featured_media":7098,"comment_status":"closed","ping_status":"closed","template":"","meta":{"_uag_custom_page_level_css":"","site-sidebar-layout":"default","site-content-layout":"","ast-site-content-layout":"default","site-content-style":"default","site-sidebar-style":"default","ast-global-header-display":"","ast-banner-title-visibility":"","ast-main-header-display":"","ast-hfb-above-header-display":"","ast-hfb-below-header-display":"","ast-hfb-mobile-header-display":"","site-post-title":"","ast-breadcrumbs-content":"","ast-featured-img":"","footer-sml-layout":"","ast-disable-related-posts":"","theme-transparent-header-meta":"default","adv-header-id-meta":"","stick-header-meta":"","header-above-stick-meta":"","header-main-stick-meta":"","header-below-stick-meta":"","astra-migrate-meta-layouts":"set","ast-page-background-enabled":"default","ast-page-background-meta":{"desktop":{"background-color":"var(--ast-global-color-4)","background-image":"","background-repeat":"repeat","background-position":"center center","background-size":"auto","background-attachment":"scroll","background-type":"","background-media":"","overlay-type":"","overlay-color":"","overlay-opacity":"","overlay-gradient":""},"tablet":{"background-color":"","background-image":"","background-repeat":"repeat","background-position":"center center","background-size":"auto","background-attachment":"scroll","background-type":"","background-media":"","overlay-type":"","overlay-color":"","overlay-opacity":"","overlay-gradient":""},"mobile":{"background-color":"","background-image":"","background-repeat":"repeat","background-position":"center center","background-size":"auto","background-attachment":"scroll","background-type":"","background-media":"","overlay-type":"","overlay-color":"","overlay-opacity":"","overlay-gradient":""}},"ast-content-background-meta":{"desktop":{"background-color":"var(--ast-global-color-5)","background-image":"","background-repeat":"repeat","background-position":"center center","background-size":"auto","background-attachment":"scroll","background-type":"","background-media":"","overlay-type":"","overlay-color":"","overlay-opacity":"","overlay-gradient":""},"tablet":{"background-color":"var(--ast-global-color-5)","background-image":"","background-repeat":"repeat","background-position":"center center","background-size":"auto","background-attachment":"scroll","background-type":"","background-media":"","overlay-type":"","overlay-color":"","overlay-opacity":"","overlay-gradient":""},"mobile":{"background-color":"var(--ast-global-color-5)","background-image":"","background-repeat":"repeat","background-position":"center center","background-size":"auto","background-attachment":"scroll","background-type":"","background-media":"","overlay-type":"","overlay-color":"","overlay-opacity":"","overlay-gradient":""}}},"product_brand":[],"product_cat":[125,97],"product_tag":[],"class_list":{"0":"post-7107","1":"product","2":"type-product","3":"status-publish","4":"has-post-thumbnail","6":"product_cat-dalton","7":"product_cat-naole","8":"desktop-align-left","9":"tablet-align-left","10":"mobile-align-left","12":"first","13":"onbackorder","14":"taxable","15":"shipping-taxable","16":"product-type-simple","17":"add-to-wishlist-before_image"},"uagb_featured_image_src":{"full":["https:\/\/kosmeetika24.com\/wp-content\/uploads\/2025\/11\/4054621640448.webp",540,540,false],"thumbnail":["https:\/\/kosmeetika24.com\/wp-content\/uploads\/2025\/11\/4054621640448-150x150.webp",150,150,true],"medium":["https:\/\/kosmeetika24.com\/wp-content\/uploads\/2025\/11\/4054621640448-300x300.webp",300,300,true],"medium_large":["https:\/\/kosmeetika24.com\/wp-content\/uploads\/2025\/11\/4054621640448.webp",540,540,false],"large":["https:\/\/kosmeetika24.com\/wp-content\/uploads\/2025\/11\/4054621640448.webp",540,540,false],"1536x1536":["https:\/\/kosmeetika24.com\/wp-content\/uploads\/2025\/11\/4054621640448.webp",540,540,false],"2048x2048":["https:\/\/kosmeetika24.com\/wp-content\/uploads\/2025\/11\/4054621640448.webp",540,540,false],"trp-custom-language-flag":["https:\/\/kosmeetika24.com\/wp-content\/uploads\/2025\/11\/4054621640448-12x12.webp",12,12,true],"woocommerce_thumbnail":["https:\/\/kosmeetika24.com\/wp-content\/uploads\/2025\/11\/4054621640448-300x300.webp",300,300,true],"woocommerce_single":["https:\/\/kosmeetika24.com\/wp-content\/uploads\/2025\/11\/4054621640448-500x500.webp",500,500,true],"woocommerce_gallery_thumbnail":["https:\/\/kosmeetika24.com\/wp-content\/uploads\/2025\/11\/4054621640448-100x100.webp",100,100,true]},"uagb_author_info":{"display_name":"admin","author_link":"https:\/\/kosmeetika24.com\/en\/author\/"},"uagb_comment_info":0,"uagb_excerpt":"N\u00e4onahka pinguldavad ampullid kohese efektiga. Pinguldab koheselt otsmiku kortse ja miimilisi jooni. Sisaldab jamb\u00fa ekstrakti \u2013 looduslik alternatiiv botoksile. Uuring kinnitab n\u00e4htavat kortsude v\u00e4henemist \u00fcle 24 tunni*. Kerge koostisega kontsentraat kiire kortse siluva toimega. Sobib k\u00fcpsele nahale.","_links":{"self":[{"href":"https:\/\/kosmeetika24.com\/en\/wp-json\/wp\/v2\/product\/7107","targetHints":{"allow":["GET"]}}],"collection":[{"href":"https:\/\/kosmeetika24.com\/en\/wp-json\/wp\/v2\/product"}],"about":[{"href":"https:\/\/kosmeetika24.com\/en\/wp-json\/wp\/v2\/types\/product"}],"replies":[{"embeddable":true,"href":"https:\/\/kosmeetika24.com\/en\/wp-json\/wp\/v2\/comments?post=7107"}],"version-history":[{"count":1,"href":"https:\/\/kosmeetika24.com\/en\/wp-json\/wp\/v2\/product\/7107\/revisions"}],"predecessor-version":[{"id":7108,"href":"https:\/\/kosmeetika24.com\/en\/wp-json\/wp\/v2\/product\/7107\/revisions\/7108"}],"wp:featuredmedia":[{"embeddable":true,"href":"https:\/\/kosmeetika24.com\/en\/wp-json\/wp\/v2\/media\/7098"}],"wp:attachment":[{"href":"https:\/\/kosmeetika24.com\/en\/wp-json\/wp\/v2\/media?parent=7107"}],"wp:term":[{"taxonomy":"product_brand","embeddable":true,"href":"https:\/\/kosmeetika24.com\/en\/wp-json\/wp\/v2\/product_brand?post=7107"},{"taxonomy":"product_cat","embeddable":true,"href":"https:\/\/kosmeetika24.com\/en\/wp-json\/wp\/v2\/product_cat?post=7107"},{"taxonomy":"product_tag","embeddable":true,"href":"https:\/\/kosmeetika24.com\/en\/wp-json\/wp\/v2\/product_tag?post=7107"}],"curies":[{"name":"wp","href":"https:\/\/api.w.org\/{rel}","templated":true}]}}