{"id":7105,"date":"2025-11-06T16:52:45","date_gmt":"2025-11-06T13:52:45","guid":{"rendered":"https:\/\/kosmeetika24.com\/?post_type=product&#038;p=7105"},"modified":"2026-03-23T15:20:52","modified_gmt":"2026-03-23T12:20:52","slug":"dalton-marine-selection-anti-aging-ampoules-set","status":"publish","type":"product","link":"https:\/\/kosmeetika24.com\/en\/product\/dalton-marine-selection-anti-aging-ampoules-set\/","title":{"rendered":"Dalton \u2013 Marine Selection \u2013 Anti-Aging Ampoules Set"},"content":{"rendered":"<p>\u2b50<strong>!BUDUAAR ILULEMMIK 2026!<\/strong>\u2b50<br \/>\nPremium Anti-Aging Ampoules \u2013 All-in-One Set<\/p>\n<p class=\"translation-block\">5 Anti-Aging Ampoules<br>\nHyaluronic Plumping Ampoule<br>\nExtreme Lift Wrinkle-Fighting Ampoule with Immediate Effect<br>\nRevitalizing and Energizing Q10 Ampoule<br>\nAnti-Aging Contour-Firming Ampoule<br>\nCollagen-Stimulating Caviar Ampoule<br><\/p>","protected":false},"excerpt":{"rendered":"<p><b>\u2b50<strong>!BUDUAAR ILULEMMIK 2026!<\/strong>\u2b50<br \/>\nUsage:<\/b><\/p>\n<p>Shake before use and place the ampoule opener on the neck of the ampoule. Point the dot towards yourself and press the ampoule opener backward. Pour the concentrate into your palm, then apply it to the face, neck, and d\u00e9collet\u00e9, gently patting it into the skin with your fingertips. Use before serum and moisturizer.<\/p>\n<p class=\"translation-block\"><b>DALTON Anti-Aging Ampoules<\/b> are filled with the concentrated power of potent marine actives. All ampoules contain the <b>unique <i>Celumer Marine Extract<\/i><\/b>, which transports active ingredients into the deeper layers of the skin and supports the skin\u2019s natural renewal process.<\/p>\n<p class=\"translation-block\"><b>HYALURONIC UREA Ampull<\/b>&nbsp;\u2013 niisutab nahka ja silub kuivusest tingitud peeneid jooni<br>\r\n<b>EXTREME LIFT Kortsudevastane Ampull<\/b>&nbsp;\u2013 v\u00e4hendab miimikakortse ja tagab koheselt n\u00e4htavad tulemused<br>\r\n<b>Q10 Ampull<\/b>&nbsp;\u2013 annab v\u00e4sinud ja elutule nahale kiire v\u00e4rskenduslaengu<br>\r\n<b>CAVIAR DELUXE Ampull<\/b>&nbsp;\u2013 toidab nahka ja loob sileda ning s\u00e4rava jume<br>\r\n<b>S.E.A. Ampull<\/b>&nbsp;\u2013 tugevdab n\u00e4okontuure ja v\u00f5itleb vananemism\u00e4rkidega<\/p>\n<p><b>Includes in the set:<\/b><\/p>\n<ul>\n<li aria-level=\"1\"><b>HYALURONIC UREA Ampoule, 2ml<\/b><\/li>\n<li aria-level=\"1\"><b>Q10 Ampoule, 2ml<\/b><\/li>\n<li aria-level=\"1\"><b>CAVIAR DELUXE Ampoule, 2ml<\/b><\/li>\n<li aria-level=\"1\"><b>EXTREME LIFT Ampoule, 2ml<\/b><\/li>\n<li aria-level=\"1\"><b>S.E.A. Ampoule, 2ml<\/b><\/li>\n<\/ul>","protected":false},"featured_media":7365,"comment_status":"closed","ping_status":"closed","template":"","meta":{"_uag_custom_page_level_css":"","site-sidebar-layout":"default","site-content-layout":"","ast-site-content-layout":"default","site-content-style":"default","site-sidebar-style":"default","ast-global-header-display":"","ast-banner-title-visibility":"","ast-main-header-display":"","ast-hfb-above-header-display":"","ast-hfb-below-header-display":"","ast-hfb-mobile-header-display":"","site-post-title":"","ast-breadcrumbs-content":"","ast-featured-img":"","footer-sml-layout":"","ast-disable-related-posts":"","theme-transparent-header-meta":"default","adv-header-id-meta":"","stick-header-meta":"","header-above-stick-meta":"","header-main-stick-meta":"","header-below-stick-meta":"","astra-migrate-meta-layouts":"set","ast-page-background-enabled":"default","ast-page-background-meta":{"desktop":{"background-color":"var(--ast-global-color-4)","background-image":"","background-repeat":"repeat","background-position":"center center","background-size":"auto","background-attachment":"scroll","background-type":"","background-media":"","overlay-type":"","overlay-color":"","overlay-opacity":"","overlay-gradient":""},"tablet":{"background-color":"","background-image":"","background-repeat":"repeat","background-position":"center center","background-size":"auto","background-attachment":"scroll","background-type":"","background-media":"","overlay-type":"","overlay-color":"","overlay-opacity":"","overlay-gradient":""},"mobile":{"background-color":"","background-image":"","background-repeat":"repeat","background-position":"center center","background-size":"auto","background-attachment":"scroll","background-type":"","background-media":"","overlay-type":"","overlay-color":"","overlay-opacity":"","overlay-gradient":""}},"ast-content-background-meta":{"desktop":{"background-color":"var(--ast-global-color-5)","background-image":"","background-repeat":"repeat","background-position":"center center","background-size":"auto","background-attachment":"scroll","background-type":"","background-media":"","overlay-type":"","overlay-color":"","overlay-opacity":"","overlay-gradient":""},"tablet":{"background-color":"var(--ast-global-color-5)","background-image":"","background-repeat":"repeat","background-position":"center center","background-size":"auto","background-attachment":"scroll","background-type":"","background-media":"","overlay-type":"","overlay-color":"","overlay-opacity":"","overlay-gradient":""},"mobile":{"background-color":"var(--ast-global-color-5)","background-image":"","background-repeat":"repeat","background-position":"center center","background-size":"auto","background-attachment":"scroll","background-type":"","background-media":"","overlay-type":"","overlay-color":"","overlay-opacity":"","overlay-gradient":""}}},"product_brand":[],"product_cat":[125,97],"product_tag":[128],"class_list":{"0":"post-7105","1":"product","2":"type-product","3":"status-publish","4":"has-post-thumbnail","6":"product_cat-dalton","7":"product_cat-naole","8":"product_tag-dalton","9":"desktop-align-left","10":"tablet-align-left","11":"mobile-align-left","13":"first","14":"onbackorder","15":"taxable","16":"shipping-taxable","17":"product-type-simple","18":"add-to-wishlist-before_image"},"uagb_featured_image_src":{"full":["https:\/\/kosmeetika24.com\/wp-content\/uploads\/2025\/11\/Buduaar-ilulemmik.png",650,650,false],"thumbnail":["https:\/\/kosmeetika24.com\/wp-content\/uploads\/2025\/11\/Buduaar-ilulemmik-150x150.png",150,150,true],"medium":["https:\/\/kosmeetika24.com\/wp-content\/uploads\/2025\/11\/Buduaar-ilulemmik-300x300.png",300,300,true],"medium_large":["https:\/\/kosmeetika24.com\/wp-content\/uploads\/2025\/11\/Buduaar-ilulemmik.png",650,650,false],"large":["https:\/\/kosmeetika24.com\/wp-content\/uploads\/2025\/11\/Buduaar-ilulemmik.png",650,650,false],"1536x1536":["https:\/\/kosmeetika24.com\/wp-content\/uploads\/2025\/11\/Buduaar-ilulemmik.png",650,650,false],"2048x2048":["https:\/\/kosmeetika24.com\/wp-content\/uploads\/2025\/11\/Buduaar-ilulemmik.png",650,650,false],"trp-custom-language-flag":["https:\/\/kosmeetika24.com\/wp-content\/uploads\/2025\/11\/Buduaar-ilulemmik-12x12.png",12,12,true],"woocommerce_thumbnail":["https:\/\/kosmeetika24.com\/wp-content\/uploads\/2025\/11\/Buduaar-ilulemmik-300x300.png",300,300,true],"woocommerce_single":["https:\/\/kosmeetika24.com\/wp-content\/uploads\/2025\/11\/Buduaar-ilulemmik-500x500.png",500,500,true],"woocommerce_gallery_thumbnail":["https:\/\/kosmeetika24.com\/wp-content\/uploads\/2025\/11\/Buduaar-ilulemmik-100x100.png",100,100,true]},"uagb_author_info":{"display_name":"admin","author_link":"https:\/\/kosmeetika24.com\/en\/author\/"},"uagb_comment_info":0,"uagb_excerpt":"\u2b50!BUDUAAR ILULEMMIK 2026!\u2b50 Kasutamine Raputage enne kasutamist ning asetage ampulliavaja ampulli otsa. Suunake t\u00e4pp enda poole ja painutage ampulliavajat tahapoole. Valage kontsentraat peopessa, kandke see n\u00e4ole, kaelale ja dekolteele ning patsutage \u00f5rnalt sisse. DALTONi vananemisvastased ampullid\u00a0on t\u00e4idetud t\u00f5husate mereliste toimeainete kontsentreeritud j\u00f5uga. K\u00f5ik ampullid sisaldavad\u00a0unikaalset\u00a0Celumer Merelist Ekstrakti, mis transpordib toimeained s\u00fcgavamatesse nahakihtidesse ja toetab naha&hellip;","_links":{"self":[{"href":"https:\/\/kosmeetika24.com\/en\/wp-json\/wp\/v2\/product\/7105","targetHints":{"allow":["GET"]}}],"collection":[{"href":"https:\/\/kosmeetika24.com\/en\/wp-json\/wp\/v2\/product"}],"about":[{"href":"https:\/\/kosmeetika24.com\/en\/wp-json\/wp\/v2\/types\/product"}],"replies":[{"embeddable":true,"href":"https:\/\/kosmeetika24.com\/en\/wp-json\/wp\/v2\/comments?post=7105"}],"version-history":[{"count":2,"href":"https:\/\/kosmeetika24.com\/en\/wp-json\/wp\/v2\/product\/7105\/revisions"}],"predecessor-version":[{"id":7366,"href":"https:\/\/kosmeetika24.com\/en\/wp-json\/wp\/v2\/product\/7105\/revisions\/7366"}],"wp:featuredmedia":[{"embeddable":true,"href":"https:\/\/kosmeetika24.com\/en\/wp-json\/wp\/v2\/media\/7365"}],"wp:attachment":[{"href":"https:\/\/kosmeetika24.com\/en\/wp-json\/wp\/v2\/media?parent=7105"}],"wp:term":[{"taxonomy":"product_brand","embeddable":true,"href":"https:\/\/kosmeetika24.com\/en\/wp-json\/wp\/v2\/product_brand?post=7105"},{"taxonomy":"product_cat","embeddable":true,"href":"https:\/\/kosmeetika24.com\/en\/wp-json\/wp\/v2\/product_cat?post=7105"},{"taxonomy":"product_tag","embeddable":true,"href":"https:\/\/kosmeetika24.com\/en\/wp-json\/wp\/v2\/product_tag?post=7105"}],"curies":[{"name":"wp","href":"https:\/\/api.w.org\/{rel}","templated":true}]}}