{"id":7103,"date":"2025-11-06T17:29:38","date_gmt":"2025-11-06T14:29:38","guid":{"rendered":"https:\/\/kosmeetika24.com\/?post_type=product&#038;p=7103"},"modified":"2026-01-12T12:11:09","modified_gmt":"2026-01-12T09:11:09","slug":"dalton-s-e-a-marine-stem-cell-ampoules","status":"publish","type":"product","link":"https:\/\/kosmeetika24.com\/en\/product\/dalton-s-e-a-marine-stem-cell-ampoules\/","title":{"rendered":"Dalton \u2013 S.E.A. \u2013 Marine Stem Cell Ampoules"},"content":{"rendered":"<p><strong>Usage:<\/strong><br \/>\nShake before use and place the ampoule opener on the neck of the ampoule. Point the dot towards yourself and press the ampoule opener backward. Pour the concentrate into your palm, then apply it to the face, neck, and d\u00e9collet\u00e9, gently patting it into the skin with your fingertips. Use before serum and moisturizer.<\/p>\n<p class=\"translation-block\"><strong>Tip:<\/strong><br>\nIdeal skincare step before and after cosmetic procedures.<\/p>\n<p class=\"translation-block\">Marine stem cell ampoules are a true powerhouse! Each ampoule contains a total of two million marine stem cells. Additionally, it is enhanced with the unique <i>Celumer Marine<\/i> extract and <i>Crambe maritima<\/i>, which:<br>\nImproves the natural defense of skin cells<br>\nMoisturizes and restores the skin<br>\nStimulates <b>cell renewal and epidermal regeneration<\/b><br>\nIncreases collagen production by up to <b>43%<\/b> to enhance skin elasticity and tighten sagging skin<\/p>\n<p class=\"translation-block\"><strong>Result:<\/strong><br>\nThe skin appears <b>smoother and plumper<\/b>, and facial contours become <b>firmer and more defined<\/b>.<\/p>\n<p><em>*Test conducted on participants aged 47\u201362, using Celumer Marine Extract twice daily for four weeks. Results were compared with untreated control samples. The study was conducted in vivo.<\/em><\/p>","protected":false},"excerpt":{"rendered":"<p>Highly Concentrated Anti-Aging Ampoules to Accelerate Cellular Renewal<\/p>\n<p class=\"translation-block\">Each ampoule contains 2 million marine stem cells<br>\nHighly concentrated with active ingredients<br>\nCrambe maritima protects skin cells<br>\nAccelerates cellular renewal<br>\nIncreases collagen production by up to 43%*<\/p>","protected":false},"featured_media":7099,"comment_status":"closed","ping_status":"closed","template":"","meta":{"_uag_custom_page_level_css":"","site-sidebar-layout":"default","site-content-layout":"","ast-site-content-layout":"default","site-content-style":"default","site-sidebar-style":"default","ast-global-header-display":"","ast-banner-title-visibility":"","ast-main-header-display":"","ast-hfb-above-header-display":"","ast-hfb-below-header-display":"","ast-hfb-mobile-header-display":"","site-post-title":"","ast-breadcrumbs-content":"","ast-featured-img":"","footer-sml-layout":"","ast-disable-related-posts":"","theme-transparent-header-meta":"default","adv-header-id-meta":"","stick-header-meta":"","header-above-stick-meta":"","header-main-stick-meta":"","header-below-stick-meta":"","astra-migrate-meta-layouts":"set","ast-page-background-enabled":"default","ast-page-background-meta":{"desktop":{"background-color":"var(--ast-global-color-4)","background-image":"","background-repeat":"repeat","background-position":"center center","background-size":"auto","background-attachment":"scroll","background-type":"","background-media":"","overlay-type":"","overlay-color":"","overlay-opacity":"","overlay-gradient":""},"tablet":{"background-color":"","background-image":"","background-repeat":"repeat","background-position":"center center","background-size":"auto","background-attachment":"scroll","background-type":"","background-media":"","overlay-type":"","overlay-color":"","overlay-opacity":"","overlay-gradient":""},"mobile":{"background-color":"","background-image":"","background-repeat":"repeat","background-position":"center center","background-size":"auto","background-attachment":"scroll","background-type":"","background-media":"","overlay-type":"","overlay-color":"","overlay-opacity":"","overlay-gradient":""}},"ast-content-background-meta":{"desktop":{"background-color":"var(--ast-global-color-5)","background-image":"","background-repeat":"repeat","background-position":"center center","background-size":"auto","background-attachment":"scroll","background-type":"","background-media":"","overlay-type":"","overlay-color":"","overlay-opacity":"","overlay-gradient":""},"tablet":{"background-color":"var(--ast-global-color-5)","background-image":"","background-repeat":"repeat","background-position":"center center","background-size":"auto","background-attachment":"scroll","background-type":"","background-media":"","overlay-type":"","overlay-color":"","overlay-opacity":"","overlay-gradient":""},"mobile":{"background-color":"var(--ast-global-color-5)","background-image":"","background-repeat":"repeat","background-position":"center center","background-size":"auto","background-attachment":"scroll","background-type":"","background-media":"","overlay-type":"","overlay-color":"","overlay-opacity":"","overlay-gradient":""}}},"product_brand":[],"product_cat":[125,97],"product_tag":[],"class_list":{"0":"post-7103","1":"product","2":"type-product","3":"status-publish","4":"has-post-thumbnail","6":"product_cat-dalton","7":"product_cat-naole","8":"desktop-align-left","9":"tablet-align-left","10":"mobile-align-left","12":"first","13":"onbackorder","14":"taxable","15":"shipping-taxable","16":"product-type-simple","17":"add-to-wishlist-before_image"},"uagb_featured_image_src":{"full":["https:\/\/kosmeetika24.com\/wp-content\/uploads\/2025\/11\/4054621650324.webp",540,540,false],"thumbnail":["https:\/\/kosmeetika24.com\/wp-content\/uploads\/2025\/11\/4054621650324-150x150.webp",150,150,true],"medium":["https:\/\/kosmeetika24.com\/wp-content\/uploads\/2025\/11\/4054621650324-300x300.webp",300,300,true],"medium_large":["https:\/\/kosmeetika24.com\/wp-content\/uploads\/2025\/11\/4054621650324.webp",540,540,false],"large":["https:\/\/kosmeetika24.com\/wp-content\/uploads\/2025\/11\/4054621650324.webp",540,540,false],"1536x1536":["https:\/\/kosmeetika24.com\/wp-content\/uploads\/2025\/11\/4054621650324.webp",540,540,false],"2048x2048":["https:\/\/kosmeetika24.com\/wp-content\/uploads\/2025\/11\/4054621650324.webp",540,540,false],"trp-custom-language-flag":["https:\/\/kosmeetika24.com\/wp-content\/uploads\/2025\/11\/4054621650324-12x12.webp",12,12,true],"woocommerce_thumbnail":["https:\/\/kosmeetika24.com\/wp-content\/uploads\/2025\/11\/4054621650324-300x300.webp",300,300,true],"woocommerce_single":["https:\/\/kosmeetika24.com\/wp-content\/uploads\/2025\/11\/4054621650324-500x500.webp",500,500,true],"woocommerce_gallery_thumbnail":["https:\/\/kosmeetika24.com\/wp-content\/uploads\/2025\/11\/4054621650324-100x100.webp",100,100,true]},"uagb_author_info":{"display_name":"admin","author_link":"https:\/\/kosmeetika24.com\/en\/author\/"},"uagb_comment_info":0,"uagb_excerpt":"K\u00f5rgelt kontsentreeritud vananemisvastased ampullid rakkude uuenemise kiirendamiseks Iga ampull sisaldab 2 miljonit merelist t\u00fcvirakku V\u00e4ga k\u00f5rgelt kontsentreeritud aktiivsete koostisosadega Crambe maritima kaitseb naharakke Kiirendab rakkude uuendamist Suurendab kollageeni tootmist kuni 43%*","_links":{"self":[{"href":"https:\/\/kosmeetika24.com\/en\/wp-json\/wp\/v2\/product\/7103","targetHints":{"allow":["GET"]}}],"collection":[{"href":"https:\/\/kosmeetika24.com\/en\/wp-json\/wp\/v2\/product"}],"about":[{"href":"https:\/\/kosmeetika24.com\/en\/wp-json\/wp\/v2\/types\/product"}],"replies":[{"embeddable":true,"href":"https:\/\/kosmeetika24.com\/en\/wp-json\/wp\/v2\/comments?post=7103"}],"version-history":[{"count":2,"href":"https:\/\/kosmeetika24.com\/en\/wp-json\/wp\/v2\/product\/7103\/revisions"}],"predecessor-version":[{"id":7231,"href":"https:\/\/kosmeetika24.com\/en\/wp-json\/wp\/v2\/product\/7103\/revisions\/7231"}],"wp:featuredmedia":[{"embeddable":true,"href":"https:\/\/kosmeetika24.com\/en\/wp-json\/wp\/v2\/media\/7099"}],"wp:attachment":[{"href":"https:\/\/kosmeetika24.com\/en\/wp-json\/wp\/v2\/media?parent=7103"}],"wp:term":[{"taxonomy":"product_brand","embeddable":true,"href":"https:\/\/kosmeetika24.com\/en\/wp-json\/wp\/v2\/product_brand?post=7103"},{"taxonomy":"product_cat","embeddable":true,"href":"https:\/\/kosmeetika24.com\/en\/wp-json\/wp\/v2\/product_cat?post=7103"},{"taxonomy":"product_tag","embeddable":true,"href":"https:\/\/kosmeetika24.com\/en\/wp-json\/wp\/v2\/product_tag?post=7103"}],"curies":[{"name":"wp","href":"https:\/\/api.w.org\/{rel}","templated":true}]}}