{"id":7095,"date":"2025-11-06T17:29:15","date_gmt":"2025-11-06T14:29:15","guid":{"rendered":"https:\/\/kosmeetika24.com\/?post_type=product&#038;p=7095"},"modified":"2026-01-12T12:11:16","modified_gmt":"2026-01-12T09:11:16","slug":"dalton-caviar-deluxe-caviar-anti-aging-ampoules","status":"publish","type":"product","link":"https:\/\/kosmeetika24.com\/en\/product\/dalton-caviar-deluxe-caviar-anti-aging-ampoules\/","title":{"rendered":"Dalton \u2013 Caviar Deluxe \u2013 Caviar Anti-Aging Ampoules"},"content":{"rendered":"<p><strong>Usage:<br \/>\n<\/strong>Shake before use and place the ampoule opener on the neck of the ampoule. Point the dot towards yourself and press the ampoule opener backward. Pour the concentrate into your palm, then apply it to the face, neck, and d\u00e9collet\u00e9, gently patting it into the skin with your fingertips. Use before serum and moisturizer.<\/p>\n<p><strong>Tip:<br \/>\n<\/strong>Quick beauty treatment for smooth, flawless, and radiant skin. Ideal as a makeup base for long-lasting coverage!<\/p>\n<p class=\"translation-block\">Kaaviari ampull on t\u00f5eline vananemisvastane kokteil, mis sisaldab olulisi toitaineid ja elut\u00e4htsaid aineid. Selle koostises on meie k\u00f5ige k\u00f5rgema kontsentratsiooniga&nbsp;<em>Celumer mereline ekstrakt<\/em>&nbsp;koos lisadoosi kaaviariga. Kuid see pole veel k\u00f5ik:<\/p>\n<p class=\"translation-block\">Accelerates skin renewal and strengthens the skin's natural defense<br>\nStimulates collagen and hyaluronic acid production<br>\nIncreases skin moisture balance by 51% in just 20 minutes*<\/p>\n<p class=\"translation-block\"><strong>Result:<\/strong><br>\nSmooth, flawless, and beautifully radiant skin.<\/p>\n<p><i><i>Clinical study to test skin elasticity in vivo, 35 women.<\/i><br><\/i><i><br \/>\n<\/i><i><i>Clinical study to test skin moisture content in vivo, 35 women.<\/i><br><\/i><\/p>\n<p><strong>Ingredients<\/strong><br \/>\nAqua\/Water, Propylene Glycol, Glycerin, PEG-7 Glyceryl Cocoate, Sorbitol, Pentylene Glycol, Caviar Extract, Maris Aqua\/Sea Water, Spirulina Maxima Extract, Algae Extract\/Alaria Esculenta Extract, Maris Limus Extract\/Sea Silt Extract, Saccharide Isomerate, Ostrea Shell Extract\/Oyster Shell Extract, PEG-40 Hydrogenated Castor Oil, Sodium Hyaluronate, Biotin, Phenoxyethanol, Potassium Sorbate, Sodium Hydroxide, Ethylhexylglycerin, Trideceth-9, Caprylic\/Capric Triglyceride, Alpha-Isomethyl Ionone, Tetrasodium Glutamate Diacetate, Acrylates\/C10-30 Alkyl Acrylate Crosspolymer, Hexyl Cinnamal, Parfum\/Fragrance<\/p>","protected":false},"excerpt":{"rendered":"<p>Nourishing Anti-Aging Caviar Ampoule for Radiant Skin<\/p>\n<p class=\"translation-block\">Accelerates skin renewal<br>\nNourishing caviar concentrate<br>\nStimulates collagen production<br>\nContains essential nutrients and vital substances<br>\nHyaluronic acid hydrates the skin<br>\nImproves skin elasticity by 20% within 20 minutes*<\/p>","protected":false},"featured_media":7100,"comment_status":"closed","ping_status":"closed","template":"","meta":{"_uag_custom_page_level_css":"","site-sidebar-layout":"default","site-content-layout":"","ast-site-content-layout":"default","site-content-style":"default","site-sidebar-style":"default","ast-global-header-display":"","ast-banner-title-visibility":"","ast-main-header-display":"","ast-hfb-above-header-display":"","ast-hfb-below-header-display":"","ast-hfb-mobile-header-display":"","site-post-title":"","ast-breadcrumbs-content":"","ast-featured-img":"","footer-sml-layout":"","ast-disable-related-posts":"","theme-transparent-header-meta":"default","adv-header-id-meta":"","stick-header-meta":"","header-above-stick-meta":"","header-main-stick-meta":"","header-below-stick-meta":"","astra-migrate-meta-layouts":"set","ast-page-background-enabled":"default","ast-page-background-meta":{"desktop":{"background-color":"var(--ast-global-color-4)","background-image":"","background-repeat":"repeat","background-position":"center center","background-size":"auto","background-attachment":"scroll","background-type":"","background-media":"","overlay-type":"","overlay-color":"","overlay-opacity":"","overlay-gradient":""},"tablet":{"background-color":"","background-image":"","background-repeat":"repeat","background-position":"center center","background-size":"auto","background-attachment":"scroll","background-type":"","background-media":"","overlay-type":"","overlay-color":"","overlay-opacity":"","overlay-gradient":""},"mobile":{"background-color":"","background-image":"","background-repeat":"repeat","background-position":"center center","background-size":"auto","background-attachment":"scroll","background-type":"","background-media":"","overlay-type":"","overlay-color":"","overlay-opacity":"","overlay-gradient":""}},"ast-content-background-meta":{"desktop":{"background-color":"var(--ast-global-color-5)","background-image":"","background-repeat":"repeat","background-position":"center center","background-size":"auto","background-attachment":"scroll","background-type":"","background-media":"","overlay-type":"","overlay-color":"","overlay-opacity":"","overlay-gradient":""},"tablet":{"background-color":"var(--ast-global-color-5)","background-image":"","background-repeat":"repeat","background-position":"center center","background-size":"auto","background-attachment":"scroll","background-type":"","background-media":"","overlay-type":"","overlay-color":"","overlay-opacity":"","overlay-gradient":""},"mobile":{"background-color":"var(--ast-global-color-5)","background-image":"","background-repeat":"repeat","background-position":"center center","background-size":"auto","background-attachment":"scroll","background-type":"","background-media":"","overlay-type":"","overlay-color":"","overlay-opacity":"","overlay-gradient":""}}},"product_brand":[],"product_cat":[125,97],"product_tag":[],"class_list":{"0":"post-7095","1":"product","2":"type-product","3":"status-publish","4":"has-post-thumbnail","6":"product_cat-dalton","7":"product_cat-naole","8":"desktop-align-left","9":"tablet-align-left","10":"mobile-align-left","12":"first","13":"onbackorder","14":"taxable","15":"shipping-taxable","16":"product-type-simple","17":"add-to-wishlist-before_image"},"uagb_featured_image_src":{"full":["https:\/\/kosmeetika24.com\/wp-content\/uploads\/2025\/11\/4054621660095.webp",540,540,false],"thumbnail":["https:\/\/kosmeetika24.com\/wp-content\/uploads\/2025\/11\/4054621660095-150x150.webp",150,150,true],"medium":["https:\/\/kosmeetika24.com\/wp-content\/uploads\/2025\/11\/4054621660095-300x300.webp",300,300,true],"medium_large":["https:\/\/kosmeetika24.com\/wp-content\/uploads\/2025\/11\/4054621660095.webp",540,540,false],"large":["https:\/\/kosmeetika24.com\/wp-content\/uploads\/2025\/11\/4054621660095.webp",540,540,false],"1536x1536":["https:\/\/kosmeetika24.com\/wp-content\/uploads\/2025\/11\/4054621660095.webp",540,540,false],"2048x2048":["https:\/\/kosmeetika24.com\/wp-content\/uploads\/2025\/11\/4054621660095.webp",540,540,false],"trp-custom-language-flag":["https:\/\/kosmeetika24.com\/wp-content\/uploads\/2025\/11\/4054621660095-12x12.webp",12,12,true],"woocommerce_thumbnail":["https:\/\/kosmeetika24.com\/wp-content\/uploads\/2025\/11\/4054621660095-300x300.webp",300,300,true],"woocommerce_single":["https:\/\/kosmeetika24.com\/wp-content\/uploads\/2025\/11\/4054621660095-500x500.webp",500,500,true],"woocommerce_gallery_thumbnail":["https:\/\/kosmeetika24.com\/wp-content\/uploads\/2025\/11\/4054621660095-100x100.webp",100,100,true]},"uagb_author_info":{"display_name":"admin","author_link":"https:\/\/kosmeetika24.com\/en\/author\/"},"uagb_comment_info":0,"uagb_excerpt":"Toitev vananemisvastane kaaviari ampull s\u00e4rava naha jaoks Kiirendab naha uuenemist Toitev kontsentraat kaaviariga Stimuleerib kollageeni tootmist Sisaldab essentsiaalseid toitaineid ja elut\u00e4htsaid aineid H\u00fcaluroonhape niisutab nahka Parandab naha elastsust 20% v\u00f5rra juba 20 minutiga*","_links":{"self":[{"href":"https:\/\/kosmeetika24.com\/en\/wp-json\/wp\/v2\/product\/7095","targetHints":{"allow":["GET"]}}],"collection":[{"href":"https:\/\/kosmeetika24.com\/en\/wp-json\/wp\/v2\/product"}],"about":[{"href":"https:\/\/kosmeetika24.com\/en\/wp-json\/wp\/v2\/types\/product"}],"replies":[{"embeddable":true,"href":"https:\/\/kosmeetika24.com\/en\/wp-json\/wp\/v2\/comments?post=7095"}],"version-history":[{"count":1,"href":"https:\/\/kosmeetika24.com\/en\/wp-json\/wp\/v2\/product\/7095\/revisions"}],"predecessor-version":[{"id":7102,"href":"https:\/\/kosmeetika24.com\/en\/wp-json\/wp\/v2\/product\/7095\/revisions\/7102"}],"wp:featuredmedia":[{"embeddable":true,"href":"https:\/\/kosmeetika24.com\/en\/wp-json\/wp\/v2\/media\/7100"}],"wp:attachment":[{"href":"https:\/\/kosmeetika24.com\/en\/wp-json\/wp\/v2\/media?parent=7095"}],"wp:term":[{"taxonomy":"product_brand","embeddable":true,"href":"https:\/\/kosmeetika24.com\/en\/wp-json\/wp\/v2\/product_brand?post=7095"},{"taxonomy":"product_cat","embeddable":true,"href":"https:\/\/kosmeetika24.com\/en\/wp-json\/wp\/v2\/product_cat?post=7095"},{"taxonomy":"product_tag","embeddable":true,"href":"https:\/\/kosmeetika24.com\/en\/wp-json\/wp\/v2\/product_tag?post=7095"}],"curies":[{"name":"wp","href":"https:\/\/api.w.org\/{rel}","templated":true}]}}