{"id":7086,"date":"2025-11-06T17:29:48","date_gmt":"2025-11-06T14:29:48","guid":{"rendered":"https:\/\/kosmeetika24.com\/?post_type=product&#038;p=7086"},"modified":"2026-01-12T12:11:02","modified_gmt":"2026-01-12T09:11:02","slug":"dalton-s-e-a-marine-stem-cell-serum","status":"publish","type":"product","link":"https:\/\/kosmeetika24.com\/en\/product\/dalton-s-e-a-marine-stem-cell-serum\/","title":{"rendered":"Dalton \u2013 S.E.A. \u2013 Marine Stem Cell Serum"},"content":{"rendered":"<p class=\"translation-block\"><strong>Usage:<\/strong><br>\nApply the serum to the face, neck, and d\u00e9collet\u00e9 area in the morning and evening after cleansing the skin. Then apply a face cream suitable for your skin type.<\/p>\n<p class=\"translation-block\">A perfect blend of performance and luxury \u2013 <i>Marine Stem Cell Serum<\/i> is a highly concentrated serum with Marine Stem Cells, containing the unique <em>Celumer marine extract<\/em>, millions of marine stem cells, and <em>Crambe maritima extract<\/em>, offering revolutionary anti-aging care.<\/p>\n<p>This advanced serum is a key product for achieving healthy, beautiful, and youthful skin:<\/p>\n<ul>\n<li aria-level=\"1\">Strengthens the skin cells\u2019 natural defense mechanisms<\/li>\n<li aria-level=\"1\">Promotes cell renewal and epidermal regeneration<\/li>\n<li aria-level=\"1\">Deeply moisturizes the skin and stimulates hyaluronic acid production<\/li>\n<li aria-level=\"1\">Increases collagen synthesis by up to 43%*<\/li>\n<\/ul>\n<p>The result is firmer and smoother skin, fewer wrinkles, and more defined facial contours.<\/p>\n<p><i>Clinical study: Participants aged 47\u201362 used Celumer Marine Extract twice daily for four weeks. Results were compared with untreated control areas. The study was conducted in vivo.<\/i>.<\/p>\n<p><strong>Ingredients<br \/>\n<\/strong>Aqua\/Water, Glycerin, 1,2-Hexanediol, Xanthan Gum, Caprylic\/Capric Triglyceride, Maris Aqua\/Sea Water, Crithmum Maritimum Extract, Crambe Maritima Leaf Extract, Caviar Extract, Spirulina Maxima Extract, Ostrea Shell Extract\/Oyster Shell Extract, Maris Limus Extract\/Sea Silt Extract, Saccharide Isomerate, Algae Extract\/Alaria Esculenta Extract, Panthenol, Sodium Hyaluronate, Pentylene Glycol, Propylene Glycol, Hydroxyacetophenone, Sodium Oleoyl Sarcosinate, Sodium Lauryl Sulfoacetate, Phenoxyethanol, Sodium Oleate, Sodium Chloride, Parfum\/Fragrance, Limonene, Benzyl Salicylate, Hexyl Cinnamal, Benzyl Benzoate, Linalool, Coumarin, Citronellol, Alpha-Isomethyl Ionone, Potassium Sorbate, Citric Acid<\/p>","protected":false},"excerpt":{"rendered":"<p>Deep-acting anti-aging serum for stimulating cell renewal. 30ml<\/p>\n<p class=\"translation-block\">Promotes cell renewal<br>\nHighly concentrated serum<br>\n1 million marine stem cells per gram of serum<br>\nIncreases collagen production by up to 43%*<br>\nStimulates hyaluronic acid synthesis<br>\nCrambe maritima (sea kale extract) supports skin regeneration<br>\nHelps strengthen and define facial contours<\/p>","protected":false},"featured_media":7088,"comment_status":"closed","ping_status":"closed","template":"","meta":{"_uag_custom_page_level_css":"","site-sidebar-layout":"default","site-content-layout":"","ast-site-content-layout":"default","site-content-style":"default","site-sidebar-style":"default","ast-global-header-display":"","ast-banner-title-visibility":"","ast-main-header-display":"","ast-hfb-above-header-display":"","ast-hfb-below-header-display":"","ast-hfb-mobile-header-display":"","site-post-title":"","ast-breadcrumbs-content":"","ast-featured-img":"","footer-sml-layout":"","ast-disable-related-posts":"","theme-transparent-header-meta":"default","adv-header-id-meta":"","stick-header-meta":"","header-above-stick-meta":"","header-main-stick-meta":"","header-below-stick-meta":"","astra-migrate-meta-layouts":"set","ast-page-background-enabled":"default","ast-page-background-meta":{"desktop":{"background-color":"var(--ast-global-color-4)","background-image":"","background-repeat":"repeat","background-position":"center center","background-size":"auto","background-attachment":"scroll","background-type":"","background-media":"","overlay-type":"","overlay-color":"","overlay-opacity":"","overlay-gradient":""},"tablet":{"background-color":"","background-image":"","background-repeat":"repeat","background-position":"center center","background-size":"auto","background-attachment":"scroll","background-type":"","background-media":"","overlay-type":"","overlay-color":"","overlay-opacity":"","overlay-gradient":""},"mobile":{"background-color":"","background-image":"","background-repeat":"repeat","background-position":"center center","background-size":"auto","background-attachment":"scroll","background-type":"","background-media":"","overlay-type":"","overlay-color":"","overlay-opacity":"","overlay-gradient":""}},"ast-content-background-meta":{"desktop":{"background-color":"var(--ast-global-color-5)","background-image":"","background-repeat":"repeat","background-position":"center center","background-size":"auto","background-attachment":"scroll","background-type":"","background-media":"","overlay-type":"","overlay-color":"","overlay-opacity":"","overlay-gradient":""},"tablet":{"background-color":"var(--ast-global-color-5)","background-image":"","background-repeat":"repeat","background-position":"center center","background-size":"auto","background-attachment":"scroll","background-type":"","background-media":"","overlay-type":"","overlay-color":"","overlay-opacity":"","overlay-gradient":""},"mobile":{"background-color":"var(--ast-global-color-5)","background-image":"","background-repeat":"repeat","background-position":"center center","background-size":"auto","background-attachment":"scroll","background-type":"","background-media":"","overlay-type":"","overlay-color":"","overlay-opacity":"","overlay-gradient":""}}},"product_brand":[],"product_cat":[125,97],"product_tag":[],"class_list":{"0":"post-7086","1":"product","2":"type-product","3":"status-publish","4":"has-post-thumbnail","6":"product_cat-dalton","7":"product_cat-naole","8":"desktop-align-left","9":"tablet-align-left","10":"mobile-align-left","12":"first","13":"onbackorder","14":"taxable","15":"shipping-taxable","16":"product-type-simple","17":"add-to-wishlist-before_image"},"uagb_featured_image_src":{"full":["https:\/\/kosmeetika24.com\/wp-content\/uploads\/2025\/11\/6551550-sea-serum_650x650_1.avif",650,650,false],"thumbnail":["https:\/\/kosmeetika24.com\/wp-content\/uploads\/2025\/11\/6551550-sea-serum_650x650_1-150x150.avif",150,150,true],"medium":["https:\/\/kosmeetika24.com\/wp-content\/uploads\/2025\/11\/6551550-sea-serum_650x650_1-300x300.avif",300,300,true],"medium_large":["https:\/\/kosmeetika24.com\/wp-content\/uploads\/2025\/11\/6551550-sea-serum_650x650_1.avif",650,650,false],"large":["https:\/\/kosmeetika24.com\/wp-content\/uploads\/2025\/11\/6551550-sea-serum_650x650_1.avif",650,650,false],"1536x1536":["https:\/\/kosmeetika24.com\/wp-content\/uploads\/2025\/11\/6551550-sea-serum_650x650_1.avif",650,650,false],"2048x2048":["https:\/\/kosmeetika24.com\/wp-content\/uploads\/2025\/11\/6551550-sea-serum_650x650_1.avif",650,650,false],"trp-custom-language-flag":["https:\/\/kosmeetika24.com\/wp-content\/uploads\/2025\/11\/6551550-sea-serum_650x650_1-12x12.avif",12,12,true],"woocommerce_thumbnail":["https:\/\/kosmeetika24.com\/wp-content\/uploads\/2025\/11\/6551550-sea-serum_650x650_1-300x300.avif",300,300,true],"woocommerce_single":["https:\/\/kosmeetika24.com\/wp-content\/uploads\/2025\/11\/6551550-sea-serum_650x650_1-500x500.avif",500,500,true],"woocommerce_gallery_thumbnail":["https:\/\/kosmeetika24.com\/wp-content\/uploads\/2025\/11\/6551550-sea-serum_650x650_1-100x100.avif",100,100,true]},"uagb_author_info":{"display_name":"admin","author_link":"https:\/\/kosmeetika24.com\/en\/author\/"},"uagb_comment_info":0,"uagb_excerpt":"S\u00fcgavatoimeline vananemisvastane seerum rakkude uuenemise stimuleerimiseks. 30ml Soodustab rakkude uuenemist V\u00e4ga kontsentreeritud seerum 1 miljon merelist t\u00fcvirakku 1 grammi seerumi kohta Suurendab kollageeni tootmist kuni 43%* Stimuleerib h\u00fcaluroonhappe s\u00fcnteesi Crambe maritima (merikapsa ekstrakt) toetab naha taastumist Aitab tugevdada ja defineerida n\u00e4okontuure","_links":{"self":[{"href":"https:\/\/kosmeetika24.com\/en\/wp-json\/wp\/v2\/product\/7086","targetHints":{"allow":["GET"]}}],"collection":[{"href":"https:\/\/kosmeetika24.com\/en\/wp-json\/wp\/v2\/product"}],"about":[{"href":"https:\/\/kosmeetika24.com\/en\/wp-json\/wp\/v2\/types\/product"}],"replies":[{"embeddable":true,"href":"https:\/\/kosmeetika24.com\/en\/wp-json\/wp\/v2\/comments?post=7086"}],"version-history":[{"count":1,"href":"https:\/\/kosmeetika24.com\/en\/wp-json\/wp\/v2\/product\/7086\/revisions"}],"predecessor-version":[{"id":7089,"href":"https:\/\/kosmeetika24.com\/en\/wp-json\/wp\/v2\/product\/7086\/revisions\/7089"}],"wp:featuredmedia":[{"embeddable":true,"href":"https:\/\/kosmeetika24.com\/en\/wp-json\/wp\/v2\/media\/7088"}],"wp:attachment":[{"href":"https:\/\/kosmeetika24.com\/en\/wp-json\/wp\/v2\/media?parent=7086"}],"wp:term":[{"taxonomy":"product_brand","embeddable":true,"href":"https:\/\/kosmeetika24.com\/en\/wp-json\/wp\/v2\/product_brand?post=7086"},{"taxonomy":"product_cat","embeddable":true,"href":"https:\/\/kosmeetika24.com\/en\/wp-json\/wp\/v2\/product_cat?post=7086"},{"taxonomy":"product_tag","embeddable":true,"href":"https:\/\/kosmeetika24.com\/en\/wp-json\/wp\/v2\/product_tag?post=7086"}],"curies":[{"name":"wp","href":"https:\/\/api.w.org\/{rel}","templated":true}]}}