{"id":7083,"date":"2025-11-04T17:50:16","date_gmt":"2025-11-04T14:50:16","guid":{"rendered":"https:\/\/kosmeetika24.com\/?post_type=product&#038;p=7083"},"modified":"2026-01-12T12:20:28","modified_gmt":"2026-01-12T09:20:28","slug":"dalton-oyster-combination-skin-moisturizer","status":"publish","type":"product","link":"https:\/\/kosmeetika24.com\/en\/product\/dalton-oyster-combination-skin-moisturizer\/","title":{"rendered":"Dalton \u2013 Oyster \u2013 Combination Skin Moisturizer"},"content":{"rendered":"<p class=\"translation-block\"><strong>Usage:<\/strong><br>\nApply the cream to clean face, neck and d\u00e9collet\u00e9 area in the morning and evening, and gently massage into the skin. If you also use the <b>OYSTER Pore-Refining Concentrate<\/b>, apply it first, followed by the cream.<\/p>\n<p class=\"translation-block\">The mattifying cream is formulated with <b>oyster extract and mastic resin extract<\/b> to control sebum production in the T-zone and reduce skin shine, while moisturizing and nourishing drier areas. This anti-aging cream is ideal for both combination and problematic skin, as it helps to clear clogged pores, reduce comedones, and keep the skin matte for longer. In addition, the cream is enriched with <b>Celumer marine extract<\/b>, which combats the first signs of aging and smooths the skin, leaving it looking more youthful. Regular use helps to restore the balance of combination skin, making it matte and even.<\/p>\n<p><i>Test results: 44 women aged 30\u201352 used the product morning and evening for 28 days, and the results were compared with an untreated control area.<\/i><\/p>\n<p><strong>Ingredients<\/strong><br \/>\nAqua\/Water, Caprylic\/Capric Triglyceride, Dicaprylyl Carbonate, Glyceryl Stearate, PEG-100 Stearate, Propylene Glycol, Cetearyl Alcohol, Dimethicone, Glycerin, Prunus Amygdalus Dulcis (Sweet Almond) Oil, Pistacia Lentiscus (Mastic) Gum, Maris Aqua\/Sea Water, Spirulina Maxima Extract, Algae Extract\/Alaria Esculenta Extract, Saccharide Isomerate, Caviar Extract, Ostrea Shell Extract\/Oyster Shell Extract, Maris Limus Extract\/Sea Silt Extract, Biotin, Tocopherol, Lecithin, Carbomer, Ethylhexylglycerin, Sodium Hydroxide, Potassium Sorbate, Hydrogenated Palm Glycerides Citrate, Tetrasodium Glutamate Diacetate, Phenoxyethanol, Cinnamyl Alcohol, Eugenol, Benzyl Salicylate, Hexyl Cinnamal, Limonene, Linalool, Alcohol, Parfum\/Fragrance.<\/p>\n<p>898.-\u20ac\/l<\/p>","protected":false},"excerpt":{"rendered":"<p>Balancing and pore-refining anti-aging face cream. 50ml<br><\/p>\n<p class=\"translation-block\">Regulates sebum production in the T-zone<br>\nTightens pores, mattifies, and moisturizes<br>\nHelps clear clogged pores and reduce inflammation<br>\nContains oyster extract and mastic gum extract (Pistacia lentiscus gum)<br>\n95% of test subjects confirmed reduced sebum production*<br>\nAnti-aging effect<br><\/p>","protected":false},"featured_media":7084,"comment_status":"closed","ping_status":"closed","template":"","meta":{"_uag_custom_page_level_css":"","site-sidebar-layout":"default","site-content-layout":"","ast-site-content-layout":"default","site-content-style":"default","site-sidebar-style":"default","ast-global-header-display":"","ast-banner-title-visibility":"","ast-main-header-display":"","ast-hfb-above-header-display":"","ast-hfb-below-header-display":"","ast-hfb-mobile-header-display":"","site-post-title":"","ast-breadcrumbs-content":"","ast-featured-img":"","footer-sml-layout":"","ast-disable-related-posts":"","theme-transparent-header-meta":"default","adv-header-id-meta":"","stick-header-meta":"","header-above-stick-meta":"","header-main-stick-meta":"","header-below-stick-meta":"","astra-migrate-meta-layouts":"set","ast-page-background-enabled":"default","ast-page-background-meta":{"desktop":{"background-color":"var(--ast-global-color-4)","background-image":"","background-repeat":"repeat","background-position":"center center","background-size":"auto","background-attachment":"scroll","background-type":"","background-media":"","overlay-type":"","overlay-color":"","overlay-opacity":"","overlay-gradient":""},"tablet":{"background-color":"","background-image":"","background-repeat":"repeat","background-position":"center center","background-size":"auto","background-attachment":"scroll","background-type":"","background-media":"","overlay-type":"","overlay-color":"","overlay-opacity":"","overlay-gradient":""},"mobile":{"background-color":"","background-image":"","background-repeat":"repeat","background-position":"center center","background-size":"auto","background-attachment":"scroll","background-type":"","background-media":"","overlay-type":"","overlay-color":"","overlay-opacity":"","overlay-gradient":""}},"ast-content-background-meta":{"desktop":{"background-color":"var(--ast-global-color-5)","background-image":"","background-repeat":"repeat","background-position":"center center","background-size":"auto","background-attachment":"scroll","background-type":"","background-media":"","overlay-type":"","overlay-color":"","overlay-opacity":"","overlay-gradient":""},"tablet":{"background-color":"var(--ast-global-color-5)","background-image":"","background-repeat":"repeat","background-position":"center center","background-size":"auto","background-attachment":"scroll","background-type":"","background-media":"","overlay-type":"","overlay-color":"","overlay-opacity":"","overlay-gradient":""},"mobile":{"background-color":"var(--ast-global-color-5)","background-image":"","background-repeat":"repeat","background-position":"center center","background-size":"auto","background-attachment":"scroll","background-type":"","background-media":"","overlay-type":"","overlay-color":"","overlay-opacity":"","overlay-gradient":""}}},"product_brand":[],"product_cat":[125],"product_tag":[],"class_list":{"0":"post-7083","1":"product","2":"type-product","3":"status-publish","4":"has-post-thumbnail","6":"product_cat-dalton","7":"desktop-align-left","8":"tablet-align-left","9":"mobile-align-left","11":"first","12":"onbackorder","13":"taxable","14":"shipping-taxable","15":"product-type-simple","16":"add-to-wishlist-before_image"},"uagb_featured_image_src":{"full":["https:\/\/kosmeetika24.com\/wp-content\/uploads\/2025\/11\/5851050-oyster-creme_1080x1080.avif",960,960,false],"thumbnail":["https:\/\/kosmeetika24.com\/wp-content\/uploads\/2025\/11\/5851050-oyster-creme_1080x1080-150x150.avif",150,150,true],"medium":["https:\/\/kosmeetika24.com\/wp-content\/uploads\/2025\/11\/5851050-oyster-creme_1080x1080-300x300.avif",300,300,true],"medium_large":["https:\/\/kosmeetika24.com\/wp-content\/uploads\/2025\/11\/5851050-oyster-creme_1080x1080-768x768.avif",768,768,true],"large":["https:\/\/kosmeetika24.com\/wp-content\/uploads\/2025\/11\/5851050-oyster-creme_1080x1080.avif",960,960,false],"1536x1536":["https:\/\/kosmeetika24.com\/wp-content\/uploads\/2025\/11\/5851050-oyster-creme_1080x1080.avif",960,960,false],"2048x2048":["https:\/\/kosmeetika24.com\/wp-content\/uploads\/2025\/11\/5851050-oyster-creme_1080x1080.avif",960,960,false],"trp-custom-language-flag":["https:\/\/kosmeetika24.com\/wp-content\/uploads\/2025\/11\/5851050-oyster-creme_1080x1080-12x12.avif",12,12,true],"woocommerce_thumbnail":["https:\/\/kosmeetika24.com\/wp-content\/uploads\/2025\/11\/5851050-oyster-creme_1080x1080-300x300.avif",300,300,true],"woocommerce_single":["https:\/\/kosmeetika24.com\/wp-content\/uploads\/2025\/11\/5851050-oyster-creme_1080x1080-500x500.avif",500,500,true],"woocommerce_gallery_thumbnail":["https:\/\/kosmeetika24.com\/wp-content\/uploads\/2025\/11\/5851050-oyster-creme_1080x1080-100x100.avif",100,100,true]},"uagb_author_info":{"display_name":"admin","author_link":"https:\/\/kosmeetika24.com\/en\/author\/"},"uagb_comment_info":0,"uagb_excerpt":"Tasakaalustav ja poore ahendav vananemisvastane n\u00e4okreem. 50ml Reguleerib rasueritust T-tsoonis Ahendab poore, matistab ja niisutab Aitab puhastada ummistunud poore ja v\u00e4hendada p\u00f5letikke Sisaldab austriekstrakti ja mastiksivaigu ekstrakti (Pistacia lentiscus gum) 95% testijatest kinnitas, et naha rasueritus v\u00e4henes* Vananemisvastase toimega","_links":{"self":[{"href":"https:\/\/kosmeetika24.com\/en\/wp-json\/wp\/v2\/product\/7083","targetHints":{"allow":["GET"]}}],"collection":[{"href":"https:\/\/kosmeetika24.com\/en\/wp-json\/wp\/v2\/product"}],"about":[{"href":"https:\/\/kosmeetika24.com\/en\/wp-json\/wp\/v2\/types\/product"}],"replies":[{"embeddable":true,"href":"https:\/\/kosmeetika24.com\/en\/wp-json\/wp\/v2\/comments?post=7083"}],"version-history":[{"count":1,"href":"https:\/\/kosmeetika24.com\/en\/wp-json\/wp\/v2\/product\/7083\/revisions"}],"predecessor-version":[{"id":7085,"href":"https:\/\/kosmeetika24.com\/en\/wp-json\/wp\/v2\/product\/7083\/revisions\/7085"}],"wp:featuredmedia":[{"embeddable":true,"href":"https:\/\/kosmeetika24.com\/en\/wp-json\/wp\/v2\/media\/7084"}],"wp:attachment":[{"href":"https:\/\/kosmeetika24.com\/en\/wp-json\/wp\/v2\/media?parent=7083"}],"wp:term":[{"taxonomy":"product_brand","embeddable":true,"href":"https:\/\/kosmeetika24.com\/en\/wp-json\/wp\/v2\/product_brand?post=7083"},{"taxonomy":"product_cat","embeddable":true,"href":"https:\/\/kosmeetika24.com\/en\/wp-json\/wp\/v2\/product_cat?post=7083"},{"taxonomy":"product_tag","embeddable":true,"href":"https:\/\/kosmeetika24.com\/en\/wp-json\/wp\/v2\/product_tag?post=7083"}],"curies":[{"name":"wp","href":"https:\/\/api.w.org\/{rel}","templated":true}]}}