{"id":7064,"date":"2025-11-13T11:33:39","date_gmt":"2025-11-13T08:33:39","guid":{"rendered":"https:\/\/kosmeetika24.com\/?post_type=product&#038;p=7064"},"modified":"2026-03-31T09:55:26","modified_gmt":"2026-03-31T06:55:26","slug":"mesotech-global-meso-wolluma-eksosoomide-ja-peptiidide-regeneratiivne-joud","status":"publish","type":"product","link":"https:\/\/kosmeetika24.com\/en\/product\/mesotech-global-meso-wolluma-eksosoomide-ja-peptiidide-regeneratiivne-joud\/","title":{"rendered":"Mesotech Global Meso Wolluma Exosome and peptide regenerative power"},"content":{"rendered":"<p>Global Meso Wolluma is an advanced cosmetic treatment that synergistically combines the regenerative effectiveness of bioauthentic exosomes with the targeted action of peptides to deliver visible and long-lasting results in combating signs of aging.<\/p>\n<p>Exosomes, the key protagonists of this exceptional formula, are natural extracellular microvesicles released by cells to promote intercellular communication and renewal. In particular, the presence of the innovative active ingredient AC ExoVitalize \u2013 based on Citrus paradisi (grapefruit) and Citrullus lanatus (watermelon) extracts \u2013 enhances glycolysis in skin fibroblasts, stimulating skin vitality and promoting a healthier, more toned and radiant appearance.<\/p>\n<p>Thanks to their exceptional ability to deliver active ingredients deeply into the skin, exosomes significantly enhance the bioavailability and effectiveness of functional components, optimising the skin\u2019s healing and regeneration mechanisms.<\/p>\n<p><strong>Effect<\/strong><\/p>\n<ul>\n<li>Vitamin E with antioxidant and anti-radical properties protects the skin from oxidative stress<\/li>\n<li>A biomimetic tripeptide imitates the effect of viper serum, providing a muscle-relaxing function capable of visibly reducing expression lines.<\/li>\n<\/ul>\n<h4 class=\"colore_principale\"><strong>KEY INGREDIENTS<\/strong><\/h4>\n<p><strong>AC ExoVitalize<\/strong><br \/>\nAC ExoVitalize gl\u00fckol\u00fc\u00fcsi stimuleerimiseks naha fibroblastides. AC ExoVitalize\u2019i peamisi toimeaineid, Citrus paradisi (greibi) puuviljaekstrakti ja Citrullus lanatus (arbuusi) puuviljaekstrakti testiti, et n\u00e4idata BioAuthentic Exosomes kui manustamiss\u00fcsteemi paremat olemust.<\/p>\n<p class=\"translation-block\"><strong>AC ExoRestore<\/strong><br>\nAC ExoRestore helps produce certain antimicrobial aminopeptides that support the skin\u2019s immune response, assisting in the elimination of pathogens and promoting wound healing. Common skin disorders arise from an imbalance in the skin microbiome. AC ExoRestore aims to enhance the delivery of bitter melon extract, leveraging the natural prebiotic content in the exosomal delivery system to support the restoration of skin balance and promote the wound healing process.<br>\nIt also triggers collagen synthesis in skin fibroblasts. The main active ingredient of AC ExoRestore, Momordica charantia (bitter melon) fruit extract, has been tested to demonstrate the superior delivery capability of BioAuthentic Exosomes<\/p>\n<p class=\"translation-block\"><strong>Syn-Ake<\/strong><br>\nA synthetic peptide that prevents and reduces the formation of wrinkles through a fast-acting and long-lasting Botox-like effect.<\/p>\n<p><strong>Vitamins E and C:<\/strong><br \/>\nThanks to their radical-cleansing action, they protect the skin from external factors (pollution, UV-A, UV-B) that can be harmful to the skin and cause premature aging.<\/p>\n<p class=\"translation-block\"><strong>Vitamin A<\/strong><br>\nRetinol keeps the skin intact and repairs damaged cells. Vitamin A is particularly beneficial for cracked, reddened, and irritated skin. It also has a sebum-regulating effect, helping to balance the skin\u2019s oil production.<\/p>","protected":false},"excerpt":{"rendered":"<p>Bioauthentic exosomes the future of skin regeneration in a woman\u2019s daily routine<\/p>\n<p>Wolluma has been offered as a non-invasive alternative to traditional mesotherapy, ideal for those who seek smoother, more relaxed and more vibrant skin, thanks to the intelligent and targeted action of exosomes \u2013 the true protagonist of a new era in regenerative cosmetics.<\/p>\n<p>&nbsp;<\/p>","protected":false},"featured_media":7066,"comment_status":"closed","ping_status":"closed","template":"","meta":{"_uag_custom_page_level_css":"","site-sidebar-layout":"default","site-content-layout":"","ast-site-content-layout":"default","site-content-style":"default","site-sidebar-style":"default","ast-global-header-display":"","ast-banner-title-visibility":"","ast-main-header-display":"","ast-hfb-above-header-display":"","ast-hfb-below-header-display":"","ast-hfb-mobile-header-display":"","site-post-title":"","ast-breadcrumbs-content":"","ast-featured-img":"","footer-sml-layout":"","ast-disable-related-posts":"","theme-transparent-header-meta":"default","adv-header-id-meta":"","stick-header-meta":"","header-above-stick-meta":"","header-main-stick-meta":"","header-below-stick-meta":"","astra-migrate-meta-layouts":"set","ast-page-background-enabled":"default","ast-page-background-meta":{"desktop":{"background-color":"var(--ast-global-color-4)","background-image":"","background-repeat":"repeat","background-position":"center center","background-size":"auto","background-attachment":"scroll","background-type":"","background-media":"","overlay-type":"","overlay-color":"","overlay-opacity":"","overlay-gradient":""},"tablet":{"background-color":"","background-image":"","background-repeat":"repeat","background-position":"center center","background-size":"auto","background-attachment":"scroll","background-type":"","background-media":"","overlay-type":"","overlay-color":"","overlay-opacity":"","overlay-gradient":""},"mobile":{"background-color":"","background-image":"","background-repeat":"repeat","background-position":"center center","background-size":"auto","background-attachment":"scroll","background-type":"","background-media":"","overlay-type":"","overlay-color":"","overlay-opacity":"","overlay-gradient":""}},"ast-content-background-meta":{"desktop":{"background-color":"var(--ast-global-color-5)","background-image":"","background-repeat":"repeat","background-position":"center center","background-size":"auto","background-attachment":"scroll","background-type":"","background-media":"","overlay-type":"","overlay-color":"","overlay-opacity":"","overlay-gradient":""},"tablet":{"background-color":"var(--ast-global-color-5)","background-image":"","background-repeat":"repeat","background-position":"center center","background-size":"auto","background-attachment":"scroll","background-type":"","background-media":"","overlay-type":"","overlay-color":"","overlay-opacity":"","overlay-gradient":""},"mobile":{"background-color":"var(--ast-global-color-5)","background-image":"","background-repeat":"repeat","background-position":"center center","background-size":"auto","background-attachment":"scroll","background-type":"","background-media":"","overlay-type":"","overlay-color":"","overlay-opacity":"","overlay-gradient":""}}},"product_brand":[],"product_cat":[127,78],"product_tag":[],"class_list":{"0":"post-7064","1":"product","2":"type-product","3":"status-publish","4":"has-post-thumbnail","6":"product_cat-eksosoomid","7":"product_cat-global-meso","8":"desktop-align-left","9":"tablet-align-left","10":"mobile-align-left","12":"first","13":"instock","14":"taxable","15":"shipping-taxable","16":"product-type-simple","17":"add-to-wishlist-before_image"},"uagb_featured_image_src":{"full":["https:\/\/kosmeetika24.com\/wp-content\/uploads\/2025\/10\/global-meso-wolluma-1.jpg",1000,1000,false],"thumbnail":["https:\/\/kosmeetika24.com\/wp-content\/uploads\/2025\/10\/global-meso-wolluma-1-150x150.jpg",150,150,true],"medium":["https:\/\/kosmeetika24.com\/wp-content\/uploads\/2025\/10\/global-meso-wolluma-1-300x300.jpg",300,300,true],"medium_large":["https:\/\/kosmeetika24.com\/wp-content\/uploads\/2025\/10\/global-meso-wolluma-1-768x768.jpg",768,768,true],"large":["https:\/\/kosmeetika24.com\/wp-content\/uploads\/2025\/10\/global-meso-wolluma-1.jpg",1000,1000,false],"1536x1536":["https:\/\/kosmeetika24.com\/wp-content\/uploads\/2025\/10\/global-meso-wolluma-1.jpg",1000,1000,false],"2048x2048":["https:\/\/kosmeetika24.com\/wp-content\/uploads\/2025\/10\/global-meso-wolluma-1.jpg",1000,1000,false],"trp-custom-language-flag":["https:\/\/kosmeetika24.com\/wp-content\/uploads\/2025\/10\/global-meso-wolluma-1-12x12.jpg",12,12,true],"woocommerce_thumbnail":["https:\/\/kosmeetika24.com\/wp-content\/uploads\/2025\/10\/global-meso-wolluma-1-300x300.jpg",300,300,true],"woocommerce_single":["https:\/\/kosmeetika24.com\/wp-content\/uploads\/2025\/10\/global-meso-wolluma-1-500x500.jpg",500,500,true],"woocommerce_gallery_thumbnail":["https:\/\/kosmeetika24.com\/wp-content\/uploads\/2025\/10\/global-meso-wolluma-1-100x100.jpg",100,100,true]},"uagb_author_info":{"display_name":"admin","author_link":"https:\/\/kosmeetika24.com\/en\/author\/"},"uagb_comment_info":0,"uagb_excerpt":"Bioautentsed eksoomid: naha taastamise tulevik naise igap\u00e4evases rutiinis Wolluma on pakutud mitte-invasiivse alternatiivina traditsioonilisele mesoteraapiale, mis sobib ideaalselt neile, kes soovivad siledamat, l\u00f5dvestunumat ja eluj\u00f5ulisemat nahka t\u00e4nu eksosoomide arukale ja sihip\u00e4rasele toimele - regeneratiivse kosmeetika uue suuna t\u00f5elisele peategelasele. &nbsp;","_links":{"self":[{"href":"https:\/\/kosmeetika24.com\/en\/wp-json\/wp\/v2\/product\/7064","targetHints":{"allow":["GET"]}}],"collection":[{"href":"https:\/\/kosmeetika24.com\/en\/wp-json\/wp\/v2\/product"}],"about":[{"href":"https:\/\/kosmeetika24.com\/en\/wp-json\/wp\/v2\/types\/product"}],"replies":[{"embeddable":true,"href":"https:\/\/kosmeetika24.com\/en\/wp-json\/wp\/v2\/comments?post=7064"}],"version-history":[{"count":1,"href":"https:\/\/kosmeetika24.com\/en\/wp-json\/wp\/v2\/product\/7064\/revisions"}],"predecessor-version":[{"id":7067,"href":"https:\/\/kosmeetika24.com\/en\/wp-json\/wp\/v2\/product\/7064\/revisions\/7067"}],"wp:featuredmedia":[{"embeddable":true,"href":"https:\/\/kosmeetika24.com\/en\/wp-json\/wp\/v2\/media\/7066"}],"wp:attachment":[{"href":"https:\/\/kosmeetika24.com\/en\/wp-json\/wp\/v2\/media?parent=7064"}],"wp:term":[{"taxonomy":"product_brand","embeddable":true,"href":"https:\/\/kosmeetika24.com\/en\/wp-json\/wp\/v2\/product_brand?post=7064"},{"taxonomy":"product_cat","embeddable":true,"href":"https:\/\/kosmeetika24.com\/en\/wp-json\/wp\/v2\/product_cat?post=7064"},{"taxonomy":"product_tag","embeddable":true,"href":"https:\/\/kosmeetika24.com\/en\/wp-json\/wp\/v2\/product_tag?post=7064"}],"curies":[{"name":"wp","href":"https:\/\/api.w.org\/{rel}","templated":true}]}}