{"id":6736,"date":"2024-11-07T15:32:18","date_gmt":"2024-11-07T12:32:18","guid":{"rendered":"https:\/\/kosmeetika24.com\/?post_type=product&#038;p=6736"},"modified":"2025-07-03T12:24:19","modified_gmt":"2025-07-03T09:24:19","slug":"charmyco-taimne-ensuumkoorija","status":"publish","type":"product","link":"https:\/\/kosmeetika24.com\/en\/product\/charmyco-taimne-ensuumkoorija\/","title":{"rendered":"CHARMYCO Herbal Enzyme Scrub"},"content":{"rendered":"<p>Bio Enzyme Peel (50 ml)<\/p>\n<p><strong>KEY INGREDIENTS<\/strong><\/p>\n<p>Prunus Amygdalus Dulcis (Sweet Almond) Shell Powder \u2013 Mandli koore pulber \u2013 toimib \u00f5rna f\u00fc\u00fcsilise eksfoliantina, puhastab nahka ja parandab mikrotsirkulatsiooni, andes nahale sileda ja s\u00e4rava v\u00e4limuse.<br \/>\nCarica Papaya (Papaya) Fruit Extract \u2013 Papai puuvilja ekstrakt \u2013 \u2013 sisaldab looduslikke ens\u00fc\u00fcme, mis aitavad \u00f5rnalt eemaldada sarvestunud naharakke, soodustades naha uuenemist ning andes sellele v\u00e4rske ja \u00fchtlase ilme.<\/p>\n<p><strong>Usage<\/strong><\/p>\n<p>Apply to the skin with gentle massaging movements.<\/p>\n<p>Leave on for 5-10 minutes and rinse off with warm water.<\/p>\n<p>Avoid contact with eyes.<\/p>\n<p><strong>Ingredients<\/strong><\/p>\n<p>Aqua, Glycol Stearate Se, Dicaprylyl Carbonate, Dimethicone, Propanediol, Glycolic Acid, Cetyl Alcohol, Cyclopentasiloxane, Petrolatum, Glycerin, Xanthan Gum, Prunus Amygdalus Dulcis (Sweet Almond) Shell Powder, Carica Papaya (Papaya) Fruit Extract, Carbomer, Triethanolamine, Phenoxyethanol, Ethylhexylglycerin, Sodium Benzoate, Potassium Sorbate, Parfum.<\/p>","protected":false},"excerpt":{"rendered":"<p>A gentle exfoliating treatment designed to achieve smoother and more radiant skin. Composed of a blend of nutrient-rich ingredients, including glycolic acid, sweet almond shell powder, and papaya fruit extract. Effectively removes dead skin cells and dirt, leaving the skin fresh and revitalized.<\/p>","protected":false},"featured_media":6737,"comment_status":"closed","ping_status":"closed","template":"","meta":{"_uag_custom_page_level_css":"","site-sidebar-layout":"default","site-content-layout":"","ast-site-content-layout":"default","site-content-style":"default","site-sidebar-style":"default","ast-global-header-display":"","ast-banner-title-visibility":"","ast-main-header-display":"","ast-hfb-above-header-display":"","ast-hfb-below-header-display":"","ast-hfb-mobile-header-display":"","site-post-title":"","ast-breadcrumbs-content":"","ast-featured-img":"","footer-sml-layout":"","ast-disable-related-posts":"","theme-transparent-header-meta":"default","adv-header-id-meta":"","stick-header-meta":"","header-above-stick-meta":"","header-main-stick-meta":"","header-below-stick-meta":"","astra-migrate-meta-layouts":"set","ast-page-background-enabled":"default","ast-page-background-meta":{"desktop":{"background-color":"var(--ast-global-color-4)","background-image":"","background-repeat":"repeat","background-position":"center center","background-size":"auto","background-attachment":"scroll","background-type":"","background-media":"","overlay-type":"","overlay-color":"","overlay-opacity":"","overlay-gradient":""},"tablet":{"background-color":"","background-image":"","background-repeat":"repeat","background-position":"center center","background-size":"auto","background-attachment":"scroll","background-type":"","background-media":"","overlay-type":"","overlay-color":"","overlay-opacity":"","overlay-gradient":""},"mobile":{"background-color":"","background-image":"","background-repeat":"repeat","background-position":"center center","background-size":"auto","background-attachment":"scroll","background-type":"","background-media":"","overlay-type":"","overlay-color":"","overlay-opacity":"","overlay-gradient":""}},"ast-content-background-meta":{"desktop":{"background-color":"var(--ast-global-color-5)","background-image":"","background-repeat":"repeat","background-position":"center center","background-size":"auto","background-attachment":"scroll","background-type":"","background-media":"","overlay-type":"","overlay-color":"","overlay-opacity":"","overlay-gradient":""},"tablet":{"background-color":"var(--ast-global-color-5)","background-image":"","background-repeat":"repeat","background-position":"center center","background-size":"auto","background-attachment":"scroll","background-type":"","background-media":"","overlay-type":"","overlay-color":"","overlay-opacity":"","overlay-gradient":""},"mobile":{"background-color":"var(--ast-global-color-5)","background-image":"","background-repeat":"repeat","background-position":"center center","background-size":"auto","background-attachment":"scroll","background-type":"","background-media":"","overlay-type":"","overlay-color":"","overlay-opacity":"","overlay-gradient":""}}},"product_brand":[],"product_cat":[96,81],"product_tag":[],"class_list":{"0":"post-6736","1":"product","2":"type-product","3":"status-publish","4":"has-post-thumbnail","6":"product_cat-brands","7":"product_cat-charmyco","8":"desktop-align-left","9":"tablet-align-left","10":"mobile-align-left","12":"first","13":"instock","14":"taxable","15":"shipping-taxable","16":"product-type-simple","17":"add-to-wishlist-before_image"},"uagb_featured_image_src":{"full":["https:\/\/kosmeetika24.com\/wp-content\/uploads\/2024\/11\/IMG_5174.jpg",440,586,false],"thumbnail":["https:\/\/kosmeetika24.com\/wp-content\/uploads\/2024\/11\/IMG_5174-150x150.jpg",150,150,true],"medium":["https:\/\/kosmeetika24.com\/wp-content\/uploads\/2024\/11\/IMG_5174-225x300.jpg",225,300,true],"medium_large":["https:\/\/kosmeetika24.com\/wp-content\/uploads\/2024\/11\/IMG_5174.jpg",440,586,false],"large":["https:\/\/kosmeetika24.com\/wp-content\/uploads\/2024\/11\/IMG_5174.jpg",440,586,false],"1536x1536":["https:\/\/kosmeetika24.com\/wp-content\/uploads\/2024\/11\/IMG_5174.jpg",440,586,false],"2048x2048":["https:\/\/kosmeetika24.com\/wp-content\/uploads\/2024\/11\/IMG_5174.jpg",440,586,false],"trp-custom-language-flag":["https:\/\/kosmeetika24.com\/wp-content\/uploads\/2024\/11\/IMG_5174-9x12.jpg",9,12,true],"woocommerce_thumbnail":["https:\/\/kosmeetika24.com\/wp-content\/uploads\/2024\/11\/IMG_5174-300x300.jpg",300,300,true],"woocommerce_single":["https:\/\/kosmeetika24.com\/wp-content\/uploads\/2024\/11\/IMG_5174.jpg",440,586,false],"woocommerce_gallery_thumbnail":["https:\/\/kosmeetika24.com\/wp-content\/uploads\/2024\/11\/IMG_5174-100x100.jpg",100,100,true]},"uagb_author_info":{"display_name":"admin","author_link":"https:\/\/kosmeetika24.com\/en\/author\/"},"uagb_comment_info":0,"uagb_excerpt":"\u00d5rn kooriv hooldus, mis on loodud siledama ja s\u00e4ravama naha saavutamiseks. Koosneb toiteaineterikaste\u00a0 koostisosade segust, sealhulgas gl\u00fckoolhape, magusa mandli koorepulber ja papaiavilja ekstrakt. Eemaldab t\u00f5husalt surnud naharakud ja mustuse, j\u00e4ttes naha v\u00e4rskeks ja eluj\u00f5uliseks.","_links":{"self":[{"href":"https:\/\/kosmeetika24.com\/en\/wp-json\/wp\/v2\/product\/6736","targetHints":{"allow":["GET"]}}],"collection":[{"href":"https:\/\/kosmeetika24.com\/en\/wp-json\/wp\/v2\/product"}],"about":[{"href":"https:\/\/kosmeetika24.com\/en\/wp-json\/wp\/v2\/types\/product"}],"replies":[{"embeddable":true,"href":"https:\/\/kosmeetika24.com\/en\/wp-json\/wp\/v2\/comments?post=6736"}],"version-history":[{"count":1,"href":"https:\/\/kosmeetika24.com\/en\/wp-json\/wp\/v2\/product\/6736\/revisions"}],"predecessor-version":[{"id":6738,"href":"https:\/\/kosmeetika24.com\/en\/wp-json\/wp\/v2\/product\/6736\/revisions\/6738"}],"wp:featuredmedia":[{"embeddable":true,"href":"https:\/\/kosmeetika24.com\/en\/wp-json\/wp\/v2\/media\/6737"}],"wp:attachment":[{"href":"https:\/\/kosmeetika24.com\/en\/wp-json\/wp\/v2\/media?parent=6736"}],"wp:term":[{"taxonomy":"product_brand","embeddable":true,"href":"https:\/\/kosmeetika24.com\/en\/wp-json\/wp\/v2\/product_brand?post=6736"},{"taxonomy":"product_cat","embeddable":true,"href":"https:\/\/kosmeetika24.com\/en\/wp-json\/wp\/v2\/product_cat?post=6736"},{"taxonomy":"product_tag","embeddable":true,"href":"https:\/\/kosmeetika24.com\/en\/wp-json\/wp\/v2\/product_tag?post=6736"}],"curies":[{"name":"wp","href":"https:\/\/api.w.org\/{rel}","templated":true}]}}