{"id":6732,"date":"2024-11-07T14:56:30","date_gmt":"2024-11-07T11:56:30","guid":{"rendered":"https:\/\/kosmeetika24.com\/?post_type=product&#038;p=6732"},"modified":"2025-07-03T12:24:34","modified_gmt":"2025-07-03T09:24:34","slug":"charmyco-mullimask-tundlikule-nahale","status":"publish","type":"product","link":"https:\/\/kosmeetika24.com\/en\/product\/charmyco-mullimask-tundlikule-nahale\/","title":{"rendered":"CHARMYCO Bubble Mask for Sensitive Skin"},"content":{"rendered":"<p>Sensitive Bubble Mask (50 ml)<\/p>\n<p><strong>KEY INGREDIENTS<\/strong><\/p>\n<p><em>Centella Asiatica Extract<\/em> \u2013 Gotu Kola ekstrakt \u2013 rahustab ja taastab nahka, v\u00e4hendab punetust ja tugevdab naha loomulikku kaitsebarj\u00e4\u00e4ri.<br \/>\n<em>Polygonum Cuspidatum Root Extract<\/em> \u2013 Jaapani tatrajuure ekstrakt \u2013 v\u00f5imas antioks\u00fcdant, mis v\u00f5itleb vabade radikaalidega, kaitseb nahka ja annab sellele terve jume.<br \/>\n<em>Scutellaria Baicalensis Root Extract<\/em> \u2013 Baikali tihasheina juure ekstrakt \u2013 omab p\u00f5letikuvastaseid omadusi, aitab v\u00e4hendada \u00e4rritust ja parandab naha tekstuuri.<br \/>\n<em>Camellia Sinensis Leaf Extract<\/em> \u2013 Rohelise tee lehe ekstrakt \u2013 k\u00fcllastab naha antioks\u00fcdantidega, kaitseb v\u00e4liste tegurite eest ning parandab naha toonust ja elastsust.<br \/>\nGlycyrrhiza Glabra (Licorice) Root Extract \u2013 Lagritsa juure ekstrakt \u2013 \u00fchtlustab nahatooni, helendab ja rahustab, olles eriti kasulik tundlikule nahale.<br \/>\n<em>Chamomilla Recutita (Matricaria) Flower Extract<\/em> \u2013 Kummeli \u00f5ie ekstrakt -\u00fchtlustab nahatooni, helendab ja rahustab, olles eriti kasulik tundlikule nahale.<br \/>\n<em>Rosmarinus Officinalis (Rosemary) Leaf Extract<\/em> \u2013 Rosmariini lehe ekstrakt toniseerib ja toimib antioks\u00fcdandina, kaitstes nahka ja andes sellele v\u00e4rske v\u00e4limuse.<\/p>\n<p><strong>Usage<\/strong><\/p>\n<p>Apply to the skin with gentle massaging movements.<\/p>\n<p>Avoid contact with eyes.<\/p>\n<p>Leave on for 5-10 minutes and rinse off with warm water.<\/p>\n<p><strong>Ingredients<\/strong><\/p>\n<p>Aqua, Betaine, Dicaprylyl Carbonate, Caprylic\/Capric Triglyceride, Cocamidopropyl Betaine, Triethanolamine, Polyglyceryl-4 Caprate, Butylene Glycol, Centella Asiatica Extract, Polygonum Cuspidatum Root Extract, Scutellaria Baicalensis Root Extract, Camellia Sinensis Leaf Extract, Glycyrrhiza Glabra (Licorice) Root Extract, Chamomilla Recutita (Matricaria) Flower Extract, Rosmarinus Officinalis (Rosemary) Leaf Extract, Carbomer, Phenoxyethanol, Ethylhexylglycerin, Mica, CI 77891, CI 73360<\/p>","protected":false},"excerpt":{"rendered":"<p>Enriched with a soothing blend of plant extracts, including Centella Asiatica, chamomile, and green tea.<\/p>\n<p>The gentle cleanser removes dirt, leaving the skin fresh and revitalized.<\/p>","protected":false},"featured_media":6733,"comment_status":"closed","ping_status":"closed","template":"","meta":{"_uag_custom_page_level_css":"","site-sidebar-layout":"default","site-content-layout":"","ast-site-content-layout":"default","site-content-style":"default","site-sidebar-style":"default","ast-global-header-display":"","ast-banner-title-visibility":"","ast-main-header-display":"","ast-hfb-above-header-display":"","ast-hfb-below-header-display":"","ast-hfb-mobile-header-display":"","site-post-title":"","ast-breadcrumbs-content":"","ast-featured-img":"","footer-sml-layout":"","ast-disable-related-posts":"","theme-transparent-header-meta":"default","adv-header-id-meta":"","stick-header-meta":"","header-above-stick-meta":"","header-main-stick-meta":"","header-below-stick-meta":"","astra-migrate-meta-layouts":"set","ast-page-background-enabled":"default","ast-page-background-meta":{"desktop":{"background-color":"var(--ast-global-color-4)","background-image":"","background-repeat":"repeat","background-position":"center center","background-size":"auto","background-attachment":"scroll","background-type":"","background-media":"","overlay-type":"","overlay-color":"","overlay-opacity":"","overlay-gradient":""},"tablet":{"background-color":"","background-image":"","background-repeat":"repeat","background-position":"center center","background-size":"auto","background-attachment":"scroll","background-type":"","background-media":"","overlay-type":"","overlay-color":"","overlay-opacity":"","overlay-gradient":""},"mobile":{"background-color":"","background-image":"","background-repeat":"repeat","background-position":"center center","background-size":"auto","background-attachment":"scroll","background-type":"","background-media":"","overlay-type":"","overlay-color":"","overlay-opacity":"","overlay-gradient":""}},"ast-content-background-meta":{"desktop":{"background-color":"var(--ast-global-color-5)","background-image":"","background-repeat":"repeat","background-position":"center center","background-size":"auto","background-attachment":"scroll","background-type":"","background-media":"","overlay-type":"","overlay-color":"","overlay-opacity":"","overlay-gradient":""},"tablet":{"background-color":"var(--ast-global-color-5)","background-image":"","background-repeat":"repeat","background-position":"center center","background-size":"auto","background-attachment":"scroll","background-type":"","background-media":"","overlay-type":"","overlay-color":"","overlay-opacity":"","overlay-gradient":""},"mobile":{"background-color":"var(--ast-global-color-5)","background-image":"","background-repeat":"repeat","background-position":"center center","background-size":"auto","background-attachment":"scroll","background-type":"","background-media":"","overlay-type":"","overlay-color":"","overlay-opacity":"","overlay-gradient":""}}},"product_brand":[],"product_cat":[96,81],"product_tag":[],"class_list":{"0":"post-6732","1":"product","2":"type-product","3":"status-publish","4":"has-post-thumbnail","6":"product_cat-brands","7":"product_cat-charmyco","8":"desktop-align-left","9":"tablet-align-left","10":"mobile-align-left","12":"first","13":"instock","14":"taxable","15":"shipping-taxable","16":"product-type-simple","17":"add-to-wishlist-before_image"},"uagb_featured_image_src":{"full":["https:\/\/kosmeetika24.com\/wp-content\/uploads\/2024\/11\/IMG_5173.jpg",440,586,false],"thumbnail":["https:\/\/kosmeetika24.com\/wp-content\/uploads\/2024\/11\/IMG_5173-150x150.jpg",150,150,true],"medium":["https:\/\/kosmeetika24.com\/wp-content\/uploads\/2024\/11\/IMG_5173-225x300.jpg",225,300,true],"medium_large":["https:\/\/kosmeetika24.com\/wp-content\/uploads\/2024\/11\/IMG_5173.jpg",440,586,false],"large":["https:\/\/kosmeetika24.com\/wp-content\/uploads\/2024\/11\/IMG_5173.jpg",440,586,false],"1536x1536":["https:\/\/kosmeetika24.com\/wp-content\/uploads\/2024\/11\/IMG_5173.jpg",440,586,false],"2048x2048":["https:\/\/kosmeetika24.com\/wp-content\/uploads\/2024\/11\/IMG_5173.jpg",440,586,false],"trp-custom-language-flag":["https:\/\/kosmeetika24.com\/wp-content\/uploads\/2024\/11\/IMG_5173-9x12.jpg",9,12,true],"woocommerce_thumbnail":["https:\/\/kosmeetika24.com\/wp-content\/uploads\/2024\/11\/IMG_5173-300x300.jpg",300,300,true],"woocommerce_single":["https:\/\/kosmeetika24.com\/wp-content\/uploads\/2024\/11\/IMG_5173.jpg",440,586,false],"woocommerce_gallery_thumbnail":["https:\/\/kosmeetika24.com\/wp-content\/uploads\/2024\/11\/IMG_5173-100x100.jpg",100,100,true]},"uagb_author_info":{"display_name":"admin","author_link":"https:\/\/kosmeetika24.com\/en\/author\/"},"uagb_comment_info":0,"uagb_excerpt":"Rikastatud rahustava seguga taimsete ekstraktidega, sealhulgas Centella Asiatica, kummel ja roheline tee. \u00d5rnpuhastusvahend eemaldab mustuse, j\u00e4ttes naha v\u00e4rskeks ja eluj\u00f5uliseks.","_links":{"self":[{"href":"https:\/\/kosmeetika24.com\/en\/wp-json\/wp\/v2\/product\/6732","targetHints":{"allow":["GET"]}}],"collection":[{"href":"https:\/\/kosmeetika24.com\/en\/wp-json\/wp\/v2\/product"}],"about":[{"href":"https:\/\/kosmeetika24.com\/en\/wp-json\/wp\/v2\/types\/product"}],"replies":[{"embeddable":true,"href":"https:\/\/kosmeetika24.com\/en\/wp-json\/wp\/v2\/comments?post=6732"}],"version-history":[{"count":1,"href":"https:\/\/kosmeetika24.com\/en\/wp-json\/wp\/v2\/product\/6732\/revisions"}],"predecessor-version":[{"id":6734,"href":"https:\/\/kosmeetika24.com\/en\/wp-json\/wp\/v2\/product\/6732\/revisions\/6734"}],"wp:featuredmedia":[{"embeddable":true,"href":"https:\/\/kosmeetika24.com\/en\/wp-json\/wp\/v2\/media\/6733"}],"wp:attachment":[{"href":"https:\/\/kosmeetika24.com\/en\/wp-json\/wp\/v2\/media?parent=6732"}],"wp:term":[{"taxonomy":"product_brand","embeddable":true,"href":"https:\/\/kosmeetika24.com\/en\/wp-json\/wp\/v2\/product_brand?post=6732"},{"taxonomy":"product_cat","embeddable":true,"href":"https:\/\/kosmeetika24.com\/en\/wp-json\/wp\/v2\/product_cat?post=6732"},{"taxonomy":"product_tag","embeddable":true,"href":"https:\/\/kosmeetika24.com\/en\/wp-json\/wp\/v2\/product_tag?post=6732"}],"curies":[{"name":"wp","href":"https:\/\/api.w.org\/{rel}","templated":true}]}}