{"id":5458,"date":"2024-10-15T08:18:10","date_gmt":"2024-10-15T06:18:10","guid":{"rendered":"https:\/\/kosmeetika24.com\/?post_type=product&#038;p=5458"},"modified":"2025-07-03T12:15:49","modified_gmt":"2025-07-03T09:15:49","slug":"koru-pharma-glomedic-aqua-peptide-modelleeriv-mask-koensuum-q10-1kg","status":"publish","type":"product","link":"https:\/\/kosmeetika24.com\/en\/product\/koru-pharma-glomedic-aqua-peptide-modelleeriv-mask-koensuum-q10-1kg\/","title":{"rendered":"KORU PHARMA \u2013 GLOMEDIC Aqua Peptide Mask Coenzyme Q10 1kg"},"content":{"rendered":"<p><strong>Usage<\/strong><\/p>\n<ul>\n<li>The alginate mask powder should be diluted with room temperature water.<\/li>\n<li>25 g pulbrit \u2013 25 ml vee kohta<\/li>\n<li>If desired, increase the amount of powder and water.<\/li>\n<li>Apply the mask to the skin (layer 3-5 mm), but do not cover the nostrils.<\/li>\n<li>Remove the mask after 30 minutes, starting from the jaw towards the forehead.<\/li>\n<li>Use only 2-3 times a week.<\/li>\n<\/ul>\n<p><strong>Ingredients<\/strong><\/p>\n<p>Maltodextrin, Diatomaceous Earth, Zea Mays (Corn) Starch, Glucose, Algin, Calcium Sulfate, Tetrasodium Pyrophosphate, Mica, Titanium Dioxide, CI 77491, Sodium Benzoate, Phenoxyethanol, Silk Amino Acids, Copper Tripeptide-1, Hydrolyzed Collagen, Glycyrrhiza Glabra (Licorice) Root Extract, Allantoin, Colloidal Gold, Dipotassium Glycyrrhizate, Fragrance.<\/p>","protected":false},"excerpt":{"rendered":"<p>Comprehensive anti-aging facial mask with restorative and rejuvenating effects. A combination of the latest genetically active components and ingredients for skincare activates skin cells, stimulates neocollagenesis and the synthesis of elastic fibers, and initiates cell renewal and regeneration processes. Powerful antioxidants block the activity of free radicals, preventing skin aging.<\/p>\n<p>Thanks to colloidal gold, which is one of the ingredients, the collagen network is tightened, the dermis is strengthened, and deep skin restructuring occurs on a three-dimensional level. The depth of wrinkles is reduced, the skin becomes smooth and firm, forming the facial oval. The skin becomes completely smooth and elastic.<\/p>\n<p>Suitable for all skin types.<\/p>\n<p><strong>Aqua Peptide maskide<\/strong>\u00a0exceptional effectiveness is based on innovative technology and unique components. The ingredients are ground into tiny ultramicroscopic pieces, allowing them to penetrate the skin, reaching the dermis instantly and providing a powerful cosmetic effect that is 10 times more effective than using a regular mask.<\/p>\n<p>Exclusive, completely new patented components used in each mask provide selective yet complex stimulating, restorative, and rejuvenating effects, ensuring unprecedented long-lasting and visible results.<\/p>","protected":false},"featured_media":6831,"comment_status":"closed","ping_status":"closed","template":"","meta":{"_uag_custom_page_level_css":"","site-sidebar-layout":"default","site-content-layout":"","ast-site-content-layout":"default","site-content-style":"default","site-sidebar-style":"default","ast-global-header-display":"","ast-banner-title-visibility":"","ast-main-header-display":"","ast-hfb-above-header-display":"","ast-hfb-below-header-display":"","ast-hfb-mobile-header-display":"","site-post-title":"","ast-breadcrumbs-content":"","ast-featured-img":"","footer-sml-layout":"","ast-disable-related-posts":"","theme-transparent-header-meta":"default","adv-header-id-meta":"","stick-header-meta":"","header-above-stick-meta":"","header-main-stick-meta":"","header-below-stick-meta":"","astra-migrate-meta-layouts":"set","ast-page-background-enabled":"default","ast-page-background-meta":{"desktop":{"background-color":"var(--ast-global-color-4)","background-image":"","background-repeat":"repeat","background-position":"center center","background-size":"auto","background-attachment":"scroll","background-type":"","background-media":"","overlay-type":"","overlay-color":"","overlay-opacity":"","overlay-gradient":""},"tablet":{"background-color":"","background-image":"","background-repeat":"repeat","background-position":"center center","background-size":"auto","background-attachment":"scroll","background-type":"","background-media":"","overlay-type":"","overlay-color":"","overlay-opacity":"","overlay-gradient":""},"mobile":{"background-color":"","background-image":"","background-repeat":"repeat","background-position":"center center","background-size":"auto","background-attachment":"scroll","background-type":"","background-media":"","overlay-type":"","overlay-color":"","overlay-opacity":"","overlay-gradient":""}},"ast-content-background-meta":{"desktop":{"background-color":"var(--ast-global-color-5)","background-image":"","background-repeat":"repeat","background-position":"center center","background-size":"auto","background-attachment":"scroll","background-type":"","background-media":"","overlay-type":"","overlay-color":"","overlay-opacity":"","overlay-gradient":""},"tablet":{"background-color":"var(--ast-global-color-5)","background-image":"","background-repeat":"repeat","background-position":"center center","background-size":"auto","background-attachment":"scroll","background-type":"","background-media":"","overlay-type":"","overlay-color":"","overlay-opacity":"","overlay-gradient":""},"mobile":{"background-color":"var(--ast-global-color-5)","background-image":"","background-repeat":"repeat","background-position":"center center","background-size":"auto","background-attachment":"scroll","background-type":"","background-media":"","overlay-type":"","overlay-color":"","overlay-opacity":"","overlay-gradient":""}}},"product_brand":[],"product_cat":[96,123,97],"product_tag":[],"class_list":{"0":"post-5458","1":"product","2":"type-product","3":"status-publish","4":"has-post-thumbnail","6":"product_cat-brands","7":"product_cat-koru-pharma","8":"product_cat-naole","9":"desktop-align-left","10":"tablet-align-left","11":"mobile-align-left","13":"first","14":"instock","15":"taxable","16":"shipping-taxable","17":"product-type-simple","18":"add-to-wishlist-before_image"},"uagb_featured_image_src":{"full":["https:\/\/kosmeetika24.com\/wp-content\/uploads\/2024\/10\/GLOMEDIC-CoenzymeQ10-packets-Koru-Pharma-1.png",1800,1800,false],"thumbnail":["https:\/\/kosmeetika24.com\/wp-content\/uploads\/2024\/10\/GLOMEDIC-CoenzymeQ10-packets-Koru-Pharma-1-150x150.png",150,150,true],"medium":["https:\/\/kosmeetika24.com\/wp-content\/uploads\/2024\/10\/GLOMEDIC-CoenzymeQ10-packets-Koru-Pharma-1-300x300.png",300,300,true],"medium_large":["https:\/\/kosmeetika24.com\/wp-content\/uploads\/2024\/10\/GLOMEDIC-CoenzymeQ10-packets-Koru-Pharma-1-768x768.png",768,768,true],"large":["https:\/\/kosmeetika24.com\/wp-content\/uploads\/2024\/10\/GLOMEDIC-CoenzymeQ10-packets-Koru-Pharma-1-1024x1024.png",1024,1024,true],"1536x1536":["https:\/\/kosmeetika24.com\/wp-content\/uploads\/2024\/10\/GLOMEDIC-CoenzymeQ10-packets-Koru-Pharma-1-1536x1536.png",1536,1536,true],"2048x2048":["https:\/\/kosmeetika24.com\/wp-content\/uploads\/2024\/10\/GLOMEDIC-CoenzymeQ10-packets-Koru-Pharma-1.png",1800,1800,false],"trp-custom-language-flag":["https:\/\/kosmeetika24.com\/wp-content\/uploads\/2024\/10\/GLOMEDIC-CoenzymeQ10-packets-Koru-Pharma-1-12x12.png",12,12,true],"woocommerce_thumbnail":["https:\/\/kosmeetika24.com\/wp-content\/uploads\/2024\/10\/GLOMEDIC-CoenzymeQ10-packets-Koru-Pharma-1-300x300.png",300,300,true],"woocommerce_single":["https:\/\/kosmeetika24.com\/wp-content\/uploads\/2024\/10\/GLOMEDIC-CoenzymeQ10-packets-Koru-Pharma-1-500x500.png",500,500,true],"woocommerce_gallery_thumbnail":["https:\/\/kosmeetika24.com\/wp-content\/uploads\/2024\/10\/GLOMEDIC-CoenzymeQ10-packets-Koru-Pharma-1-100x100.png",100,100,true]},"uagb_author_info":{"display_name":"admin","author_link":"https:\/\/kosmeetika24.com\/en\/author\/"},"uagb_comment_info":0,"uagb_excerpt":"Terviklik vananemisvastane n\u00e4omask, millel on taastav ja noorendav toime. Uusimate geneetiliselt aktiivsete komponentide ja koostisosade kombinatsioon nahahoolduseks aktiveerib naharakke, stimuleerib neokollagenogeneesi ja elastsete kiudude s\u00fcnteesi ning k\u00e4ivitab rakkude uuenemise ja uuenemise protsessid. V\u00f5imsad antioks\u00fcdandid blokeerivad vabade radikaalide aktiivsust, takistades naha vananemist. T\u00e4nu kolloidsele kullale, mis on \u00fcks koostisosadest, on kollageeniv\u00f5rk tihendatud, dermis tugevneb ja naha&hellip;","_links":{"self":[{"href":"https:\/\/kosmeetika24.com\/en\/wp-json\/wp\/v2\/product\/5458","targetHints":{"allow":["GET"]}}],"collection":[{"href":"https:\/\/kosmeetika24.com\/en\/wp-json\/wp\/v2\/product"}],"about":[{"href":"https:\/\/kosmeetika24.com\/en\/wp-json\/wp\/v2\/types\/product"}],"replies":[{"embeddable":true,"href":"https:\/\/kosmeetika24.com\/en\/wp-json\/wp\/v2\/comments?post=5458"}],"version-history":[{"count":15,"href":"https:\/\/kosmeetika24.com\/en\/wp-json\/wp\/v2\/product\/5458\/revisions"}],"predecessor-version":[{"id":6832,"href":"https:\/\/kosmeetika24.com\/en\/wp-json\/wp\/v2\/product\/5458\/revisions\/6832"}],"wp:featuredmedia":[{"embeddable":true,"href":"https:\/\/kosmeetika24.com\/en\/wp-json\/wp\/v2\/media\/6831"}],"wp:attachment":[{"href":"https:\/\/kosmeetika24.com\/en\/wp-json\/wp\/v2\/media?parent=5458"}],"wp:term":[{"taxonomy":"product_brand","embeddable":true,"href":"https:\/\/kosmeetika24.com\/en\/wp-json\/wp\/v2\/product_brand?post=5458"},{"taxonomy":"product_cat","embeddable":true,"href":"https:\/\/kosmeetika24.com\/en\/wp-json\/wp\/v2\/product_cat?post=5458"},{"taxonomy":"product_tag","embeddable":true,"href":"https:\/\/kosmeetika24.com\/en\/wp-json\/wp\/v2\/product_tag?post=5458"}],"curies":[{"name":"wp","href":"https:\/\/api.w.org\/{rel}","templated":true}]}}